	{"id":10980,"date":"2023-01-28T01:13:16","date_gmt":"2023-01-27T14:13:16","guid":{"rendered":"https:\/\/hottopcasino.com\/paysafecard\/"},"modified":"2024-09-25T00:13:31","modified_gmt":"2024-09-24T13:13:31","slug":"paysafecard","status":"publish","type":"page","link":"https:\/\/hottopcasino.com\/de\/paysafecard\/","title":{"rendered":"PaySafeCard"},"content":{"rendered":"\t\t<div data-elementor-type=\"wp-page\" data-elementor-id=\"10980\" class=\"elementor elementor-10980 elementor-2420\">\n\t\t\t\t\t\t\t\t\t<section class=\"elementor-section elementor-top-section elementor-element elementor-element-630dac82 elementor-section-boxed elementor-section-height-default elementor-section-height-default\" data-id=\"630dac82\" data-element_type=\"section\">\n\t\t\t\t\t\t<div class=\"elementor-container elementor-column-gap-default\">\n\t\t\t\t\t<div class=\"elementor-column elementor-col-100 elementor-top-column elementor-element elementor-element-7b36e2e\" data-id=\"7b36e2e\" data-element_type=\"column\">\n\t\t\t<div class=\"elementor-widget-wrap elementor-element-populated\">\n\t\t\t\t\t\t\t\t<div class=\"elementor-element elementor-element-402876cc elementor-widget elementor-widget-text-editor\" data-id=\"402876cc\" data-element_type=\"widget\" data-widget_type=\"text-editor.default\">\n\t\t\t\t<div class=\"elementor-widget-container\">\n\t\t\t<style>\/*! elementor - v3.10.1 - 17-01-2023 *\/\n.elementor-widget-text-editor.elementor-drop-cap-view-stacked .elementor-drop-cap{background-color:#818a91;color:#fff}.elementor-widget-text-editor.elementor-drop-cap-view-framed .elementor-drop-cap{color:#818a91;border:3px solid;background-color:transparent}.elementor-widget-text-editor:not(.elementor-drop-cap-view-default) .elementor-drop-cap{margin-top:8px}.elementor-widget-text-editor:not(.elementor-drop-cap-view-default) .elementor-drop-cap-letter{width:1em;height:1em}.elementor-widget-text-editor .elementor-drop-cap{float:left;text-align:center;line-height:1;font-size:50px}.elementor-widget-text-editor .elementor-drop-cap-letter{display:inline-block}<\/style>\t\t\t\t<div><img decoding=\"async\" loading=\"lazy\" class=\"alignnone wp-image-2402 size-medium\" src=\"https:\/\/hottopcasino.com\/wp-content\/uploads\/2023\/01\/pay_save_card-300x225.png\" alt=\"\" width=\"300\" height=\"225\" srcset=\"https:\/\/hottopcasino.com\/wp-content\/uploads\/2023\/01\/pay_save_card-300x225.png 300w, https:\/\/hottopcasino.com\/wp-content\/uploads\/2023\/01\/pay_save_card-40x30.png 40w, https:\/\/hottopcasino.com\/wp-content\/uploads\/2023\/01\/pay_save_card-65x49.png 65w, https:\/\/hottopcasino.com\/wp-content\/uploads\/2023\/01\/pay_save_card.png 600w\" sizes=\"(max-width: 300px) 100vw, 300px\" \/><\/div><p>Der Prepaid-Kartendienst PaySafeCard besteht seit 2000. Der Hauptsitz befindet sich in Wien, \u00d6sterreich. Dieses System geh\u00f6rt zu den beliebtesten in Europa und wird auch von australischen Spielern gesch\u00e4tzt.<\/p><p>Mit PaySafeCard k\u00f6nnen Sie sicher, schnell und bequem online f\u00fcr verschiedene gew\u00fcnschte Dienstleistungen und coole Produkte bezahlen. PaySafeCard-Transaktionen werden von Tausenden renommierten Firmen und Anbietern in den M\u00e4rkten Musik, soziale Medien, Unterhaltung und nat\u00fcrlich Gl\u00fccksspiel unterst\u00fctzt.<\/p><p>Bei der Nutzung dieses Zahlungssystems kann man absolut sicher sein, dass sein Geld sicher und gesch\u00fctzt bleibt. Nat\u00fcrlich geh\u00f6ren Casinos, die damit zusammenarbeiten, offensichtlich zur Kategorie der erstklassigen Unternehmen und gro\u00dfartigen Websites. Das System ist in Australien tats\u00e4chlich beliebt, wo Spieler es zum Spielen von Video-Spielautomaten, Tischspielen, Roulette und anderen ihrer Lieblings-Casinotitel nutzen.<\/p><h2>Allgemeiner \u00dcberblick<\/h2><p>Obwohl PaySafeCard im Jahr 2000 als Prepaid-Kartendienst begann, entwickelte es sich nur wenige Jahre sp\u00e4ter zum zuverl\u00e4ssigen Dienst f\u00fcr elektronische Gutscheine. Im Jahr 2004 begannen Kunden, damit online zu bezahlen. Fast ein Jahrzehnt sp\u00e4ter expandierte das Unternehmen deutlich und ist in \u00fcber zwei Dutzend Staaten auf der ganzen Welt t\u00e4tig. Der Start einer v\u00f6llig neuen Initiative namens MyPaySafeCard war ihr n\u00e4chster Entwicklungsschritt. Es bot Kunden die M\u00f6glichkeit, ihre PIN-Codes in einem einzigen Shelter-Konto zu speichern, das durch erstklassige Verschl\u00fcsselungsalgorithmen gesichert ist<\/p><p>und digitale Schutzl\u00f6sungen.<\/p><p>Im Jahr 2013 schloss sich PaySafeCard mit den f\u00fchrenden Online-Zahlungssystembesitzern von Skrill zusammen. Im Jahr 2015 brachte die Mitgliedschaft bei der PaySafe Group zahlreiche weitere Vorteile mit sich. Heutzutage bietet das Unternehmen jedem Kunden die gesamte Palette an Dienstleistungen und Produkten (darunter auch eine Prepaid-MasterCard, die besonders cool ist). Das Treueprogramm von My PLUS dient der Stammkundenpr\u00e4mie. Dieser ist an mehr als 40 Standorten auf der ganzen Welt t\u00e4tig. Der Nahe Osten, Australien und Neuseeland treten in die Zone seiner T\u00e4tigkeit ein. 23 verschiedene W\u00e4hrungen und \u00fcber 5.000.000 Verkaufsstellen auf der ganzen Welt, die die Gutscheine des Unternehmens unterst\u00fctzen, sind weitere Vorteile und Vorteile f\u00fcr jeden Kunden, auch f\u00fcr Australier.<\/p><p>PaySafeCard hat k\u00fcrzlich Ukash, seinen Konkurrenten, \u00fcbernommen. Daher hat der K\u00e4ufer Ukash vollst\u00e4ndig ersetzt und die Gutscheine des Konkurrenten werden nicht mehr freigegeben oder unterst\u00fctzt.<\/p><h2>Australien und PaySafeCard<\/h2><p>F\u00fcr Australier ist es kein Problem, ein Konto zu er\u00f6ffnen und das System zu nutzen, um schnell und bequem Filme, Spiele, Musikkompositionen und viele andere im Internet verf\u00fcgbare Dinge und Dienstleistungen zu kaufen. Nat\u00fcrlich geh\u00f6rt Gl\u00fccksspiel zu den beliebtesten Aktivit\u00e4ten, die von PaySafeCard unterst\u00fctzt werden, insbesondere in Australien. Das Tolle daran ist, dass Australier und alle Einwohner des Landes keine Debit- oder Kreditkarten besitzen m\u00fcssen, um dieses System nutzen zu k\u00f6nnen. Auch ein separates Bankkonto ist nicht erforderlich.<\/p><h2>Konto er\u00f6ffnen<\/h2><p>F\u00fcr die Registrierung ist kein Konto erforderlich<\/p><p>f\u00fcr Australier. Sie m\u00fcssen lediglich den autorisierten H\u00e4ndler (ePay, Woolworths, EzyMart usw.) aufsuchen und dort die Gutscheine des Unternehmens kaufen. Mit diesem Kauf k\u00f6nnen Sie schnell und einfach Einzahlungen auf Ihr Gl\u00fccksspielkonto in unterst\u00fctzten Online-Casinos t\u00e4tigen.<\/p><p>Nahezu sofortige Geldverf\u00fcgbarkeit nach Aufladen einer Einzahlung.<\/p>\t\t\t\t\t\t<\/div>\n\t\t\t\t<\/div>\n\t\t\t\t\t<\/div>\n\t\t<\/div>\n\t\t\t\t\t\t\t<\/div>\n\t\t<\/section>\n\t\t\t\t<section class=\"elementor-section elementor-top-section elementor-element elementor-element-43e5918 elementor-section-boxed elementor-section-height-default elementor-section-height-default\" data-id=\"43e5918\" data-element_type=\"section\">\n\t\t\t\t\t\t<div class=\"elementor-container elementor-column-gap-default\">\n\t\t\t\t\t<div class=\"elementor-column elementor-col-100 elementor-top-column elementor-element elementor-element-1cbd787\" data-id=\"1cbd787\" data-element_type=\"column\">\n\t\t\t<div class=\"elementor-widget-wrap elementor-element-populated\">\n\t\t\t\t\t\t\t\t<div class=\"elementor-element elementor-element-31a0621 elementor-widget elementor-widget-heading\" data-id=\"31a0621\" data-element_type=\"widget\" data-widget_type=\"heading.default\">\n\t\t\t\t<div class=\"elementor-widget-container\">\n\t\t\t<style>\/*! elementor - v3.10.1 - 17-01-2023 *\/\n.elementor-heading-title{padding:0;margin:0;line-height:1}.elementor-widget-heading .elementor-heading-title[class*=elementor-size-]>a{color:inherit;font-size:inherit;line-height:inherit}.elementor-widget-heading .elementor-heading-title.elementor-size-small{font-size:15px}.elementor-widget-heading .elementor-heading-title.elementor-size-medium{font-size:19px}.elementor-widget-heading .elementor-heading-title.elementor-size-large{font-size:29px}.elementor-widget-heading .elementor-heading-title.elementor-size-xl{font-size:39px}.elementor-widget-heading .elementor-heading-title.elementor-size-xxl{font-size:59px}<\/style><h2 class=\"elementor-heading-title elementor-size-default\">Was ist los, warum PaySafeCard?<\/h2>\t\t<\/div>\n\t\t\t\t<\/div>\n\t\t\t\t\t<\/div>\n\t\t<\/div>\n\t\t\t\t\t\t\t<\/div>\n\t\t<\/section>\n\t\t\t\t<section class=\"elementor-section elementor-top-section elementor-element elementor-element-8a4d580 elementor-section-boxed elementor-section-height-default elementor-section-height-default\" data-id=\"8a4d580\" data-element_type=\"section\">\n\t\t\t\t\t\t<div class=\"elementor-container elementor-column-gap-default\">\n\t\t\t\t\t<div class=\"elementor-column elementor-col-100 elementor-top-column elementor-element elementor-element-85db0c7\" data-id=\"85db0c7\" data-element_type=\"column\">\n\t\t\t<div class=\"elementor-widget-wrap elementor-element-populated\">\n\t\t\t\t\t\t\t\t<div class=\"elementor-element elementor-element-e9ef90c elementor-widget elementor-widget-text-editor\" data-id=\"e9ef90c\" data-element_type=\"widget\" data-widget_type=\"text-editor.default\">\n\t\t\t\t<div class=\"elementor-widget-container\">\n\t\t\t\t\t\t\t<p>Es handelt sich also wiederum um ein System, das Prepaid-Gutscheine verwendet. Apropos Online-Casinos und deren Ein- und Auszahlungen: Das System ist eine solide und g\u00fcnstige Wahl. Die Methode \u00e4hnelt stark der einer Kreditkarte, ist jedoch speziell darauf ausgelegt, Internettransaktionen nur mit der entsprechenden PIN-Nummer real durchzuf\u00fchren. Ja, wir meinen es ernst. Es ist \u00fcberhaupt nicht erforderlich, dem System Ihren Personalausweis oder andere diebstahlsensiblen Daten mitzuteilen.<\/p><p>Australische Spieler k\u00f6nnen die Systemdienste nutzen, um schnell und einfach eine Online-Casino-Einzahlung von einem PC, einem Tablet oder einem Smartphone aus zu t\u00e4tigen. Dar\u00fcber hinaus arbeiten die meisten erstklassigen Online-Casino-Websites in Australien mit PaySafeCard als autorisiertem System.<\/p>\t\t\t\t\t\t<\/div>\n\t\t\t\t<\/div>\n\t\t\t\t\t<\/div>\n\t\t<\/div>\n\t\t\t\t\t\t\t<\/div>\n\t\t<\/section>\n\t\t\t\t<section class=\"elementor-section elementor-top-section elementor-element elementor-element-335638d elementor-section-boxed elementor-section-height-default elementor-section-height-default\" data-id=\"335638d\" data-element_type=\"section\">\n\t\t\t\t\t\t<div class=\"elementor-container elementor-column-gap-default\">\n\t\t\t\t\t<div class=\"elementor-column elementor-col-100 elementor-top-column elementor-element elementor-element-564fd9e\" data-id=\"564fd9e\" data-element_type=\"column\">\n\t\t\t<div class=\"elementor-widget-wrap elementor-element-populated\">\n\t\t\t\t\t\t\t\t<div class=\"elementor-element elementor-element-db36c90 elementor-widget elementor-widget-accordion\" data-id=\"db36c90\" data-element_type=\"widget\" data-widget_type=\"accordion.default\">\n\t\t\t\t<div class=\"elementor-widget-container\">\n\t\t\t<style>\/*! elementor - v3.10.1 - 17-01-2023 *\/\n.elementor-accordion{text-align:left}.elementor-accordion .elementor-accordion-item{border:1px solid #d4d4d4}.elementor-accordion .elementor-accordion-item+.elementor-accordion-item{border-top:none}.elementor-accordion .elementor-tab-title{margin:0;padding:15px 20px;font-weight:700;line-height:1;cursor:pointer;outline:none}.elementor-accordion .elementor-tab-title .elementor-accordion-icon{display:inline-block;width:1.5em}.elementor-accordion .elementor-tab-title .elementor-accordion-icon svg{width:1em;height:1em}.elementor-accordion .elementor-tab-title .elementor-accordion-icon.elementor-accordion-icon-right{float:right;text-align:right}.elementor-accordion .elementor-tab-title .elementor-accordion-icon.elementor-accordion-icon-left{float:left;text-align:left}.elementor-accordion .elementor-tab-title .elementor-accordion-icon .elementor-accordion-icon-closed{display:block}.elementor-accordion .elementor-tab-title .elementor-accordion-icon .elementor-accordion-icon-opened,.elementor-accordion .elementor-tab-title.elementor-active .elementor-accordion-icon-closed{display:none}.elementor-accordion .elementor-tab-title.elementor-active .elementor-accordion-icon-opened{display:block}.elementor-accordion .elementor-tab-content{display:none;padding:15px 20px;border-top:1px solid #d4d4d4}@media (max-width:767px){.elementor-accordion .elementor-tab-title{padding:12px 15px}.elementor-accordion .elementor-tab-title .elementor-accordion-icon{width:1.2em}.elementor-accordion .elementor-tab-content{padding:7px 15px}}.e-con-inner>.elementor-widget-accordion,.e-con>.elementor-widget-accordion{width:var(--container-widget-width);--flex-grow:var(--container-widget-flex-grow)}<\/style>\t\t<div class=\"elementor-accordion\" role=\"tablist\">\n\t\t\t\t\t\t\t<div class=\"elementor-accordion-item\">\n\t\t\t\t\t<div id=\"elementor-tab-title-2291\" class=\"elementor-tab-title\" data-tab=\"1\" role=\"tab\" aria-controls=\"elementor-tab-content-2291\" aria-expanded=\"false\">\n\t\t\t\t\t\t\t\t\t\t\t\t\t<span class=\"elementor-accordion-icon elementor-accordion-icon-left\" aria-hidden=\"true\">\n\t\t\t\t\t\t\t\t\t\t\t\t\t\t\t<span class=\"elementor-accordion-icon-closed\"><i class=\"fas fa-plus\"><\/i><\/span>\n\t\t\t\t\t\t\t\t<span class=\"elementor-accordion-icon-opened\"><i class=\"fas fa-minus\"><\/i><\/span>\n\t\t\t\t\t\t\t\t\t\t\t\t\t\t<\/span>\n\t\t\t\t\t\t\t\t\t\t\t\t<a class=\"elementor-accordion-title\" href=\"\">Vorteile<\/a>\n\t\t\t\t\t<\/div>\n\t\t\t\t\t<div id=\"elementor-tab-content-2291\" class=\"elementor-tab-content elementor-clearfix\" data-tab=\"1\" role=\"tabpanel\" aria-labelledby=\"elementor-tab-title-2291\"><p>Ganz einfach, keine Anmeldung erforderlich<br \/>F\u00fcr Spieler k\u00f6nnen Einzahlungslimits festgelegt werden, um mit ihrem gesch\u00e4tzten Guthaben Schritt zu halten.<br \/>Es gibt Gl\u00fccksspiel-Websites, die einen einfacheren Online-Zugriff auf die Prepaid-Karten dieses Systems anbieten.<br \/>Es ist anonym. Der Kartenverk\u00e4ufer und das Casino speichern die pers\u00f6nlichen Daten ihrer Gesch\u00e4ftskunden nicht. Auch im Speicher Ihres Computers wird nichts aufgezeichnet.<\/p><\/div>\n\t\t\t\t<\/div>\n\t\t\t\t\t\t\t<div class=\"elementor-accordion-item\">\n\t\t\t\t\t<div id=\"elementor-tab-title-2292\" class=\"elementor-tab-title\" data-tab=\"2\" role=\"tab\" aria-controls=\"elementor-tab-content-2292\" aria-expanded=\"false\">\n\t\t\t\t\t\t\t\t\t\t\t\t\t<span class=\"elementor-accordion-icon elementor-accordion-icon-left\" aria-hidden=\"true\">\n\t\t\t\t\t\t\t\t\t\t\t\t\t\t\t<span class=\"elementor-accordion-icon-closed\"><i class=\"fas fa-plus\"><\/i><\/span>\n\t\t\t\t\t\t\t\t<span class=\"elementor-accordion-icon-opened\"><i class=\"fas fa-minus\"><\/i><\/span>\n\t\t\t\t\t\t\t\t\t\t\t\t\t\t<\/span>\n\t\t\t\t\t\t\t\t\t\t\t\t<a class=\"elementor-accordion-title\" href=\"\">Nahezu sofortige Geldverf\u00fcgbarkeit nach Aufladen einer Einzahlung.<\/a>\n\t\t\t\t\t<\/div>\n\t\t\t\t\t<div id=\"elementor-tab-content-2292\" class=\"elementor-tab-content elementor-clearfix\" data-tab=\"2\" role=\"tabpanel\" aria-labelledby=\"elementor-tab-title-2292\"><ul><li>Das bedeutet, dass Sie zu jedem beliebigen Zeitpunkt kaufen k\u00f6nnen, was Sie m\u00f6chten<\/li><\/ul><\/div>\n\t\t\t\t<\/div>\n\t\t\t\t\t\t\t<div class=\"elementor-accordion-item\">\n\t\t\t\t\t<div id=\"elementor-tab-title-2293\" class=\"elementor-tab-title\" data-tab=\"3\" role=\"tab\" aria-controls=\"elementor-tab-content-2293\" aria-expanded=\"false\">\n\t\t\t\t\t\t\t\t\t\t\t\t\t<span class=\"elementor-accordion-icon elementor-accordion-icon-left\" aria-hidden=\"true\">\n\t\t\t\t\t\t\t\t\t\t\t\t\t\t\t<span class=\"elementor-accordion-icon-closed\"><i class=\"fas fa-plus\"><\/i><\/span>\n\t\t\t\t\t\t\t\t<span class=\"elementor-accordion-icon-opened\"><i class=\"fas fa-minus\"><\/i><\/span>\n\t\t\t\t\t\t\t\t\t\t\t\t\t\t<\/span>\n\t\t\t\t\t\t\t\t\t\t\t\t<a class=\"elementor-accordion-title\" href=\"\">Nachteile<\/a>\n\t\t\t\t\t<\/div>\n\t\t\t\t\t<div id=\"elementor-tab-content-2293\" class=\"elementor-tab-content elementor-clearfix\" data-tab=\"3\" role=\"tabpanel\" aria-labelledby=\"elementor-tab-title-2293\"><ul style=\"font-style: normal; font-variant-ligatures: normal; font-variant-caps: normal; font-weight: 400; font-size: 16px; font-family: Roboto, sans-serif;\"><li>Erm\u00f6glicht keine Geldabhebung. Sie k\u00f6nnen Ihre Gewinne nicht mit PaySafeCard erhalten.<br \/>Die maximale Einzahlung, die gleichzeitig aufgeladen werden kann, betr\u00e4gt nur 1000 einer verwendeten W\u00e4hrung. Daher liegt die Grenze f\u00fcr Australier bei 1.000 US-Dollar.<\/li><\/ul><\/div>\n\t\t\t\t<\/div>\n\t\t\t\t\t\t\t\t<\/div>\n\t\t\t\t<\/div>\n\t\t\t\t<\/div>\n\t\t\t\t\t<\/div>\n\t\t<\/div>\n\t\t\t\t\t\t\t<\/div>\n\t\t<\/section>\n\t\t\t\t<section class=\"elementor-section elementor-top-section elementor-element elementor-element-d0396cd elementor-section-boxed elementor-section-height-default elementor-section-height-default\" data-id=\"d0396cd\" data-element_type=\"section\">\n\t\t\t\t\t\t<div class=\"elementor-container elementor-column-gap-default\">\n\t\t\t\t\t<div class=\"elementor-column elementor-col-100 elementor-top-column elementor-element elementor-element-14e5167\" data-id=\"14e5167\" data-element_type=\"column\">\n\t\t\t<div class=\"elementor-widget-wrap elementor-element-populated\">\n\t\t\t\t\t\t\t\t<div class=\"elementor-element elementor-element-583b056 elementor-widget elementor-widget-text-editor\" data-id=\"583b056\" data-element_type=\"widget\" data-widget_type=\"text-editor.default\">\n\t\t\t\t<div class=\"elementor-widget-container\">\n\t\t\t\t\t\t\t<p>Die Nutzung dieses Systems erfordert den Kauf elektronischer Gutscheine durch den Spieler. Danach erhalten Sie f\u00fcr jede gekaufte Karte die passende PIN. Dann verwenden Sie diesen Code, um Geld auf Ihre Casino-Einzahlung aufzuladen. Simpel und einfach.<\/p>\t\t\t\t\t\t<\/div>\n\t\t\t\t<\/div>\n\t\t\t\t\t<\/div>\n\t\t<\/div>\n\t\t\t\t\t\t\t<\/div>\n\t\t<\/section>\n\t\t\t\t<section class=\"elementor-section elementor-top-section elementor-element elementor-element-e33072f elementor-section-boxed elementor-section-height-default elementor-section-height-default\" data-id=\"e33072f\" data-element_type=\"section\">\n\t\t\t\t\t\t<div class=\"elementor-container elementor-column-gap-default\">\n\t\t\t\t\t<div class=\"elementor-column elementor-col-100 elementor-top-column elementor-element elementor-element-3d13644\" data-id=\"3d13644\" data-element_type=\"column\">\n\t\t\t<div class=\"elementor-widget-wrap elementor-element-populated\">\n\t\t\t\t\t\t\t\t<div class=\"elementor-element elementor-element-52f2391 elementor-widget elementor-widget-text-editor\" data-id=\"52f2391\" data-element_type=\"widget\" data-widget_type=\"text-editor.default\">\n\t\t\t\t<div class=\"elementor-widget-container\">\n\t\t\t\t\t\t\t<h2><strong>Schlussfolgern<\/strong><\/h2><p>Zusammenfassend l\u00e4sst sich sagen, dass dies eine zuverl\u00e4ssige und sichere M\u00f6glichkeit f\u00fcr australische Gl\u00fccksspielbegeisterte ist, ihre Einzahlungen auf der Online-Casino-Website problemlos zu t\u00e4tigen. Besonders toll ist es, wenn Sie f\u00fcr die Website und ihre Mitarbeiter anonym bleiben m\u00f6chten. Es handelt sich um eine dringend empfohlene Online-Casino-Banking-M\u00f6glichkeit, auch wenn es einige Gl\u00fccksspiel-Websites in Australien nicht akzeptieren.<\/p>\t\t\t\t\t\t<\/div>\n\t\t\t\t<\/div>\n\t\t\t\t\t<\/div>\n\t\t<\/div>\n\t\t\t\t\t\t\t<\/div>\n\t\t<\/section>\n\t\t\t\t\t\t\t<\/div>\n\t\t","protected":false},"excerpt":{"rendered":"<p>Der Prepaid-Kartendienst PaySafeCard besteht seit 2000. Der Hauptsitz befindet sich in Wien, \u00d6sterreich. Dieses System geh\u00f6rt zu den beliebtesten in Europa und wird auch von australischen Spielern gesch\u00e4tzt. Mit PaySafeCard k\u00f6nnen Sie sicher, schnell und bequem online f\u00fcr verschiedene gew\u00fcnschte Dienstleistungen und coole Produkte bezahlen. PaySafeCard-Transaktionen werden von Tausenden renommierten Firmen und Anbietern in den [&hellip;]<\/p>\n","protected":false},"author":1,"featured_media":0,"parent":0,"menu_order":0,"comment_status":"closed","ping_status":"closed","template":"","meta":{"om_disable_all_campaigns":false,"_monsterinsights_skip_tracking":false,"_monsterinsights_sitenote_active":false,"_monsterinsights_sitenote_note":"","_monsterinsights_sitenote_category":0,"footnotes":""},"acf":[],"aioseo_notices":[],"_links":{"self":[{"href":"https:\/\/hottopcasino.com\/de\/wp-json\/wp\/v2\/pages\/10980"}],"collection":[{"href":"https:\/\/hottopcasino.com\/de\/wp-json\/wp\/v2\/pages"}],"about":[{"href":"https:\/\/hottopcasino.com\/de\/wp-json\/wp\/v2\/types\/page"}],"author":[{"embeddable":true,"href":"https:\/\/hottopcasino.com\/de\/wp-json\/wp\/v2\/users\/1"}],"replies":[{"embeddable":true,"href":"https:\/\/hottopcasino.com\/de\/wp-json\/wp\/v2\/comments?post=10980"}],"version-history":[{"count":5,"href":"https:\/\/hottopcasino.com\/de\/wp-json\/wp\/v2\/pages\/10980\/revisions"}],"predecessor-version":[{"id":16536,"href":"https:\/\/hottopcasino.com\/de\/wp-json\/wp\/v2\/pages\/10980\/revisions\/16536"}],"wp:attachment":[{"href":"https:\/\/hottopcasino.com\/de\/wp-json\/wp\/v2\/media?parent=10980"}],"curies":[{"name":"wp","href":"https:\/\/api.w.org\/{rel}","templated":true}]}}