	{"id":11063,"date":"2023-08-28T20:29:07","date_gmt":"2023-08-28T09:29:07","guid":{"rendered":"https:\/\/hottopcasino.com\/neteller\/"},"modified":"2024-09-25T00:11:35","modified_gmt":"2024-09-24T13:11:35","slug":"neteller","status":"publish","type":"page","link":"https:\/\/hottopcasino.com\/de\/neteller\/","title":{"rendered":"Neteller"},"content":{"rendered":"<p>Neteller ist ein seri\u00f6ses und weit verbreitetes Online-Zahlungssystem, das nicht nur im E-Commerce-Bereich, sondern auch in der Online-Gaming-Branche seinen Platz gefunden hat. Neteller wurde 1999 gegr\u00fcndet und hat sich schnell eine Nische erobert, indem es eine sichere und bequeme L\u00f6sung f\u00fcr Geldtransfers und Online-Zahlungen anbot.<\/p>\n<h2><strong>Der Komfort einer elektronischen Geldb\u00f6rse<\/strong><\/h2>\n<p>Als E-Wallet bietet Neteller den Benutzern ein virtuelles Depot f\u00fcr ihre Gelder, wodurch Transaktionen beschleunigt werden und die wiederholte Eingabe von Zahlungsdetails entf\u00e4llt. Dieses Ma\u00df an Sicherheit und Datenschutz ist in der Welt des Online-Gl\u00fccksspiels von gr\u00f6\u00dfter Bedeutung, wo Menschen nach einer zuverl\u00e4ssigen Methode suchen, um ihre Finanzen zu verwalten und kontinuierlich Ein- und Auszahlungen vorzunehmen, ohne vertrauliche Finanzinformationen preiszugeben.<\/p>\n<h3><strong>Plattform\u00fcbergreifende Vielseitigkeit<\/strong><\/h3>\n<p>Der klare Vorteil von Neteller liegt in seiner breiten Akzeptanz auf einer Vielzahl von Online-Plattformen. Von Online-Casinos bis hin zu verschiedenen E-Commerce-Websites \u2013 die Palette der von Neteller unterst\u00fctzten Plattformen macht es zu einer anpassungsf\u00e4higen Option f\u00fcr Benutzer, die an verschiedenen Online-Aktivit\u00e4ten au\u00dferhalb des Gl\u00fccksspielbereichs beteiligt sind.<\/p>\n<h3><strong>VIP-Vorteile freischalten<\/strong><\/h3>\n<p>Neteller erweitert ein VIP-Programm, das treue Benutzer f\u00fcr ihre fortgesetzte Teilnahme belohnen soll. Diese VIP-Mitglieder genie\u00dfen eine Reihe von Vorteilen, darunter reduzierte Geb\u00fchren, erh\u00f6hte Transaktionslimits und Zugang zu speziellem Kundensupport. Dieses einzigartige Programm hat erfolgreich Stammnutzer angezogen, die die zus\u00e4tzlichen Vorteile sch\u00e4tzen, die es bietet.<\/p>\n<h2><strong>Neteller und Online-Casinos<\/strong><\/h2>\n<p>F\u00fcr Online-Casino-Enthusiasten ist Neteller aufgrund seiner nahtlosen Funktionalit\u00e4t, der schnellen Transaktionsabwicklung und der gebotenen Anonymit\u00e4t die bevorzugte Wahl. Der Prozess der Einzahlung von Geldern oder der Auszahlung von Gewinnen von Casino-Konten wird mit Neteller vereinfacht. Die Schnelligkeit von Transaktionen, die oft an Sofortigkeit grenzt, findet gro\u00dfen Anklang bei Spielern, die den sofortigen Zugriff auf Spiele oder ihre Gewinne priorisieren.<\/p>\n<h3><strong>Benutzerfreundlichkeit und Kontoeinrichtung<\/strong><\/h3>\n<p>F\u00fcr die Nutzung von Neteller m\u00fcssen Benutzer ein Konto auf der offiziellen Website registrieren und ihre bevorzugten Zahlungsmethoden verkn\u00fcpfen, zu denen Kredit-\/Debitkarten oder Bankkonten geh\u00f6ren k\u00f6nnen. Nach der Kontoeinrichtung geht es im Wesentlichen darum, Neteller als Zahlungsmethode auf unterst\u00fctzten Plattformen auszuw\u00e4hlen und die Autorisierung f\u00fcr die Transaktion zu erteilen.<\/p>\n<h2><strong>Fazit<\/strong><\/h2>\n<p>Kurz gesagt: Neteller hat seine Position als sicheres, zuverl\u00e4ssiges und effizientes Online-Zahlungssystem gefestigt. Besonders im Zusammenhang mit Online-Casinos und dem Gaming-Sektor im Allgemeinen machen es seine einfachen Transaktionen, die benutzerfreundliche Oberfl\u00e4che und die gro\u00dfe Akzeptanz zur idealen Wahl f\u00fcr Menschen, die eine vereinfachte und unkomplizierte M\u00f6glichkeit suchen, ihre Finanzen im digitalen Zeitalter zu verwalten.<\/p>\n","protected":false},"excerpt":{"rendered":"<p>Neteller ist ein seri\u00f6ses und weit verbreitetes Online-Zahlungssystem, das nicht nur im E-Commerce-Bereich, sondern auch in der Online-Gaming-Branche seinen Platz gefunden hat. Neteller wurde 1999 gegr\u00fcndet und hat sich schnell eine Nische erobert, indem es eine sichere und bequeme L\u00f6sung f\u00fcr Geldtransfers und Online-Zahlungen anbot. Der Komfort einer elektronischen Geldb\u00f6rse Als E-Wallet bietet Neteller den [&hellip;]<\/p>\n","protected":false},"author":1,"featured_media":0,"parent":0,"menu_order":0,"comment_status":"closed","ping_status":"closed","template":"","meta":{"om_disable_all_campaigns":false,"_monsterinsights_skip_tracking":false,"_monsterinsights_sitenote_active":false,"_monsterinsights_sitenote_note":"","_monsterinsights_sitenote_category":0,"footnotes":""},"acf":[],"aioseo_notices":[],"_links":{"self":[{"href":"https:\/\/hottopcasino.com\/de\/wp-json\/wp\/v2\/pages\/11063"}],"collection":[{"href":"https:\/\/hottopcasino.com\/de\/wp-json\/wp\/v2\/pages"}],"about":[{"href":"https:\/\/hottopcasino.com\/de\/wp-json\/wp\/v2\/types\/page"}],"author":[{"embeddable":true,"href":"https:\/\/hottopcasino.com\/de\/wp-json\/wp\/v2\/users\/1"}],"replies":[{"embeddable":true,"href":"https:\/\/hottopcasino.com\/de\/wp-json\/wp\/v2\/comments?post=11063"}],"version-history":[{"count":3,"href":"https:\/\/hottopcasino.com\/de\/wp-json\/wp\/v2\/pages\/11063\/revisions"}],"predecessor-version":[{"id":11068,"href":"https:\/\/hottopcasino.com\/de\/wp-json\/wp\/v2\/pages\/11063\/revisions\/11068"}],"wp:attachment":[{"href":"https:\/\/hottopcasino.com\/de\/wp-json\/wp\/v2\/media?parent=11063"}],"curies":[{"name":"wp","href":"https:\/\/api.w.org\/{rel}","templated":true}]}}