	{"id":11118,"date":"2020-01-13T20:06:40","date_gmt":"2020-01-13T09:06:40","guid":{"rendered":"https:\/\/hottopcasino.com\/cashback-bonuses\/"},"modified":"2023-10-18T23:05:13","modified_gmt":"2023-10-18T12:05:13","slug":"cashback-bonuses","status":"publish","type":"page","link":"https:\/\/hottopcasino.com\/de\/cashback-bonuses\/","title":{"rendered":"Bonos de reembolso"},"content":{"rendered":"\t\t<div data-elementor-type=\"wp-page\" data-elementor-id=\"11118\" class=\"elementor elementor-11118 elementor-18\">\n\t\t\t\t\t\t\t\t\t<section class=\"elementor-section elementor-top-section elementor-element elementor-element-5e4b591f elementor-section-boxed elementor-section-height-default elementor-section-height-default\" data-id=\"5e4b591f\" data-element_type=\"section\">\n\t\t\t\t\t\t<div class=\"elementor-container elementor-column-gap-default\">\n\t\t\t\t\t<div class=\"elementor-column elementor-col-100 elementor-top-column elementor-element elementor-element-5a1734bc\" data-id=\"5a1734bc\" data-element_type=\"column\">\n\t\t\t<div class=\"elementor-widget-wrap elementor-element-populated\">\n\t\t\t\t\t\t\t\t<div class=\"elementor-element elementor-element-595ad0f4 elementor-widget elementor-widget-text-editor\" data-id=\"595ad0f4\" data-element_type=\"widget\" data-widget_type=\"text-editor.default\">\n\t\t\t\t<div class=\"elementor-widget-container\">\n\t\t\t<style>\/*! elementor - v3.10.1 - 17-01-2023 *\/\n.elementor-widget-text-editor.elementor-drop-cap-view-stacked .elementor-drop-cap{background-color:#818a91;color:#fff}.elementor-widget-text-editor.elementor-drop-cap-view-framed .elementor-drop-cap{color:#818a91;border:3px solid;background-color:transparent}.elementor-widget-text-editor:not(.elementor-drop-cap-view-default) .elementor-drop-cap{margin-top:8px}.elementor-widget-text-editor:not(.elementor-drop-cap-view-default) .elementor-drop-cap-letter{width:1em;height:1em}.elementor-widget-text-editor .elementor-drop-cap{float:left;text-align:center;line-height:1;font-size:50px}.elementor-widget-text-editor .elementor-drop-cap-letter{display:inline-block}<\/style>\t\t\t\t<p><span style=\"color: #000000;\"><img decoding=\"async\" loading=\"lazy\" class=\"alignnone size-full wp-image-706\" src=\"https:\/\/hottopcasino.com\/wp-content\/uploads\/2020\/05\/HotTop-BS-banner-982_188.jpg\" alt=\"BitStars_Hottopcasino \" width=\"982\" height=\"188\" srcset=\"https:\/\/hottopcasino.com\/wp-content\/uploads\/2020\/05\/HotTop-BS-banner-982_188.jpg 982w, https:\/\/hottopcasino.com\/wp-content\/uploads\/2020\/05\/HotTop-BS-banner-982_188-300x57.jpg 300w, https:\/\/hottopcasino.com\/wp-content\/uploads\/2020\/05\/HotTop-BS-banner-982_188-768x147.jpg 768w, https:\/\/hottopcasino.com\/wp-content\/uploads\/2020\/05\/HotTop-BS-banner-982_188-60x11.jpg 60w, https:\/\/hottopcasino.com\/wp-content\/uploads\/2020\/05\/HotTop-BS-banner-982_188-40x8.jpg 40w, https:\/\/hottopcasino.com\/wp-content\/uploads\/2020\/05\/HotTop-BS-banner-982_188-65x12.jpg 65w\" sizes=\"(max-width: 982px) 100vw, 982px\" \/><\/span><\/p><p><span style=\"color: #000000;\">Der Begriff Cashback ist Karteninhabern gel\u00e4ufig. Zweifellos sind sich die meisten einig, dass die R\u00fcckerstattung eines Teils der Kosten einen guten Anreiz darstellt.<\/span><\/p><p><span style=\"color: #000000;\">In Online-Casinos gibt es ein \u00e4hnliches Belohnungssystem. Die Idee, es beim Gl\u00fccksspiel einzusetzen, kam den Besitzern von Gl\u00fccksspieleinrichtungen lange bevor die M\u00f6glichkeit zum Spielen im Internet auftauchte. Es wurde in Spielclubs vor Ort umgesetzt und bestand darin, den Stammkunden kostenlose Getr\u00e4nke und Snacks zur Verf\u00fcgung zu stellen.<\/span><\/p><p><span style=\"color: #000000;\">Aus diesem Artikel erfahren Sie:<\/span><\/p><ul><li><span style=\"color: #000000;\"><strong>Was ist Casino-Cashback?<\/strong><\/span><\/li><li><span style=\"color: #000000;\"><strong>Was passiert und wie wird es berechnet?<\/strong><\/span><\/li><\/ul><p><span style=\"color: #000000;\">Cashback in Online-Casinos: So fallen die wichtigsten Varianten an.<\/span><\/p><p><span style=\"color: #000000;\"><strong>Cashback-Boni<\/strong> sind eine besondere Art von Belohnungen f\u00fcr Spieler in Online-Casinos. Cashback-Boni geben einen Teil des verlorenen Geldes, der Einzahlungen oder der Wettbetr\u00e4ge f\u00fcr einen bestimmten Zeitraum zur\u00fcck. Cashback-Boni sind \u201eSicherheits\u201c-Einzahlungen, da sie den Benutzern im Falle eines Scheiterns eine zweite Chance zum Wetten geben. Die H\u00f6he der Rendite variiert zwischen 2 % und 20 % und h\u00e4ngt meist von der Benutzeraktivit\u00e4t ab.<\/span><\/p><p><span style=\"color: #000000;\"><strong>Am h\u00e4ufigsten k\u00f6nnen Cashback-Boni erhalten werden<\/strong><\/span><\/p><ul><li><span style=\"color: #000000;\">Vom Gesamtbetrag der Einzahlungen. In diesem Fall erh\u00e4lt der Spieler f\u00fcr einen bestimmten Zeitraum einen bestimmten Prozentsatz des Einzahlungsbetrags<\/span><\/li><li><span style=\"color: #000000;\">Aus verlorenen Geldern. Ein solcher Cashback gilt ab dem Verlust des Kunden f\u00fcr einen bestimmten Zeitraum.<\/span><\/li><\/ul><p><span style=\"color: #000000;\"><strong>F\u00fcr welchen Zeitraum kann Cashback gutgeschrieben werden?<\/strong><\/span><\/p><ul><li><span style=\"color: #000000;\">T\u00e4glich \u2013 meist nur f\u00fcr Spieler mit dem h\u00f6chsten VIP-Level verf\u00fcgbar;<\/span><\/li><li><span style=\"color: #000000;\">W\u00f6chentlich \u2013 Geld zur\u00fcck f\u00fcr Aktivit\u00e4ten w\u00e4hrend der Woche;<\/span><\/li><li><span style=\"color: #000000;\">Die monatliche Zahlung erfolgt in der Regel am 1. eines jeden Monats.<\/span><\/li><\/ul><p><span style=\"color: #000000;\">In einigen F\u00e4llen bestimmt die Institution selbst die Zahlungsh\u00e4ufigkeit, abh\u00e4ngig vom VIP-Status des Spielers. Beispielsweise k\u00f6nnen Spieler mit einem anf\u00e4nglichen Level Cashback 1 Mal pro Monat aktivieren, und mit dem h\u00f6chsten &#8211; 1 Mal pro Tag;<\/span><\/p><p><span style=\"color: #000000;\"><strong>Wie wird ein Cashback-Bonus ausgegeben?<\/strong><\/span><\/p><ul><li><span style=\"color: #000000;\">In bar. Die gebr\u00e4uchlichste Option, bei der der Benutzer einen Prozentsatz der Einzahlungen oder Verluste in Form von echtem Geld auf den Restbetrag erh\u00e4lt;<\/span><\/li><li><span style=\"color: #000000;\">Treuepunkte. Sie k\u00f6nnen sofort gegen echtes Geld eingetauscht oder gespart werden, um einen h\u00f6heren Wechselkurs und andere Privilegien zu erhalten;<\/span><\/li><\/ul><p><span style=\"color: #000000;\"><strong>Wett-Cashback-Bonus:<\/strong><\/span><\/p><ul><li><span style=\"color: #000000;\">Keine Wette. Erhaltenes Geld kann nach Ihren W\u00fcnschen verwaltet werden;<\/span><\/li><li><span style=\"color: #000000;\">Bei einer Wette, bei der Eins\u00e4tze in H\u00f6he des 3- bis 40-fachen des erhaltenen Bonusbetrags get\u00e4tigt werden m\u00fcssen.<\/span><\/li><\/ul><p><span style=\"color: #000000;\"><strong>R\u00fcckstellungs-Cashback-Bonus:<\/strong><\/span><\/p><ul><li><span style=\"color: #000000;\">Automatisch;<\/span><\/li><li><span style=\"color: #000000;\">Auf Anfrage beim Kundensupport. Dies geschieht, damit der Kunde selbst entscheidet, ob er diesen Bonus ben\u00f6tigt oder nicht;<\/span><\/li><\/ul><p><span style=\"color: #000000;\">Achten Sie auf den Zeitraum, der f\u00fcr die Aktivierung und Umsetzung des erhaltenen Cashback-Bonus vorgesehen ist.<\/span><\/p><p><span style=\"color: #000000;\"><\/span><\/p>\t\t\t\t\t\t<\/div>\n\t\t\t\t<\/div>\n\t\t\t\t\t<\/div>\n\t\t<\/div>\n\t\t\t\t\t\t\t<\/div>\n\t\t<\/section>\n\t\t\t\t\t\t\t<\/div>\n\t\t","protected":false},"excerpt":{"rendered":"<p>Der Begriff Cashback ist Karteninhabern gel\u00e4ufig. Zweifellos sind sich die meisten einig, dass die R\u00fcckerstattung eines Teils der Kosten einen guten Anreiz darstellt. In Online-Casinos gibt es ein \u00e4hnliches Belohnungssystem. Die Idee, es beim Gl\u00fccksspiel einzusetzen, kam den Besitzern von Gl\u00fccksspieleinrichtungen lange bevor die M\u00f6glichkeit zum Spielen im Internet auftauchte. Es wurde in Spielclubs vor [&hellip;]<\/p>\n","protected":false},"author":1,"featured_media":0,"parent":0,"menu_order":4,"comment_status":"open","ping_status":"closed","template":"","meta":{"om_disable_all_campaigns":false,"_monsterinsights_skip_tracking":false,"_monsterinsights_sitenote_active":false,"_monsterinsights_sitenote_note":"","_monsterinsights_sitenote_category":0,"footnotes":""},"acf":[],"aioseo_notices":[],"_links":{"self":[{"href":"https:\/\/hottopcasino.com\/de\/wp-json\/wp\/v2\/pages\/11118"}],"collection":[{"href":"https:\/\/hottopcasino.com\/de\/wp-json\/wp\/v2\/pages"}],"about":[{"href":"https:\/\/hottopcasino.com\/de\/wp-json\/wp\/v2\/types\/page"}],"author":[{"embeddable":true,"href":"https:\/\/hottopcasino.com\/de\/wp-json\/wp\/v2\/users\/1"}],"replies":[{"embeddable":true,"href":"https:\/\/hottopcasino.com\/de\/wp-json\/wp\/v2\/comments?post=11118"}],"version-history":[{"count":6,"href":"https:\/\/hottopcasino.com\/de\/wp-json\/wp\/v2\/pages\/11118\/revisions"}],"predecessor-version":[{"id":11130,"href":"https:\/\/hottopcasino.com\/de\/wp-json\/wp\/v2\/pages\/11118\/revisions\/11130"}],"wp:attachment":[{"href":"https:\/\/hottopcasino.com\/de\/wp-json\/wp\/v2\/media?parent=11118"}],"curies":[{"name":"wp","href":"https:\/\/api.w.org\/{rel}","templated":true}]}}