	{"id":11136,"date":"2020-01-13T20:06:55","date_gmt":"2020-01-13T09:06:55","guid":{"rendered":"https:\/\/hottopcasino.com\/real-money-pokies\/"},"modified":"2023-10-18T23:30:25","modified_gmt":"2023-10-18T12:30:25","slug":"real-money-pokies","status":"publish","type":"page","link":"https:\/\/hottopcasino.com\/de\/real-money-pokies\/","title":{"rendered":"Spielautomaten mit echtem Geld"},"content":{"rendered":"<div class=\"payment-systems-navigation pull-left\">\n                    <div class=\"best-of-online-casinos payment-system-navigation-row clearfix\" onclick=\"NavigationAnchor(this); return false;\">\n                        <div class=\"payment-system-navigation-title pull-left\">\n                            <span>Best of online casinos<\/span>\n                        <\/div>\n                    <\/div>\n                \n                    <div class=\"play-free-pokies-now payment-system-navigation-row clearfix\" onclick=\"NavigationAnchor(this); return false;\">\n                        <div class=\"payment-system-navigation-title pull-left\">\n                            <span>Play Free Pokies Now<\/span>\n                        <\/div>\n                    <\/div>\n                \n                    <div class=\"types-of-pokies payment-system-navigation-row clearfix\" onclick=\"NavigationAnchor(this); return false;\">\n                        <div class=\"payment-system-navigation-title pull-left\">\n                            <span>Types of pokies<\/span>\n                        <\/div>\n                    <\/div>\n                \n                    <div class=\"free-money-casino payment-system-navigation-row clearfix\" onclick=\"NavigationAnchor(this); return false;\">\n                        <div class=\"payment-system-navigation-title pull-left\">\n                            <span>Free money - casino<\/span>\n                        <\/div>\n                    <\/div>\n                <\/div>\n<p>Australien hatte schon immer eine Schw\u00e4che f\u00fcr Pokies. Schlie\u00dflich gibt es nicht viele Dinge, die Ihnen solche Emotionen und den Adrenalinsto\u00df ausl\u00f6sen k\u00f6nnen, den Aussie Casino bieten kann. Und sie erfreuen sich heute mehr denn je wachsender Beliebtheit. Das hat viel damit zu tun, wie verf\u00fcgbar sie sind. Fr\u00fcher hatte nicht jeder Zugang, aber jetzt kann jeder sie spielen und genie\u00dfen. Noch besser: Jeder kann sich daf\u00fcr entscheiden, ein paar Runden zu spielen und gute Gewinne zu erzielen, auch ohne zun\u00e4chst eine Einzahlung vorzunehmen.<\/p>\n<p>Dar\u00fcber hinaus muss man kein Experte sein, um zu gewinnen. Sie k\u00f6nnen schrittweise zum Experten werden, niedrig anfangen und von dort aus aufbauen. Sie k\u00f6nnen Ihre eigenen Bedingungen aushandeln und so spielen, dass Sie sich wohl f\u00fchlen. Jetzt ist es an der Zeit, einige der bekanntesten und gefragtesten Optionen auszuprobieren. Echte Pokies liegen im Trend und bieten viele Spielvarianten. Das sollten die ersten sein, die Ihnen in den Sinn kommen, wenn Sie an Casinos denken. Dar\u00fcber hinaus sind sie aufgrund ihrer Einfachheit und Benutzerfreundlichkeit f\u00fcr viele Menschen attraktiv.<\/p>\n<hr \/>\n<h2><strong>Nur die besten Casino-Optionen f\u00fcr Australier, um mit echtem Geld zu spielen<\/strong><\/h2>\n<p>Wenn Sie zu denen geh\u00f6ren, die es lieben, die besten Angebote zu bekommen und immer bei Sonderangeboten und Rabatten zu gewinnen, dann sollte es bei Online-Casinos nicht anders sein. Es ist nicht schwer, attraktive Optionen f\u00fcr Spielautomaten zu finden und gro\u00dfz\u00fcgige Angebote zu erhalten, die Ihnen jede Menge Boni einbringen k\u00f6nnen.<\/p>\n<p>Bevor Sie sich f\u00fcr eine Website anmelden, pr\u00fcfen Sie genau deren Richtlinien und was sie neuen Leuten bieten, die in ihre Ecke kommen. Suchen Sie nach den besten Angeboten und nach Websites, die Ihnen bei der Registrierung viele kostenlose Dinge anbieten. Der Markt ist hart umk\u00e4mpft, daher sind die meisten Casinos bereit, um Ihre Aufmerksamkeit zu k\u00e4mpfen.<\/p>\n<p>Dar\u00fcber hinaus gibt es in vielen Online-Casinos einen speziellen Begriff f\u00fcr diejenigen, die es wert sind. Sie bieten ein VIP-Programm an, sodass Sie noch mehr Boni und Vorteile erhalten, fast keine Limits haben und beim Spielen und Nutzen des Programms ein unglaubliches Erlebnis genie\u00dfen k\u00f6nnen. VIPs sto\u00dfen selten auf Einschr\u00e4nkungen und haben bei den Spielen meist Gl\u00fcck. Hier finden Sie eine unglaublich gro\u00dfe Bibliothek mit Spielen und allem, was mit Online-Casinos zu tun hat, darunter auch mehrere Turniere.<\/p>\n<p>Tabelle mit den Casinos, die die attraktivsten Boni anbieten.<\/p>\n<hr \/>\n<h2><strong>Die besten Optionen von Online-Casinos, um mit Freispielen zu spielen und echtes Geld zu verdienen<\/strong><\/h2>\n<p>Australische Casinos haben eine besondere M\u00f6glichkeit, sich von anderen abzuheben. Im Gegensatz zu anderen Casinos sind sie bereit, Neulingen jede Menge Geschenke zu machen, nur weil Sie gekommen sind. Lassen Sie sich von niemandem betr\u00fcgen, viele Casinos versprechen Ihnen, dass sie Ihnen kostenlose Sachen zur Verf\u00fcgung stellen, aber es gibt immer einen Haken. Um auf diesen anderen Seiten etwas zu bekommen, ben\u00f6tigen Sie eine Einzahlung, m\u00fcssen Tonnen spielen und viele fragw\u00fcrdige Anforderungen erf\u00fcllen. Hier ist die Geschichte anders; Ihr hart verdientes Geld steht nicht auf dem Spiel. Niemand zwingt Sie, etwas Bargeld auf Ihr Konto einzuzahlen oder so etwas in der Art.<\/p>\n<p>Wenn Sie sich registrieren, erhalten Sie die sch\u00f6nen Willkommensgeschenke und k\u00f6nnen diese bei den Spielen verwenden. Ein weiterer Unterscheidungsfaktor ist die Gro\u00dfz\u00fcgigkeit dieser Geschenke. Wenn Sie der Zeit einen Schritt voraus sein und alle herausragenden M\u00f6glichkeiten, die diese Orte bieten, optimal nutzen m\u00f6chten, finden Sie unten eine Liste, die Sie einsehen k\u00f6nnen. Es gibt die attraktivsten Pokies-Optionen, mit denen Sie experimentieren und Spa\u00df haben k\u00f6nnen.<\/p>\n<p>Der Hauptzweck so vieler Sonderangebote und dergleichen besteht nat\u00fcrlich darin, Neulingen zu helfen. Menschen, die gerade erst in diese Sph\u00e4re einsteigen, haben m\u00f6glicherweise Angst davor, ihr Geld auf eine einzige Drehung zu setzen, daher k\u00f6nnen ihnen \u201eAnreize\u201c den richtigen Weg weisen. Nichtsdestotrotz kann jeder von diesen Boni profitieren, und wenn Sie wissen, was Sie tun, k\u00f6nnen Sie genauso gut damit beginnen, damit zu gewinnen.<\/p>\n<p>Denken Sie daran, dass Sie den Bonus entsprechend den Bedingungen einl\u00f6sen m\u00fcssen, um Ihre Gewinne auszahlen zu lassen. Die Konditionen werden Ihnen bei Erhalt des Bonus vorgelegt und k\u00f6nnen diese jederzeit noch einmal \u00fcberpr\u00fcfen. Um diesen Bonus freizuspielen, m\u00fcssen Sie eine vorher vereinbarte Anzahl von Malen spielen, die zehnmal, f\u00fcnfundzwanzigmal oder wie auch immer in den Bedingungen angegeben sein kann, sein k\u00f6nnen. Ebenso haben alle Casinos ein Mindestauszahlungslimit, aber das ist kein Grund zur Sorge, die Limits sind ziemlich niedrig und man sollte nur darauf achten, dass die Leute nicht nur ein paar Cent auf einmal abheben.<\/p>\n<p>Durch das Spielen mit den kostenlosen Boni k\u00f6nnen Sie die Spiele erleben, ohne Geld auszugeben, und Sie k\u00f6nnen sogar einige Gewinne erzielen. Um diese Option auszuprobieren, schauen Sie sich die Liste unten mit den besten Casinos mit Freispielen an.<\/p>\n<hr \/>\n<h2><strong>Spielen Sie jetzt kostenlose Spielautomaten<\/strong><\/h2>\n<p>Hier finden Sie die besten Spielautomaten mit Freispielen, siehe Tabelle unten.<\/p>\n\n                <table class=\"real-money-pokies\">\n                    <thead>\n                        <tr>\n                            <th>Casino name<\/th>\n                            <th>Welcome bonus<\/th>\n                            <th class=\"hidden-xs\">Details<\/th>\n                            <th class=\"hidden-xs\">\n                                <img src=\"https:\/\/hottopcasino.com\/wp-content\/themes\/hottop\/public\/giftbox.png\" alt=\"Gift\" class=\"img-responsive\"\/>\n                            <\/th>\n                        <\/tr>\n                    <\/thead>\n                    <tbody>\n            \n                    <tr >\n                        <td>\n                            <div class=\"real-money-pokie-logo-wrap\">\n                                <span class=\"real-money-pokie-num\">1.<\/span>\n                                <img src=\"https:\/\/hottopcasino.com\/wp-content\/uploads\/2020\/01\/pokie-spins.png\" alt=\"Pokie spins\" class=\"img-responsive\"\/>\n                                <span class=\"real-money-pokie-title\">Pokie Spins<\/span>\n                                <a href=\"\" target=\"_blank\" class=\"expert-review\">Expert review<\/a>\n                            <\/div>\n                        <\/td>\n                        <td>\n                            <div class=\"real-money-pokie-main-size\">$10000<br\/>match bonus<\/div>\n                            <div class=\"real-money-pokie-option-size\">with 260 free spins on Super Fast Hot, Astro Magic and others<\/div>\n                        <\/td>\n                        <td class=\"hidden-xs\"><div class=\"real-money-pokies-detail\"><span>wagering:<\/span> x45<\/div><div class=\"real-money-pokies-detail\"><span>Min.Deposit:<\/span> 50 USD<\/div><div class=\"real-money-pokies-detail\"><span>Games:<\/span> name game \/ name game more \/ more games too<\/div><\/td>\n                        <td class=\"hidden-xs\">\n                            <a href=\"#\" target=\"_blank\" rel=\"nofollow\" class=\"casino-item-ref-btn\">Claim bonus<\/a>\n                        <\/td>\n                    <\/tr>\n                    <tr class=\"hidden-sm hidden-md hidden-lg\" >\n                        <td>\n                            <div class=\"real-money-pokies-detail\"><span>wagering:<\/span> x45<\/div><div class=\"real-money-pokies-detail\"><span>Min.Deposit:<\/span> 50 USD<\/div><div class=\"real-money-pokies-detail\"><span>Games:<\/span> name game \/ name game more \/ more games too<\/div>\n                        <\/td>\n                        <td>\n                            <a href=\"#\" target=\"_blank\" rel=\"nofollow\" class=\"casino-item-ref-btn\">Claim bonus<\/a>\n                        <\/td>\n                    <\/tr>\n                \n                    <\/tbody>\n                <\/table>\n                <div class=\"single-btn-wrap\">\n                    <a class=\"casino-item-ref-btn\" onclick=\"showMoreRealPokies(this); return false;\">Show more<\/a>\n                <\/div>\n            \n<hr \/>\n<h2><strong>Was sind die Hauptunterschiede zwischen den Spielautomatentypen?<\/strong><\/h2>\n<p>Ein weiterer fantastischer Vorteil der australischen Online-Spielautomaten ist die Vielzahl der angebotenen Optionen. Dort finden Sie einen unglaublichen Katalog mit unz\u00e4hligen Spielen und Optionen. Australische Spielautomaten sind viel aufregender und bieten mehr Variationen und Alternativen als alles, was Sie im Casino Ihrer Stadt oder in jedem physischen Casino finden k\u00f6nnten. Dar\u00fcber hinaus handelt es sich bei diesen Online-Spielen nicht um herk\u00f6mmliche digitale M\u00fcnzautomaten mit einigen gezogenen Fr\u00fcchten.<\/p>\n<p>Hier finden Sie viele Spiele mit bestimmten Themen, wie zum Beispiel Filme und Serien. Sie k\u00f6nnen sogar Spiele finden, die thematisch vor Ihrem Lieblingsfernsehroman liegen.<\/p>\n<hr \/>\n<h2><strong>Der Einfachheit halber k\u00f6nnte man sagen, dass es zwei Haupttypen von Spielautomaten gibt: 3-Walzen- und 5-Walzen-Spielautomaten<\/strong><\/h2>\n<p><strong>3-Walzen-Spielautomaten<\/strong><\/p>\n<p>3-Walzen-Spielautomaten waren lange Zeit der Goldstandard; Auch heute noch wecken sie bei vielen Spielern ein nostalgisches Gef\u00fchl. Dies sind die Arten von Spielen, die vielen Menschen in den Sinn kommen, wenn sie an Online-Casinos denken: die klassischen Bilder von Fr\u00fcchten, die auf Ihrem Bildschirm auftauchen, w\u00e4hrend Sie hoffen, drei Kirschen zu landen. Die Einfachheit und der Spa\u00dffaktor, den sie mit sich bringen, sind perfekt f\u00fcr neue Spieler.<\/p>\n<p>Diese Spiele machen Spa\u00df, sind einfach, aber dennoch aufregend, sodass \u201eNeulinge\u201c sie lieben. Es ist einfach zu spielen, da Sie nur ein paar Symbolen folgen m\u00fcssen und es nicht viele Optionen gibt, auf die Sie wetten k\u00f6nnen. All diese Faktoren machen den 3-Walzen-Spielautomaten zu einer Menge Spa\u00df und zum perfekten Ausgangspunkt f\u00fcr alle, die sich f\u00fcr Online-Casinos interessieren.<\/p>\n<p><strong>5-Walzen-Spielautomaten<\/strong><\/p>\n<p>Hier wird der Einsatz h\u00f6her und die ganze Situation wird interessanter. Die 5-Walzen-Spielautomaten werden jetzt am besten bewertet, da sie Ihnen mehr Interaktion mit dem Spiel erm\u00f6glichen und mehr Grafiken bieten. Ein Scatter-Symbol wird hinzugef\u00fcgt, au\u00dferdem gibt es jede Menge Walzen und Drehungen, nach denen man Ausschau halten sollte. Das bedeutet, dass Sie viel mehr M\u00f6glichkeiten haben, zu gewinnen. Es gibt unz\u00e4hlige m\u00f6gliche Kombinationen, mit denen Sie Gewinne erzielen k\u00f6nnen, und das macht das Spiel viel unterhaltsamer. Stellen Sie beim Spielen sicher, dass Sie alle m\u00f6glichen Walzen und Drehungen einschalten, damit Sie so viele Gewinnkombinationen wie m\u00f6glich haben.<\/p>\n<p><strong>Progressiver Poker-Jackpot<\/strong><\/p>\n<p>Progressive Automatenspiele sind oft Teil eines kombinierten Pools, bei dem Wetten \u00fcber mehrere Casinos get\u00e4tigt werden. Was die Leute zu diesem Spiel bringt, ist der Preis. Da es von vielen Casinos angeboten wird, ist der Jackpot enorm, manchmal liegt der Preis im sechsstelligen Bereich. Hier k\u00f6nnen Sie den gro\u00dfen Preis gewinnen und ein sechsstelliges Preisgeld mit nach Hause nehmen. Je n\u00e4her Sie den Pokies-Turnieren kommen, desto mehr k\u00f6nnen Sie gewinnen.<\/p>\n<p><strong>Pokie-Anbieter<\/strong><\/p>\n<p>Australische Spieler haben Zugang zu einigen der besten Entwickler der Welt, wenn es um Online-Spiele geht. Auf ihren Seiten finden Sie exotische Namen. Entwickler wie Bally Tech, IGT, Aristocrat, Konami und Ainsworth sind in der Branche au\u00dferordentlich bekannt und arbeiten nun daran, die besten Spiele in diese Online-Casinos zu bringen.<\/p>\n<hr \/>\n<h2><strong>Wie k\u00f6nnen Sie in die fantastische Welt der Online-Casinos eintauchen und mit dem Spielen beginnen:<\/strong><\/h2>\n<h3><strong>Online-Pokie-Quoten<\/strong><\/h3>\n<p>Normalerweise bieten Ihnen die australischen Online-Casinos viel bessere Chancen, sich zu beschweren, als ihre zeitgen\u00f6ssischen, physischen Pendants. Der Aufbau eines Online-Casinos ist viel g\u00fcnstiger als der Aufbau eines echten Casinos. Online ist es nicht n\u00f6tig, Millionen in die Suche nach einer Wohnung, deren Umbau, die Installation aller ben\u00f6tigten Ger\u00e4te usw. zu stecken. Aus diesem Grund k\u00f6nnen Online-Casinos ihren Spielern viel bessere Gewinnchancen und sogar Startboni bieten.<\/p>\n<p>Um einige reale Beispiele zu nennen: Bei der Analyse australischer M\u00fcnzautomaten in vielen Pubs stellten Forscher fest, dass die Ausgabe von f\u00fcnf Cent eine Chance von 87 % bis 90 % bietet. Andererseits bieten Ihnen Online-Casinos in der Regel eine Chance von weit \u00fcber 95 %.<\/p>\n<h3><strong>Strategie f\u00fcr Online-Spielautomaten<\/strong><\/h3>\n<p>Zu Beginn m\u00fcssen Sie bereit sein, alles zu spielen. Das bedeutet, dass Sie m\u00f6glicherweise alle Ihre M\u00fcnzen einsetzen m\u00fcssen, denn so erhalten Sie den Hauptpreis. Das mag auf einige australische Casinos nicht zutreffen, aber in den meisten von ihnen m\u00fcssen Sie Ihren Maximaleinsatz platzieren, wenn Sie den h\u00f6chsten Preis erzielen m\u00f6chten. Dies gilt insbesondere f\u00fcr den progressiven Jackpot, der selten den vollen Jackpot auszahlt, es sei denn, Sie spielen den Gesamtbetrag.<\/p>\n<p>Andererseits sollten Sie immer Ihre Grenzen ber\u00fccksichtigen und so viel spielen, wie Sie es f\u00fcr ausreichend halten. Gehen Sie nicht \u00fcber Ihre Grenzen hinaus, nur um sich sp\u00e4ter schlecht zu f\u00fchlen. Wenn Sie jedoch alles geben wollen, kann das den gro\u00dfen Gewinn bedeuten. Dies liegt daran, dass Online-Casinos immer die besten Quoten f\u00fcr die teureren Spiele haben.<\/p>\n<hr \/>\n<h3><strong>Wie kann man in Australien Online-Pokies um echtes Geld spielen?<\/strong><\/h3>\n<p>Nachdem Sie mehrere kostenlose Spielmodi ausprobiert haben, m\u00f6chten Sie vielleicht einige Echtgeld-Onlinespiele auf Eis legen und den Jackpot knacken. Sie k\u00f6nnen also um echtes Geld spielen; Was Sie tun m\u00fcssen, ist, Ihr australisches Online-Pokies-Guthaben aufzustocken. Jedes Online-Casino bietet unterschiedliche M\u00f6glichkeiten, Ihr Konto aufzuladen; Sie k\u00f6nnen diejenige ausw\u00e4hlen, die Ihren Vorlieben entspricht. Visa und Mastercard sind universelle Optionen, die fast \u00fcberall funktionieren. Das einzige Mal, dass diese Optionen nicht verf\u00fcgbar sind, ist normalerweise in Bitcoin-Casinos.<\/p>\n<p>Bedenken Sie, dass Sie bei gro\u00dfen Online-Bargeldabhebungen h\u00e4ufig aufgefordert werden, Ihre Daten zu \u00fcberpr\u00fcfen. In der Regel umfasst dies das Senden oder Scannen eines amtlichen Lichtbildausweises und eines Wohnsitznachweises.<\/p>\n<hr \/>\n<h3><strong>So erhalten Sie kostenloses Geld in einem Online-Casino, um Pokies zu spielen<\/strong><\/h3>\n<p>Die Welt der Online-Casinos ist eine wettbewerbsintensive Branche und eignet sich hervorragend f\u00fcr neue Spieler. Online-Casinos locken neue Nutzer bevorzugt mit Willkommens- und Einzahlungsboni an. Jedes Casino bietet einen Willkommensbonus an, der Ihrer ersten Einzahlung bis zu einem bestimmten Betrag entspricht.<\/p>\n<p>Das kostenlose Geld beschr\u00e4nkt sich nicht nur auf den Willkommensbonus, und es werden laufend zahlreiche Werbeaktionen angeboten. Deshalb sollten Sie immer die Neuigkeiten Ihres Lieblingscasinos pr\u00fcfen; Wenn Sie sich das n\u00e4chste Mal zum Spielen anmelden, gibt es m\u00f6glicherweise einige spannende Aktionen.<\/p>\n<p>&nbsp;<\/p>\n<p>[FreePokiesSlotsBlck page_id=&#8221;20&#8243;]<\/p>\n","protected":false},"excerpt":{"rendered":"<p>Australien hatte schon immer eine Schw\u00e4che f\u00fcr Pokies. Schlie\u00dflich gibt es nicht viele Dinge, die Ihnen solche Emotionen und den Adrenalinsto\u00df ausl\u00f6sen k\u00f6nnen, den Aussie Casino bieten kann. Und sie erfreuen sich heute mehr denn je wachsender Beliebtheit. Das hat viel damit zu tun, wie verf\u00fcgbar sie sind. Fr\u00fcher hatte nicht jeder Zugang, aber jetzt [&hellip;]<\/p>\n","protected":false},"author":1,"featured_media":0,"parent":0,"menu_order":5,"comment_status":"open","ping_status":"closed","template":"","meta":{"om_disable_all_campaigns":false,"_monsterinsights_skip_tracking":false,"_monsterinsights_sitenote_active":false,"_monsterinsights_sitenote_note":"","_monsterinsights_sitenote_category":0,"footnotes":""},"acf":[],"aioseo_notices":[],"_links":{"self":[{"href":"https:\/\/hottopcasino.com\/de\/wp-json\/wp\/v2\/pages\/11136"}],"collection":[{"href":"https:\/\/hottopcasino.com\/de\/wp-json\/wp\/v2\/pages"}],"about":[{"href":"https:\/\/hottopcasino.com\/de\/wp-json\/wp\/v2\/types\/page"}],"author":[{"embeddable":true,"href":"https:\/\/hottopcasino.com\/de\/wp-json\/wp\/v2\/users\/1"}],"replies":[{"embeddable":true,"href":"https:\/\/hottopcasino.com\/de\/wp-json\/wp\/v2\/comments?post=11136"}],"version-history":[{"count":3,"href":"https:\/\/hottopcasino.com\/de\/wp-json\/wp\/v2\/pages\/11136\/revisions"}],"predecessor-version":[{"id":11139,"href":"https:\/\/hottopcasino.com\/de\/wp-json\/wp\/v2\/pages\/11136\/revisions\/11139"}],"wp:attachment":[{"href":"https:\/\/hottopcasino.com\/de\/wp-json\/wp\/v2\/media?parent=11136"}],"curies":[{"name":"wp","href":"https:\/\/api.w.org\/{rel}","templated":true}]}}