	{"id":11146,"date":"2020-01-13T20:07:08","date_gmt":"2020-01-13T09:07:08","guid":{"rendered":"https:\/\/hottopcasino.com\/free-pokies\/"},"modified":"2023-10-18T23:51:41","modified_gmt":"2023-10-18T12:51:41","slug":"free-pokies","status":"publish","type":"page","link":"https:\/\/hottopcasino.com\/de\/free-pokies\/","title":{"rendered":"Kostenlose Spielautomaten"},"content":{"rendered":"\t\t<div data-elementor-type=\"wp-page\" data-elementor-id=\"11146\" class=\"elementor elementor-11146 elementor-22\">\n\t\t\t\t\t\t\t\t\t<section class=\"elementor-section elementor-top-section elementor-element elementor-element-bd27d94 elementor-section-boxed elementor-section-height-default elementor-section-height-default\" data-id=\"bd27d94\" data-element_type=\"section\">\n\t\t\t\t\t\t<div class=\"elementor-container elementor-column-gap-default\">\n\t\t\t\t\t<div class=\"elementor-column elementor-col-33 elementor-top-column elementor-element elementor-element-3c8b8b8\" data-id=\"3c8b8b8\" data-element_type=\"column\">\n\t\t\t<div class=\"elementor-widget-wrap elementor-element-populated\">\n\t\t\t\t\t\t\t\t<div class=\"elementor-element elementor-element-b866277 elementor-widget elementor-widget-image\" data-id=\"b866277\" data-element_type=\"widget\" data-widget_type=\"image.default\">\n\t\t\t\t<div class=\"elementor-widget-container\">\n\t\t\t<style>\/*! elementor - v3.10.1 - 17-01-2023 *\/\n.elementor-widget-image{text-align:center}.elementor-widget-image a{display:inline-block}.elementor-widget-image a img[src$=\".svg\"]{width:48px}.elementor-widget-image img{vertical-align:middle;display:inline-block}<\/style>\t\t\t\t\t\t\t\t\t\t\t\t<img decoding=\"async\" loading=\"lazy\" width=\"1024\" height=\"576\" src=\"https:\/\/hottopcasino.com\/wp-content\/uploads\/2023\/02\/Book-of-dead-slot-logo-1024x576.jpg\" class=\"attachment-large size-large wp-image-8393\" alt=\"\" srcset=\"https:\/\/hottopcasino.com\/wp-content\/uploads\/2023\/02\/Book-of-dead-slot-logo-1024x576.jpg 1024w, https:\/\/hottopcasino.com\/wp-content\/uploads\/2023\/02\/Book-of-dead-slot-logo-300x169.jpg 300w, https:\/\/hottopcasino.com\/wp-content\/uploads\/2023\/02\/Book-of-dead-slot-logo-768x432.jpg 768w, https:\/\/hottopcasino.com\/wp-content\/uploads\/2023\/02\/Book-of-dead-slot-logo-53x30.jpg 53w, https:\/\/hottopcasino.com\/wp-content\/uploads\/2023\/02\/Book-of-dead-slot-logo-40x23.jpg 40w, https:\/\/hottopcasino.com\/wp-content\/uploads\/2023\/02\/Book-of-dead-slot-logo-65x37.jpg 65w, https:\/\/hottopcasino.com\/wp-content\/uploads\/2023\/02\/Book-of-dead-slot-logo.jpg 1280w\" sizes=\"(max-width: 1024px) 100vw, 1024px\" \/>\t\t\t\t\t\t\t\t\t\t\t\t\t\t\t<\/div>\n\t\t\t\t<\/div>\n\t\t\t\t<div class=\"elementor-element elementor-element-e2c5d06 elementor-widget elementor-widget-heading\" data-id=\"e2c5d06\" data-element_type=\"widget\" data-widget_type=\"heading.default\">\n\t\t\t\t<div class=\"elementor-widget-container\">\n\t\t\t<style>\/*! elementor - v3.10.1 - 17-01-2023 *\/\n.elementor-heading-title{padding:0;margin:0;line-height:1}.elementor-widget-heading .elementor-heading-title[class*=elementor-size-]>a{color:inherit;font-size:inherit;line-height:inherit}.elementor-widget-heading .elementor-heading-title.elementor-size-small{font-size:15px}.elementor-widget-heading .elementor-heading-title.elementor-size-medium{font-size:19px}.elementor-widget-heading .elementor-heading-title.elementor-size-large{font-size:29px}.elementor-widget-heading .elementor-heading-title.elementor-size-xl{font-size:39px}.elementor-widget-heading .elementor-heading-title.elementor-size-xxl{font-size:59px}<\/style><h2 class=\"elementor-heading-title elementor-size-default\">Book of Dead\u200b<\/h2>\t\t<\/div>\n\t\t\t\t<\/div>\n\t\t\t\t<div class=\"elementor-element elementor-element-b965c8d elementor-align-center reell elementor-widget elementor-widget-button\" data-id=\"b965c8d\" data-element_type=\"widget\" data-widget_type=\"button.default\">\n\t\t\t\t<div class=\"elementor-widget-container\">\n\t\t\t\t\t<div class=\"elementor-button-wrapper\">\n\t\t\t<a href=\"https:\/\/hottopcasino.com\/news\/book-of-dead-casino-slot\/\" class=\"elementor-button-link elementor-button elementor-size-sm\" role=\"button\">\n\t\t\t\t\t\t<span class=\"elementor-button-content-wrapper\">\n\t\t\t\t\t\t<span class=\"elementor-button-text\">Freispiele<\/span>\n\t\t<\/span>\n\t\t\t\t\t<\/a>\n\t\t<\/div>\n\t\t\t\t<\/div>\n\t\t\t\t<\/div>\n\t\t\t\t\t<\/div>\n\t\t<\/div>\n\t\t\t\t<div class=\"elementor-column elementor-col-33 elementor-top-column elementor-element elementor-element-d4c8330\" data-id=\"d4c8330\" data-element_type=\"column\">\n\t\t\t<div class=\"elementor-widget-wrap elementor-element-populated\">\n\t\t\t\t\t\t\t\t<div class=\"elementor-element elementor-element-0b06315 elementor-widget elementor-widget-image\" data-id=\"0b06315\" data-element_type=\"widget\" data-widget_type=\"image.default\">\n\t\t\t\t<div class=\"elementor-widget-container\">\n\t\t\t\t\t\t\t\t\t\t\t\t\t\t\t<img decoding=\"async\" loading=\"lazy\" width=\"1024\" height=\"576\" src=\"https:\/\/hottopcasino.com\/wp-content\/uploads\/2023\/02\/sa-6-1024x576.png\" class=\"attachment-large size-large wp-image-8399\" alt=\"\" srcset=\"https:\/\/hottopcasino.com\/wp-content\/uploads\/2023\/02\/sa-6-1024x576.png 1024w, https:\/\/hottopcasino.com\/wp-content\/uploads\/2023\/02\/sa-6-300x169.png 300w, https:\/\/hottopcasino.com\/wp-content\/uploads\/2023\/02\/sa-6-768x432.png 768w, https:\/\/hottopcasino.com\/wp-content\/uploads\/2023\/02\/sa-6-1536x864.png 1536w, https:\/\/hottopcasino.com\/wp-content\/uploads\/2023\/02\/sa-6-1320x743.png 1320w, https:\/\/hottopcasino.com\/wp-content\/uploads\/2023\/02\/sa-6-53x30.png 53w, https:\/\/hottopcasino.com\/wp-content\/uploads\/2023\/02\/sa-6-40x23.png 40w, https:\/\/hottopcasino.com\/wp-content\/uploads\/2023\/02\/sa-6-65x37.png 65w, https:\/\/hottopcasino.com\/wp-content\/uploads\/2023\/02\/sa-6.png 1600w\" sizes=\"(max-width: 1024px) 100vw, 1024px\" \/>\t\t\t\t\t\t\t\t\t\t\t\t\t\t\t<\/div>\n\t\t\t\t<\/div>\n\t\t\t\t<div class=\"elementor-element elementor-element-2ef7b09 elementor-widget elementor-widget-heading\" data-id=\"2ef7b09\" data-element_type=\"widget\" data-widget_type=\"heading.default\">\n\t\t\t\t<div class=\"elementor-widget-container\">\n\t\t\t<h2 class=\"elementor-heading-title elementor-size-default\">Sweet Bonanza\u200b<\/h2>\t\t<\/div>\n\t\t\t\t<\/div>\n\t\t\t\t<div class=\"elementor-element elementor-element-f5386fb elementor-align-center bonanz elementor-widget elementor-widget-button\" data-id=\"f5386fb\" data-element_type=\"widget\" data-widget_type=\"button.default\">\n\t\t\t\t<div class=\"elementor-widget-container\">\n\t\t\t\t\t<div class=\"elementor-button-wrapper\">\n\t\t\t<a href=\"#\" class=\"elementor-button-link elementor-button elementor-size-sm\" role=\"button\">\n\t\t\t\t\t\t<span class=\"elementor-button-content-wrapper\">\n\t\t\t\t\t\t<span class=\"elementor-button-text\">Freispiele<\/span>\n\t\t<\/span>\n\t\t\t\t\t<\/a>\n\t\t<\/div>\n\t\t\t\t<\/div>\n\t\t\t\t<\/div>\n\t\t\t\t\t<\/div>\n\t\t<\/div>\n\t\t\t\t<div class=\"elementor-column elementor-col-33 elementor-top-column elementor-element elementor-element-d088f90\" data-id=\"d088f90\" data-element_type=\"column\">\n\t\t\t<div class=\"elementor-widget-wrap elementor-element-populated\">\n\t\t\t\t\t\t\t\t<div class=\"elementor-element elementor-element-5fba571 elementor-widget elementor-widget-image\" data-id=\"5fba571\" data-element_type=\"widget\" data-widget_type=\"image.default\">\n\t\t\t\t<div class=\"elementor-widget-container\">\n\t\t\t\t\t\t\t\t\t\t\t\t\t\t\t<img decoding=\"async\" src=\"https:\/\/hottopcasino.com\/wp-content\/uploads\/2023\/08\/Power-of-Gods.png\" title=\"Power of Gods\" alt=\"Power of Gods\" loading=\"lazy\" \/>\t\t\t\t\t\t\t\t\t\t\t\t\t\t\t<\/div>\n\t\t\t\t<\/div>\n\t\t\t\t<div class=\"elementor-element elementor-element-29a81fa elementor-widget elementor-widget-heading\" data-id=\"29a81fa\" data-element_type=\"widget\" data-widget_type=\"heading.default\">\n\t\t\t\t<div class=\"elementor-widget-container\">\n\t\t\t<h2 class=\"elementor-heading-title elementor-size-default\">Power of Gods<\/h2>\t\t<\/div>\n\t\t\t\t<\/div>\n\t\t\t\t<div class=\"elementor-element elementor-element-f83759c elementor-align-center good elementor-widget elementor-widget-button\" data-id=\"f83759c\" data-element_type=\"widget\" data-widget_type=\"button.default\">\n\t\t\t\t<div class=\"elementor-widget-container\">\n\t\t\t\t\t<div class=\"elementor-button-wrapper\">\n\t\t\t<a href=\"https:\/\/hottopcasino.com\/news\/embark-on-an-epi\u2026s-slot-by-wazdan\/\" class=\"elementor-button-link elementor-button elementor-size-sm\" role=\"button\">\n\t\t\t\t\t\t<span class=\"elementor-button-content-wrapper\">\n\t\t\t\t\t\t<span class=\"elementor-button-text\">Freispiele<\/span>\n\t\t<\/span>\n\t\t\t\t\t<\/a>\n\t\t<\/div>\n\t\t\t\t<\/div>\n\t\t\t\t<\/div>\n\t\t\t\t\t<\/div>\n\t\t<\/div>\n\t\t\t\t\t\t\t<\/div>\n\t\t<\/section>\n\t\t\t\t<section class=\"elementor-section elementor-top-section elementor-element elementor-element-732edbf elementor-section-boxed elementor-section-height-default elementor-section-height-default\" data-id=\"732edbf\" data-element_type=\"section\">\n\t\t\t\t\t\t<div class=\"elementor-container elementor-column-gap-default\">\n\t\t\t\t\t<div class=\"elementor-column elementor-col-100 elementor-top-column elementor-element elementor-element-76b5bc25\" data-id=\"76b5bc25\" data-element_type=\"column\">\n\t\t\t<div class=\"elementor-widget-wrap elementor-element-populated\">\n\t\t\t\t\t\t\t\t<div class=\"elementor-element elementor-element-6ee1d29a elementor-widget elementor-widget-text-editor\" data-id=\"6ee1d29a\" data-element_type=\"widget\" data-widget_type=\"text-editor.default\">\n\t\t\t\t<div class=\"elementor-widget-container\">\n\t\t\t<style>\/*! elementor - v3.10.1 - 17-01-2023 *\/\n.elementor-widget-text-editor.elementor-drop-cap-view-stacked .elementor-drop-cap{background-color:#818a91;color:#fff}.elementor-widget-text-editor.elementor-drop-cap-view-framed .elementor-drop-cap{color:#818a91;border:3px solid;background-color:transparent}.elementor-widget-text-editor:not(.elementor-drop-cap-view-default) .elementor-drop-cap{margin-top:8px}.elementor-widget-text-editor:not(.elementor-drop-cap-view-default) .elementor-drop-cap-letter{width:1em;height:1em}.elementor-widget-text-editor .elementor-drop-cap{float:left;text-align:center;line-height:1;font-size:50px}.elementor-widget-text-editor .elementor-drop-cap-letter{display:inline-block}<\/style>\t\t\t\t<h2><strong>Spielen Sie kostenlose Pokies \u2013 die besten australischen kostenlosen Pokerautomaten im Jahr 2020<\/strong><\/h2>\nJetzt ist es an der Zeit, die au\u00dfergew\u00f6hnliche Welt der Online-Spielautomaten kennenzulernen. Sie haben die unglaubliche M\u00f6glichkeit, es v\u00f6llig kostenlos auszuprobieren, sodass Sie keinerlei Risiko eingehen. Sie k\u00f6nnen jedes Spiel der besten App-Designer und Casinos genie\u00dfen und spielen, ohne Ihr Geld ausgeben zu m\u00fcssen. Es gibt absolut keine Risiken, nur jede Menge Belohnungen und unendlich viel Spa\u00df.\n\n<hr \/>\n\n<h2><strong>Jetzt ist die beste Zeit, Pokies zu spielen<\/strong><\/h2>\nWenn Sie noch nie zuvor ein Online-Casino ausprobiert haben, ist jetzt der beste Zeitpunkt daf\u00fcr. Es erwartet Sie eine unglaubliche Atmosph\u00e4re voller Emotionen, Belohnungen und jeder Menge Spa\u00df. Jetzt ist es an der Zeit, einzusteigen und zu spielen.<em> \u00a0<\/em>Dieses Spiel ist absolut kostenlos, aber Sie erleben trotzdem alle Emotionen und den Adrenalinsto\u00df, den Sie von einem echten Casino erwarten w\u00fcrden. Dar\u00fcber hinaus k\u00f6nnen Sie die Spielautomaten ausw\u00e4hlen, die Ihren Vorlieben besser entsprechen. Es gibt viele Optionen.\n\nSie finden nur die besten und unterhaltsamsten Spiele der Macher RTG, wie Rival Gaming, PlaynGo, Betsoft und viele andere unglaubliche Titel. Starten Sie Ihr Steppspiel und sehen Sie, wie viel Spannung und Geld das bringen kann. Es gibt eine umfangreiche Bibliothek mit Steppspielen und allen Arten von Unterhaltungsm\u00f6glichkeiten, sodass Sie diejenigen ausw\u00e4hlen k\u00f6nnen, die Ihnen am besten gefallen. Selbst wenn Sie noch nie zuvor gespielt haben, k\u00f6nnen Sie etwas finden, das Ihrem taktischen Niveau entspricht, und anfangen zu gewinnen.\n\nDie meisten virtuellen Casino-Optionen bieten kostenlose Optionen an, damit Sie die Spiele ausprobieren k\u00f6nnen. Deshalb k\u00f6nnen Sie jedes der Spiele herunterladen und ohne Risiko, aber mit vielen Belohnungen, mit dem Spielen beginnen.\n\nH\u00f6ren Sie auf, sich zu wundern und an sich selbst zu zweifeln. Laden Sie einfach einen der Titel herunter; Sie werden sich sofort darin verlieben. Stellen Sie sich vor, Sie erleben den ganzen Trubel und die herzzerrei\u00dfende Aufregung, die Sie im Casino erleben, aber ohne Ihr Geld zu riskieren. Dar\u00fcber hinaus erhalten Sie das alles von \u00fcberall, da Sie das Spiel \u00fcberallhin mitnehmen k\u00f6nnen. Das ist eine unglaubliche Chance, also nutzen Sie sie besser.\n\n<hr \/>\n\n<h2><strong>Die besten Gr\u00fcnde, warum Sie kostenlose Spielautomaten spielen sollten<\/strong><\/h2>\nDies ist der beste Ort, um Pokies auszuprobieren, und es gibt keinen besseren Zeitpunkt als jetzt. Hier k\u00f6nnen Sie die unglaublich attraktive und unterhaltsame Welt der Spielautomaten erleben, ohne Ihren Stuhl verlassen zu m\u00fcssen. Sie k\u00f6nnen an allen Abenteuern teilnehmen, die diese Website f\u00fcr Sie bereith\u00e4lt, und die Spannung und Aufregung sp\u00fcren, nach der Sie sich sehnen. Es gibt nicht viele Erlebnisse, die so spannend und unterhaltsam sind wie das Spielen von Pokies hier. Es ist an der Zeit, betreten Sie die Website und entdecken Sie diese wunderbare Ecke des Internets, in der Sie atemberaubende Spannung und jede Menge Adrenalin ohne Risiko erleben k\u00f6nnen.\n\n<hr \/>\n\n<h2>Beginnen Sie, Roulette zu spielen, ohne dass eine Einzahlung erforderlich ist! Holen Sie sich Ihre Freispiele als Bonus<\/h2>\nDieses Casino bietet Ihnen die unglaubliche M\u00f6glichkeit zu spielen, ohne einen Cent auszugeben. Sie k\u00f6nnen einen Bonus erhalten, ohne eine Einzahlung zu t\u00e4tigen, und alle tollen Spiele dieses Casinos ohne Risiko ausprobieren.\n\nDie Funktionsweise besteht darin, dass Sie einfach das Spiel betreten und eine der Optionen f\u00fcr kostenlose Spiele ausw\u00e4hlen:\n<ul>\n  <li>Bonus durch Drehungen<\/li>\n  <li>Freispiele<\/li>\n  <li>Ein anf\u00e4nglicher Bonus, der Ihnen den Einstieg erleichtert<\/li>\n<\/ul>\nDer \u201eBonus durch Spins\u201c ist eine der unterhaltsamen Optionen. Dadurch erhalten Sie f\u00fcr jedes Spiel eine bestimmte Anzahl an Wetten. Freispiele erm\u00f6glichen es Ihnen, wie der Name schon sagt, ein paar Runden zu spielen, ohne Ihr Geld aufs Spiel zu setzen, aber mit der Chance, echte Preise zu gewinnen. Schlie\u00dflich erhalten Sie durch die Starterboni einen vorher festgelegten Betrag, damit Sie die verschiedenen Spiele genie\u00dfen und gewinnen k\u00f6nnen.\n\nIn jedem dieser F\u00e4lle erhalten Sie Geld, um v\u00f6llig kostenlos zu spielen. Das Beste daran ist, dass Sie bei diesen Spielen echtes Geld gewinnen k\u00f6nnen, sodass eine Win-Win-Situation entsteht. Dies ist eine einzigartige Gelegenheit, in diese aufregende Welt einzutauchen und die Spiele zu genie\u00dfen.\n\n<hr \/>\n\n<h2><strong>Genie\u00dfen Sie Spielautomaten v\u00f6llig kostenlos in den besten australischen Casinos<\/strong><\/h2>\nUnten finden Sie eine Liste mit den besten Online-Casinos, in denen Sie v\u00f6llig kostenlos Poki spielen k\u00f6nnen.\n\n<hr \/>\n\n<h2><strong>Sie k\u00f6nnen jetzt Pokies spielen, ohne Ihr Geld ausgeben zu m\u00fcssen<\/strong><\/h2>\nDas Spielen von Pokies ist eine hervorragende Gelegenheit, sich mit den verschiedenen angebotenen Spielen vertraut zu machen, die alle unglaublich unterhaltsam und profitabel sind. Dies ist eine einzigartige Gelegenheit, sich auf die n\u00e4chste Stufe der Casinospiele vorzubereiten, bei der Ihr Geld aufs Spiel gesetzt wird. Nat\u00fcrlich kann es kostspielig sein, mit echtem Geld zu spielen, aber keine Angst, Sie haben jede Menge Zeit, um zu lernen und ein Profi zu werden, also gelangen Sie direkt zur Gewinnerjury.\n\nEs gibt keine Lernkurve, Sie k\u00f6nnen vor dem Spielen \u00fcben und dabei trotzdem echtes Geld verdienen. Wenn Sie schlie\u00dflich bereit sind, sich an die Spitze der Spieler zu setzen, k\u00f6nnen Sie mit dem Einsatz Ihres eigenen Geldes beginnen und jede Menge Gewinn erzielen. Daf\u00fcr k\u00f6nnen Sie mit echtem Geld in die gro\u00dfen Ligen wechseln, die auf der Website https:\/\/hottopcasino.com beschrieben sind\n<h2>Jetzt kostenlos australische Spielautomaten spielen<\/h2>\n<h2><img decoding=\"async\" class=\"img-responsive pull-left\" style=\"font-size: 16px;\" src=\"\/wp-content\/uploads\/2020\/01\/free-delivery.png\" alt=\"Kostenlose Lieferung\" \/><\/h2>\n<div class=\"free-pokies-single-block\">\n<div class=\"free-pokies-single-block-row clearfix\">\n<div class=\"free-pokies-single-block-text pull-right\">\n<h2>Spielen Sie kostenlose Spielautomaten direkt auf dieser Seite<\/h2>\nDer erste und einfachste Weg, dies zu tun, besteht darin, auf einen der hier auf dieser Seite aufgef\u00fchrten kostenlosen Spielautomaten zu klicken. Wenn Sie neu in Online-Casinos sind und ein paar Spiele erleben m\u00f6chten, ohne zum Geldbeutel zu greifen, ist dies eine schnelle und bequeme M\u00f6glichkeit, dies zu tun.\n\n<\/div>\n<\/div>\n<div class=\"free-pokies-single-block-row clearfix\">\n<div class=\"free-pokies-single-block-icon pull-left\"><img decoding=\"async\" class=\"img-responsive pull-left\" src=\"\/wp-content\/uploads\/2020\/01\/money.png\" alt =\"Geld\" \/><\/div>\n<div class=\"free-pokies-single-block-text pull-right\">\n<h2>Kostenlose Spielautomaten in den besten australischen Casinos<\/h2>\nDie zweite M\u00f6glichkeit, kostenlose Casino-Pokies\/Slots oder andere Spiele online kostenlos zu spielen, besteht darin, die besten Casinos f\u00fcr Pokies auf dieser Seite zu besuchen und deren Demospiele vor Ort auszuw\u00e4hlen.\n\n<\/div>\n<\/div>\n<div class=\"free-pokies-single-block-row clearfix\">\n<div class=\"free-pokies-single-block-icon pull-left\"><img decoding=\"async\" class=\"img-responsive pull-left\" src=\"\/wp-content\/uploads\/2020\/01\/australia.png\" alt =\"Australien\" \/><\/div>\n<div class=\"free-pokies-single-block-text pull-right\">\n<h2>Boni ohne Einzahlung oder Freispiele<\/h2>\nDie dritte M\u00f6glichkeit besteht darin, die Boni ohne Einzahlung oder Freispiele eines Casinos zu nutzen. Der Vorteil dabei ist, dass sie kostenlos sind und Sie an Spielautomaten mit echtem Geld spielen und sogar einen Teil Ihrer Gewinne behalten k\u00f6nnen.\n\n<\/div>\n<\/div>\n<\/div>\n\n<hr \/>\n\n<h2>TOP-Casinos f\u00fcr kostenlose Spielautomaten in Australien<\/h2>\n<div class=\"table-responsive\">\n<table class=\"table static-table\">\n<tbody>\n<tr>\n<th>Kasino<\/th>\n<th>Nein. von kostenlosen Spielen<\/th>\n<th>5 besten kostenlosen Spielautomaten<\/th>\n<th>Casino-Registrierung erforderlich?<\/th>\n<\/tr>\n<tr>\n<td>SomeCasinoHereIs Displayed<\/td>\n<td>400+<\/td>\n<td>1. #<\/td>\n<td><span class=\"no\">NEIN<\/span><\/td>\n<\/tr>\n<tr>\n<td><\/td>\n<td><\/td>\n<td><\/td>\n<td><\/td>\n<\/tr>\n<tr>\n<td><\/td>\n<td><\/td>\n<td><\/td>\n<td><\/td>\n<\/tr>\n<tr>\n<td><\/td>\n<td><\/td>\n<td><\/td>\n<td><\/td>\n<\/tr>\n<tr>\n<td><\/td>\n<td><\/td>\n<td><\/td>\n<td><\/td>\n<\/tr>\n<tr>\n<td><\/td>\n<td><\/td>\n<td><\/td>\n<td><\/td>\n<\/tr>\n<\/tbody>\n<\/table>\n<h2><strong>Sie k\u00f6nnen jetzt Pokies spielen, ohne Ihr Geld ausgeben zu m\u00fcssen<\/strong><\/h2>\nDas Spielen von Pokies ist eine hervorragende Gelegenheit, sich mit den verschiedenen angebotenen Spielen vertraut zu machen, die alle unglaublich unterhaltsam und profitabel sind. Dies ist eine einzigartige Gelegenheit, sich auf die n\u00e4chste Stufe der Casinospiele vorzubereiten, bei der Ihr Geld aufs Spiel gesetzt wird. Nat\u00fcrlich kann es kostspielig sein, mit echtem Geld zu spielen, aber keine Angst, Sie haben jede Menge Zeit, um zu lernen und ein Profi zu werden, also gelangen Sie direkt zur Gewinnerjury.\n\nEs gibt keine Lernkurve, Sie k\u00f6nnen vor dem Spielen \u00fcben und dabei trotzdem echtes Geld verdienen. Wenn Sie schlie\u00dflich bereit sind, sich an die Spitze der Spieler zu setzen, k\u00f6nnen Sie mit dem Einsatz Ihres eigenen Geldes beginnen und jede Menge Gewinn erzielen. Daf\u00fcr k\u00f6nnen Sie mit echtem Geld in die gro\u00dfen Ligen wechseln, die auf der Website https:\/\/hottopcasino.com beschrieben sind\n\n<\/div>\n\n<hr \/>\n\n<h2>FAQ zu Spielautomaten<\/h2>\n<div class=\"faq\">\n                    <div class=\"faq-row\">\n                        <div class=\"faq-row-title clicked-faq-row-title\">Can I play online pokies in Australia?<\/div>\n                        <div class=\"faq-text\" style=\"display:block;\">Yes, you can play online pokies in Australia. You can either do this for free, by claiming a no deposit bonus, or by making a deposit at an online casino that accepts Australian players.<\/div>\n                    <\/div>\n                <\/div>\t\t\t\t\t\t<\/div>\n\t\t\t\t<\/div>\n\t\t\t\t\t<\/div>\n\t\t<\/div>\n\t\t\t\t\t\t\t<\/div>\n\t\t<\/section>\n\t\t\t\t\t\t\t<\/div>\n\t\t","protected":false},"excerpt":{"rendered":"<p>Book of Dead\u200b Freispiele Sweet Bonanza\u200b Freispiele Power of Gods Freispiele Spielen Sie kostenlose Pokies \u2013 die besten australischen kostenlosen Pokerautomaten im Jahr 2020 Jetzt ist es an der Zeit, die au\u00dfergew\u00f6hnliche Welt der Online-Spielautomaten kennenzulernen. Sie haben die unglaubliche M\u00f6glichkeit, es v\u00f6llig kostenlos auszuprobieren, sodass Sie keinerlei Risiko eingehen. Sie k\u00f6nnen jedes Spiel der [&hellip;]<\/p>\n","protected":false},"author":1,"featured_media":0,"parent":0,"menu_order":6,"comment_status":"open","ping_status":"closed","template":"","meta":{"om_disable_all_campaigns":false,"_monsterinsights_skip_tracking":false,"_monsterinsights_sitenote_active":false,"_monsterinsights_sitenote_note":"","_monsterinsights_sitenote_category":0,"footnotes":""},"acf":[],"aioseo_notices":[],"_links":{"self":[{"href":"https:\/\/hottopcasino.com\/de\/wp-json\/wp\/v2\/pages\/11146"}],"collection":[{"href":"https:\/\/hottopcasino.com\/de\/wp-json\/wp\/v2\/pages"}],"about":[{"href":"https:\/\/hottopcasino.com\/de\/wp-json\/wp\/v2\/types\/page"}],"author":[{"embeddable":true,"href":"https:\/\/hottopcasino.com\/de\/wp-json\/wp\/v2\/users\/1"}],"replies":[{"embeddable":true,"href":"https:\/\/hottopcasino.com\/de\/wp-json\/wp\/v2\/comments?post=11146"}],"version-history":[{"count":5,"href":"https:\/\/hottopcasino.com\/de\/wp-json\/wp\/v2\/pages\/11146\/revisions"}],"predecessor-version":[{"id":11151,"href":"https:\/\/hottopcasino.com\/de\/wp-json\/wp\/v2\/pages\/11146\/revisions\/11151"}],"wp:attachment":[{"href":"https:\/\/hottopcasino.com\/de\/wp-json\/wp\/v2\/media?parent=11146"}],"curies":[{"name":"wp","href":"https:\/\/api.w.org\/{rel}","templated":true}]}}