	{"id":11174,"date":"2020-01-13T20:07:49","date_gmt":"2020-01-13T09:07:49","guid":{"rendered":"https:\/\/hottopcasino.com\/australian-dollar-online\/"},"modified":"2023-12-26T23:51:33","modified_gmt":"2023-12-26T12:51:33","slug":"australian-dollar-online","status":"publish","type":"page","link":"https:\/\/hottopcasino.com\/de\/australian-dollar-online\/","title":{"rendered":"Australischer Dollar online"},"content":{"rendered":"<p><img decoding=\"async\" loading=\"lazy\" width=\"982\" height=\"188\" class=\"alignnone size-full wp-image-706\" src=\"https:\/\/hottopcasino.com\/wp-content\/uploads\/2020\/05\/HotTop-BS-banner-982_188.jpg\" alt=\"BitStars_Hottopcasino \" srcset=\"https:\/\/hottopcasino.com\/wp-content\/uploads\/2020\/05\/HotTop-BS-banner-982_188.jpg 982w, https:\/\/hottopcasino.com\/wp-content\/uploads\/2020\/05\/HotTop-BS-banner-982_188-300x57.jpg 300w, https:\/\/hottopcasino.com\/wp-content\/uploads\/2020\/05\/HotTop-BS-banner-982_188-768x147.jpg 768w, https:\/\/hottopcasino.com\/wp-content\/uploads\/2020\/05\/HotTop-BS-banner-982_188-60x11.jpg 60w, https:\/\/hottopcasino.com\/wp-content\/uploads\/2020\/05\/HotTop-BS-banner-982_188-40x8.jpg 40w, https:\/\/hottopcasino.com\/wp-content\/uploads\/2020\/05\/HotTop-BS-banner-982_188-65x12.jpg 65w\" sizes=\"(max-width: 982px) 100vw, 982px\" \/><\/p>\n<h2><strong>Australischer Dollar: Der <\/strong><strong>Australische Dollar im Gl\u00fccksspiel<\/strong><\/h2>\n<p>Der Australische Dollar (Zeichen: $; Code: AUD) ist die offizielle W\u00e4hrung der Australischen Union und umfasst die Gebiete des Pazifiks: Weihnachtsinseln, Kokosinseln und Norfolkinseln, Kiribati, Nauru und Tuvalu. Partitionen in hundert Cent. Im Allgemeinen wird es mit einem Dollar ($) abgek\u00fcrzt, es gibt jedoch verschiedene Zuordnungsvarianten: A$, $A, AU$ und $AU.<\/p>\n<p>Der AUD ist die am sechsth\u00e4ufigsten gehandelte W\u00e4hrung der Welt (nach dem US-Dollar, dem Euro, dem japanischen Yen, dem Pfund Sterling und dem Schweizer Franken). Die W\u00e4hrung macht fast 5 Prozent aller Bargeldumtausche auf dem Planeten aus.<\/p>\n<p>Die Verbreitung von AUD unter Bargeldh\u00e4ndlern ist auf die hohen Kreditkosten in Australien, die relative Freiheit des Marktes gegen\u00fcber gesetzgeberischen Auswirkungen und Vermittlung sowie auf Australiens weitgehend stabile Wirtschaft und politisches System zur\u00fcckzuf\u00fchren.<\/p>\n<h2><img decoding=\"async\" loading=\"lazy\" width=\"925\" height=\"210\" class=\"alignnone wp-image-890 size-full\" src=\"https:\/\/hottopcasino.com\/wp-content\/uploads\/2020\/10\/AUD_900-210.jpg\" alt=\"\" srcset=\"https:\/\/hottopcasino.com\/wp-content\/uploads\/2020\/10\/AUD_900-210.jpg 925w, https:\/\/hottopcasino.com\/wp-content\/uploads\/2020\/10\/AUD_900-210-300x68.jpg 300w, https:\/\/hottopcasino.com\/wp-content\/uploads\/2020\/10\/AUD_900-210-768x174.jpg 768w, https:\/\/hottopcasino.com\/wp-content\/uploads\/2020\/10\/AUD_900-210-60x14.jpg 60w, https:\/\/hottopcasino.com\/wp-content\/uploads\/2020\/10\/AUD_900-210-40x9.jpg 40w, https:\/\/hottopcasino.com\/wp-content\/uploads\/2020\/10\/AUD_900-210-65x15.jpg 65w\" sizes=\"(max-width: 925px) 100vw, 925px\" \/><\/h2>\n<h2><strong>Wetten mit AUD: Ist es vorteilhaft?<\/strong><\/h2>\n<p>Es kann alles andere als schwierig sein, den gro\u00dfen globalen Gl\u00fccksspiel-Websites zu erliegen, die nur USD oder EUR akzeptieren. Sie sind in Betrieb, bieten viele Spielautomaten, Tischspiele und andere Spiele an und genie\u00dfen in der Gl\u00fccksspielbranche gro\u00dfe Anerkennung. In jedem Fall kann es eine ziemlich gewinnbringende Entscheidung sein, sich ein wenig M\u00fche zu geben, um nach einer anst\u00e4ndigen AUD-Website zu suchen.<\/p>\n<p>Erstens kosten Sie auf australischen Dollar-Wettwebsites auf jeden Fall viel weniger Geld, wenn Sie von Australien aus spielen. Wenn Sie ein normaler Spieler auf einer Website sind, die nur USD oder EUR akzeptiert, sollten Sie sich dar\u00fcber im Klaren sein, wie viel Geld Ihnen das an Geb\u00fchren aus der Tasche zieht. Da Sie keine Einzahlungen in AUD t\u00e4tigen k\u00f6nnen, m\u00fcssen Sie W\u00e4hrungen umtauschen. Ihr \u00fcblicher Wechselkurs f\u00fcr einen einzelnen Wechseldienst liegt bei etwa 3-4 %. Es f\u00fchlt sich vielleicht nicht so hoch an, aber warten Sie. Addieren Sie die regul\u00e4ren Umtauschgeb\u00fchren, die Sie bezahlen, solange Sie Spa\u00df am Spiel haben, und z\u00e4hlen Sie diese beiden zusammen. Falls Sie auf einer AUD-Online-Casino-Website spielen, wird Sie dieses Problem nie st\u00f6ren.<\/p>\n<p>An diesem Punkt wissen Sie, wie viel Sie setzen, falls Sie auf einer Website spielen, die Ihre W\u00e4hrung nicht unterst\u00fctzt. Nat\u00fcrlich werden Sie feststellen, dass eine Dollar-Wette etwas mehr als 1,40 AUD entspricht, aber die genauen Kosten jeder Wette und Ihre AUD-Aufzeichnungen k\u00f6nnen im Handumdrehen schwer zu berechnen sein. Es ist nur ein kleines Problem, aber es st\u00f6rt viele Australier st\u00e4ndig. Die Notwendigkeit, Bargeld immer wieder zu z\u00e4hlen und neu zu berechnen, entf\u00e4llt, da die Website australische Gelder direkt akzeptiert.<\/p>\n<p>Dar\u00fcber hinaus haben Sie die M\u00f6glichkeit, einige Zahlungsoptionen zu nutzen, die nur in AUD verf\u00fcgbar sind. Neosurf geh\u00f6rt zu denen, die Sie auf keinen Fall verpassen sollten. Sie k\u00f6nnen es ausschlie\u00dflich in AUD erhalten, und die meisten Websites, die es anerkennen und akzeptieren, erwarten, dass Sie auch in AUD bezahlen. Falls Sie damit zu k\u00e4mpfen haben, gehen Sie zur Liste der australischen Online-Casinos, w\u00e4hlen Sie das aus, das Ihnen gef\u00e4llt, und seien Sie sich dar\u00fcber im Klaren, dass Sie wahrscheinlich die M\u00f6glichkeit haben werden, damit zu bezahlen.<\/p>\n<p>Wenn Sie schlie\u00dflich nach einer Online-Casino-Website suchen, die AUD erkennt, suchen Sie nicht ausdr\u00fccklich nach einer australischen Website. Viele Gl\u00fccksspiel-Websites auf der ganzen Welt akzeptieren \u00dcberweisungen und Einzahlungen in AUD. Dies bedeutet, dass Sie auf der weltber\u00fchmten Website auf alle Dinge zugreifen k\u00f6nnen, die Sie lieben, ohne zus\u00e4tzliche Wechselkursgeb\u00fchren zu zahlen.<\/p>\n<p>Casinoseiten, die Bargeld in AUD akzeptieren, haben viele g\u00fcnstige Umst\u00e4nde, aber die M\u00e4ngel sind fast unwirklich, es gibt sie einfach nicht. In einigen internationalen Casinos haben Sie m\u00f6glicherweise nicht die M\u00f6glichkeit, mit australischen Dollar zu spielen. Dies ist jedoch kein Problem, da Sie mit AUD die M\u00f6glichkeit haben, alle tollen Slots zu spielen.<\/p>\n","protected":false},"excerpt":{"rendered":"<p>Australischer Dollar: Der Australische Dollar im Gl\u00fccksspiel Der Australische Dollar (Zeichen: $; Code: AUD) ist die offizielle W\u00e4hrung der Australischen Union und umfasst die Gebiete des Pazifiks: Weihnachtsinseln, Kokosinseln und Norfolkinseln, Kiribati, Nauru und Tuvalu. Partitionen in hundert Cent. Im Allgemeinen wird es mit einem Dollar ($) abgek\u00fcrzt, es gibt jedoch verschiedene Zuordnungsvarianten: A$, $A, [&hellip;]<\/p>\n","protected":false},"author":1,"featured_media":0,"parent":0,"menu_order":9,"comment_status":"open","ping_status":"closed","template":"","meta":{"om_disable_all_campaigns":false,"_monsterinsights_skip_tracking":false,"_monsterinsights_sitenote_active":false,"_monsterinsights_sitenote_note":"","_monsterinsights_sitenote_category":0,"footnotes":""},"acf":[],"aioseo_notices":[],"_links":{"self":[{"href":"https:\/\/hottopcasino.com\/de\/wp-json\/wp\/v2\/pages\/11174"}],"collection":[{"href":"https:\/\/hottopcasino.com\/de\/wp-json\/wp\/v2\/pages"}],"about":[{"href":"https:\/\/hottopcasino.com\/de\/wp-json\/wp\/v2\/types\/page"}],"author":[{"embeddable":true,"href":"https:\/\/hottopcasino.com\/de\/wp-json\/wp\/v2\/users\/1"}],"replies":[{"embeddable":true,"href":"https:\/\/hottopcasino.com\/de\/wp-json\/wp\/v2\/comments?post=11174"}],"version-history":[{"count":1,"href":"https:\/\/hottopcasino.com\/de\/wp-json\/wp\/v2\/pages\/11174\/revisions"}],"predecessor-version":[{"id":11175,"href":"https:\/\/hottopcasino.com\/de\/wp-json\/wp\/v2\/pages\/11174\/revisions\/11175"}],"wp:attachment":[{"href":"https:\/\/hottopcasino.com\/de\/wp-json\/wp\/v2\/media?parent=11174"}],"curies":[{"name":"wp","href":"https:\/\/api.w.org\/{rel}","templated":true}]}}