	{"id":11211,"date":"2023-08-28T22:29:17","date_gmt":"2023-08-28T11:29:17","guid":{"rendered":"https:\/\/hottopcasino.com\/experience-the-future-of-gambling-at-bitcoin-casinos\/"},"modified":"2024-09-25T00:01:22","modified_gmt":"2024-09-24T13:01:22","slug":"experience-the-future-of-gambling-at-bitcoin-casinos","status":"publish","type":"page","link":"https:\/\/hottopcasino.com\/de\/experience-the-future-of-gambling-at-bitcoin-casinos\/","title":{"rendered":"Experimente o futuro dos jogos de azar em cassinos Bitcoin"},"content":{"rendered":"<p>Bitcoin-Casinos haben die Welt des Online-Gl\u00fccksspiels revolutioniert und bieten Spielern ein neues Ma\u00df an Sicherheit, Anonymit\u00e4t und Komfort. Als beliebteste Kryptow\u00e4hrung hat Bitcoin in der Online-Casino-Branche stark an Bedeutung gewonnen und bietet Spielern ein nahtloses und hochmodernes Spielerlebnis.<\/p>\n<h2><strong>Warum ein Bitcoin-Casino w\u00e4hlen?<\/strong><\/h2>\n<ol>\n<li><strong>Sicherheit und Anonymit\u00e4t:<\/strong> Bitcoin-Transaktionen sind \u00e4u\u00dferst sicher und anonym, sodass Ihre pers\u00f6nlichen und finanziellen Daten vertraulich bleiben. Da Sie keine sensiblen Daten angeben m\u00fcssen, k\u00f6nnen Sie beruhigt Ihre Lieblings-Casinospiele spielen.<\/li>\n<li><strong>Schnelle und globale Transaktionen:<\/strong> Bitcoin-Transaktionen werden schnell verarbeitet und erm\u00f6glichen sofortige Ein- und Auszahlungen. Da Bitcoin au\u00dferdem auf globaler Ebene operiert, k\u00f6nnen Sie nahtlose Transaktionen genie\u00dfen, ohne sich Gedanken \u00fcber W\u00e4hrungsumrechnungen oder internationale Geb\u00fchren machen zu m\u00fcssen.<\/li>\n<li><strong>Beweisbar faires Spielen:<\/strong> Viele Bitcoin-Casinos nutzen nachweislich faire Technologie, um sicherzustellen, dass die Ergebnisse der Spiele wirklich zuf\u00e4llig und nicht manipuliert sind. Diese Transparenz st\u00e4rkt das Vertrauen der Spieler in die Fairness der Spiele.<\/li>\n<li><strong>Lukrative Boni:<\/strong> Bitcoin-Casinos bieten h\u00e4ufig exklusive Boni und Werbeaktionen f\u00fcr Spieler an, die die Kryptow\u00e4hrung verwenden. Diese Boni k\u00f6nnen Einzahlungsspiele, Freispiele und mehr umfassen und so einen zus\u00e4tzlichen Mehrwert f\u00fcr Ihr Spielerlebnis bieten.<\/li>\n<li><strong>Flexibilit\u00e4t und Zug\u00e4nglichkeit:<\/strong> Bitcoin-Casinos sind von \u00fcberall auf der Welt aus zug\u00e4nglich, sodass Spieler ihre Lieblingsspiele ohne geografische Einschr\u00e4nkungen genie\u00dfen k\u00f6nnen. Dar\u00fcber hinaus bieten viele Bitcoin-Casinos mobile Kompatibilit\u00e4t, sodass Sie auch unterwegs spielen k\u00f6nnen.<\/li>\n<li><strong>Zukunftssichere Technologie:<\/strong> Die Einf\u00fchrung der Bitcoin- und Blockchain-Technologie zeigt unser Engagement f\u00fcr die Zukunft des Online-Gamings. Da Kryptow\u00e4hrungen immer beliebter werden, stehen Bitcoin-Casinos an der Spitze dieses innovativen Trends.<\/li>\n<\/ol>\n<h2><strong>Erste Schritte<\/strong><\/h2>\n<p>Der Einstieg in ein Bitcoin-Casino ist einfach. Sie ben\u00f6tigen lediglich ein Bitcoin-Wallet, um Ihre Kryptow\u00e4hrung sicher aufzubewahren. Sobald Sie \u00fcber Bitcoin verf\u00fcgen, k\u00f6nnen Sie ein seri\u00f6ses Bitcoin-Casino ausw\u00e4hlen, ein Konto erstellen und eine Einzahlung t\u00e4tigen, um mit dem Spielen zu beginnen. Der Prozess ist rationalisiert und die Vorteile sind zahlreich.<\/p>\n<h2><strong>Treten Sie der Bitcoin-Casino-Revolution bei<\/strong><\/h2>\n<p>Sind Sie bereit, in die Welt des Gl\u00fccksspiels der n\u00e4chsten Generation einzutauchen? Bitcoin-Casinos bieten ein einzigartiges und aufregendes Erlebnis, das modernste Technologie mit traditioneller Casino-Unterhaltung verbindet. Entdecken Sie die gro\u00dfe Auswahl an Spielen, genie\u00dfen Sie exklusive Boni und genie\u00dfen Sie die Sicherheit und den Komfort, die nur Bitcoin-Casinos bieten k\u00f6nnen. Schlie\u00dfen Sie sich der Revolution an und erleben Sie noch heute die Zukunft des Online-Gamings!<\/p>\n","protected":false},"excerpt":{"rendered":"<p>Bitcoin-Casinos haben die Welt des Online-Gl\u00fccksspiels revolutioniert und bieten Spielern ein neues Ma\u00df an Sicherheit, Anonymit\u00e4t und Komfort. Als beliebteste Kryptow\u00e4hrung hat Bitcoin in der Online-Casino-Branche stark an Bedeutung gewonnen und bietet Spielern ein nahtloses und hochmodernes Spielerlebnis. Warum ein Bitcoin-Casino w\u00e4hlen? Sicherheit und Anonymit\u00e4t: Bitcoin-Transaktionen sind \u00e4u\u00dferst sicher und anonym, sodass Ihre pers\u00f6nlichen und [&hellip;]<\/p>\n","protected":false},"author":1,"featured_media":0,"parent":0,"menu_order":0,"comment_status":"closed","ping_status":"closed","template":"","meta":{"om_disable_all_campaigns":false,"_monsterinsights_skip_tracking":false,"_monsterinsights_sitenote_active":false,"_monsterinsights_sitenote_note":"","_monsterinsights_sitenote_category":0,"footnotes":""},"acf":[],"aioseo_notices":[],"_links":{"self":[{"href":"https:\/\/hottopcasino.com\/de\/wp-json\/wp\/v2\/pages\/11211"}],"collection":[{"href":"https:\/\/hottopcasino.com\/de\/wp-json\/wp\/v2\/pages"}],"about":[{"href":"https:\/\/hottopcasino.com\/de\/wp-json\/wp\/v2\/types\/page"}],"author":[{"embeddable":true,"href":"https:\/\/hottopcasino.com\/de\/wp-json\/wp\/v2\/users\/1"}],"replies":[{"embeddable":true,"href":"https:\/\/hottopcasino.com\/de\/wp-json\/wp\/v2\/comments?post=11211"}],"version-history":[{"count":2,"href":"https:\/\/hottopcasino.com\/de\/wp-json\/wp\/v2\/pages\/11211\/revisions"}],"predecessor-version":[{"id":11219,"href":"https:\/\/hottopcasino.com\/de\/wp-json\/wp\/v2\/pages\/11211\/revisions\/11219"}],"wp:attachment":[{"href":"https:\/\/hottopcasino.com\/de\/wp-json\/wp\/v2\/media?parent=11211"}],"curies":[{"name":"wp","href":"https:\/\/api.w.org\/{rel}","templated":true}]}}