	{"id":12893,"date":"2023-01-28T00:04:54","date_gmt":"2023-01-27T13:04:54","guid":{"rendered":"https:\/\/hottopcasino.com\/mastercard\/"},"modified":"2024-09-25T00:08:36","modified_gmt":"2024-09-24T13:08:36","slug":"mastercard","status":"publish","type":"page","link":"https:\/\/hottopcasino.com\/de\/mastercard\/","title":{"rendered":"MasterCard"},"content":{"rendered":"\t\t<div data-elementor-type=\"wp-page\" data-elementor-id=\"12893\" class=\"elementor elementor-12893 elementor-2341\">\n\t\t\t\t\t\t\t\t\t<section class=\"elementor-section elementor-top-section elementor-element elementor-element-68f35f0c elementor-section-boxed elementor-section-height-default elementor-section-height-default\" data-id=\"68f35f0c\" data-element_type=\"section\">\n\t\t\t\t\t\t<div class=\"elementor-container elementor-column-gap-default\">\n\t\t\t\t\t<div class=\"elementor-column elementor-col-100 elementor-top-column elementor-element elementor-element-6e3af50d\" data-id=\"6e3af50d\" data-element_type=\"column\">\n\t\t\t<div class=\"elementor-widget-wrap elementor-element-populated\">\n\t\t\t\t\t\t\t\t<div class=\"elementor-element elementor-element-78343412 elementor-widget elementor-widget-text-editor\" data-id=\"78343412\" data-element_type=\"widget\" data-widget_type=\"text-editor.default\">\n\t\t\t\t<div class=\"elementor-widget-container\">\n\t\t\t<style>\/*! elementor - v3.10.1 - 17-01-2023 *\/\n.elementor-widget-text-editor.elementor-drop-cap-view-stacked .elementor-drop-cap{background-color:#818a91;color:#fff}.elementor-widget-text-editor.elementor-drop-cap-view-framed .elementor-drop-cap{color:#818a91;border:3px solid;background-color:transparent}.elementor-widget-text-editor:not(.elementor-drop-cap-view-default) .elementor-drop-cap{margin-top:8px}.elementor-widget-text-editor:not(.elementor-drop-cap-view-default) .elementor-drop-cap-letter{width:1em;height:1em}.elementor-widget-text-editor .elementor-drop-cap{float:left;text-align:center;line-height:1;font-size:50px}.elementor-widget-text-editor .elementor-drop-cap-letter{display:inline-block}<\/style>\t\t\t\t<span style=\"color: #000000;\">MasterCard International ist das gr\u00f6\u00dfte Bankzahlungssystem, das <b>22.000<\/b> Finanzinstitute aus <b>210 L\u00e4ndern<\/b> zusammenbringt. Die Aktivit\u00e4ten des Unternehmens zielen darauf ab, Dienstleistungen f\u00fcr Einzelpersonen und juristische Personen bereitzustellen und Kartenausgabeprogramme zu verwalten, die unter den Marken MasterCard, Cirrus und Maestro ausgegeben werden.<\/span>\n<h2><strong><span style=\"color: #000000;\">MasterCard-Verlauf<\/span><\/strong><\/h2>\n<img decoding=\"async\" class=\"full size wp-image-3294 alignnone\" src=\"https:\/\/hottopcasino.com\/wp-content\/uploads\/2023\/02\/mastercard-svg.png\" alt=\"Mastercard\" width=\" 180 \" srcset=\"https:\/\/hottopcasino.com\/wp-content\/uploads\/2023\/02\/mastercard-svg.png 180w, https:\/\/hottopcasino.com\/wp-content\/uploads\/2023\/02\/mastercard-svg-150x150.png 150w, https:\/\/hottopcasino.com\/wp-content\/uploads\/2023\/02\/mastercard-svg-30x30.png 30w, https:\/\/hottopcasino.com\/wp-content\/uploads\/2023\/02\/mastercard-svg-40x40.png 40w, https:\/\/hottopcasino.com\/wp-content\/uploads\/2023\/02\/mastercard-svg-65x65.png 65w\" sizes=\"(max-width: 180px) 100vw, 180px\" \/>\n\n<span style=\"color: #000000;\">Die Geschichte dieses leistungsstarken <b>Zahlungssystems begann im Jahr 1966<\/b>. Mehrere amerikanische Banken unterzeichneten eine Vereinbarung zur Gr\u00fcndung einer leistungsstarken Interbank Card Association.<\/span><span style=\"color: #000000;\">Zwei Jahre sp\u00e4ter<\/span><span style=\"color: #000000;\" > Das Unternehmen begann eine erfolgreiche Zusammenarbeit mit dem Eurocard-System. 1979 wurde der Name MasterCard genehmigt.<\/span><span style=\"color: #000000;\">Ein Jahr sp\u00e4ter etablierte es sich fest als eine der f\u00fchrenden Positionen der Welt.<\/span>\n\n<span style=\"color: #000000;\">Im Jahr 2002 wurde das Unternehmen in eine Aktiengesellschaft umgewandelt und die Holdinggesellschaft <b>MasterCard<\/b>Incorporated wurde zu einem ernsthaften Gegner von Visa.<\/span>< span style=\"color: #000000;\">Im Jahr 2006 erfolgte ein B\u00f6rsengang an der New Yorker B\u00f6rse. Danach wurde das System schlie\u00dflich als eines der effektivsten und zuverl\u00e4ssigsten anerkannt.<\/span><span style=\"color: #000000;\">Das Unternehmen wickelt mittlerweile mehr als <b>23 Milliarden Transaktionen pro Jahr ab.<\/ b><\/span>\n<h2><strong><span style=\"color: #000000;\">MasterCard-Entwicklung<\/span><\/strong><\/h2>\n<span style=\"color: #000000;\">Das Unternehmen verbessert jedes Jahr seine Finanzergebnisse und weist ein stabiles und sicheres Wachstum auf. Ende 2011 stieg der Nettogewinn um 20,2 % und erreichte 1,7 Milliarden Dollar. Ein Jahr sp\u00e4ter erzielte das Unternehmen einen Nettogewinn von 2,4 Milliarden US-Dollar. Dieses Ergebnis liegt deutlich \u00fcber dem, das das Unternehmen im Jahr 2010 erzielte: 1,8 Milliarden Dollar<\/b>. MasterCard hat nicht nur aufgrund der intensiven Kartenausgabe und Marktentwicklung, sondern auch aufgrund der Einf\u00fchrung neuer Technologien hervorragende Ergebnisse erzielt.<\/span>\n\n<span style=\"color: #000000;\">Der Gewinn pro Aktie stieg ebenfalls deutlich auf 18,7 US-Dollar pro Aktie. Der Gesamtumsatz des Unternehmens \u00fcbersteigt den gleichen Indikator des Vorjahres um 21,2 % und erreicht 6,7 Milliarden. Angesichts der stark zunehmenden Beliebtheit des Zahlungssystems werden alle Indikatoren in den folgenden Zeitr\u00e4umen rasch ansteigen. Auch das Volumen der abgewickelten Transaktionen stieg deutlich: 18,3 %. Die Mengen stiegen in lokaler W\u00e4hrung um 16,1 %.<\/span>\n\n<span style=\"color: #000000;\">Mittlerweile macht das MasterCard-System mehr als 25 % aller Bankkarten weltweit aus. Auch viele Finanzinstitute sind daran interessiert, die Vorteile von MasterCard aktiv zu nutzen.<\/span>\n<h2><strong><span style=\"color: #000000;\">Elektronische Zahlungen<\/span><\/strong><\/h2>\n<span style=\"color: #000000;\">Alle elektronischen Zahlungssysteme erweitern die Reichweite potenzieller Kunden durch die Einf\u00fchrung neuester Technologien. MasterCard ist keine Ausnahme. Zuverl\u00e4ssigkeit und Effizienz bei der Zahlungsabwicklung haben f\u00fcr die T\u00e4tigkeit des Unternehmens Priorit\u00e4t.<\/span>\n\n<span style=\"color: #000000;\"> Die au\u00dfergew\u00f6hnliche Stabilit\u00e4t des Systems weckt bei vielen potenziellen Partnern das wohlverdiente Vertrauen. Im Jahr 2011 ist das Volumen der Online-Zahlungen mit MasterCard-Bankkarten um fast ein Viertel gestiegen.<\/span><span style=\"color: #000000;\">Dar\u00fcber hinaus ist die Zahl der Menschen, die Karten zum Online-Bezahlen nutzen, gestiegen. deutlich erh\u00f6ht.<\/span>\t\t\t\t\t\t<\/div>\n\t\t\t\t<\/div>\n\t\t\t\t<div class=\"elementor-element elementor-element-a0b6017 elementor-widget elementor-widget-accordion\" data-id=\"a0b6017\" data-element_type=\"widget\" data-widget_type=\"accordion.default\">\n\t\t\t\t<div class=\"elementor-widget-container\">\n\t\t\t<style>\/*! elementor - v3.10.1 - 17-01-2023 *\/\n.elementor-accordion{text-align:left}.elementor-accordion .elementor-accordion-item{border:1px solid #d4d4d4}.elementor-accordion .elementor-accordion-item+.elementor-accordion-item{border-top:none}.elementor-accordion .elementor-tab-title{margin:0;padding:15px 20px;font-weight:700;line-height:1;cursor:pointer;outline:none}.elementor-accordion .elementor-tab-title .elementor-accordion-icon{display:inline-block;width:1.5em}.elementor-accordion .elementor-tab-title .elementor-accordion-icon svg{width:1em;height:1em}.elementor-accordion .elementor-tab-title .elementor-accordion-icon.elementor-accordion-icon-right{float:right;text-align:right}.elementor-accordion .elementor-tab-title .elementor-accordion-icon.elementor-accordion-icon-left{float:left;text-align:left}.elementor-accordion .elementor-tab-title .elementor-accordion-icon .elementor-accordion-icon-closed{display:block}.elementor-accordion .elementor-tab-title .elementor-accordion-icon .elementor-accordion-icon-opened,.elementor-accordion .elementor-tab-title.elementor-active .elementor-accordion-icon-closed{display:none}.elementor-accordion .elementor-tab-title.elementor-active .elementor-accordion-icon-opened{display:block}.elementor-accordion .elementor-tab-content{display:none;padding:15px 20px;border-top:1px solid #d4d4d4}@media (max-width:767px){.elementor-accordion .elementor-tab-title{padding:12px 15px}.elementor-accordion .elementor-tab-title .elementor-accordion-icon{width:1.2em}.elementor-accordion .elementor-tab-content{padding:7px 15px}}.e-con-inner>.elementor-widget-accordion,.e-con>.elementor-widget-accordion{width:var(--container-widget-width);--flex-grow:var(--container-widget-flex-grow)}<\/style>\t\t<div class=\"elementor-accordion\" role=\"tablist\">\n\t\t\t\t\t\t\t<div class=\"elementor-accordion-item\">\n\t\t\t\t\t<div id=\"elementor-tab-title-1681\" class=\"elementor-tab-title\" data-tab=\"1\" role=\"tab\" aria-controls=\"elementor-tab-content-1681\" aria-expanded=\"false\">\n\t\t\t\t\t\t\t\t\t\t\t\t\t<span class=\"elementor-accordion-icon elementor-accordion-icon-left\" aria-hidden=\"true\">\n\t\t\t\t\t\t\t\t\t\t\t\t\t\t\t<span class=\"elementor-accordion-icon-closed\"><i class=\"fas fa-plus\"><\/i><\/span>\n\t\t\t\t\t\t\t\t<span class=\"elementor-accordion-icon-opened\"><i class=\"fas fa-minus\"><\/i><\/span>\n\t\t\t\t\t\t\t\t\t\t\t\t\t\t<\/span>\n\t\t\t\t\t\t\t\t\t\t\t\t<a class=\"elementor-accordion-title\" href=\"\">Entwicklungsperspektiven des virtuellen Handelssektors<\/a>\n\t\t\t\t\t<\/div>\n\t\t\t\t\t<div id=\"elementor-tab-content-1681\" class=\"elementor-tab-content elementor-clearfix\" data-tab=\"1\" role=\"tabpanel\" aria-labelledby=\"elementor-tab-title-1681\"><p>Deshalb werden neben den eigentlichen Finanztransaktionen an Geldautomaten und Verkaufsstellen auch elektronische Zahlungen schnell eingef\u00fchrt. Heutzutage verf\u00fcgen viele Unternehmen \u00fcber Websites, die sich ausschlie\u00dflich auf den Online-Verkauf von Waren und Dienstleistungen konzentrieren. Die Eigent\u00fcmer dieser Ressourcen sch\u00e4tzten die Bequemlichkeit, Kartenzahlungen auf ihren Websites zu akzeptieren. Die Sicherheit und Bequemlichkeit des Online-Zahlungssystems f\u00f6rdern eine Vergr\u00f6\u00dferung des Publikums potenzieller Kunden. Zu den Kunden des Unternehmens z\u00e4hlen heute mehr als 200.000 Banken und unz\u00e4hlige Unternehmen auf der ganzen Welt. Der einzige ernsthafte Konkurrent von MasterCard in diesem Bereich bleibt nur Visa.<\/p><\/div>\n\t\t\t\t<\/div>\n\t\t\t\t\t\t\t<div class=\"elementor-accordion-item\">\n\t\t\t\t\t<div id=\"elementor-tab-title-1682\" class=\"elementor-tab-title\" data-tab=\"2\" role=\"tab\" aria-controls=\"elementor-tab-content-1682\" aria-expanded=\"false\">\n\t\t\t\t\t\t\t\t\t\t\t\t\t<span class=\"elementor-accordion-icon elementor-accordion-icon-left\" aria-hidden=\"true\">\n\t\t\t\t\t\t\t\t\t\t\t\t\t\t\t<span class=\"elementor-accordion-icon-closed\"><i class=\"fas fa-plus\"><\/i><\/span>\n\t\t\t\t\t\t\t\t<span class=\"elementor-accordion-icon-opened\"><i class=\"fas fa-minus\"><\/i><\/span>\n\t\t\t\t\t\t\t\t\t\t\t\t\t\t<\/span>\n\t\t\t\t\t\t\t\t\t\t\t\t<a class=\"elementor-accordion-title\" href=\"\">MasterCard entwickelt sein Leistungsangebot aktiv weiter<\/a>\n\t\t\t\t\t<\/div>\n\t\t\t\t\t<div id=\"elementor-tab-content-1682\" class=\"elementor-tab-content elementor-clearfix\" data-tab=\"2\" role=\"tabpanel\" aria-labelledby=\"elementor-tab-title-1682\"><p>In naher Zukunft verspricht die Verwaltung, das PayPass Wallet-Projekt ins Leben zu rufen. Der Outlook-Dienst soll als elektronische Geldb\u00f6rse genutzt werden. Zun\u00e4chst ist geplant, die Wirksamkeit und Benutzerfreundlichkeit dieser Ressource in nur vier L\u00e4ndern zu testen: den Vereinigten Staaten, Kanada, Australien und Gro\u00dfbritannien.<\/p><p>Dann steht den Bewohnern anderer L\u00e4nder eine elektronische Geldb\u00f6rse von MasterCard zur Verf\u00fcgung. Obwohl PayPass Wallet noch nicht verf\u00fcgbar ist, haben viele Besitzer von Internetressourcen bereits ihre Absicht angek\u00fcndigt, die Zahlung \u00fcber diese elektronische Geldb\u00f6rse mit der Website zu verbinden.<\/p><\/div>\n\t\t\t\t<\/div>\n\t\t\t\t\t\t\t<div class=\"elementor-accordion-item\">\n\t\t\t\t\t<div id=\"elementor-tab-title-1683\" class=\"elementor-tab-title\" data-tab=\"3\" role=\"tab\" aria-controls=\"elementor-tab-content-1683\" aria-expanded=\"false\">\n\t\t\t\t\t\t\t\t\t\t\t\t\t<span class=\"elementor-accordion-icon elementor-accordion-icon-left\" aria-hidden=\"true\">\n\t\t\t\t\t\t\t\t\t\t\t\t\t\t\t<span class=\"elementor-accordion-icon-closed\"><i class=\"fas fa-plus\"><\/i><\/span>\n\t\t\t\t\t\t\t\t<span class=\"elementor-accordion-icon-opened\"><i class=\"fas fa-minus\"><\/i><\/span>\n\t\t\t\t\t\t\t\t\t\t\t\t\t\t<\/span>\n\t\t\t\t\t\t\t\t\t\t\t\t<a class=\"elementor-accordion-title\" href=\"\">Online-Zahlungen Australien<\/a>\n\t\t\t\t\t<\/div>\n\t\t\t\t\t<div id=\"elementor-tab-content-1683\" class=\"elementor-tab-content elementor-clearfix\" data-tab=\"3\" role=\"tabpanel\" aria-labelledby=\"elementor-tab-title-1683\"><p>MasterCard verfolgt aufmerksam alle Trends auf dem australischen Online-Zahlungsmarkt. Experten f\u00fcr Zahlungssysteme suchen nach neuen Wegen, ihre Aktivit\u00e4ten auszuweiten und die \u00f6ffentliche Reichweite zu erh\u00f6hen. Daher ist dieses Zahlungssystem eines der beliebtesten Systeme in Australien.<\/p><\/div>\n\t\t\t\t<\/div>\n\t\t\t\t\t\t\t\t<\/div>\n\t\t\t\t<\/div>\n\t\t\t\t<\/div>\n\t\t\t\t\t<\/div>\n\t\t<\/div>\n\t\t\t\t\t\t\t<\/div>\n\t\t<\/section>\n\t\t\t\t<section class=\"elementor-section elementor-top-section elementor-element elementor-element-31ae8cc elementor-section-content-middle elementor-section-boxed elementor-section-height-default elementor-section-height-default\" data-id=\"31ae8cc\" data-element_type=\"section\">\n\t\t\t\t\t\t<div class=\"elementor-container elementor-column-gap-no\">\n\t\t\t\t\t<div class=\"elementor-column elementor-col-100 elementor-top-column elementor-element elementor-element-35950757\" data-id=\"35950757\" data-element_type=\"column\">\n\t\t\t<div class=\"elementor-widget-wrap elementor-element-populated\">\n\t\t\t\t\t\t\t\t<div class=\"elementor-element elementor-element-6b9f494 elementor-widget elementor-widget-heading\" data-id=\"6b9f494\" data-element_type=\"widget\" data-widget_type=\"heading.default\">\n\t\t\t\t<div class=\"elementor-widget-container\">\n\t\t\t<style>\/*! elementor - v3.10.1 - 17-01-2023 *\/\n.elementor-heading-title{padding:0;margin:0;line-height:1}.elementor-widget-heading .elementor-heading-title[class*=elementor-size-]>a{color:inherit;font-size:inherit;line-height:inherit}.elementor-widget-heading .elementor-heading-title.elementor-size-small{font-size:15px}.elementor-widget-heading .elementor-heading-title.elementor-size-medium{font-size:19px}.elementor-widget-heading .elementor-heading-title.elementor-size-large{font-size:29px}.elementor-widget-heading .elementor-heading-title.elementor-size-xl{font-size:39px}.elementor-widget-heading .elementor-heading-title.elementor-size-xxl{font-size:59px}<\/style><h2 class=\"elementor-heading-title elementor-size-default\">Mastercard de cassino<\/h2>\t\t<\/div>\n\t\t\t\t<\/div>\n\t\t\t\t<section class=\"elementor-section elementor-inner-section elementor-element elementor-element-35f8649f elementor-section-boxed elementor-section-height-default elementor-section-height-default\" data-id=\"35f8649f\" data-element_type=\"section\">\n\t\t\t\t\t\t<div class=\"elementor-container elementor-column-gap-default\">\n\t\t\t\t\t<div class=\"elementor-column elementor-col-33 elementor-inner-column elementor-element elementor-element-510f7f51\" data-id=\"510f7f51\" data-element_type=\"column\" data-settings=\"{&quot;background_background&quot;:&quot;classic&quot;}\">\n\t\t\t<div class=\"elementor-widget-wrap elementor-element-populated\">\n\t\t\t\t\t\t\t\t<div class=\"elementor-element elementor-element-42560f46 elementor-widget elementor-widget-image\" data-id=\"42560f46\" data-element_type=\"widget\" data-widget_type=\"image.default\">\n\t\t\t\t<div class=\"elementor-widget-container\">\n\t\t\t<style>\/*! elementor - v3.10.1 - 17-01-2023 *\/\n.elementor-widget-image{text-align:center}.elementor-widget-image a{display:inline-block}.elementor-widget-image a img[src$=\".svg\"]{width:48px}.elementor-widget-image img{vertical-align:middle;display:inline-block}<\/style>\t\t\t\t\t\t\t\t\t\t\t\t<img decoding=\"async\" loading=\"lazy\" width=\"65\" height=\"65\" src=\"https:\/\/hottopcasino.com\/wp-content\/uploads\/2022\/05\/ampm_casino_logo_65.jpg\" class=\"elementor-animation-grow attachment-large size-large wp-image-7871\" alt=\"\" srcset=\"https:\/\/hottopcasino.com\/wp-content\/uploads\/2022\/05\/ampm_casino_logo_65.jpg 65w, https:\/\/hottopcasino.com\/wp-content\/uploads\/2022\/05\/ampm_casino_logo_65-30x30.jpg 30w, https:\/\/hottopcasino.com\/wp-content\/uploads\/2022\/05\/ampm_casino_logo_65-40x40.jpg 40w\" sizes=\"(max-width: 65px) 100vw, 65px\" \/>\t\t\t\t\t\t\t\t\t\t\t\t\t\t\t<\/div>\n\t\t\t\t<\/div>\n\t\t\t\t<div class=\"elementor-element elementor-element-ec96f8c elementor-widget__width-initial elementor-widget elementor-widget-text-editor\" data-id=\"ec96f8c\" data-element_type=\"widget\" data-widget_type=\"text-editor.default\">\n\t\t\t\t<div class=\"elementor-widget-container\">\n\t\t\t\t\t\t\t<p><span style=\"color: #ffffff;\">1500\u20ac e at\u00e9 150 rodadas gr\u00e1tis<\/span><\/p><p><span style=\"color: #ffffff;\"><a href=\"https:\/\/hottopcasino.com\/de\/online-casinos\/ampm-casino\/\">Play<\/a><\/span><\/p>\t\t\t\t\t\t<\/div>\n\t\t\t\t<\/div>\n\t\t\t\t\t<\/div>\n\t\t<\/div>\n\t\t\t\t<div class=\"elementor-column elementor-col-33 elementor-inner-column elementor-element elementor-element-4ee3ce8b\" data-id=\"4ee3ce8b\" data-element_type=\"column\" data-settings=\"{&quot;background_background&quot;:&quot;classic&quot;}\">\n\t\t\t<div class=\"elementor-widget-wrap elementor-element-populated\">\n\t\t\t\t\t\t\t\t<div class=\"elementor-element elementor-element-4226b5e7 elementor-widget elementor-widget-image\" data-id=\"4226b5e7\" data-element_type=\"widget\" data-widget_type=\"image.default\">\n\t\t\t\t<div class=\"elementor-widget-container\">\n\t\t\t\t\t\t\t\t\t\t\t\t\t\t\t<img decoding=\"async\" loading=\"lazy\" width=\"85\" height=\"85\" src=\"https:\/\/hottopcasino.com\/wp-content\/uploads\/2023\/08\/Mega_Online_Casino_Logo_Bigger-1-1-1-svg.png\" class=\"elementor-animation-grow attachment-large size-large wp-image-10487\" alt=\"\" srcset=\"https:\/\/hottopcasino.com\/wp-content\/uploads\/2023\/08\/Mega_Online_Casino_Logo_Bigger-1-1-1-svg.png 85w, https:\/\/hottopcasino.com\/wp-content\/uploads\/2023\/08\/Mega_Online_Casino_Logo_Bigger-1-1-1-svg-30x30.png 30w, https:\/\/hottopcasino.com\/wp-content\/uploads\/2023\/08\/Mega_Online_Casino_Logo_Bigger-1-1-1-svg-40x40.png 40w, https:\/\/hottopcasino.com\/wp-content\/uploads\/2023\/08\/Mega_Online_Casino_Logo_Bigger-1-1-1-svg-65x65.png 65w\" sizes=\"(max-width: 85px) 100vw, 85px\" \/>\t\t\t\t\t\t\t\t\t\t\t\t\t\t\t<\/div>\n\t\t\t\t<\/div>\n\t\t\t\t<div class=\"elementor-element elementor-element-3898ab1 elementor-widget elementor-widget-text-editor\" data-id=\"3898ab1\" data-element_type=\"widget\" data-widget_type=\"text-editor.default\">\n\t\t\t\t<div class=\"elementor-widget-container\">\n\t\t\t\t\t\t\t<p style=\"text-align: center;\"><span style=\"color: #ffffff;\">100% at\u00e9 $300 + 20 rodadas gr\u00e1tisgratis<\/span><\/p><p style=\"text-align: center;\"><span style=\"color: #ffffff;\"><a href=\"https:\/\/hottopcasino.com\/de\/online-casinos\/mega-casino\/\">Play<\/a><\/span><\/p>\t\t\t\t\t\t<\/div>\n\t\t\t\t<\/div>\n\t\t\t\t\t<\/div>\n\t\t<\/div>\n\t\t\t\t<div class=\"elementor-column elementor-col-33 elementor-inner-column elementor-element elementor-element-be99f20\" data-id=\"be99f20\" data-element_type=\"column\" data-settings=\"{&quot;background_background&quot;:&quot;classic&quot;}\">\n\t\t\t<div class=\"elementor-widget-wrap elementor-element-populated\">\n\t\t\t\t\t\t\t\t<div class=\"elementor-element elementor-element-30a10851 elementor-widget elementor-widget-image\" data-id=\"30a10851\" data-element_type=\"widget\" data-widget_type=\"image.default\">\n\t\t\t\t<div class=\"elementor-widget-container\">\n\t\t\t\t\t\t\t\t\t\t\t\t\t\t\t<img decoding=\"async\" loading=\"lazy\" width=\"75\" height=\"75\" src=\"https:\/\/hottopcasino.com\/wp-content\/uploads\/2023\/07\/Jupi_Online_Casino_Logo-svg-4.svg\" class=\"elementor-animation-grow attachment-large size-large wp-image-10085\" alt=\"\" \/>\t\t\t\t\t\t\t\t\t\t\t\t\t\t\t<\/div>\n\t\t\t\t<\/div>\n\t\t\t\t<div class=\"elementor-element elementor-element-bec2896 elementor-widget elementor-widget-text-editor\" data-id=\"bec2896\" data-element_type=\"widget\" data-widget_type=\"text-editor.default\">\n\t\t\t\t<div class=\"elementor-widget-container\">\n\t\t\t\t\t\t\t<p style=\"text-align: center;\"><span style=\"color: #ffffff;\">B\u00f4nus de 120% at\u00e9 \u20ac600<\/span><\/p><p style=\"text-align: center;\"><span style=\"color: #ffffff;\"><a href=\"https:\/\/hottopcasino.com\/de\/online-casinos\/jupi-casino\/\">Play<\/a><\/span><\/p>\t\t\t\t\t\t<\/div>\n\t\t\t\t<\/div>\n\t\t\t\t\t<\/div>\n\t\t<\/div>\n\t\t\t\t\t\t\t<\/div>\n\t\t<\/section>\n\t\t\t\t\t<\/div>\n\t\t<\/div>\n\t\t\t\t\t\t\t<\/div>\n\t\t<\/section>\n\t\t\t\t\t\t\t<\/div>\n\t\t","protected":false},"excerpt":{"rendered":"<p>MasterCard International ist das gr\u00f6\u00dfte Bankzahlungssystem, das 22.000 Finanzinstitute aus 210 L\u00e4ndern zusammenbringt. Die Aktivit\u00e4ten des Unternehmens zielen darauf ab, Dienstleistungen f\u00fcr Einzelpersonen und juristische Personen bereitzustellen und Kartenausgabeprogramme zu verwalten, die unter den Marken MasterCard, Cirrus und Maestro ausgegeben werden. MasterCard-Verlauf Die Geschichte dieses leistungsstarken Zahlungssystems begann im Jahr 1966. Mehrere amerikanische Banken unterzeichneten [&hellip;]<\/p>\n","protected":false},"author":1,"featured_media":0,"parent":0,"menu_order":0,"comment_status":"closed","ping_status":"closed","template":"","meta":{"om_disable_all_campaigns":false,"_monsterinsights_skip_tracking":false,"_monsterinsights_sitenote_active":false,"_monsterinsights_sitenote_note":"","_monsterinsights_sitenote_category":0,"footnotes":""},"acf":[],"aioseo_notices":[],"_links":{"self":[{"href":"https:\/\/hottopcasino.com\/de\/wp-json\/wp\/v2\/pages\/12893"}],"collection":[{"href":"https:\/\/hottopcasino.com\/de\/wp-json\/wp\/v2\/pages"}],"about":[{"href":"https:\/\/hottopcasino.com\/de\/wp-json\/wp\/v2\/types\/page"}],"author":[{"embeddable":true,"href":"https:\/\/hottopcasino.com\/de\/wp-json\/wp\/v2\/users\/1"}],"replies":[{"embeddable":true,"href":"https:\/\/hottopcasino.com\/de\/wp-json\/wp\/v2\/comments?post=12893"}],"version-history":[{"count":5,"href":"https:\/\/hottopcasino.com\/de\/wp-json\/wp\/v2\/pages\/12893\/revisions"}],"predecessor-version":[{"id":16523,"href":"https:\/\/hottopcasino.com\/de\/wp-json\/wp\/v2\/pages\/12893\/revisions\/16523"}],"wp:attachment":[{"href":"https:\/\/hottopcasino.com\/de\/wp-json\/wp\/v2\/media?parent=12893"}],"curies":[{"name":"wp","href":"https:\/\/api.w.org\/{rel}","templated":true}]}}