	{"id":12931,"date":"2023-08-29T00:14:32","date_gmt":"2023-08-28T13:14:32","guid":{"rendered":"https:\/\/hottopcasino.com\/mifinity\/"},"modified":"2024-09-25T00:09:31","modified_gmt":"2024-09-24T13:09:31","slug":"mifinity","status":"publish","type":"page","link":"https:\/\/hottopcasino.com\/de\/mifinity\/","title":{"rendered":"MiFinity"},"content":{"rendered":"\t\t<div data-elementor-type=\"wp-page\" data-elementor-id=\"12931\" class=\"elementor elementor-12931 elementor-6572\">\n\t\t\t\t\t\t\t\t\t<section class=\"elementor-section elementor-top-section elementor-element elementor-element-5b3d4312 elementor-section-boxed elementor-section-height-default elementor-section-height-default\" data-id=\"5b3d4312\" data-element_type=\"section\">\n\t\t\t\t\t\t<div class=\"elementor-container elementor-column-gap-default\">\n\t\t\t\t\t<div class=\"elementor-column elementor-col-100 elementor-top-column elementor-element elementor-element-3848d053\" data-id=\"3848d053\" data-element_type=\"column\">\n\t\t\t<div class=\"elementor-widget-wrap elementor-element-populated\">\n\t\t\t\t\t\t\t\t<div class=\"elementor-element elementor-element-66375409 elementor-widget elementor-widget-text-editor\" data-id=\"66375409\" data-element_type=\"widget\" data-widget_type=\"text-editor.default\">\n\t\t\t\t<div class=\"elementor-widget-container\">\n\t\t\t<style>\/*! elementor - v3.10.1 - 17-01-2023 *\/\n.elementor-widget-text-editor.elementor-drop-cap-view-stacked .elementor-drop-cap{background-color:#818a91;color:#fff}.elementor-widget-text-editor.elementor-drop-cap-view-framed .elementor-drop-cap{color:#818a91;border:3px solid;background-color:transparent}.elementor-widget-text-editor:not(.elementor-drop-cap-view-default) .elementor-drop-cap{margin-top:8px}.elementor-widget-text-editor:not(.elementor-drop-cap-view-default) .elementor-drop-cap-letter{width:1em;height:1em}.elementor-widget-text-editor .elementor-drop-cap{float:left;text-align:center;line-height:1;font-size:50px}.elementor-widget-text-editor .elementor-drop-cap-letter{display:inline-block}<\/style>\t\t\t\tIn der sich st\u00e4ndig weiterentwickelnden Landschaft von Online-Casinos und digitalen Zahlungen erweist sich MiFinity als dynamische und sichere L\u00f6sung, die Ihrem Spielerlebnis ein zus\u00e4tzliches Ma\u00df an Komfort und Effizienz verleiht. Von nahtlosen Transaktionen bis hin zu erweiterten Sicherheitsfunktionen hat sich MiFinity als bevorzugte Zahlungsmethode unter Casino-Enthusiasten etabliert.\n\n<img decoding=\"async\" class=\"alignnone size-full wp-image-1935\" src=\"https:\/\/hottopcasino.com\/wp-content\/uploads\/2022\/06\/mifinity-2.png\" alt=\"mifinity\" width=\" 180\" srcset=\"https:\/\/hottopcasino.com\/wp-content\/uploads\/2022\/06\/mifinity-2.png 180w, https:\/\/hottopcasino.com\/wp-content\/uploads\/2022\/06\/mifinity-2-150x150.png 150w, https:\/\/hottopcasino.com\/wp-content\/uploads\/2022\/06\/mifinity-2-30x30.png 30w, https:\/\/hottopcasino.com\/wp-content\/uploads\/2022\/06\/mifinity-2-40x40.png 40w, https:\/\/hottopcasino.com\/wp-content\/uploads\/2022\/06\/mifinity-2-65x65.png 65w\" sizes=\"(max-width: 180px) 100vw, 180px\" \/>\n<h2><strong>Online-Transaktionen revolutionieren: die Vorteile von MiFinity<\/strong><\/h2>\n<ol>\n  <li><strong>Schnelle und nahtlose Transaktionen:<\/strong> MiFinity priorisiert Ihre Zeit und Ihr Spielvergn\u00fcgen, indem es schnelle und problemlose Transaktionen bietet. Verabschieden Sie sich von langen Wartezeiten und erhalten Sie sofortige Ein- und Auszahlungen, die Sie im Spielgeschehen halten.<\/li>\n  <li><strong>Globale Zug\u00e4nglichkeit:<\/strong> Egal, ob Sie in Ihrem Lieblingscasino vor Ort spielen oder internationale Plattformen erkunden, die globale Pr\u00e4senz von MiFinity stellt sicher, dass Sie ununterbrochenes Spielen \u00fcber Grenzen hinweg genie\u00dfen k\u00f6nnen, ohne die Komplexit\u00e4t einer W\u00e4hrungsumrechnung.&lt;\/li &gt;<\/li>\n  <li><strong>Erweiterte Sicherheitsma\u00dfnahmen:<\/strong> Sicherheit ist im digitalen Zeitalter von gr\u00f6\u00dfter Bedeutung. MiFinity verwendet modernste Sicherheitsprotokolle, um Ihre vertraulichen Informationen und Finanztransaktionen zu sch\u00fctzen. Ihre Daten sind verschl\u00fcsselt und gesch\u00fctzt, sodass Sie sich beruhigt auf Ihre Gaming-Abenteuer konzentrieren k\u00f6nnen.<\/li>\n  <li><strong>Vielseitige W\u00e4hrungsunterst\u00fctzung:<\/strong> MiFinity unterst\u00fctzt mehrere W\u00e4hrungen, sodass Sie ohne die Einschr\u00e4nkungen einer einzelnen W\u00e4hrung an Casinospielen teilnehmen k\u00f6nnen. Diese Flexibilit\u00e4t kommt Spielern aus verschiedenen Regionen entgegen und vereinfacht internationale Transaktionen.<\/li>\n<\/ol>\n<h2><strong>Poweren Sie Ihre Casino-Reise mit MiFinity<\/strong><\/h2>\n1. M\u00fchelose Einzahlungen: Haben Sie genug von langwierigen Einzahlungsprozessen? MiFinity optimiert den Einzahlungsprozess und erm\u00f6glicht Ihnen, schnell und sicher Geld auf Ihr Casino-Konto einzuzahlen. Machen Sie sich bereit, ohne unn\u00f6tige Verz\u00f6gerungen in Ihre Lieblingsspiele einzusteigen.\n\n2. Schnelle Auszahlungen: Auf den Nervenkitzel des Gewinns sollten sofortige Auszahlungen folgen. MiFinity stellt sicher, dass Ihre Gewinne in Rekordzeit verf\u00fcgbar sind, sodass Sie Ihre Gewinne feiern k\u00f6nnen, ohne ewig warten zu m\u00fcssen.\n\n3. Exklusive Casino-Boni: Viele Online-Casinos erkennen MiFinity als bevorzugte Zahlungsmethode an und bieten Spielern, die es nutzen, exklusive Boni an. Schnappen Sie sich zus\u00e4tzliche Freispiele oder Bonusgelder und erweitern Sie Ihr Spiel mit den erweiterten Vorteilen von MiFinity.\n\n4. Einfache Kontoeinrichtung: Der Einstieg in MiFinity ist einfach. Erstellen Sie Ihr Konto, verkn\u00fcpfen Sie Ihre bevorzugten Zahlungsmethoden und schon k\u00f6nnen Sie die Welt der Online-Casinos bequemer erkunden.\n\n5. Engagierter Kundensupport: MiFinity ist bestrebt, einen hervorragenden Kundensupport zu bieten, der Ihnen bei Bedarf hilft. Haben Sie Fragen zu Transaktionen, Kontoeinrichtung oder Sicherheitsma\u00dfnahmen? Ihr agiles Team steht Ihnen mit Rat und Tat zur Seite.\n<h2><strong>MiFinity und Online-Casinos: eine gewinnbringende Kombination<\/strong><\/h2>\nDa die Welt der Online-Casinos weiterhin floriert, ist eine zuverl\u00e4ssige und benutzerfreundliche Zahlungsmethode von entscheidender Bedeutung. MiFinity f\u00fcgt sich mit seinen schnellen Transaktionen, robusten Sicherheitsma\u00dfnahmen und seiner breiten Akzeptanz nahtlos in die Casino-Landschaft ein und bringt Ihr Spielabenteuer auf ein neues Niveau.\n\nEgal, ob Sie Jackpots an Spielautomaten jagen oder Ihre F\u00e4higkeiten am Pokertisch testen, MiFinity sorgt daf\u00fcr, dass Ihre Finanztransaktionen genauso reibungslos ablaufen wie Ihr Gameplay. Schlie\u00dfen Sie sich den erfahrenen Casino-Enthusiasten an, die sich f\u00fcr MiFinity entscheiden, und erleben Sie eine Welt voller Komfort, Sicherheit und endloser Unterhaltung. Mit MiFinity an Ihrer Seite wird Ihre Casino-Reise noch spannender.\t\t\t\t\t\t<\/div>\n\t\t\t\t<\/div>\n\t\t\t\t\t<\/div>\n\t\t<\/div>\n\t\t\t\t\t\t\t<\/div>\n\t\t<\/section>\n\t\t\t\t<section class=\"elementor-section elementor-top-section elementor-element elementor-element-e32d9b7 elementor-section-content-middle elementor-section-boxed elementor-section-height-default elementor-section-height-default\" data-id=\"e32d9b7\" data-element_type=\"section\">\n\t\t\t\t\t\t<div class=\"elementor-container elementor-column-gap-no\">\n\t\t\t\t\t<div class=\"elementor-column elementor-col-100 elementor-top-column elementor-element elementor-element-6d4d93d\" data-id=\"6d4d93d\" data-element_type=\"column\">\n\t\t\t<div class=\"elementor-widget-wrap elementor-element-populated\">\n\t\t\t\t\t\t\t\t<div class=\"elementor-element elementor-element-6b027bc elementor-widget elementor-widget-heading\" data-id=\"6b027bc\" data-element_type=\"widget\" data-widget_type=\"heading.default\">\n\t\t\t\t<div class=\"elementor-widget-container\">\n\t\t\t<style>\/*! elementor - v3.10.1 - 17-01-2023 *\/\n.elementor-heading-title{padding:0;margin:0;line-height:1}.elementor-widget-heading .elementor-heading-title[class*=elementor-size-]>a{color:inherit;font-size:inherit;line-height:inherit}.elementor-widget-heading .elementor-heading-title.elementor-size-small{font-size:15px}.elementor-widget-heading .elementor-heading-title.elementor-size-medium{font-size:19px}.elementor-widget-heading .elementor-heading-title.elementor-size-large{font-size:29px}.elementor-widget-heading .elementor-heading-title.elementor-size-xl{font-size:39px}.elementor-widget-heading .elementor-heading-title.elementor-size-xxl{font-size:59px}<\/style><h2 class=\"elementor-heading-title elementor-size-default\">Cassinos MiFinity<\/h2>\t\t<\/div>\n\t\t\t\t<\/div>\n\t\t\t\t<section class=\"elementor-section elementor-inner-section elementor-element elementor-element-cd7c739 elementor-section-boxed elementor-section-height-default elementor-section-height-default\" data-id=\"cd7c739\" data-element_type=\"section\">\n\t\t\t\t\t\t<div class=\"elementor-container elementor-column-gap-default\">\n\t\t\t\t\t<div class=\"elementor-column elementor-col-33 elementor-inner-column elementor-element elementor-element-51d6ade\" data-id=\"51d6ade\" data-element_type=\"column\" data-settings=\"{&quot;background_background&quot;:&quot;classic&quot;}\">\n\t\t\t<div class=\"elementor-widget-wrap elementor-element-populated\">\n\t\t\t\t\t\t\t\t<div class=\"elementor-element elementor-element-5b3f658 elementor-widget elementor-widget-image\" data-id=\"5b3f658\" data-element_type=\"widget\" data-widget_type=\"image.default\">\n\t\t\t\t<div class=\"elementor-widget-container\">\n\t\t\t<style>\/*! elementor - v3.10.1 - 17-01-2023 *\/\n.elementor-widget-image{text-align:center}.elementor-widget-image a{display:inline-block}.elementor-widget-image a img[src$=\".svg\"]{width:48px}.elementor-widget-image img{vertical-align:middle;display:inline-block}<\/style>\t\t\t\t\t\t\t\t\t\t\t\t<img decoding=\"async\" loading=\"lazy\" width=\"65\" height=\"65\" src=\"https:\/\/hottopcasino.com\/wp-content\/uploads\/2023\/04\/vera-logo.svg\" class=\"elementor-animation-grow attachment-large size-large wp-image-8876\" alt=\"\" \/>\t\t\t\t\t\t\t\t\t\t\t\t\t\t\t<\/div>\n\t\t\t\t<\/div>\n\t\t\t\t<div class=\"elementor-element elementor-element-1d09622 elementor-widget__width-initial elementor-widget elementor-widget-text-editor\" data-id=\"1d09622\" data-element_type=\"widget\" data-widget_type=\"text-editor.default\">\n\t\t\t\t<div class=\"elementor-widget-container\">\n\t\t\t\t\t\t\t<p><span style=\"color: #ffffff;\">100% + 50 rodadas gr\u00e1tis<\/span><\/p><p><span style=\"color: #ffffff;\"><a href=\"https:\/\/hottopcasino.com\/pt-br\/online-casinos\/veracasino-review\/\">Play<\/a><\/span><\/p>\t\t\t\t\t\t<\/div>\n\t\t\t\t<\/div>\n\t\t\t\t\t<\/div>\n\t\t<\/div>\n\t\t\t\t<div class=\"elementor-column elementor-col-33 elementor-inner-column elementor-element elementor-element-e0987d4\" data-id=\"e0987d4\" data-element_type=\"column\" data-settings=\"{&quot;background_background&quot;:&quot;classic&quot;}\">\n\t\t\t<div class=\"elementor-widget-wrap elementor-element-populated\">\n\t\t\t\t\t\t\t\t<div class=\"elementor-element elementor-element-cf1c7c6 elementor-widget elementor-widget-image\" data-id=\"cf1c7c6\" data-element_type=\"widget\" data-widget_type=\"image.default\">\n\t\t\t\t<div class=\"elementor-widget-container\">\n\t\t\t\t\t\t\t\t\t\t\t\t\t\t\t<img decoding=\"async\" src=\"https:\/\/hottopcasino.com\/wp-content\/uploads\/2023\/06\/logo-Sol_Casino.svg\" title=\"logo-Sol_Casino\" alt=\"logo-Sol_Casino\" class=\"elementor-animation-grow\" loading=\"lazy\" \/>\t\t\t\t\t\t\t\t\t\t\t\t\t\t\t<\/div>\n\t\t\t\t<\/div>\n\t\t\t\t<div class=\"elementor-element elementor-element-b7342b3 elementor-widget elementor-widget-text-editor\" data-id=\"b7342b3\" data-element_type=\"widget\" data-widget_type=\"text-editor.default\">\n\t\t\t\t<div class=\"elementor-widget-container\">\n\t\t\t\t\t\t\t<p style=\"text-align: center;\"><span style=\"color: #ffffff;\">B\u00f4nus sem dep\u00f3sito 50 FS<\/span><br \/><span style=\"color: #ffffff;\">B\u00f4nus de 100% at\u00e9 500$<\/span><\/p><p style=\"text-align: center;\"><span style=\"color: #ffffff;\"><a href=\"https:\/\/hottopcasino.com\/pt-br\/online-casinos\/sol-casino\/\">Play<\/a><\/span><\/p>\t\t\t\t\t\t<\/div>\n\t\t\t\t<\/div>\n\t\t\t\t\t<\/div>\n\t\t<\/div>\n\t\t\t\t<div class=\"elementor-column elementor-col-33 elementor-inner-column elementor-element elementor-element-c25d557\" data-id=\"c25d557\" data-element_type=\"column\" data-settings=\"{&quot;background_background&quot;:&quot;classic&quot;}\">\n\t\t\t<div class=\"elementor-widget-wrap elementor-element-populated\">\n\t\t\t\t\t\t\t\t<div class=\"elementor-element elementor-element-8ddf1df elementor-widget elementor-widget-image\" data-id=\"8ddf1df\" data-element_type=\"widget\" data-widget_type=\"image.default\">\n\t\t\t\t<div class=\"elementor-widget-container\">\n\t\t\t\t\t\t\t\t\t\t\t\t\t\t\t<img decoding=\"async\" loading=\"lazy\" width=\"75\" height=\"75\" src=\"https:\/\/hottopcasino.com\/wp-content\/uploads\/2023\/08\/asino_logo2-svg.png\" class=\"elementor-animation-grow attachment-large size-large wp-image-10451\" alt=\"\" srcset=\"https:\/\/hottopcasino.com\/wp-content\/uploads\/2023\/08\/asino_logo2-svg.png 75w, https:\/\/hottopcasino.com\/wp-content\/uploads\/2023\/08\/asino_logo2-svg-30x30.png 30w, https:\/\/hottopcasino.com\/wp-content\/uploads\/2023\/08\/asino_logo2-svg-40x40.png 40w, https:\/\/hottopcasino.com\/wp-content\/uploads\/2023\/08\/asino_logo2-svg-65x65.png 65w\" sizes=\"(max-width: 75px) 100vw, 75px\" \/>\t\t\t\t\t\t\t\t\t\t\t\t\t\t\t<\/div>\n\t\t\t\t<\/div>\n\t\t\t\t<div class=\"elementor-element elementor-element-4f7d320 elementor-widget elementor-widget-text-editor\" data-id=\"4f7d320\" data-element_type=\"widget\" data-widget_type=\"text-editor.default\">\n\t\t\t\t<div class=\"elementor-widget-container\">\n\t\t\t\t\t\t\t<p style=\"text-align: center;\"><span style=\"color: #ffffff;\">100% at\u00e9 1000 EUR + 75 FS<\/span><\/p><p style=\"text-align: center;\"><span style=\"color: #ffffff;\"><a href=\"https:\/\/hottopcasino.com\/pt-br\/online-casinos\/asino-casino\/\">Play<\/a><\/span><\/p>\t\t\t\t\t\t<\/div>\n\t\t\t\t<\/div>\n\t\t\t\t\t<\/div>\n\t\t<\/div>\n\t\t\t\t\t\t\t<\/div>\n\t\t<\/section>\n\t\t\t\t\t<\/div>\n\t\t<\/div>\n\t\t\t\t\t\t\t<\/div>\n\t\t<\/section>\n\t\t\t\t\t\t\t<\/div>\n\t\t","protected":false},"excerpt":{"rendered":"<p>In der sich st\u00e4ndig weiterentwickelnden Landschaft von Online-Casinos und digitalen Zahlungen erweist sich MiFinity als dynamische und sichere L\u00f6sung, die Ihrem Spielerlebnis ein zus\u00e4tzliches Ma\u00df an Komfort und Effizienz verleiht. Von nahtlosen Transaktionen bis hin zu erweiterten Sicherheitsfunktionen hat sich MiFinity als bevorzugte Zahlungsmethode unter Casino-Enthusiasten etabliert. Online-Transaktionen revolutionieren: die Vorteile von MiFinity Schnelle und [&hellip;]<\/p>\n","protected":false},"author":1,"featured_media":0,"parent":0,"menu_order":0,"comment_status":"closed","ping_status":"closed","template":"","meta":{"om_disable_all_campaigns":false,"_monsterinsights_skip_tracking":false,"_monsterinsights_sitenote_active":false,"_monsterinsights_sitenote_note":"","_monsterinsights_sitenote_category":0,"footnotes":""},"acf":[],"aioseo_notices":[],"_links":{"self":[{"href":"https:\/\/hottopcasino.com\/de\/wp-json\/wp\/v2\/pages\/12931"}],"collection":[{"href":"https:\/\/hottopcasino.com\/de\/wp-json\/wp\/v2\/pages"}],"about":[{"href":"https:\/\/hottopcasino.com\/de\/wp-json\/wp\/v2\/types\/page"}],"author":[{"embeddable":true,"href":"https:\/\/hottopcasino.com\/de\/wp-json\/wp\/v2\/users\/1"}],"replies":[{"embeddable":true,"href":"https:\/\/hottopcasino.com\/de\/wp-json\/wp\/v2\/comments?post=12931"}],"version-history":[{"count":4,"href":"https:\/\/hottopcasino.com\/de\/wp-json\/wp\/v2\/pages\/12931\/revisions"}],"predecessor-version":[{"id":16526,"href":"https:\/\/hottopcasino.com\/de\/wp-json\/wp\/v2\/pages\/12931\/revisions\/16526"}],"wp:attachment":[{"href":"https:\/\/hottopcasino.com\/de\/wp-json\/wp\/v2\/media?parent=12931"}],"curies":[{"name":"wp","href":"https:\/\/api.w.org\/{rel}","templated":true}]}}