	{"id":14060,"date":"2024-02-12T18:20:53","date_gmt":"2024-02-12T07:20:53","guid":{"rendered":"https:\/\/hottopcasino.com\/online-casinos\/crypto-casino\/"},"modified":"2024-09-24T23:57:08","modified_gmt":"2024-09-24T12:57:08","slug":"crypto-casino","status":"publish","type":"page","link":"https:\/\/hottopcasino.com\/de\/online-casinos\/crypto-casino\/","title":{"rendered":"Crypto Casino"},"content":{"rendered":"<p><img decoding=\"async\" class=\"alignnone size-full wp-image-14042\" src=\"https:\/\/hottopcasino.com\/wp-content\/uploads\/2024\/02\/Crypto_Online_Casino_Hottop.webp\" alt=\"Crypto Online Casino Hottop\" width=\"\u201e1100\u201c\" height=\"400\" srcset=\"https:\/\/hottopcasino.com\/wp-content\/uploads\/2024\/02\/Crypto_Online_Casino_Hottop.webp 1100w, https:\/\/hottopcasino.com\/wp-content\/uploads\/2024\/02\/Crypto_Online_Casino_Hottop-300x109.webp 300w, https:\/\/hottopcasino.com\/wp-content\/uploads\/2024\/02\/Crypto_Online_Casino_Hottop-1024x372.webp 1024w, https:\/\/hottopcasino.com\/wp-content\/uploads\/2024\/02\/Crypto_Online_Casino_Hottop-768x279.webp 768w, https:\/\/hottopcasino.com\/wp-content\/uploads\/2024\/02\/Crypto_Online_Casino_Hottop-60x22.webp 60w, https:\/\/hottopcasino.com\/wp-content\/uploads\/2024\/02\/Crypto_Online_Casino_Hottop-40x15.webp 40w, https:\/\/hottopcasino.com\/wp-content\/uploads\/2024\/02\/Crypto_Online_Casino_Hottop-65x24.webp 65w, https:\/\/hottopcasino.com\/wp-content\/uploads\/2024\/02\/Crypto_Online_Casino_Hottop-600x218.webp 600w\" sizes=\"(max-width: 1100px) 100vw, 1100px\" \/><\/p>\n\n                <div class=\"single-wrapper\">\n                    <div class=\"single-wrapper-block single-casino-wrapper-block\" style=\"padding-bottom:0;\">\n                    \t<div class=\"casinos-wrapper clearfix\">\n            \n\t\t\t\t\t\t<div class=\"col-xs-6 col-sm-4 col-md-4 col-lg-4\">\n\t\t\t\t\t\t\t<div class=\"row\">\n\t\t\t\t\t\t\t\t<div class=\"casino-item\">\n\t\t\t\t\t\t\t\t\t<div class=\"casino-item-top-wrapper clearfix\">\n\t\t\t\t\t\t\t\t\t\t<span class=\"hot-flag\">Hot<\/span>\n\t\t\t\t\t\t\t\t\t\t<a href=\"\/online-casinos\/hugewin-casino\/\" target=\"_blank\"><img src=\"https:\/\/hottopcasino.com\/wp-content\/uploads\/2024\/02\/Online_Casino_Hugewin-Logo.webp\" alt=\"Online_Casino_Hugewin-Logo\" class=\"img-responsive img-circle pull-left casino-item-logo\"\/><\/a>\n\t\t\t\t\t\t\t\t\t\t<div class=\"casino-item-text-wrap pull-left\">\n\t\t\t\t\t\t\t\t\t\t\t<span class=\"casino-item-title\">Hugewin Casino<\/span>\n\t\t\t\t\t\t\t\t\t\t\t<div class=\"rating-wrapper clearfix\">\n\t\t\t\t\t\t\t\t\t\t\t\t<div class=\"rating-stars pull-left\"><img src=https:\/\/hottopcasino.com\/wp-content\/themes\/hottop\/public\/rating\/10.png alt=\"Rating\" class=\"img-responsive\"\/><img src=https:\/\/hottopcasino.com\/wp-content\/themes\/hottop\/public\/rating\/10.png alt=\"Rating\" class=\"img-responsive\"\/><img src=https:\/\/hottopcasino.com\/wp-content\/themes\/hottop\/public\/rating\/10.png alt=\"Rating\" class=\"img-responsive\"\/><img src=https:\/\/hottopcasino.com\/wp-content\/themes\/hottop\/public\/rating\/10.png alt=\"Rating\" class=\"img-responsive\"\/><img src=https:\/\/hottopcasino.com\/wp-content\/themes\/hottop\/public\/rating\/10.png alt=\"Rating\" class=\"img-responsive\"\/><\/div>\n\t\t\t\t\t\t\t\t\t\t\t\t<div class=\"rating-num pull-left\">5 \/ 5<\/div>\n\t\t\t\t\t\t\t\t\t\t\t<\/div>\n\t\t\t\t\t\t\t\t\t\t\t<a href=\"\/online-casinos\/hugewin-casino\/\" target=\"_blank\">\u00dcberpr\u00fcfung Casino<\/a>\n\t\t\t\t\t\t\t\t\t\t<\/div>\n\t\t\t\t\t\t\t\t\t<\/div>\n\t\t\t\t\t\t\t\t\t<a href=\"\/go\/hugewincasino\" target=\"_blank\" rel=\"nofollow\" class=\"casino-item-middle-wrapper\">\n\t\t\t\t\t\t\t\t\t\t<span class=\"casino-item-main-bonus\">Welcome Bonus 100% bonus of up to $1,000<\/span>\n\t\t\t\t\t\t\t\t\t\t<span class=\"casino-item-option-bonus\">25% match bonus of up to $1,000<\/span>\n\t\t\t\t\t\t\t\t\t<\/a>\n\t\t\t\t\t\t\t\t\t<div class=\"casino-item-bottom-wrapper\">\n\t\t\t\t\t\t\t\t\t\t<a href=\"\/go\/hugewincasino\" target=\"_blank\" rel=\"nofollow\" class=\"casino-item-ref-btn\">Kasino spielen<\/a>\n\t\t\t\t\t\t\t\t\t<\/div>\n\t\t\t\t\t\t\t\t\t<div class=\"casino-item-payment-systems\"><ul class=\"casino-item-payment-systems-list clearfix\"><li class=\"img-circle\"><img src=\"https:\/\/hottopcasino.com\/wp-content\/uploads\/2022\/06\/bitcoin-40x40.png\" alt=\"bitcoin\" class=\"img-responsive img-circle\"\/><\/li><li class=\"img-circle\"><img src=\"https:\/\/hottopcasino.com\/wp-content\/uploads\/2022\/06\/tether-40x40.png\" alt=\"tether\" class=\"img-responsive img-circle\"\/><\/li><li class=\"img-circle\"><img src=\"https:\/\/hottopcasino.com\/wp-content\/uploads\/2022\/04\/eth-40x40.png\" alt=\"Ethereum\" class=\"img-responsive img-circle\"\/><\/li><li class=\"img-circle\"><span class=\"img-circle show-popup\" onclick=\"ShowPaymentsPopup(this); return false;\">+1<\/span><\/li><\/ul><div class=\"payment-system-popup\"><ul class=\"casino-item-payment-systems-list clearfix\"><li class=\"img-circle\"><img src=\"https:\/\/hottopcasino.com\/wp-content\/uploads\/2020\/01\/visa-40x40.png\" alt=\"Visa\" class=\"img-responsive img-circle\"\/><\/li><\/ul><\/div><\/div>\n\t\t\t\t\t\t\t\t<\/div>\n\t\t\t\t\t\t\t<\/div>\n\t\t\t\t\t\t<\/div>\n\t\t\t\t\t\n\t\t\t\t\t\t<div class=\"col-xs-6 col-sm-4 col-md-4 col-lg-4\">\n\t\t\t\t\t\t\t<div class=\"row\">\n\t\t\t\t\t\t\t\t<div class=\"casino-item\">\n\t\t\t\t\t\t\t\t\t<div class=\"casino-item-top-wrapper clearfix\">\n\t\t\t\t\t\t\t\t\t\t<span class=\"hot-flag\">Hot<\/span>\n\t\t\t\t\t\t\t\t\t\t<a href=\"\/online-casinos\/xspin-casino\/\" target=\"_blank\"><img src=\"https:\/\/hottopcasino.com\/wp-content\/uploads\/2024\/01\/Group-6-1.png\" alt=\"\" class=\"img-responsive img-circle pull-left casino-item-logo\"\/><\/a>\n\t\t\t\t\t\t\t\t\t\t<div class=\"casino-item-text-wrap pull-left\">\n\t\t\t\t\t\t\t\t\t\t\t<span class=\"casino-item-title\">XSPIN Casino<\/span>\n\t\t\t\t\t\t\t\t\t\t\t<div class=\"rating-wrapper clearfix\">\n\t\t\t\t\t\t\t\t\t\t\t\t<div class=\"rating-stars pull-left\"><img src=https:\/\/hottopcasino.com\/wp-content\/themes\/hottop\/public\/rating\/10.png alt=\"Rating\" class=\"img-responsive\"\/><img src=https:\/\/hottopcasino.com\/wp-content\/themes\/hottop\/public\/rating\/10.png alt=\"Rating\" class=\"img-responsive\"\/><img src=https:\/\/hottopcasino.com\/wp-content\/themes\/hottop\/public\/rating\/10.png alt=\"Rating\" class=\"img-responsive\"\/><img src=https:\/\/hottopcasino.com\/wp-content\/themes\/hottop\/public\/rating\/10.png alt=\"Rating\" class=\"img-responsive\"\/><img src=https:\/\/hottopcasino.com\/wp-content\/themes\/hottop\/public\/rating\/0.png alt=\"Rating\" class=\"img-responsive\"\/><\/div>\n\t\t\t\t\t\t\t\t\t\t\t\t<div class=\"rating-num pull-left\">4 \/ 5<\/div>\n\t\t\t\t\t\t\t\t\t\t\t<\/div>\n\t\t\t\t\t\t\t\t\t\t\t<a href=\"\/online-casinos\/xspin-casino\/\" target=\"_blank\">\u00dcberpr\u00fcfung Casino<\/a>\n\t\t\t\t\t\t\t\t\t\t<\/div>\n\t\t\t\t\t\t\t\t\t<\/div>\n\t\t\t\t\t\t\t\t\t<a href=\"\/go\/xspincasino\" target=\"_blank\" rel=\"nofollow\" class=\"casino-item-middle-wrapper\">\n\t\t\t\t\t\t\t\t\t\t<span class=\"casino-item-main-bonus\">Welcome Bonus 100% bonus<\/span>\n\t\t\t\t\t\t\t\t\t\t<span class=\"casino-item-option-bonus\"><\/span>\n\t\t\t\t\t\t\t\t\t<\/a>\n\t\t\t\t\t\t\t\t\t<div class=\"casino-item-bottom-wrapper\">\n\t\t\t\t\t\t\t\t\t\t<a href=\"\/go\/xspincasino\" target=\"_blank\" rel=\"nofollow\" class=\"casino-item-ref-btn\">Kasino spielen<\/a>\n\t\t\t\t\t\t\t\t\t<\/div>\n\t\t\t\t\t\t\t\t\t<div class=\"casino-item-payment-systems\"><ul class=\"casino-item-payment-systems-list clearfix\"><li class=\"img-circle\"><img src=\"https:\/\/hottopcasino.com\/wp-content\/uploads\/2022\/06\/bitcoin-40x40.png\" alt=\"bitcoin\" class=\"img-responsive img-circle\"\/><\/li><li class=\"img-circle\"><img src=\"https:\/\/hottopcasino.com\/wp-content\/uploads\/2022\/06\/tether-40x40.png\" alt=\"tether\" class=\"img-responsive img-circle\"\/><\/li><li class=\"img-circle\"><img src=\"https:\/\/hottopcasino.com\/wp-content\/uploads\/2020\/01\/visa-40x40.png\" alt=\"Visa\" class=\"img-responsive img-circle\"\/><\/li><li class=\"img-circle\"><span class=\"img-circle show-popup\" onclick=\"ShowPaymentsPopup(this); return false;\">+1<\/span><\/li><\/ul><div class=\"payment-system-popup\"><ul class=\"casino-item-payment-systems-list clearfix\"><li class=\"img-circle\"><img src=\"https:\/\/hottopcasino.com\/wp-content\/uploads\/2023\/02\/mastercard-svg-40x40.png\" alt=\"Mastercard\" class=\"img-responsive img-circle\"\/><\/li><\/ul><\/div><\/div>\n\t\t\t\t\t\t\t\t<\/div>\n\t\t\t\t\t\t\t<\/div>\n\t\t\t\t\t\t<\/div>\n\t\t\t\t\t\n\t\t\t\t\t\t<div class=\"col-xs-6 col-sm-4 col-md-4 col-lg-4\">\n\t\t\t\t\t\t\t<div class=\"row\">\n\t\t\t\t\t\t\t\t<div class=\"casino-item\">\n\t\t\t\t\t\t\t\t\t<div class=\"casino-item-top-wrapper clearfix\">\n\t\t\t\t\t\t\t\t\t\t\n\t\t\t\t\t\t\t\t\t\t<a href=\"\/online-casinos\/cryptoleo-casino\/\" target=\"_blank\"><img src=\"https:\/\/hottopcasino.com\/wp-content\/uploads\/2023\/11\/Online_Casino_CryptoLeo-Logo-svg.png\" alt=\"Online Casino CryptoLeo Logo\" class=\"img-responsive img-circle pull-left casino-item-logo\"\/><\/a>\n\t\t\t\t\t\t\t\t\t\t<div class=\"casino-item-text-wrap pull-left\">\n\t\t\t\t\t\t\t\t\t\t\t<span class=\"casino-item-title\">Crypto Leo<\/span>\n\t\t\t\t\t\t\t\t\t\t\t<div class=\"rating-wrapper clearfix\">\n\t\t\t\t\t\t\t\t\t\t\t\t<div class=\"rating-stars pull-left\"><img src=https:\/\/hottopcasino.com\/wp-content\/themes\/hottop\/public\/rating\/10.png alt=\"Rating\" class=\"img-responsive\"\/><img src=https:\/\/hottopcasino.com\/wp-content\/themes\/hottop\/public\/rating\/10.png alt=\"Rating\" class=\"img-responsive\"\/><img src=https:\/\/hottopcasino.com\/wp-content\/themes\/hottop\/public\/rating\/10.png alt=\"Rating\" class=\"img-responsive\"\/><img src=https:\/\/hottopcasino.com\/wp-content\/themes\/hottop\/public\/rating\/10.png alt=\"Rating\" class=\"img-responsive\"\/><img src=https:\/\/hottopcasino.com\/wp-content\/themes\/hottop\/public\/rating\/0.png alt=\"Rating\" class=\"img-responsive\"\/><\/div>\n\t\t\t\t\t\t\t\t\t\t\t\t<div class=\"rating-num pull-left\">4 \/ 5<\/div>\n\t\t\t\t\t\t\t\t\t\t\t<\/div>\n\t\t\t\t\t\t\t\t\t\t\t<a href=\"\/online-casinos\/cryptoleo-casino\/\" target=\"_blank\">\u00dcberpr\u00fcfung Casino<\/a>\n\t\t\t\t\t\t\t\t\t\t<\/div>\n\t\t\t\t\t\t\t\t\t<\/div>\n\t\t\t\t\t\t\t\t\t<a href=\"\/go\/cryptoleo-casino\" target=\"_blank\" rel=\"nofollow\" class=\"casino-item-middle-wrapper\">\n\t\t\t\t\t\t\t\t\t\t<span class=\"casino-item-main-bonus\">welcome bonus 150% up to 3,000 USD<\/span>\n\t\t\t\t\t\t\t\t\t\t<span class=\"casino-item-option-bonus\"><\/span>\n\t\t\t\t\t\t\t\t\t<\/a>\n\t\t\t\t\t\t\t\t\t<div class=\"casino-item-bottom-wrapper\">\n\t\t\t\t\t\t\t\t\t\t<a href=\"\/go\/cryptoleo-casino\" target=\"_blank\" rel=\"nofollow\" class=\"casino-item-ref-btn\">Kasino spielen<\/a>\n\t\t\t\t\t\t\t\t\t<\/div>\n\t\t\t\t\t\t\t\t\t<div class=\"casino-item-payment-systems\"><ul class=\"casino-item-payment-systems-list clearfix\"><li class=\"img-circle\"><img src=\"https:\/\/hottopcasino.com\/wp-content\/uploads\/2022\/06\/bitcoin-40x40.png\" alt=\"bitcoin\" class=\"img-responsive img-circle\"\/><\/li><li class=\"img-circle\"><img src=\"https:\/\/hottopcasino.com\/wp-content\/uploads\/2020\/01\/visa-40x40.png\" alt=\"Visa\" class=\"img-responsive img-circle\"\/><\/li><li class=\"img-circle\"><img src=\"https:\/\/hottopcasino.com\/wp-content\/uploads\/2022\/06\/tether-40x40.png\" alt=\"tether\" class=\"img-responsive img-circle\"\/><\/li><li class=\"img-circle\"><span class=\"img-circle show-popup\" onclick=\"ShowPaymentsPopup(this); return false;\">+1<\/span><\/li><\/ul><div class=\"payment-system-popup\"><ul class=\"casino-item-payment-systems-list clearfix\"><li class=\"img-circle\"><img src=\"https:\/\/hottopcasino.com\/wp-content\/uploads\/2022\/04\/eth-40x40.png\" alt=\"Ethereum\" class=\"img-responsive img-circle\"\/><\/li><\/ul><\/div><\/div>\n\t\t\t\t\t\t\t\t<\/div>\n\t\t\t\t\t\t\t<\/div>\n\t\t\t\t\t\t<\/div>\n\t\t\t\t\t\n\t\t\t\t\t\t<div class=\"col-xs-6 col-sm-4 col-md-4 col-lg-4\">\n\t\t\t\t\t\t\t<div class=\"row\">\n\t\t\t\t\t\t\t\t<div class=\"casino-item\">\n\t\t\t\t\t\t\t\t\t<div class=\"casino-item-top-wrapper clearfix\">\n\t\t\t\t\t\t\t\t\t\t\n\t\t\t\t\t\t\t\t\t\t<a href=\"\/online-casinos\/bchgames-casino-review\/\" target=\"_blank\"><img src=\"https:\/\/hottopcasino.com\/wp-content\/uploads\/2023\/04\/BCH.jpg\" alt=\"\" class=\"img-responsive img-circle pull-left casino-item-logo\"\/><\/a>\n\t\t\t\t\t\t\t\t\t\t<div class=\"casino-item-text-wrap pull-left\">\n\t\t\t\t\t\t\t\t\t\t\t<span class=\"casino-item-title\">BCH<\/span>\n\t\t\t\t\t\t\t\t\t\t\t<div class=\"rating-wrapper clearfix\">\n\t\t\t\t\t\t\t\t\t\t\t\t<div class=\"rating-stars pull-left\"><img src=https:\/\/hottopcasino.com\/wp-content\/themes\/hottop\/public\/rating\/10.png alt=\"Rating\" class=\"img-responsive\"\/><img src=https:\/\/hottopcasino.com\/wp-content\/themes\/hottop\/public\/rating\/10.png alt=\"Rating\" class=\"img-responsive\"\/><img src=https:\/\/hottopcasino.com\/wp-content\/themes\/hottop\/public\/rating\/10.png alt=\"Rating\" class=\"img-responsive\"\/><img src=https:\/\/hottopcasino.com\/wp-content\/themes\/hottop\/public\/rating\/0.png alt=\"Rating\" class=\"img-responsive\"\/><img src=https:\/\/hottopcasino.com\/wp-content\/themes\/hottop\/public\/rating\/0.png alt=\"Rating\" class=\"img-responsive\"\/><\/div>\n\t\t\t\t\t\t\t\t\t\t\t\t<div class=\"rating-num pull-left\">3 \/ 5<\/div>\n\t\t\t\t\t\t\t\t\t\t\t<\/div>\n\t\t\t\t\t\t\t\t\t\t\t<a href=\"\/online-casinos\/bchgames-casino-review\/\" target=\"_blank\">\u00dcberpr\u00fcfung Casino<\/a>\n\t\t\t\t\t\t\t\t\t\t<\/div>\n\t\t\t\t\t\t\t\t\t<\/div>\n\t\t\t\t\t\t\t\t\t<a href=\"\/go\/bchgames\" target=\"_blank\" rel=\"nofollow\" class=\"casino-item-middle-wrapper\">\n\t\t\t\t\t\t\t\t\t\t<span class=\"casino-item-main-bonus\">300% welcome bonus up to 1000 EUR<\/span>\n\t\t\t\t\t\t\t\t\t\t<span class=\"casino-item-option-bonus\">500% bonus up to 500 EUR<\/span>\n\t\t\t\t\t\t\t\t\t<\/a>\n\t\t\t\t\t\t\t\t\t<div class=\"casino-item-bottom-wrapper\">\n\t\t\t\t\t\t\t\t\t\t<a href=\"\/go\/bchgames\" target=\"_blank\" rel=\"nofollow\" class=\"casino-item-ref-btn\">Kasino spielen<\/a>\n\t\t\t\t\t\t\t\t\t<\/div>\n\t\t\t\t\t\t\t\t\t<div class=\"casino-item-payment-systems\"><ul class=\"casino-item-payment-systems-list clearfix\"><li class=\"img-circle\"><img src=\"https:\/\/hottopcasino.com\/wp-content\/uploads\/2020\/01\/visa-40x40.png\" alt=\"Visa\" class=\"img-responsive img-circle\"\/><\/li><li class=\"img-circle\"><img src=\"https:\/\/hottopcasino.com\/wp-content\/uploads\/2022\/06\/bitcoin-40x40.png\" alt=\"bitcoin\" class=\"img-responsive img-circle\"\/><\/li><li class=\"img-circle\"><img src=\"https:\/\/hottopcasino.com\/wp-content\/uploads\/2022\/06\/tether-40x40.png\" alt=\"tether\" class=\"img-responsive img-circle\"\/><\/li><li class=\"img-circle\"><span class=\"img-circle show-popup\" onclick=\"ShowPaymentsPopup(this); return false;\">+1<\/span><\/li><\/ul><div class=\"payment-system-popup\"><ul class=\"casino-item-payment-systems-list clearfix\"><li class=\"img-circle\"><img src=\"https:\/\/hottopcasino.com\/wp-content\/uploads\/2022\/04\/eth-40x40.png\" alt=\"Ethereum\" class=\"img-responsive img-circle\"\/><\/li><\/ul><\/div><\/div>\n\t\t\t\t\t\t\t\t<\/div>\n\t\t\t\t\t\t\t<\/div>\n\t\t\t\t\t\t<\/div>\n\t\t\t\t\t<\/div><\/div><\/div>\n<hr \/>\n<h2><strong>Hottop Casino: Revolutionierung der Krypto-Casino-Landschaft<\/strong><\/h2>\n<p>In der sich st\u00e4ndig weiterentwickelnden Welt des <a href=\"\/de\/\">Online-Gl\u00fccksspiels<\/a> hat sich Hottop Casino als Vorreiter erwiesen und neue Ma\u00dfst\u00e4be f\u00fcr <strong>das, was ein Krypto-Casino bieten kann<\/strong> gesetzt. Diese Rezension befasst sich eingehend mit den unz\u00e4hligen Funktionen, die Hottop Casino zu einem herausragenden Anbieter im \u00fcberf\u00fcllten Feld der Online-Casinos machen, und konzentriert sich auf seinen umfassenden Ansatz f\u00fcr Spiele und <strong>Boni<\/strong> , <strong>Kundenservice<\/strong> und <strong>vor allem<\/strong> die Integration von Kryptow\u00e4hrungen.<\/p>\n<h3><strong>Die Entstehung von Hottop Casino<\/strong><\/h3>\n<p>Die Gr\u00fcndung von Hottop Casino war gepr\u00e4gt von dem Bestreben, die aufregende <strong>Welt des Online-Gl\u00fccksspiels mit dem aufstrebenden<\/strong> Bereich der Kryptow\u00e4hrung zu verbinden und eine Plattform zu schaffen, die nicht nur hochmodern, sondern auch sicher und anonym ist. stark&gt; und <strong>f\u00fcr ein globales Publikum zug\u00e4nglich<\/strong>. Seitdem hat sich das Casino zu einem <strong>Zufluchtsort f\u00fcr Krypto-Enthusiasten<\/strong> entwickelt und bietet <strong>eine vielf\u00e4ltige Auswahl an Spielen<\/strong>, <strong>gro\u00dfz\u00fcgige Boni<\/strong> und eine <strong>Innovation <a href=\"https:\/\/hottopcasino.com\/de\/payment-systems\/\">Zahlungssystem<\/a><\/strong>, das auf die Bed\u00fcrfnisse des modernen Spielers zugeschnitten ist.<\/p>\n<h3><strong>Ein Krypto-Casino der besonderen Art<\/strong><\/h3>\n<p><strong>Was Hottop Casino auszeichnet<\/strong>, ist die nahtlose Integration von Kryptow\u00e4hrungszahlungen, die es Spielern erm\u00f6glicht, <strong>Einzahlungen<\/strong> und <strong>Einzahlungen<\/strong> vorzunehmen &gt;Mit Leichtigkeit Geld abheben. Diese Integration geht \u00fcber <strong>Bitcoin<\/strong> hinaus und umfasst eine Vielzahl anderer <strong>digitaler W\u00e4hrungen<\/strong> und bietet Spielern auf der ganzen Welt Flexibilit\u00e4t und Komfort. Die Sicherheit und Anonymit\u00e4t, die diese Transaktionen bieten, <strong>erh\u00f6hen die Attraktivit\u00e4t von Hottop Casino<\/strong> und machen es zu einer bevorzugten Wahl f\u00fcr datenschutzbewusste Spieler.<\/p>\n<h2><strong>Boni in H\u00fclle und F\u00fclle im Hottop Casino<\/strong><\/h2>\n<p>Der Ruf des Casinos als \u201e<strong>Crypto Bonus Casino<\/strong>\u201c ist dank seiner breiten Palette an Bonusangeboten wohlverdient. Sobald sich Spieler anmelden, werden sie mit verlockenden <a href=\"https:\/\/hottopcasino.com\/de\/welcome-bonuses\/\">Willkommenspaketen<\/a> begr\u00fc\u00dft, die Einzahlungs\u00fcbereinstimmungen, <strong>Freispiele<\/strong> und mehr. <strong>Regelm\u00e4\u00dfige Werbeaktionen<\/strong> und <strong>saisonale Angebote<\/strong> sorgen f\u00fcr Spannung und sorgen daf\u00fcr, dass sich jeder Besuch im <strong>Hottop Casino lohnt<\/strong>.<\/p>\n<h3><strong>Erkunden Sie den Bonus ohne Einzahlung<\/strong><\/h3>\n<p>Ein herausragendes Merkmal von Hottop Casino ist die Option \u201e<strong>Crypto No Deposit Casino<\/strong>\u201c, die es Spielern erm\u00f6glicht, die <strong>Angebote des Casinos zu erkunden, ohne eine erste Einzahlung zu t\u00e4tigen<\/strong>. Diese Funktion ist besonders <strong>attraktiv f\u00fcr Neueinsteiger<\/strong>, die das Wasser testen m\u00f6chten, <strong>bevor sie sich finanziell engagieren<\/strong>, und bietet einen risikofreien Einstieg in die Welt des Krypto-Gl\u00fccksspiels.<\/p>\n<h3><strong>Vielf\u00e4ltiges Gaming-Portfolio<\/strong><\/h3>\n<p>Hottop Casino verf\u00fcgt \u00fcber eine umfangreiche Auswahl an Spielen, die den unterschiedlichsten Vorlieben gerecht wird. Von den <a href=\"https:\/\/hottopcasino.com\/de\/free-pokies\/\">neuesten Video-Slots<\/a> und <strong>progressiven Jackpots<\/strong> bis hin zu traditionellen <strong>Tischspielen<\/strong> und einem <strong>Live-Casino bietet das <strong>Casino<\/strong> ein unvergleichliches Spielerlebnis. Jedes Spiel wird sorgf\u00e4ltig aufgrund seiner <strong>Qualit\u00e4t, Fairness<\/strong> und <strong>Unterhaltungsf\u00e4higkeit<\/strong> ausgew\u00e4hlt, um sicherzustellen, dass die Spieler jedes Mal, wenn sie sich anmelden, ein unvergessliches Erlebnis haben.<\/strong><\/p>\n<h2><strong>Erh\u00f6hte Erfahrung f\u00fcr VIPs<\/strong><\/h2>\n<p>Das \u201e<a href=\"https:\/\/hottopcasino.com\/news\/best-australian-bonus-at-online-casino\/\">Hottop Casino VIP-Programm<\/a>&#8221; soll den treuesten Spielern ein verbessertes Spielerlebnis bieten. Dieses Programm beinhaltet eine<strong>Verschiedenheit von Verg\u00fcnstigungen wie personalisierten<\/strong> Kundenservice, <a href=\"https:\/\/hottopcasino.com\/de\/no-deposit-bonuses\/\">exklusive Boni<\/a>, <strong>h\u00f6here Auszahlungslimits<\/strong>, und <strong>Einladungen zu besonderen Veranstaltungen<\/strong>. Das VIP-Programm ist ein Beispiel f\u00fcr das Engagement von Hottop Casino, seine engagierte Spielerbasis zu w\u00fcrdigen und zu belohnen.<\/p>\n<h2><strong>Gewinne mit Einzahlungsboni maximieren<\/strong><\/h2>\n<p>Die \u201e<strong>Krypto-Einzahlungsboni<\/strong>\u201c von Hottop Casino sind darauf ausgelegt, die Gewinnchancen der Spieler zu maximieren. Diese Boni bieten zus\u00e4tzlich zu den Einzahlungen zus\u00e4tzliche Mittel, sodass Spieler ihre Spielzeit verl\u00e4ngern und ihre Chancen auf gro\u00dfe Gewinne erh\u00f6hen k\u00f6nnen. Der strategische Ansatz des Casinos in Bezug auf Boni stellt sicher, dass die Spieler den bestm\u00f6glichen Gegenwert f\u00fcr ihre Einzahlungen erhalten.<\/p>\n<h3><strong>Ein f\u00fchrendes Krypto-Bitcoin-Casino<\/strong><\/h3>\n<p>Als \u201e<strong>Crypto Bitcoin Casino<\/strong> ist Hottop Casino emvereint die <strong>weltweit f\u00fchrende Kryptow\u00e4hrung<\/strong>, <strong>Bitcoin<\/strong>, <strong>neben einer Auswahl anderer digitaler W\u00e4hrungen<\/strong>. Diese Einf\u00fchrung erleichtert nicht nur einfache und sichere Transaktionen, sondern positioniert Hottop Casino auch an der Spitze der Krypto-Gl\u00fccksspielrevolution.<\/p>\n<h3><strong>Innovation mit dem Lehrerzahlungssystem<\/strong><\/h3>\n<p>Eine der innovativsten Funktionen von Hottop Casino ist das \u201eTeacher Payments System\u201c. Dieses System wurde entwickelt, um neue Spieler \u00fcber die Feinheiten von <strong>zu informieren<\/strong> &gt;Krypto-Gl\u00fccksspiel, um einen reibungslosen und angenehmen Einstieg in das <strong>Online-Gl\u00fccksspiel<\/strong> zu gew\u00e4hrleisten. Durch dieses System demonstriert <strong>Hottop Casino<\/strong> sein Engagement f\u00fcr die Ausbildung und Zufriedenheit der Spieler.<\/p>\n<h2><strong>Fazit: Ein neuer Aufbruch im Krypto-Gl\u00fccksspiel<\/strong><\/h2>\n<p>Zusammenfassend l\u00e4sst sich sagen, dass Hottop Casino den H\u00f6hepunkt der <strong>Krypto-Casino-Innovation<\/strong> darstellt. Mit seinem riesigen <strong>Spielangebot<\/strong>,<strong>gro\u00dfz\u00fcgigen Bonusprogrammen<\/strong> und einem Fokus auf Sicherheit und Komfort bietet <strong>Hottop Casino<\/strong> ein umfassendes <strong>Spielerlebnis das ist schwer zu vergleichen<\/strong>. Egal, ob Sie ein <strong>erfahrener Spieler oder ein Neuling in der Welt der Krypto-Casinos<\/strong> sind, Hottop Casino verspricht ein <strong>Abenteuer voller Spannung<\/strong>, <strong>Sicherheit<\/strong> und <strong>beispielloser Komfort<\/strong>, was es zu einem Muss in der Online-Gl\u00fccksspiellandschaft macht.<\/p>\n","protected":false},"excerpt":{"rendered":"<p>Hottop Casino: Revolutionierung der Krypto-Casino-Landschaft In der sich st\u00e4ndig weiterentwickelnden Welt des Online-Gl\u00fccksspiels hat sich Hottop Casino als Vorreiter erwiesen und neue Ma\u00dfst\u00e4be f\u00fcr das, was ein Krypto-Casino bieten kann gesetzt. Diese Rezension befasst sich eingehend mit den unz\u00e4hligen Funktionen, die Hottop Casino zu einem herausragenden Anbieter im \u00fcberf\u00fcllten Feld der Online-Casinos machen, und konzentriert [&hellip;]<\/p>\n","protected":false},"author":1,"featured_media":0,"parent":10929,"menu_order":0,"comment_status":"closed","ping_status":"closed","template":"","meta":{"om_disable_all_campaigns":false,"_monsterinsights_skip_tracking":false,"_monsterinsights_sitenote_active":false,"_monsterinsights_sitenote_note":"","_monsterinsights_sitenote_category":0,"footnotes":""},"acf":[],"aioseo_notices":[],"_links":{"self":[{"href":"https:\/\/hottopcasino.com\/de\/wp-json\/wp\/v2\/pages\/14060"}],"collection":[{"href":"https:\/\/hottopcasino.com\/de\/wp-json\/wp\/v2\/pages"}],"about":[{"href":"https:\/\/hottopcasino.com\/de\/wp-json\/wp\/v2\/types\/page"}],"author":[{"embeddable":true,"href":"https:\/\/hottopcasino.com\/de\/wp-json\/wp\/v2\/users\/1"}],"replies":[{"embeddable":true,"href":"https:\/\/hottopcasino.com\/de\/wp-json\/wp\/v2\/comments?post=14060"}],"version-history":[{"count":6,"href":"https:\/\/hottopcasino.com\/de\/wp-json\/wp\/v2\/pages\/14060\/revisions"}],"predecessor-version":[{"id":16503,"href":"https:\/\/hottopcasino.com\/de\/wp-json\/wp\/v2\/pages\/14060\/revisions\/16503"}],"up":[{"embeddable":true,"href":"https:\/\/hottopcasino.com\/de\/wp-json\/wp\/v2\/pages\/10929"}],"wp:attachment":[{"href":"https:\/\/hottopcasino.com\/de\/wp-json\/wp\/v2\/media?parent=14060"}],"curies":[{"name":"wp","href":"https:\/\/api.w.org\/{rel}","templated":true}]}}