	{"id":10969,"date":"2023-08-28T23:03:14","date_gmt":"2023-08-28T12:03:14","guid":{"rendered":"https:\/\/hottopcasino.com\/skrill\/"},"modified":"2024-09-25T00:16:21","modified_gmt":"2024-09-24T13:16:21","slug":"skrill","status":"publish","type":"page","link":"https:\/\/hottopcasino.com\/es\/skrill\/","title":{"rendered":"Skrill"},"content":{"rendered":"<p>En el mundo digital actual, la comodidad y la seguridad son primordiales cuando se trata de transacciones en l\u00ednea. Skrill, una plataforma de pago en l\u00ednea ampliamente reconocida, se ha consolidado como una soluci\u00f3n fiable y eficaz tanto para particulares como para empresas. Tanto si compra en Internet como si gestiona sus finanzas o disfruta de entretenimiento en l\u00ednea como los juegos, Skrill le ofrece una forma segura y sin complicaciones de gestionar sus fondos.<\/p>\n<h2><strong>C\u00f3mo funciona Skrill<\/strong><\/h2>\n<p><img decoding=\"async\" loading=\"lazy\" class=\"alignnone size-full wp-image-154\" src=\"https:\/\/hottopcasino.com\/wp-content\/uploads\/2020\/01\/skrill.png\" alt=\"Skrill_beep\" width=\"180\" height=\"180\" srcset=\"https:\/\/hottopcasino.com\/wp-content\/uploads\/2020\/01\/skrill.png 180w, https:\/\/hottopcasino.com\/wp-content\/uploads\/2020\/01\/skrill-150x150.png 150w, https:\/\/hottopcasino.com\/wp-content\/uploads\/2020\/01\/skrill-30x30.png 30w, https:\/\/hottopcasino.com\/wp-content\/uploads\/2020\/01\/skrill-40x40.png 40w, https:\/\/hottopcasino.com\/wp-content\/uploads\/2020\/01\/skrill-65x65.png 65w\" sizes=\"(max-width: 180px) 100vw, 180px\" \/><\/p>\n<p>Skrill funciona como un monedero electr\u00f3nico, lo que permite a los usuarios almacenar fondos y realizar transacciones sin tener que compartir informaci\u00f3n financiera confidencial cada vez que realizan una compra. Al vincular tu tarjeta de cr\u00e9dito, d\u00e9bito o cuenta bancaria a tu cuenta de Skrill, puedes ingresar fondos f\u00e1cilmente en tu monedero electr\u00f3nico y utilizarlo para realizar pagos en diversas plataformas online.<\/p>\n<h3><strong>Ventajas de Skrill:<\/strong><\/h3>\n<ol>\n<li><strong>Seguridad:<\/strong> Skrill emplea medidas de seguridad avanzadas para proteger tus datos y transacciones financieras. Su informaci\u00f3n personal es confidencial, lo que reduce el riesgo de robo de identidad o fraude.<\/li>\n<li><strong>Rapidez:<\/strong> Con transferencias y pagos instant\u00e1neos, Skrill garantiza que sus transacciones se procesen r\u00e1pidamente, permiti\u00e9ndole disfrutar de sus compras o empezar a jugar sin retrasos.<\/li>\n<li><strong>Aceptaci\u00f3n global:<\/strong> Skrill es aceptado por una amplia gama de comercios online, lo que lo convierte en un m\u00e9todo de pago vers\u00e1til para diversas necesidades, desde compras online hasta juegos.<\/li>\n<li><strong>Conversi\u00f3n de divisas:<\/strong> Skrill admite varias divisas, lo que resulta especialmente \u00fatil para las transacciones internacionales. Puede realizar pagos en distintas divisas sin preocuparse por las excesivas comisiones de conversi\u00f3n.<\/li>\n<\/ol>\n<h2><strong>Skrill en casinos en l\u00ednea<\/strong><\/h2>\n<p>La popularidad de Skrill se extiende al \u00e1mbito de los casinos en l\u00ednea. Muchas plataformas de casino de renombre aceptan Skrill como m\u00e9todo de pago preferente. Los jugadores pueden depositar fondos r\u00e1pidamente en sus cuentas de casino y retirar sus ganancias sin problemas. La capa de seguridad a\u00f1adida que proporciona Skrill garantiza que sus transacciones de casino est\u00e9n protegidas, d\u00e1ndole tranquilidad mientras disfruta de sus juegos favoritos.<\/p>\n<h2><strong>Primeros pasos con Skrill<\/strong><\/h2>\n<ol>\n<li><strong>Registrarse:<\/strong> Crear una cuenta Skrill es muy sencillo. Visite el sitio web de Skrill, facilite la informaci\u00f3n requerida y verifique su identidad.<\/li>\n<li><strong>Vincular fuente de fondos:<\/strong> Vincula tu tarjeta de cr\u00e9dito, tarjeta de d\u00e9bito o cuenta bancaria a tu cuenta de Skrill para ingresar fondos en tu monedero electr\u00f3nico.<\/li>\n<li><strong>Empieza a realizar transacciones:<\/strong> Una vez que tu cuenta tenga fondos, puedes empezar a utilizar Skrill para realizar pagos, ya sea para compras, juegos u otras actividades online.<\/li>\n<\/ol>\n<p>En la era digital, disponer de un m\u00e9todo de pago en l\u00ednea seguro y eficaz es esencial. Skrill le ofrece la fiabilidad, comodidad y tranquilidad que necesita para gestionar sus transacciones en l\u00ednea sin problemas. Tanto si compra como si juega o hace negocios en Internet, Skrill es su aliado en transacciones financieras seguras y r\u00e1pidas.<\/p>\n","protected":false},"excerpt":{"rendered":"<p>En el mundo digital actual, la comodidad y la seguridad son primordiales cuando se trata de transacciones en l\u00ednea. Skrill, una plataforma de pago en l\u00ednea ampliamente reconocida, se ha consolidado como una soluci\u00f3n fiable y eficaz tanto para particulares como para empresas. Tanto si compra en Internet como si gestiona sus finanzas o disfruta [&hellip;]<\/p>\n","protected":false},"author":1,"featured_media":0,"parent":0,"menu_order":0,"comment_status":"closed","ping_status":"closed","template":"","meta":{"om_disable_all_campaigns":false,"_monsterinsights_skip_tracking":false,"_monsterinsights_sitenote_active":false,"_monsterinsights_sitenote_note":"","_monsterinsights_sitenote_category":0,"footnotes":""},"acf":[],"aioseo_notices":[],"_links":{"self":[{"href":"https:\/\/hottopcasino.com\/es\/wp-json\/wp\/v2\/pages\/10969"}],"collection":[{"href":"https:\/\/hottopcasino.com\/es\/wp-json\/wp\/v2\/pages"}],"about":[{"href":"https:\/\/hottopcasino.com\/es\/wp-json\/wp\/v2\/types\/page"}],"author":[{"embeddable":true,"href":"https:\/\/hottopcasino.com\/es\/wp-json\/wp\/v2\/users\/1"}],"replies":[{"embeddable":true,"href":"https:\/\/hottopcasino.com\/es\/wp-json\/wp\/v2\/comments?post=10969"}],"version-history":[{"count":2,"href":"https:\/\/hottopcasino.com\/es\/wp-json\/wp\/v2\/pages\/10969\/revisions"}],"predecessor-version":[{"id":16544,"href":"https:\/\/hottopcasino.com\/es\/wp-json\/wp\/v2\/pages\/10969\/revisions\/16544"}],"wp:attachment":[{"href":"https:\/\/hottopcasino.com\/es\/wp-json\/wp\/v2\/media?parent=10969"}],"curies":[{"name":"wp","href":"https:\/\/api.w.org\/{rel}","templated":true}]}}