	{"id":10975,"date":"2023-01-28T01:13:16","date_gmt":"2023-01-27T14:13:16","guid":{"rendered":"https:\/\/hottopcasino.com\/paysafecard\/"},"modified":"2024-09-25T00:14:16","modified_gmt":"2024-09-24T13:14:16","slug":"paysafecard","status":"publish","type":"page","link":"https:\/\/hottopcasino.com\/es\/paysafecard\/","title":{"rendered":"PaySafeCard"},"content":{"rendered":"\t\t<div data-elementor-type=\"wp-page\" data-elementor-id=\"10975\" class=\"elementor elementor-10975 elementor-2420\">\n\t\t\t\t\t\t\t\t\t<section class=\"elementor-section elementor-top-section elementor-element elementor-element-630dac82 elementor-section-boxed elementor-section-height-default elementor-section-height-default\" data-id=\"630dac82\" data-element_type=\"section\">\n\t\t\t\t\t\t<div class=\"elementor-container elementor-column-gap-default\">\n\t\t\t\t\t<div class=\"elementor-column elementor-col-100 elementor-top-column elementor-element elementor-element-7b36e2e\" data-id=\"7b36e2e\" data-element_type=\"column\">\n\t\t\t<div class=\"elementor-widget-wrap elementor-element-populated\">\n\t\t\t\t\t\t\t\t<div class=\"elementor-element elementor-element-402876cc elementor-widget elementor-widget-text-editor\" data-id=\"402876cc\" data-element_type=\"widget\" data-widget_type=\"text-editor.default\">\n\t\t\t\t<div class=\"elementor-widget-container\">\n\t\t\t<style>\/*! elementor - v3.10.1 - 17-01-2023 *\/\n.elementor-widget-text-editor.elementor-drop-cap-view-stacked .elementor-drop-cap{background-color:#818a91;color:#fff}.elementor-widget-text-editor.elementor-drop-cap-view-framed .elementor-drop-cap{color:#818a91;border:3px solid;background-color:transparent}.elementor-widget-text-editor:not(.elementor-drop-cap-view-default) .elementor-drop-cap{margin-top:8px}.elementor-widget-text-editor:not(.elementor-drop-cap-view-default) .elementor-drop-cap-letter{width:1em;height:1em}.elementor-widget-text-editor .elementor-drop-cap{float:left;text-align:center;line-height:1;font-size:50px}.elementor-widget-text-editor .elementor-drop-cap-letter{display:inline-block}<\/style>\t\t\t\t<h1>PaySafeCard: de Austria a Australia<\/h1>\n<div><img decoding=\"async\" loading=\"lazy\" class=\"alignnone wp-image-2402 size-medium\" src=\"https:\/\/hottopcasino.com\/wp-content\/uploads\/2023\/01\/pay_save_card-300x225.png\" alt=\"\" width=\"300\" height=\"225\" srcset=\"https:\/\/hottopcasino.com\/wp-content\/uploads\/2023\/01\/pay_save_card-300x225.png 300w, https:\/\/hottopcasino.com\/wp-content\/uploads\/2023\/01\/pay_save_card-40x30.png 40w, https:\/\/hottopcasino.com\/wp-content\/uploads\/2023\/01\/pay_save_card-65x49.png 65w, https:\/\/hottopcasino.com\/wp-content\/uploads\/2023\/01\/pay_save_card.png 600w\" sizes=\"(max-width: 300px) 100vw, 300px\" \/><\/div>\n<p>El servicio de tarjetas prepago de PaySafeCard existe desde el a\u00f1o 2000. Su sede se encuentra en Viena (Austria). Este sistema es uno de los m\u00e1s populares en Europa, y los jugadores australianos tambi\u00e9n lo aprecian. PaySafeCard es seguro, r\u00e1pido y c\u00f3modo para pagar en l\u00ednea por diferentes servicios deseados y productos geniales. Las transacciones de PaySafeCard est\u00e1n respaldadas por miles de empresas y proveedores autorizados en los mercados de la m\u00fasica, las redes sociales, el entretenimiento y, por supuesto, los juegos de azar.<\/p>\n<p>Al utilizar este sistema de pago, uno puede estar completamente seguro de que sus fondos permanecer\u00e1n seguros y protegidos. Por supuesto, los casinos que trabajan con \u00e9l pertenecen, obviamente, a la categor\u00eda de las empresas de mayor calibre y los mejores sitios web. El sistema es muy popular en Australia, donde los jugadores lo utilizan para jugar a los video pokies, juegos de mesa, ruletas y otros de sus t\u00edtulos de casino favoritos.<\/p>\n<h2>Panorama general<\/h2>\n<p>A pesar de que PaySafeCard empez\u00f3 a existir en 2000 como servicio de tarjeta prepago, evolucion\u00f3 al servicio fiable de vales electr\u00f3nicos s\u00f3lo varios a\u00f1os despu\u00e9s. Los clientes empezaron a utilizarlo para pagar en l\u00ednea en el a\u00f1o 2004. Casi una d\u00e9cada despu\u00e9s, la empresa realiz\u00f3 una importante expansi\u00f3n para funcionar en m\u00e1s de dos docenas de estados de todo el planeta. El lanzamiento de una iniciativa completamente nueva denominada MyPaySafeCard fue su siguiente paso en el desarrollo. Ofrec\u00eda a los clientes la posibilidad de almacenar sus c\u00f3digos PIN en una \u00fanica cuenta de refugio protegida por algoritmos de cifrado de primer nivel.<\/p>\n<p>y soluciones de protecci\u00f3n digital.<\/p>\n<p>En 2013, PaySafeCard se uni\u00f3 a los propietarios de Skrill, el principal sistema de pago en l\u00ednea. En 2015, la afiliaci\u00f3n al Grupo PaySafe vino acompa\u00f1ada de otras muchas ventajas. Hoy en d\u00eda, la empresa dispone de todo un conjunto de servicios y productos para ofrecer a cada cliente (entre ellos se encuentra tambi\u00e9n una tarjeta MasterCard de prepago, que es especialmente chula). El programa de fidelidad de My PLUS sirve para premiar a los clientes habituales. Esta funciona en m\u00e1s de 40 lugares de todo el mundo. Oriente Medio, Australia y Nueva Zelanda entran en su zona de actividad. 23 monedas diferentes y m\u00e1s de 5 000 000 de puntos de venta en todo el planeta que admiten los vales de la empresa son otras de las ventajas y beneficios para todos los clientes, incluidos los australianos.<\/p>\n<p>PaySafeCard ha adquirido recientemente Ukash, su competidor. Por lo tanto, el comprador sustituy\u00f3 Ukash totalmente, y los vales del competidor ya no est\u00e1n siendo liberados o apoyados.<\/p>\n<h2>Australia y PaySafeCard<\/h2>\n<p>No hay ning\u00fan problema para que los australianos se hagan una cuenta y empiecen a utilizar el sistema para comprar pel\u00edculas, juegos, composiciones musicales y muchas otras cosas y servicios disponibles en Internet de forma r\u00e1pida y c\u00f3moda. Por supuesto, los juegos de azar figuran entre las actividades m\u00e1s populares respaldadas por PaySafeCard, especialmente en Australia. Lo bueno es que los australianos y todos los residentes en el pa\u00eds no tienen que poseer ninguna tarjeta de d\u00e9bito o cr\u00e9dito para utilizar este sistema. Ni siquiera es necesario tener una cuenta bancaria propia.<\/p>\n<h2>Abrir una cuenta<\/h2>\n<p>No es necesario tener una cuenta para registrarse<\/p>\n<p>para los australianos. S\u00f3lo tiene que acudir al minorista autorizado (ePay, Woolworths, EzyMart, etc.) y comprarle los vales de la empresa. Con esa compra, podr\u00e1 realizar dep\u00f3sitos en sus cuentas de juego en casinos en l\u00ednea compatibles de forma r\u00e1pida y sencilla.<\/p>\n<p>Disponibilidad de dinero casi instant\u00e1nea tras cargar un dep\u00f3sito.<\/p>\n\t\t\t\t\t\t<\/div>\n\t\t\t\t<\/div>\n\t\t\t\t\t<\/div>\n\t\t<\/div>\n\t\t\t\t\t\t\t<\/div>\n\t\t<\/section>\n\t\t\t\t<section class=\"elementor-section elementor-top-section elementor-element elementor-element-43e5918 elementor-section-boxed elementor-section-height-default elementor-section-height-default\" data-id=\"43e5918\" data-element_type=\"section\">\n\t\t\t\t\t\t<div class=\"elementor-container elementor-column-gap-default\">\n\t\t\t\t\t<div class=\"elementor-column elementor-col-100 elementor-top-column elementor-element elementor-element-1cbd787\" data-id=\"1cbd787\" data-element_type=\"column\">\n\t\t\t<div class=\"elementor-widget-wrap elementor-element-populated\">\n\t\t\t\t\t\t\t\t<div class=\"elementor-element elementor-element-31a0621 elementor-widget elementor-widget-heading\" data-id=\"31a0621\" data-element_type=\"widget\" data-widget_type=\"heading.default\">\n\t\t\t\t<div class=\"elementor-widget-container\">\n\t\t\t<style>\/*! elementor - v3.10.1 - 17-01-2023 *\/\n.elementor-heading-title{padding:0;margin:0;line-height:1}.elementor-widget-heading .elementor-heading-title[class*=elementor-size-]>a{color:inherit;font-size:inherit;line-height:inherit}.elementor-widget-heading .elementor-heading-title.elementor-size-small{font-size:15px}.elementor-widget-heading .elementor-heading-title.elementor-size-medium{font-size:19px}.elementor-widget-heading .elementor-heading-title.elementor-size-large{font-size:29px}.elementor-widget-heading .elementor-heading-title.elementor-size-xl{font-size:39px}.elementor-widget-heading .elementor-heading-title.elementor-size-xxl{font-size:59px}<\/style><h2 class=\"elementor-heading-title elementor-size-default\">\u00bfQu\u00e9 pasa? \u00bfPor qu\u00e9 PaySafeCard?<\/h2>\t\t<\/div>\n\t\t\t\t<\/div>\n\t\t\t\t\t<\/div>\n\t\t<\/div>\n\t\t\t\t\t\t\t<\/div>\n\t\t<\/section>\n\t\t\t\t<section class=\"elementor-section elementor-top-section elementor-element elementor-element-8a4d580 elementor-section-boxed elementor-section-height-default elementor-section-height-default\" data-id=\"8a4d580\" data-element_type=\"section\">\n\t\t\t\t\t\t<div class=\"elementor-container elementor-column-gap-default\">\n\t\t\t\t\t<div class=\"elementor-column elementor-col-100 elementor-top-column elementor-element elementor-element-85db0c7\" data-id=\"85db0c7\" data-element_type=\"column\">\n\t\t\t<div class=\"elementor-widget-wrap elementor-element-populated\">\n\t\t\t\t\t\t\t\t<div class=\"elementor-element elementor-element-e9ef90c elementor-widget elementor-widget-text-editor\" data-id=\"e9ef90c\" data-element_type=\"widget\" data-widget_type=\"text-editor.default\">\n\t\t\t\t<div class=\"elementor-widget-container\">\n\t\t\t\t\t\t\t<p><span style=\"font-family: Roboto, sans-serif; font-size: 16px; font-style: normal; font-variant-ligatures: normal; font-variant-caps: normal; font-weight: 400;\">As\u00ed que, una vez m\u00e1s, se trata de un sistema que utiliza vales de prepago. Hablando de casinos en l\u00ednea, sus dep\u00f3sitos y retiros, el sistema es una opci\u00f3n s\u00f3lida y favorable. El m\u00e9todo es bastante similar al de una tarjeta de cr\u00e9dito, pero est\u00e1 especialmente dise\u00f1ado para que las transacciones por Internet sean reales con s\u00f3lo introducir el n\u00famero PIN correspondiente. S\u00ed, lo decimos en serio. No hay necesidad de proporcionar al sistema su identificaci\u00f3n personal u otros datos sensibles al robo en absoluto.<\/span><\/p>\n<p><span style=\"font-family: Roboto, sans-serif; font-size: 16px; font-style: normal; font-variant-ligatures: normal; font-variant-caps: normal; font-weight: 400;\"> <\/span><span style=\"font-family: Roboto, sans-serif; font-size: 16px; font-style: normal; font-variant-ligatures: normal; font-variant-caps: normal; font-weight: 400; color: var( --e-global-color-text );\">Los jugadores australianos pueden utilizar los servicios del sistema para realizar un dep\u00f3sito en un casino en l\u00ednea de forma r\u00e1pida y sencilla, tanto desde un PC como desde una tableta o un smartphone a su disposici\u00f3n. Adem\u00e1s, la mayor\u00eda de los mejores sitios web de casinos en l\u00ednea de Australia trabajan con PaySafeCard como sistema autorizado.<\/span><\/p>\n<p><span style=\"font-family: Roboto, sans-serif; font-size: 16px; font-style: normal; font-variant-ligatures: normal; font-variant-caps: normal; font-weight: 400;\"> <\/span><\/p>\n\t\t\t\t\t\t<\/div>\n\t\t\t\t<\/div>\n\t\t\t\t\t<\/div>\n\t\t<\/div>\n\t\t\t\t\t\t\t<\/div>\n\t\t<\/section>\n\t\t\t\t<section class=\"elementor-section elementor-top-section elementor-element elementor-element-335638d elementor-section-boxed elementor-section-height-default elementor-section-height-default\" data-id=\"335638d\" data-element_type=\"section\">\n\t\t\t\t\t\t<div class=\"elementor-container elementor-column-gap-default\">\n\t\t\t\t\t<div class=\"elementor-column elementor-col-100 elementor-top-column elementor-element elementor-element-564fd9e\" data-id=\"564fd9e\" data-element_type=\"column\">\n\t\t\t<div class=\"elementor-widget-wrap elementor-element-populated\">\n\t\t\t\t\t\t\t\t<div class=\"elementor-element elementor-element-db36c90 elementor-widget elementor-widget-accordion\" data-id=\"db36c90\" data-element_type=\"widget\" data-widget_type=\"accordion.default\">\n\t\t\t\t<div class=\"elementor-widget-container\">\n\t\t\t<style>\/*! elementor - v3.10.1 - 17-01-2023 *\/\n.elementor-accordion{text-align:left}.elementor-accordion .elementor-accordion-item{border:1px solid #d4d4d4}.elementor-accordion .elementor-accordion-item+.elementor-accordion-item{border-top:none}.elementor-accordion .elementor-tab-title{margin:0;padding:15px 20px;font-weight:700;line-height:1;cursor:pointer;outline:none}.elementor-accordion .elementor-tab-title .elementor-accordion-icon{display:inline-block;width:1.5em}.elementor-accordion .elementor-tab-title .elementor-accordion-icon svg{width:1em;height:1em}.elementor-accordion .elementor-tab-title .elementor-accordion-icon.elementor-accordion-icon-right{float:right;text-align:right}.elementor-accordion .elementor-tab-title .elementor-accordion-icon.elementor-accordion-icon-left{float:left;text-align:left}.elementor-accordion .elementor-tab-title .elementor-accordion-icon .elementor-accordion-icon-closed{display:block}.elementor-accordion .elementor-tab-title .elementor-accordion-icon .elementor-accordion-icon-opened,.elementor-accordion .elementor-tab-title.elementor-active .elementor-accordion-icon-closed{display:none}.elementor-accordion .elementor-tab-title.elementor-active .elementor-accordion-icon-opened{display:block}.elementor-accordion .elementor-tab-content{display:none;padding:15px 20px;border-top:1px solid #d4d4d4}@media (max-width:767px){.elementor-accordion .elementor-tab-title{padding:12px 15px}.elementor-accordion .elementor-tab-title .elementor-accordion-icon{width:1.2em}.elementor-accordion .elementor-tab-content{padding:7px 15px}}.e-con-inner>.elementor-widget-accordion,.e-con>.elementor-widget-accordion{width:var(--container-widget-width);--flex-grow:var(--container-widget-flex-grow)}<\/style>\t\t<div class=\"elementor-accordion\" role=\"tablist\">\n\t\t\t\t\t\t\t<div class=\"elementor-accordion-item\">\n\t\t\t\t\t<div id=\"elementor-tab-title-2291\" class=\"elementor-tab-title\" data-tab=\"1\" role=\"tab\" aria-controls=\"elementor-tab-content-2291\" aria-expanded=\"false\">\n\t\t\t\t\t\t\t\t\t\t\t\t\t<span class=\"elementor-accordion-icon elementor-accordion-icon-left\" aria-hidden=\"true\">\n\t\t\t\t\t\t\t\t\t\t\t\t\t\t\t<span class=\"elementor-accordion-icon-closed\"><i class=\"fas fa-plus\"><\/i><\/span>\n\t\t\t\t\t\t\t\t<span class=\"elementor-accordion-icon-opened\"><i class=\"fas fa-minus\"><\/i><\/span>\n\t\t\t\t\t\t\t\t\t\t\t\t\t\t<\/span>\n\t\t\t\t\t\t\t\t\t\t\t\t<a class=\"elementor-accordion-title\" href=\"\">Beneficios<\/a>\n\t\t\t\t\t<\/div>\n\t\t\t\t\t<div id=\"elementor-tab-content-2291\" class=\"elementor-tab-content elementor-clearfix\" data-tab=\"1\" role=\"tabpanel\" aria-labelledby=\"elementor-tab-title-2291\"><ul>\n<li>Sencillo, sin inscripci\u00f3n<\/li>\n<li>Se pueden establecer l\u00edmites de dep\u00f3sito para que los jugadores se mantengan al d\u00eda con sus fondos estimados.<\/li>\n<li>Hay sitios web de juegos de azar que ofrecen un acceso en l\u00ednea m\u00e1s f\u00e1cil a las tarjetas de prepago de este sistema.<\/li>\n<li>Es an\u00f3nimo. El vendedor de tarjetas y el casino no almacenan los datos personales de sus clientes comerciales. La memoria de tu ordenador tampoco tendr\u00e1 nada grabado.<\/li>\n<\/ul>\n<\/div>\n\t\t\t\t<\/div>\n\t\t\t\t\t\t\t<div class=\"elementor-accordion-item\">\n\t\t\t\t\t<div id=\"elementor-tab-title-2292\" class=\"elementor-tab-title\" data-tab=\"2\" role=\"tab\" aria-controls=\"elementor-tab-content-2292\" aria-expanded=\"false\">\n\t\t\t\t\t\t\t\t\t\t\t\t\t<span class=\"elementor-accordion-icon elementor-accordion-icon-left\" aria-hidden=\"true\">\n\t\t\t\t\t\t\t\t\t\t\t\t\t\t\t<span class=\"elementor-accordion-icon-closed\"><i class=\"fas fa-plus\"><\/i><\/span>\n\t\t\t\t\t\t\t\t<span class=\"elementor-accordion-icon-opened\"><i class=\"fas fa-minus\"><\/i><\/span>\n\t\t\t\t\t\t\t\t\t\t\t\t\t\t<\/span>\n\t\t\t\t\t\t\t\t\t\t\t\t<a class=\"elementor-accordion-title\" href=\"\">Disponibilidad de dinero casi instant\u00e1nea tras cargar un dep\u00f3sito.<\/a>\n\t\t\t\t\t<\/div>\n\t\t\t\t\t<div id=\"elementor-tab-content-2292\" class=\"elementor-tab-content elementor-clearfix\" data-tab=\"2\" role=\"tabpanel\" aria-labelledby=\"elementor-tab-title-2292\"><ul>\n<li>Esto significa que puedes comprar lo que quieras en cualquier momento.<\/li>\n<\/ul>\n<\/div>\n\t\t\t\t<\/div>\n\t\t\t\t\t\t\t<div class=\"elementor-accordion-item\">\n\t\t\t\t\t<div id=\"elementor-tab-title-2293\" class=\"elementor-tab-title\" data-tab=\"3\" role=\"tab\" aria-controls=\"elementor-tab-content-2293\" aria-expanded=\"false\">\n\t\t\t\t\t\t\t\t\t\t\t\t\t<span class=\"elementor-accordion-icon elementor-accordion-icon-left\" aria-hidden=\"true\">\n\t\t\t\t\t\t\t\t\t\t\t\t\t\t\t<span class=\"elementor-accordion-icon-closed\"><i class=\"fas fa-plus\"><\/i><\/span>\n\t\t\t\t\t\t\t\t<span class=\"elementor-accordion-icon-opened\"><i class=\"fas fa-minus\"><\/i><\/span>\n\t\t\t\t\t\t\t\t\t\t\t\t\t\t<\/span>\n\t\t\t\t\t\t\t\t\t\t\t\t<a class=\"elementor-accordion-title\" href=\"\">Inconvenientes<\/a>\n\t\t\t\t\t<\/div>\n\t\t\t\t\t<div id=\"elementor-tab-content-2293\" class=\"elementor-tab-content elementor-clearfix\" data-tab=\"3\" role=\"tabpanel\" aria-labelledby=\"elementor-tab-title-2293\"><ul style=\"font-style: normal; font-variant-ligatures: normal; font-variant-caps: normal; font-weight: 400; font-size: 16px; font-family: Roboto, sans-serif;\">\n<li>No permite retirar dinero. No puedes cobrar tus ganancias con PaySafeCard.<\/li>\n<li>El dep\u00f3sito m\u00e1ximo que se puede cargar a la vez es de s\u00f3lo 1000 unidades de la divisa utilizada. As\u00ed pues, la limitaci\u00f3n se fija en 1000 d\u00f3lares para los australianos.<\/li>\n<\/ul>\n<\/div>\n\t\t\t\t<\/div>\n\t\t\t\t\t\t\t\t<\/div>\n\t\t\t\t<\/div>\n\t\t\t\t<\/div>\n\t\t\t\t\t<\/div>\n\t\t<\/div>\n\t\t\t\t\t\t\t<\/div>\n\t\t<\/section>\n\t\t\t\t<section class=\"elementor-section elementor-top-section elementor-element elementor-element-d0396cd elementor-section-boxed elementor-section-height-default elementor-section-height-default\" data-id=\"d0396cd\" data-element_type=\"section\">\n\t\t\t\t\t\t<div class=\"elementor-container elementor-column-gap-default\">\n\t\t\t\t\t<div class=\"elementor-column elementor-col-100 elementor-top-column elementor-element elementor-element-14e5167\" data-id=\"14e5167\" data-element_type=\"column\">\n\t\t\t<div class=\"elementor-widget-wrap elementor-element-populated\">\n\t\t\t\t\t\t\t\t<div class=\"elementor-element elementor-element-583b056 elementor-widget elementor-widget-text-editor\" data-id=\"583b056\" data-element_type=\"widget\" data-widget_type=\"text-editor.default\">\n\t\t\t\t<div class=\"elementor-widget-container\">\n\t\t\t\t\t\t\t<p>El uso de este sistema requiere que el jugador adquiera vales electr\u00f3nicos. Despu\u00e9s, obtendr\u00e1 el PIN correspondiente para cada tarjeta adquirida. A continuaci\u00f3n, utiliza ese c\u00f3digo para cargar fondos en tu dep\u00f3sito del casino. Sencillo y f\u00e1cil.<\/p>\n\t\t\t\t\t\t<\/div>\n\t\t\t\t<\/div>\n\t\t\t\t\t<\/div>\n\t\t<\/div>\n\t\t\t\t\t\t\t<\/div>\n\t\t<\/section>\n\t\t\t\t<section class=\"elementor-section elementor-top-section elementor-element elementor-element-e33072f elementor-section-boxed elementor-section-height-default elementor-section-height-default\" data-id=\"e33072f\" data-element_type=\"section\">\n\t\t\t\t\t\t<div class=\"elementor-container elementor-column-gap-default\">\n\t\t\t\t\t<div class=\"elementor-column elementor-col-100 elementor-top-column elementor-element elementor-element-3d13644\" data-id=\"3d13644\" data-element_type=\"column\">\n\t\t\t<div class=\"elementor-widget-wrap elementor-element-populated\">\n\t\t\t\t\t\t\t\t<div class=\"elementor-element elementor-element-52f2391 elementor-widget elementor-widget-text-editor\" data-id=\"52f2391\" data-element_type=\"widget\" data-widget_type=\"text-editor.default\">\n\t\t\t\t<div class=\"elementor-widget-container\">\n\t\t\t\t\t\t\t<p><span style=\"color: #000000; font-family: Museo-Cyrl-700, sans-serif; font-size: 1.4em; text-transform: capitalize;\">Para concluir<\/span><\/p>\n<p>En resumen, se trata de una forma fiable y segura para que los entusiastas australianos de los juegos de azar financien sus dep\u00f3sitos en sitios web de casinos en l\u00ednea sin ning\u00fan problema. Es especialmente \u00fatil si desea permanecer en el anonimato para el sitio web y su personal. Es una oportunidad de banca de casino en l\u00ednea muy recomendable, incluso a pesar de que hay algunos sitios web de juegos de azar en Australia que no lo aceptan.<\/p>\n\t\t\t\t\t\t<\/div>\n\t\t\t\t<\/div>\n\t\t\t\t\t<\/div>\n\t\t<\/div>\n\t\t\t\t\t\t\t<\/div>\n\t\t<\/section>\n\t\t\t\t\t\t\t<\/div>\n\t\t","protected":false},"excerpt":{"rendered":"<p>PaySafeCard: de Austria a Australia El servicio de tarjetas prepago de PaySafeCard existe desde el a\u00f1o 2000. Su sede se encuentra en Viena (Austria). Este sistema es uno de los m\u00e1s populares en Europa, y los jugadores australianos tambi\u00e9n lo aprecian. PaySafeCard es seguro, r\u00e1pido y c\u00f3modo para pagar en l\u00ednea por diferentes servicios deseados [&hellip;]<\/p>\n","protected":false},"author":1,"featured_media":0,"parent":0,"menu_order":0,"comment_status":"closed","ping_status":"closed","template":"","meta":{"om_disable_all_campaigns":false,"_monsterinsights_skip_tracking":false,"_monsterinsights_sitenote_active":false,"_monsterinsights_sitenote_note":"","_monsterinsights_sitenote_category":0,"footnotes":""},"acf":[],"aioseo_notices":[],"_links":{"self":[{"href":"https:\/\/hottopcasino.com\/es\/wp-json\/wp\/v2\/pages\/10975"}],"collection":[{"href":"https:\/\/hottopcasino.com\/es\/wp-json\/wp\/v2\/pages"}],"about":[{"href":"https:\/\/hottopcasino.com\/es\/wp-json\/wp\/v2\/types\/page"}],"author":[{"embeddable":true,"href":"https:\/\/hottopcasino.com\/es\/wp-json\/wp\/v2\/users\/1"}],"replies":[{"embeddable":true,"href":"https:\/\/hottopcasino.com\/es\/wp-json\/wp\/v2\/comments?post=10975"}],"version-history":[{"count":3,"href":"https:\/\/hottopcasino.com\/es\/wp-json\/wp\/v2\/pages\/10975\/revisions"}],"predecessor-version":[{"id":16538,"href":"https:\/\/hottopcasino.com\/es\/wp-json\/wp\/v2\/pages\/10975\/revisions\/16538"}],"wp:attachment":[{"href":"https:\/\/hottopcasino.com\/es\/wp-json\/wp\/v2\/media?parent=10975"}],"curies":[{"name":"wp","href":"https:\/\/api.w.org\/{rel}","templated":true}]}}