	{"id":11059,"date":"2023-08-28T20:29:07","date_gmt":"2023-08-28T09:29:07","guid":{"rendered":"https:\/\/hottopcasino.com\/neteller\/"},"modified":"2024-09-25T00:12:01","modified_gmt":"2024-09-24T13:12:01","slug":"neteller","status":"publish","type":"page","link":"https:\/\/hottopcasino.com\/es\/neteller\/","title":{"rendered":"Neteller"},"content":{"rendered":"<p>Neteller se erige como un sistema de pago en l\u00ednea de buena reputaci\u00f3n y ampliamente utilizado que ha encontrado su lugar no s\u00f3lo en el \u00e1mbito del comercio electr\u00f3nico sino tambi\u00e9n en la industria del juego en l\u00ednea. Fundada en 1999, Neteller r\u00e1pidamente se hizo un hueco al ofrecer una soluci\u00f3n segura y c\u00f3moda para transferencias de fondos y pagos en l\u00ednea.<\/p>\n<h2><strong>La comodidad de una billetera electr\u00f3nica<\/strong><\/h2>\n<p>Neteller, que funciona como una billetera electr\u00f3nica, ofrece a los usuarios un dep\u00f3sito virtual para sus fondos, agilizando las transacciones y eliminando la necesidad de ingresar repetidamente detalles de pago. Este nivel de seguridad y privacidad es de suma importancia en el mundo de los juegos de azar en l\u00ednea, donde las personas buscan un m\u00e9todo confiable para administrar sus finanzas y realizar dep\u00f3sitos y retiros sin problemas sin revelar informaci\u00f3n financiera confidencial.<\/p>\n<h3><strong>Versatilidad entre plataformas<\/strong><\/h3>\n<p>La clara ventaja de Neteller radica en su amplia aceptaci\u00f3n en una multitud de plataformas en l\u00ednea. Desde casinos en l\u00ednea hasta varios sitios web de comercio electr\u00f3nico, la gama de plataformas compatibles con Neteller lo convierte en una opci\u00f3n adaptable para los usuarios que participan en diversas actividades en l\u00ednea, m\u00e1s all\u00e1 del \u00e1mbito de los juegos de azar.<\/p>\n<h3><strong>Desbloqueo de beneficios VIP<\/strong><\/h3>\n<p>Neteller ampl\u00eda un programa VIP dise\u00f1ado para recompensar a los usuarios leales por su participaci\u00f3n constante. Estos miembros VIP disfrutan de una gama de beneficios, que incluyen tarifas reducidas, mayores l\u00edmites de transacciones y acceso a atenci\u00f3n al cliente dedicada. Este programa exclusivo ha atra\u00eddo con \u00e9xito a usuarios frecuentes que valoran los beneficios adicionales que ofrece.<\/p>\n<h2><strong>Neteller y casinos en l\u00ednea<\/strong><\/h2>\n<p>Para los entusiastas de los casinos en l\u00ednea, Neteller es la opci\u00f3n favorita debido a su perfecta funcionalidad, su r\u00e1pido procesamiento de transacciones y el nivel de anonimato que ofrece. El proceso de depositar fondos o retirar ganancias de cuentas de casino se agiliza con Neteller. La naturaleza expedita de las transacciones, que a menudo rozan lo instant\u00e1neo, resuena profundamente entre los jugadores que priorizan el acceso inmediato a los juegos o a sus ganancias.<\/p>\n<h3><strong>Facilidad de uso y configuraci\u00f3n de cuenta<\/strong><\/h3>\n<p>El uso de Neteller requiere que los usuarios registren una cuenta en el sitio web oficial, adem\u00e1s de vincular sus m\u00e9todos de pago preferidos, que pueden incluir tarjetas de cr\u00e9dito\/d\u00e9bito o cuentas bancarias. Despu\u00e9s de la configuraci\u00f3n de la cuenta, el proceso implica principalmente seleccionar Neteller como m\u00e9todo de pago en plataformas compatibles y otorgar autorizaci\u00f3n para la transacci\u00f3n.<\/p>\n<h2><strong>Conclusi\u00f3n<\/strong><\/h2>\n<p>En resumen, Neteller ha solidificado su posici\u00f3n como un sistema de pago en l\u00ednea seguro, confiable y eficiente. Particularmente en el contexto de los casinos en l\u00ednea y el sector del juego en general, sus transacciones fluidas, su interfaz f\u00e1cil de usar y su amplia aceptaci\u00f3n lo convierten en una opci\u00f3n \u00f3ptima para las personas que buscan un medio \u00e1gil y sin complicaciones de administrar sus finanzas en la era digital.<\/p>\n","protected":false},"excerpt":{"rendered":"<p>Neteller se erige como un sistema de pago en l\u00ednea de buena reputaci\u00f3n y ampliamente utilizado que ha encontrado su lugar no s\u00f3lo en el \u00e1mbito del comercio electr\u00f3nico sino tambi\u00e9n en la industria del juego en l\u00ednea. Fundada en 1999, Neteller r\u00e1pidamente se hizo un hueco al ofrecer una soluci\u00f3n segura y c\u00f3moda para [&hellip;]<\/p>\n","protected":false},"author":1,"featured_media":0,"parent":0,"menu_order":0,"comment_status":"closed","ping_status":"closed","template":"","meta":{"om_disable_all_campaigns":false,"_monsterinsights_skip_tracking":false,"_monsterinsights_sitenote_active":false,"_monsterinsights_sitenote_note":"","_monsterinsights_sitenote_category":0,"footnotes":""},"acf":[],"aioseo_notices":[],"_links":{"self":[{"href":"https:\/\/hottopcasino.com\/es\/wp-json\/wp\/v2\/pages\/11059"}],"collection":[{"href":"https:\/\/hottopcasino.com\/es\/wp-json\/wp\/v2\/pages"}],"about":[{"href":"https:\/\/hottopcasino.com\/es\/wp-json\/wp\/v2\/types\/page"}],"author":[{"embeddable":true,"href":"https:\/\/hottopcasino.com\/es\/wp-json\/wp\/v2\/users\/1"}],"replies":[{"embeddable":true,"href":"https:\/\/hottopcasino.com\/es\/wp-json\/wp\/v2\/comments?post=11059"}],"version-history":[{"count":2,"href":"https:\/\/hottopcasino.com\/es\/wp-json\/wp\/v2\/pages\/11059\/revisions"}],"predecessor-version":[{"id":11061,"href":"https:\/\/hottopcasino.com\/es\/wp-json\/wp\/v2\/pages\/11059\/revisions\/11061"}],"wp:attachment":[{"href":"https:\/\/hottopcasino.com\/es\/wp-json\/wp\/v2\/media?parent=11059"}],"curies":[{"name":"wp","href":"https:\/\/api.w.org\/{rel}","templated":true}]}}