	{"id":11124,"date":"2020-01-13T20:06:40","date_gmt":"2020-01-13T09:06:40","guid":{"rendered":"https:\/\/hottopcasino.com\/cashback-bonuses\/"},"modified":"2023-10-18T23:03:27","modified_gmt":"2023-10-18T12:03:27","slug":"cashback-bonuses","status":"publish","type":"page","link":"https:\/\/hottopcasino.com\/es\/cashback-bonuses\/","title":{"rendered":"Bonos de reembolso"},"content":{"rendered":"\t\t<div data-elementor-type=\"wp-page\" data-elementor-id=\"11124\" class=\"elementor elementor-11124 elementor-18\">\n\t\t\t\t\t\t\t\t\t<section class=\"elementor-section elementor-top-section elementor-element elementor-element-5e4b591f elementor-section-boxed elementor-section-height-default elementor-section-height-default\" data-id=\"5e4b591f\" data-element_type=\"section\">\n\t\t\t\t\t\t<div class=\"elementor-container elementor-column-gap-default\">\n\t\t\t\t\t<div class=\"elementor-column elementor-col-100 elementor-top-column elementor-element elementor-element-5a1734bc\" data-id=\"5a1734bc\" data-element_type=\"column\">\n\t\t\t<div class=\"elementor-widget-wrap elementor-element-populated\">\n\t\t\t\t\t\t\t\t<div class=\"elementor-element elementor-element-595ad0f4 elementor-widget elementor-widget-text-editor\" data-id=\"595ad0f4\" data-element_type=\"widget\" data-widget_type=\"text-editor.default\">\n\t\t\t\t<div class=\"elementor-widget-container\">\n\t\t\t<style>\/*! elementor - v3.10.1 - 17-01-2023 *\/\n.elementor-widget-text-editor.elementor-drop-cap-view-stacked .elementor-drop-cap{background-color:#818a91;color:#fff}.elementor-widget-text-editor.elementor-drop-cap-view-framed .elementor-drop-cap{color:#818a91;border:3px solid;background-color:transparent}.elementor-widget-text-editor:not(.elementor-drop-cap-view-default) .elementor-drop-cap{margin-top:8px}.elementor-widget-text-editor:not(.elementor-drop-cap-view-default) .elementor-drop-cap-letter{width:1em;height:1em}.elementor-widget-text-editor .elementor-drop-cap{float:left;text-align:center;line-height:1;font-size:50px}.elementor-widget-text-editor .elementor-drop-cap-letter{display:inline-block}<\/style>\t\t\t\t<span style=\"color: #000000;\"><img decoding=\"async\" loading=\"lazy\" class=\"alignnone size-full wp-image-706\" src=\"https:\/\/hottopcasino.com\/wp-content\/uploads\/2020\/05\/HotTop-BS-banner-982_188.jpg\" alt=\"BitStars_Hottopcasino \" width=\"982\" height=\"188\" srcset=\"https:\/\/hottopcasino.com\/wp-content\/uploads\/2020\/05\/HotTop-BS-banner-982_188.jpg 982w, https:\/\/hottopcasino.com\/wp-content\/uploads\/2020\/05\/HotTop-BS-banner-982_188-300x57.jpg 300w, https:\/\/hottopcasino.com\/wp-content\/uploads\/2020\/05\/HotTop-BS-banner-982_188-768x147.jpg 768w, https:\/\/hottopcasino.com\/wp-content\/uploads\/2020\/05\/HotTop-BS-banner-982_188-60x11.jpg 60w, https:\/\/hottopcasino.com\/wp-content\/uploads\/2020\/05\/HotTop-BS-banner-982_188-40x8.jpg 40w, https:\/\/hottopcasino.com\/wp-content\/uploads\/2020\/05\/HotTop-BS-banner-982_188-65x12.jpg 65w\" sizes=\"(max-width: 982px) 100vw, 982px\" \/><\/span>\n\n<span style=\"color: #000000;\">El t\u00e9rmino reembolso es familiar para los titulares de tarjetas. Sin duda, la mayor\u00eda de la gente coincide en que el reembolso de parte de los costes es un buen incentivo.<\/span>\n\n<span style=\"color: #000000;\">Los casinos en l\u00ednea tienen un sistema de recompensas similar. La idea de utilizarlo en los juegos de azar se les ocurri\u00f3 a los propietarios de los establecimientos de juego mucho antes de que apareciera la posibilidad de jugar en Internet. Se implement\u00f3 en clubes de juego locales y consisti\u00f3 en ofrecer bebidas y snacks gratis a los clientes habituales.<\/span>\n\n<span style=\"color: #000000;\">De este art\u00edculo aprender\u00e1s:<\/span>\n<ul>\n  <li><span style=\"color: #000000;\"><strong>\u00bfQu\u00e9 es el reembolso del casino?<\/strong><\/span><\/li>\n  <li><span style=\"color: #000000;\"><strong>\u00bfQu\u00e9 sucede y c\u00f3mo se calcula?<\/strong><\/span><\/li>\n<\/ul>\n<span style=\"color: #000000;\">Cashback en casinos online: as\u00ed se aplican las variantes m\u00e1s importantes.<\/span>\n\nLos <span style=\"color: #000000;\"><strong>Los bonos de devoluci\u00f3n de efectivo<\/strong> son un tipo especial de recompensa para los jugadores de los casinos en l\u00ednea. Los bonos de devoluci\u00f3n de efectivo devuelven una parte del dinero, dep\u00f3sitos o montos de apuestas perdidos durante un per\u00edodo de tiempo espec\u00edfico. Los bonos de devoluci\u00f3n de efectivo son dep\u00f3sitos &#8220;de seguridad&#8221;, ya que brindan a los usuarios una segunda oportunidad de apostar en caso de fallar. El monto del retorno var\u00eda entre el 2% y el 20% y depende principalmente de la actividad del usuario.<\/span>\n\n<span style=\"color: #000000;\"><strong>La forma m\u00e1s com\u00fan de recibir bonos de devoluci\u00f3n de dinero es<\/strong><\/span>\n<ul>\n  <li><span style=\"color: #000000;\">Del monto total de los dep\u00f3sitos. En este caso, el jugador recibe un cierto porcentaje del monto del dep\u00f3sito durante un per\u00edodo de tiempo determinado<\/span><\/li>\n  <li><span style=\"color: #000000;\">De fondos perdidos. Dicho reembolso es v\u00e1lido durante un per\u00edodo de tiempo determinado a partir de la p\u00e9rdida del cliente.<\/span><\/li>\n<\/ul>\n<span style=\"color: #000000;\"><strong>\u00bfDurante cu\u00e1nto tiempo se puede acreditar el reembolso?<\/strong><\/span>\n<ul>\n  <li><span style=\"color: #000000;\">Diario: normalmente solo est\u00e1 disponible para jugadores con el nivel VIP m\u00e1s alto;<\/span><\/li>\n  <li><span style=\"color: #000000;\">Semanal: reembolso de efectivo por actividades durante la semana;<\/span><\/li>\n  <li><span style=\"color: #000000;\">El pago mensual generalmente se realiza el d\u00eda 1 de cada mes.<\/span><\/li>\n<\/ul>\n<span style=\"color: #000000;\">En algunos casos, la propia instituci\u00f3n determina la frecuencia de pago, dependiendo del estatus VIP del jugador. Por ejemplo, los jugadores con un nivel inicial pueden activar el reembolso una vez al mes y los jugadores con el nivel m\u00e1s alto, una vez al d\u00eda;<\/span>\n\n<span style=\"color: #000000;\"><strong>\u00bfC\u00f3mo se emite un bono de devoluci\u00f3n de dinero?<\/strong><\/span>\n<ul>\n  <li><span style=\"color: #000000;\">En efectivo. La opci\u00f3n m\u00e1s com\u00fan en la que el usuario recibe un porcentaje de los dep\u00f3sitos o p\u00e9rdidas en forma de dinero real sobre el saldo restante;<\/span><\/li>\n  <li><span style=\"color: #000000;\">Puntos de fidelidad. Se pueden cambiar instant\u00e1neamente por dinero real o guardar para recibir un tipo de cambio m\u00e1s alto y otros privilegios;<\/span><\/li>\n<\/ul>\n<span style=\"color: #000000;\"><strong>Bono de reembolso por apuesta:<\/strong><\/span>\n<ul>\n  <li><span style=\"color: #000000;\">Sin apuesta. El dinero recibido se puede gestionar seg\u00fan sus deseos;<\/span><\/li>\n  <li><span style=\"color: #000000;\">Una apuesta que requiere apostar de 3 a 40 veces el monto del bono recibido.<\/span><\/li>\n<\/ul>\n<span style=\"color: #000000;\"><strong>Bono de reembolso predeterminado:<\/strong><\/span>\n<ul>\n  <li><span style=\"color: #000000;\">Autom\u00e1ticamente;<\/span><\/li>\n  <li><span style=\"color: #000000;\">A petici\u00f3n del servicio de atenci\u00f3n al cliente. Esto se hace para que el cliente decida por s\u00ed mismo si necesita este bono o no;<\/span><\/li>\n<\/ul>\n<span style=\"color: #000000;\">Preste atenci\u00f3n al per\u00edodo previsto para la activaci\u00f3n y ejecuci\u00f3n del bono de reembolso recibido.<\/span>\n\n<span style=\"color: #000000;\"><\/span>\t\t\t\t\t\t<\/div>\n\t\t\t\t<\/div>\n\t\t\t\t\t<\/div>\n\t\t<\/div>\n\t\t\t\t\t\t\t<\/div>\n\t\t<\/section>\n\t\t\t\t\t\t\t<\/div>\n\t\t","protected":false},"excerpt":{"rendered":"<p>El t\u00e9rmino reembolso es familiar para los titulares de tarjetas. Sin duda, la mayor\u00eda de la gente coincide en que el reembolso de parte de los costes es un buen incentivo. Los casinos en l\u00ednea tienen un sistema de recompensas similar. La idea de utilizarlo en los juegos de azar se les ocurri\u00f3 a los [&hellip;]<\/p>\n","protected":false},"author":1,"featured_media":0,"parent":0,"menu_order":4,"comment_status":"open","ping_status":"closed","template":"","meta":{"om_disable_all_campaigns":false,"_monsterinsights_skip_tracking":false,"_monsterinsights_sitenote_active":false,"_monsterinsights_sitenote_note":"","_monsterinsights_sitenote_category":0,"footnotes":""},"acf":[],"aioseo_notices":[],"_links":{"self":[{"href":"https:\/\/hottopcasino.com\/es\/wp-json\/wp\/v2\/pages\/11124"}],"collection":[{"href":"https:\/\/hottopcasino.com\/es\/wp-json\/wp\/v2\/pages"}],"about":[{"href":"https:\/\/hottopcasino.com\/es\/wp-json\/wp\/v2\/types\/page"}],"author":[{"embeddable":true,"href":"https:\/\/hottopcasino.com\/es\/wp-json\/wp\/v2\/users\/1"}],"replies":[{"embeddable":true,"href":"https:\/\/hottopcasino.com\/es\/wp-json\/wp\/v2\/comments?post=11124"}],"version-history":[{"count":5,"href":"https:\/\/hottopcasino.com\/es\/wp-json\/wp\/v2\/pages\/11124\/revisions"}],"predecessor-version":[{"id":11129,"href":"https:\/\/hottopcasino.com\/es\/wp-json\/wp\/v2\/pages\/11124\/revisions\/11129"}],"wp:attachment":[{"href":"https:\/\/hottopcasino.com\/es\/wp-json\/wp\/v2\/media?parent=11124"}],"curies":[{"name":"wp","href":"https:\/\/api.w.org\/{rel}","templated":true}]}}