	{"id":11140,"date":"2020-01-13T20:06:55","date_gmt":"2020-01-13T09:06:55","guid":{"rendered":"https:\/\/hottopcasino.com\/real-money-pokies\/"},"modified":"2023-10-18T23:38:18","modified_gmt":"2023-10-18T12:38:18","slug":"real-money-pokies","status":"publish","type":"page","link":"https:\/\/hottopcasino.com\/es\/real-money-pokies\/","title":{"rendered":"M\u00e1quinas tragamonedas con dinero real"},"content":{"rendered":"<div class=\"payment-systems-navigation pull-left\">\n                    <div class=\"best-of-online-casinos payment-system-navigation-row clearfix\" onclick=\"NavigationAnchor(this); return false;\">\n                        <div class=\"payment-system-navigation-title pull-left\">\n                            <span>Best of online casinos<\/span>\n                        <\/div>\n                    <\/div>\n                \n                    <div class=\"play-free-pokies-now payment-system-navigation-row clearfix\" onclick=\"NavigationAnchor(this); return false;\">\n                        <div class=\"payment-system-navigation-title pull-left\">\n                            <span>Play Free Pokies Now<\/span>\n                        <\/div>\n                    <\/div>\n                \n                    <div class=\"types-of-pokies payment-system-navigation-row clearfix\" onclick=\"NavigationAnchor(this); return false;\">\n                        <div class=\"payment-system-navigation-title pull-left\">\n                            <span>Types of pokies<\/span>\n                        <\/div>\n                    <\/div>\n                \n                    <div class=\"free-money-casino payment-system-navigation-row clearfix\" onclick=\"NavigationAnchor(this); return false;\">\n                        <div class=\"payment-system-navigation-title pull-left\">\n                            <span>Free money - casino<\/span>\n                        <\/div>\n                    <\/div>\n                <\/div>\n<p>Australia siempre ha tenido debilidad por las m\u00e1quinas tragamonedas. Despu\u00e9s de todo, no hay muchas cosas que puedan brindarle tales emociones y la adrenalina que Aussie Casino puede brindarle. Y su popularidad est\u00e1 creciendo hoy m\u00e1s que nunca. Esto tiene mucho que ver con su disponibilidad. Antes no todo el mundo ten\u00eda acceso, pero ahora todo el mundo puede jugarlos y disfrutarlos. A\u00fan mejor: cualquiera puede optar por jugar algunas rondas y obtener buenas ganancias, incluso sin realizar un dep\u00f3sito primero.<\/p>\n<p>Adem\u00e1s, no es necesario ser un experto para ganar. Puedes convertirte en un experto gradualmente, comenzando desde abajo y aumentando desde all\u00ed. Puedes negociar tus propios t\u00e9rminos y jugar de una manera que te haga sentir c\u00f3modo. Ahora es el momento de probar algunas de las opciones m\u00e1s conocidas y buscadas. Las m\u00e1quinas tragamonedas reales est\u00e1n de moda y ofrecen muchas variaciones de juego. Estos deber\u00edan ser los primeros que te vienen a la mente cuando piensas en los casinos. Adem\u00e1s, su sencillez y facilidad de uso los hacen atractivos para muchas personas.<\/p>\n<h2><strong>Solo las mejores opciones de casino para que los australianos jueguen con dinero real<\/strong><\/h2>\n<p>Si eres de los que les encanta conseguir las mejores ofertas y ganar siempre con ofertas y descuentos especiales, entonces los casinos online no deber\u00edan ser diferentes. No es dif\u00edcil encontrar opciones atractivas de m\u00e1quinas tragamonedas y obtener ofertas generosas que pueden generar toneladas de bonificaciones.<\/p>\n<p>Antes de registrarse en un sitio web, examine detenidamente sus pol\u00edticas y lo que ofrecen a las nuevas personas que se acercan a su esquina. Busque las mejores ofertas y sitios que le ofrezcan muchas cosas gratis cuando se registre. El mercado es muy competitivo, por lo que la mayor\u00eda de los casinos est\u00e1n dispuestos a luchar por su atenci\u00f3n.<\/p>\n<p>Adem\u00e1s, muchos casinos online tienen un t\u00e9rmino especial para aquellos que lo merecen. Ofrecen un programa VIP para que puedas obtener a\u00fan m\u00e1s bonos y beneficios, casi no tienen l\u00edmites y disfrutas de una experiencia incre\u00edble mientras juegas y usas el programa. Los VIP rara vez encuentran restricciones y suelen tener suerte en los juegos. Aqu\u00ed encontrar\u00e1 una biblioteca incre\u00edblemente grande de juegos y todo lo relacionado con los casinos en l\u00ednea, incluidos varios torneos.<\/p>\n<p>Tabla con los casinos que ofrecen bonos m\u00e1s atractivos.<\/p>\n<h2><strong>Las mejores opciones de casino online para jugar con giros gratis y ganar dinero real<\/strong><\/h2>\n<p>Los casinos australianos tienen una forma especial de diferenciarse. A diferencia de otros casinos, est\u00e1n dispuestos a dar a los novatos toneladas de regalos s\u00f3lo por venir. No dejes que nadie te enga\u00f1e, muchos casinos te prometen que te dar\u00e1n cosas gratis, pero siempre hay un problema. Para obtener algo en estos otros sitios necesitas un dep\u00f3sito, jugar toneladas y cumplir con muchos requisitos cuestionables. Aqu\u00ed la historia es diferente; El dinero que tanto le cost\u00f3 ganar no est\u00e1 en juego. Nadie te obliga a depositar dinero en efectivo en tu cuenta ni nada por el estilo.<\/p>\n<p>Cuando te registres, recibir\u00e1s encantadores obsequios de bienvenida y podr\u00e1s usarlos en los juegos. Otro factor diferenciador es la generosidad de estos obsequios. Si desea mantenerse a la vanguardia y aprovechar al m\u00e1ximo todas las excelentes oportunidades que ofrecen estos lugares, a continuaci\u00f3n encontrar\u00e1 una lista para consultar. Existen las opciones de tragamonedas m\u00e1s atractivas para que experimentes y te diviertas.<\/p>\n<p>Por supuesto, el objetivo principal de tantas ofertas especiales y similares es ayudar a los novatos. Las personas que reci\u00e9n ingresan a esta esfera pueden tener miedo de apostar su dinero en un solo giro, por lo que los \u201cincentivos\u201d pueden indicarles la direcci\u00f3n correcta. No obstante, cualquiera puede beneficiarse de estos bonos y, si sabes lo que est\u00e1s haciendo, tambi\u00e9n puedes empezar a ganar con ellos.<\/p>\n<p>Recuerda que debes canjear el bono seg\u00fan los t\u00e9rminos y condiciones para poder retirar tus ganancias. Las condiciones se te presentar\u00e1n cuando recibas el bono y podr\u00e1s volver a consultarlas en cualquier momento. Para liberar este bono debes jugar un n\u00famero de veces previamente acordado, que puede ser diez veces, veinticinco veces o como se indique en los t\u00e9rminos y condiciones. Del mismo modo, todos los casinos tienen un l\u00edmite m\u00ednimo de retiro, pero eso no es nada de qu\u00e9 preocuparse, los l\u00edmites son bastante bajos y solo debes tener cuidado de que la gente no retire solo unos pocos centavos a la vez.<\/p>\n<p>Al jugar con los bonos gratuitos, puedes experimentar los juegos sin gastar dinero.da, e incluso podr\u00e1s obtener algunas ganancias. Para probar esta opci\u00f3n, consulte la siguiente lista de los mejores casinos con giros gratis.<\/p>\n<h2><strong>Juega a m\u00e1quinas tragamonedas gratis ahora<\/strong><\/h2>\n<p>Aqu\u00ed encontrar\u00e1s las mejores m\u00e1quinas tragamonedas con giros gratis, consulta la tabla a continuaci\u00f3n.<\/p>\n<p>[Tabla de pokies con dinero real]<\/p>\n<h2><strong>\u00bfCu\u00e1les son las principales diferencias entre los tipos de m\u00e1quinas tragamonedas?<\/strong><\/h2>\n<p>Otra fant\u00e1stica ventaja de las tragamonedas en l\u00ednea australianas es la variedad de opciones que se ofrecen. All\u00ed encontrar\u00e1s un cat\u00e1logo incre\u00edble con infinidad de juegos y opciones. Las m\u00e1quinas tragamonedas australianas son mucho m\u00e1s emocionantes y ofrecen m\u00e1s variaciones y alternativas que cualquier cosa que puedas encontrar en el casino de tu ciudad o en cualquier casino f\u00edsico. Adem\u00e1s, estos juegos en l\u00ednea no son m\u00e1quinas tragamonedas digitales tradicionales con algunas frutas dibujadas.<\/p>\n<p>Aqu\u00ed encontrar\u00e1s muchos juegos con tem\u00e1ticas espec\u00edficas, como pel\u00edculas y series. Incluso puedes encontrar juegos con tem\u00e1tica anterior a tu novela televisiva favorita.<\/p>\n<h2><strong>Para simplificar, se podr\u00eda decir que hay dos tipos principales de m\u00e1quinas tragamonedas: tragamonedas de 3 carretes y de 5 carretes<\/strong><\/h2>\n<p><strong>M\u00e1quina tragamonedas de 3 carretes<\/strong><\/p>\n<p>Las tragamonedas de 3 carretes han sido durante mucho tiempo el est\u00e1ndar de oro; Incluso hoy en d\u00eda, todav\u00eda evocan un sentimiento de nostalgia en muchos jugadores. Estos son los tipos de juegos que les vienen a la mente a muchas personas cuando piensan en casinos en l\u00ednea: las im\u00e1genes cl\u00e1sicas de frutas que aparecen en la pantalla mientras espera conseguir tres cerezas. El factor de simplicidad y diversi\u00f3n que aportan es perfecto para nuevos jugadores.<\/p>\n<p>Estos juegos son divertidos, simples pero emocionantes, por lo que a los \u201cnovatos\u201d les encantan. Es f\u00e1cil jugar ya que s\u00f3lo tienes que seguir unos pocos s\u00edmbolos y no hay muchas opciones para apostar. Todos estos factores hacen que la tragamonedas de 3 carretes sea muy divertida y el punto de partida perfecto para cualquier persona interesada en los casinos en l\u00ednea.<\/p>\n<p><strong>M\u00e1quina tragamonedas de 5 carretes<\/strong><\/p>\n<p>Aqu\u00ed lo que est\u00e1 en juego es mayor y toda la situaci\u00f3n se vuelve m\u00e1s interesante. Las tragamonedas de 5 carretes ahora est\u00e1n calificadas como las mejores porque te permiten una mayor interacci\u00f3n con el juego y ofrecen m\u00e1s gr\u00e1ficos. Se agrega un s\u00edmbolo de dispersi\u00f3n y, adem\u00e1s, hay muchos carretes y giros a los que prestar atenci\u00f3n. Esto significa que tienes muchas m\u00e1s oportunidades de ganar. Hay toneladas de combinaciones posibles que puedes usar para conseguir ganancias y eso hace que el juego sea mucho m\u00e1s entretenido. Cuando juegues, aseg\u00farate de activar todos los carretes y giros posibles para tener tantas combinaciones ganadoras como sea posible.<\/p>\n<p><strong>Premio mayor de p\u00f3quer progresivo<\/strong><\/p>\n<p>Los juegos de tragamonedas progresivas suelen formar parte de un grupo combinado en el que las apuestas se realizan en varios casinos. Lo que atrae a la gente a este juego es el precio. Dado que lo ofrecen muchos casinos, el premio mayor es enorme, a veces el premio ronda las seis cifras. Aqu\u00ed puedes ganar el gran premio y llevarte a casa un premio en met\u00e1lico de seis cifras. Cuanto m\u00e1s te acerques a los torneos de tragamonedas, m\u00e1s podr\u00e1s ganar.<\/p>\n<p><strong>Proveedor de m\u00e1quinas tragamonedas<\/strong><\/p>\n<p>Los jugadores australianos tienen acceso a algunos de los mejores desarrolladores del mundo cuando se trata de juegos en l\u00ednea. Puedes encontrar nombres ex\u00f3ticos en sus p\u00e1ginas. Desarrolladores como Bally Tech, IGT, Aristocrat, Konami y Ainsworth son muy conocidos en la industria y ahora est\u00e1n trabajando para llevar los mejores juegos a estos casinos en l\u00ednea.<\/p>\n<h2><strong>C\u00f3mo puedes sumergirte en el fant\u00e1stico mundo de los casinos online y empezar a jugar:<\/strong><\/h2>\n<h3><strong>Probabilidades de m\u00e1quinas tragamonedas online<\/strong><\/h3>\n<p>Por lo general, los casinos en l\u00ednea australianos le ofrecen muchas m\u00e1s posibilidades de quejarse que sus hom\u00f3logos f\u00edsicos contempor\u00e1neos. Construir un casino en l\u00ednea es mucho m\u00e1s barato que construir un casino real. Online no es necesario gastar millones en buscar un apartamento, remodelarlo, instalar todo el equipamiento necesario, etc. Por esta raz\u00f3n, los casinos en l\u00ednea pueden ofrecer a sus jugadores probabilidades de ganar mucho mejores e incluso bonos iniciales.<\/p>\n<p>Para dar algunos ejemplos del mundo real, al analizar las m\u00e1quinas que funcionan con monedas en muchos pubs australianos, los investigadores descubrieron que gastar cinco centavos ten\u00eda entre un 87% y un 90% de posibilidades de venderse. Por otro lado, los casinos online suelen ofrecer una probabilidad de m\u00e1s del 95%.<\/p>\n<h3><strong>Estrategia para m\u00e1quinas tragamonedas online<\/strong><\/h3>\n<p>Para empezar, debes estar preparado para jugar a cualquier cosa. Esto significa que es posible que tengas que apostar todas tus monedas porque as\u00ed es como obtendr\u00e1s el premio mayor. A algunos casinos australianos no les gusta estoaplican, pero en la mayor\u00eda de ellos debes realizar tu apuesta m\u00e1xima si quieres obtener el premio m\u00e1s alto. Esto es especialmente cierto en el caso del bote progresivo, que rara vez paga el bote completo a menos que juegues el monto total.<\/p>\n<p>Por otro lado, siempre debes considerar tus l\u00edmites y jugar tanto como creas que es suficiente. No te esfuerces m\u00e1s all\u00e1 de tus l\u00edmites s\u00f3lo para sentirte mal m\u00e1s tarde. Sin embargo, si quieres darlo todo, puede significar una gran victoria. Esto se debe a que los casinos en l\u00ednea siempre tienen las mejores probabilidades en los juegos m\u00e1s caros.<\/p>\n<h3><strong>\u00bfC\u00f3mo jugar a tragamonedas online con dinero real en Australia?<\/strong><\/h3>\n<p>Despu\u00e9s de probar varios modos de juego gratuitos, es posible que desees poner en espera algunos juegos en l\u00ednea con dinero real y ganar el premio mayor. Para que puedas jugar con dinero real; Lo que debes hacer es recargar tu saldo de m\u00e1quinas tragamonedas en l\u00ednea australianas. Cada casino en l\u00ednea ofrece diferentes formas de depositar fondos en su cuenta; Puedes elegir el que se adapte a tus preferencias. Visa y Mastercard son opciones universales que funcionan en casi todas partes. El \u00fanico momento en el que estas opciones no est\u00e1n disponibles suele ser en los casinos de Bitcoin.<\/p>\n<p>Tenga en cuenta que, para realizar grandes retiros de efectivo en l\u00ednea, a menudo se le pedir\u00e1 que verifique sus datos. Normalmente, esto implica enviar o escanear una identificaci\u00f3n con fotograf\u00eda emitida por el gobierno y un comprobante de residencia.<\/p>\n<h3><strong>C\u00f3mo conseguir dinero gratis en un casino online para jugar a las tragamonedas<\/strong><\/h3>\n<p>El mundo de los casinos en l\u00ednea es una industria competitiva y excelente para nuevos jugadores. Los casinos online prefieren atraer nuevos usuarios con bonos de bienvenida y de dep\u00f3sito. Cada casino ofrece un bono de bienvenida que iguala su primer dep\u00f3sito hasta una determinada cantidad.<\/p>\n<p>El dinero gratis no se limita s\u00f3lo al bono de bienvenida, sino que tambi\u00e9n se ofrecen numerosas promociones de forma continua. Por eso siempre debes consultar las novedades de tu casino favorito; Es posible que haya algunas promociones interesantes la pr\u00f3xima vez que inicies sesi\u00f3n para jugar.<\/p>\n<p>&nbsp;<\/p>\n<p>[FreePokiesSlotsBlck page_id=&#8221;20&#8243;]<\/p>\n","protected":false},"excerpt":{"rendered":"<p>Australia siempre ha tenido debilidad por las m\u00e1quinas tragamonedas. Despu\u00e9s de todo, no hay muchas cosas que puedan brindarle tales emociones y la adrenalina que Aussie Casino puede brindarle. Y su popularidad est\u00e1 creciendo hoy m\u00e1s que nunca. Esto tiene mucho que ver con su disponibilidad. Antes no todo el mundo ten\u00eda acceso, pero ahora [&hellip;]<\/p>\n","protected":false},"author":1,"featured_media":0,"parent":0,"menu_order":5,"comment_status":"open","ping_status":"closed","template":"","meta":{"om_disable_all_campaigns":false,"_monsterinsights_skip_tracking":false,"_monsterinsights_sitenote_active":false,"_monsterinsights_sitenote_note":"","_monsterinsights_sitenote_category":0,"footnotes":""},"acf":[],"aioseo_notices":[],"_links":{"self":[{"href":"https:\/\/hottopcasino.com\/es\/wp-json\/wp\/v2\/pages\/11140"}],"collection":[{"href":"https:\/\/hottopcasino.com\/es\/wp-json\/wp\/v2\/pages"}],"about":[{"href":"https:\/\/hottopcasino.com\/es\/wp-json\/wp\/v2\/types\/page"}],"author":[{"embeddable":true,"href":"https:\/\/hottopcasino.com\/es\/wp-json\/wp\/v2\/users\/1"}],"replies":[{"embeddable":true,"href":"https:\/\/hottopcasino.com\/es\/wp-json\/wp\/v2\/comments?post=11140"}],"version-history":[{"count":2,"href":"https:\/\/hottopcasino.com\/es\/wp-json\/wp\/v2\/pages\/11140\/revisions"}],"predecessor-version":[{"id":11142,"href":"https:\/\/hottopcasino.com\/es\/wp-json\/wp\/v2\/pages\/11140\/revisions\/11142"}],"wp:attachment":[{"href":"https:\/\/hottopcasino.com\/es\/wp-json\/wp\/v2\/media?parent=11140"}],"curies":[{"name":"wp","href":"https:\/\/api.w.org\/{rel}","templated":true}]}}