	{"id":11152,"date":"2020-01-13T20:07:08","date_gmt":"2020-01-13T09:07:08","guid":{"rendered":"https:\/\/hottopcasino.com\/free-pokies\/"},"modified":"2023-10-18T23:56:00","modified_gmt":"2023-10-18T12:56:00","slug":"free-pokies","status":"publish","type":"page","link":"https:\/\/hottopcasino.com\/es\/free-pokies\/","title":{"rendered":"Maquinas tragamonedas gratis"},"content":{"rendered":"\t\t<div data-elementor-type=\"wp-page\" data-elementor-id=\"11152\" class=\"elementor elementor-11152 elementor-22\">\n\t\t\t\t\t\t\t\t\t<section class=\"elementor-section elementor-top-section elementor-element elementor-element-bd27d94 elementor-section-boxed elementor-section-height-default elementor-section-height-default\" data-id=\"bd27d94\" data-element_type=\"section\">\n\t\t\t\t\t\t<div class=\"elementor-container elementor-column-gap-default\">\n\t\t\t\t\t<div class=\"elementor-column elementor-col-33 elementor-top-column elementor-element elementor-element-3c8b8b8\" data-id=\"3c8b8b8\" data-element_type=\"column\">\n\t\t\t<div class=\"elementor-widget-wrap elementor-element-populated\">\n\t\t\t\t\t\t\t\t<div class=\"elementor-element elementor-element-b866277 elementor-widget elementor-widget-image\" data-id=\"b866277\" data-element_type=\"widget\" data-widget_type=\"image.default\">\n\t\t\t\t<div class=\"elementor-widget-container\">\n\t\t\t<style>\/*! elementor - v3.10.1 - 17-01-2023 *\/\n.elementor-widget-image{text-align:center}.elementor-widget-image a{display:inline-block}.elementor-widget-image a img[src$=\".svg\"]{width:48px}.elementor-widget-image img{vertical-align:middle;display:inline-block}<\/style>\t\t\t\t\t\t\t\t\t\t\t\t<img decoding=\"async\" loading=\"lazy\" width=\"1024\" height=\"576\" src=\"https:\/\/hottopcasino.com\/wp-content\/uploads\/2023\/02\/Book-of-dead-slot-logo-1024x576.jpg\" class=\"attachment-large size-large wp-image-8395\" alt=\"\" srcset=\"https:\/\/hottopcasino.com\/wp-content\/uploads\/2023\/02\/Book-of-dead-slot-logo-1024x576.jpg 1024w, https:\/\/hottopcasino.com\/wp-content\/uploads\/2023\/02\/Book-of-dead-slot-logo-300x169.jpg 300w, https:\/\/hottopcasino.com\/wp-content\/uploads\/2023\/02\/Book-of-dead-slot-logo-768x432.jpg 768w, https:\/\/hottopcasino.com\/wp-content\/uploads\/2023\/02\/Book-of-dead-slot-logo-53x30.jpg 53w, https:\/\/hottopcasino.com\/wp-content\/uploads\/2023\/02\/Book-of-dead-slot-logo-40x23.jpg 40w, https:\/\/hottopcasino.com\/wp-content\/uploads\/2023\/02\/Book-of-dead-slot-logo-65x37.jpg 65w, https:\/\/hottopcasino.com\/wp-content\/uploads\/2023\/02\/Book-of-dead-slot-logo.jpg 1280w\" sizes=\"(max-width: 1024px) 100vw, 1024px\" \/>\t\t\t\t\t\t\t\t\t\t\t\t\t\t\t<\/div>\n\t\t\t\t<\/div>\n\t\t\t\t<div class=\"elementor-element elementor-element-e2c5d06 elementor-widget elementor-widget-heading\" data-id=\"e2c5d06\" data-element_type=\"widget\" data-widget_type=\"heading.default\">\n\t\t\t\t<div class=\"elementor-widget-container\">\n\t\t\t<style>\/*! elementor - v3.10.1 - 17-01-2023 *\/\n.elementor-heading-title{padding:0;margin:0;line-height:1}.elementor-widget-heading .elementor-heading-title[class*=elementor-size-]>a{color:inherit;font-size:inherit;line-height:inherit}.elementor-widget-heading .elementor-heading-title.elementor-size-small{font-size:15px}.elementor-widget-heading .elementor-heading-title.elementor-size-medium{font-size:19px}.elementor-widget-heading .elementor-heading-title.elementor-size-large{font-size:29px}.elementor-widget-heading .elementor-heading-title.elementor-size-xl{font-size:39px}.elementor-widget-heading .elementor-heading-title.elementor-size-xxl{font-size:59px}<\/style><h2 class=\"elementor-heading-title elementor-size-default\">Book of Dead\u200b<\/h2>\t\t<\/div>\n\t\t\t\t<\/div>\n\t\t\t\t<div class=\"elementor-element elementor-element-b965c8d elementor-align-center reell elementor-widget elementor-widget-button\" data-id=\"b965c8d\" data-element_type=\"widget\" data-widget_type=\"button.default\">\n\t\t\t\t<div class=\"elementor-widget-container\">\n\t\t\t\t\t<div class=\"elementor-button-wrapper\">\n\t\t\t<a href=\"https:\/\/hottopcasino.com\/news\/book-of-dead-casino-slot\/\" class=\"elementor-button-link elementor-button elementor-size-sm\" role=\"button\">\n\t\t\t\t\t\t<span class=\"elementor-button-content-wrapper\">\n\t\t\t\t\t\t<span class=\"elementor-button-text\">Tiradas gratis<\/span>\n\t\t<\/span>\n\t\t\t\t\t<\/a>\n\t\t<\/div>\n\t\t\t\t<\/div>\n\t\t\t\t<\/div>\n\t\t\t\t\t<\/div>\n\t\t<\/div>\n\t\t\t\t<div class=\"elementor-column elementor-col-33 elementor-top-column elementor-element elementor-element-d4c8330\" data-id=\"d4c8330\" data-element_type=\"column\">\n\t\t\t<div class=\"elementor-widget-wrap elementor-element-populated\">\n\t\t\t\t\t\t\t\t<div class=\"elementor-element elementor-element-0b06315 elementor-widget elementor-widget-image\" data-id=\"0b06315\" data-element_type=\"widget\" data-widget_type=\"image.default\">\n\t\t\t\t<div class=\"elementor-widget-container\">\n\t\t\t\t\t\t\t\t\t\t\t\t\t\t\t<img decoding=\"async\" loading=\"lazy\" width=\"1024\" height=\"576\" src=\"https:\/\/hottopcasino.com\/wp-content\/uploads\/2023\/02\/sa-6-1024x576.png\" class=\"attachment-large size-large wp-image-8401\" alt=\"\" srcset=\"https:\/\/hottopcasino.com\/wp-content\/uploads\/2023\/02\/sa-6-1024x576.png 1024w, https:\/\/hottopcasino.com\/wp-content\/uploads\/2023\/02\/sa-6-300x169.png 300w, https:\/\/hottopcasino.com\/wp-content\/uploads\/2023\/02\/sa-6-768x432.png 768w, https:\/\/hottopcasino.com\/wp-content\/uploads\/2023\/02\/sa-6-1536x864.png 1536w, https:\/\/hottopcasino.com\/wp-content\/uploads\/2023\/02\/sa-6-1320x743.png 1320w, https:\/\/hottopcasino.com\/wp-content\/uploads\/2023\/02\/sa-6-53x30.png 53w, https:\/\/hottopcasino.com\/wp-content\/uploads\/2023\/02\/sa-6-40x23.png 40w, https:\/\/hottopcasino.com\/wp-content\/uploads\/2023\/02\/sa-6-65x37.png 65w, https:\/\/hottopcasino.com\/wp-content\/uploads\/2023\/02\/sa-6.png 1600w\" sizes=\"(max-width: 1024px) 100vw, 1024px\" \/>\t\t\t\t\t\t\t\t\t\t\t\t\t\t\t<\/div>\n\t\t\t\t<\/div>\n\t\t\t\t<div class=\"elementor-element elementor-element-2ef7b09 elementor-widget elementor-widget-heading\" data-id=\"2ef7b09\" data-element_type=\"widget\" data-widget_type=\"heading.default\">\n\t\t\t\t<div class=\"elementor-widget-container\">\n\t\t\t<h2 class=\"elementor-heading-title elementor-size-default\">Sweet Bonanza\u200b<\/h2>\t\t<\/div>\n\t\t\t\t<\/div>\n\t\t\t\t<div class=\"elementor-element elementor-element-f5386fb elementor-align-center bonanz elementor-widget elementor-widget-button\" data-id=\"f5386fb\" data-element_type=\"widget\" data-widget_type=\"button.default\">\n\t\t\t\t<div class=\"elementor-widget-container\">\n\t\t\t\t\t<div class=\"elementor-button-wrapper\">\n\t\t\t<a href=\"#\" class=\"elementor-button-link elementor-button elementor-size-sm\" role=\"button\">\n\t\t\t\t\t\t<span class=\"elementor-button-content-wrapper\">\n\t\t\t\t\t\t<span class=\"elementor-button-text\">Tiradas gratis<\/span>\n\t\t<\/span>\n\t\t\t\t\t<\/a>\n\t\t<\/div>\n\t\t\t\t<\/div>\n\t\t\t\t<\/div>\n\t\t\t\t\t<\/div>\n\t\t<\/div>\n\t\t\t\t<div class=\"elementor-column elementor-col-33 elementor-top-column elementor-element elementor-element-d088f90\" data-id=\"d088f90\" data-element_type=\"column\">\n\t\t\t<div class=\"elementor-widget-wrap elementor-element-populated\">\n\t\t\t\t\t\t\t\t<div class=\"elementor-element elementor-element-5fba571 elementor-widget elementor-widget-image\" data-id=\"5fba571\" data-element_type=\"widget\" data-widget_type=\"image.default\">\n\t\t\t\t<div class=\"elementor-widget-container\">\n\t\t\t\t\t\t\t\t\t\t\t\t\t\t\t<img decoding=\"async\" src=\"https:\/\/hottopcasino.com\/wp-content\/uploads\/2023\/08\/Power-of-Gods.png\" title=\"Power of Gods\" alt=\"Power of Gods\" loading=\"lazy\" \/>\t\t\t\t\t\t\t\t\t\t\t\t\t\t\t<\/div>\n\t\t\t\t<\/div>\n\t\t\t\t<div class=\"elementor-element elementor-element-29a81fa elementor-widget elementor-widget-heading\" data-id=\"29a81fa\" data-element_type=\"widget\" data-widget_type=\"heading.default\">\n\t\t\t\t<div class=\"elementor-widget-container\">\n\t\t\t<h2 class=\"elementor-heading-title elementor-size-default\">Power of Gods<\/h2>\t\t<\/div>\n\t\t\t\t<\/div>\n\t\t\t\t<div class=\"elementor-element elementor-element-f83759c elementor-align-center good elementor-widget elementor-widget-button\" data-id=\"f83759c\" data-element_type=\"widget\" data-widget_type=\"button.default\">\n\t\t\t\t<div class=\"elementor-widget-container\">\n\t\t\t\t\t<div class=\"elementor-button-wrapper\">\n\t\t\t<a href=\"https:\/\/hottopcasino.com\/news\/embark-on-an-epi\u2026s-slot-by-wazdan\/\" class=\"elementor-button-link elementor-button elementor-size-sm\" role=\"button\">\n\t\t\t\t\t\t<span class=\"elementor-button-content-wrapper\">\n\t\t\t\t\t\t<span class=\"elementor-button-text\">Tiradas gratis<\/span>\n\t\t<\/span>\n\t\t\t\t\t<\/a>\n\t\t<\/div>\n\t\t\t\t<\/div>\n\t\t\t\t<\/div>\n\t\t\t\t\t<\/div>\n\t\t<\/div>\n\t\t\t\t\t\t\t<\/div>\n\t\t<\/section>\n\t\t\t\t<section class=\"elementor-section elementor-top-section elementor-element elementor-element-732edbf elementor-section-boxed elementor-section-height-default elementor-section-height-default\" data-id=\"732edbf\" data-element_type=\"section\">\n\t\t\t\t\t\t<div class=\"elementor-container elementor-column-gap-default\">\n\t\t\t\t\t<div class=\"elementor-column elementor-col-100 elementor-top-column elementor-element elementor-element-76b5bc25\" data-id=\"76b5bc25\" data-element_type=\"column\">\n\t\t\t<div class=\"elementor-widget-wrap elementor-element-populated\">\n\t\t\t\t\t\t\t\t<div class=\"elementor-element elementor-element-6ee1d29a elementor-widget elementor-widget-text-editor\" data-id=\"6ee1d29a\" data-element_type=\"widget\" data-widget_type=\"text-editor.default\">\n\t\t\t\t<div class=\"elementor-widget-container\">\n\t\t\t<style>\/*! elementor - v3.10.1 - 17-01-2023 *\/\n.elementor-widget-text-editor.elementor-drop-cap-view-stacked .elementor-drop-cap{background-color:#818a91;color:#fff}.elementor-widget-text-editor.elementor-drop-cap-view-framed .elementor-drop-cap{color:#818a91;border:3px solid;background-color:transparent}.elementor-widget-text-editor:not(.elementor-drop-cap-view-default) .elementor-drop-cap{margin-top:8px}.elementor-widget-text-editor:not(.elementor-drop-cap-view-default) .elementor-drop-cap-letter{width:1em;height:1em}.elementor-widget-text-editor .elementor-drop-cap{float:left;text-align:center;line-height:1;font-size:50px}.elementor-widget-text-editor .elementor-drop-cap-letter{display:inline-block}<\/style>\t\t\t\t<h2><strong>Juega a m\u00e1quinas tragamonedas gratis: las mejores m\u00e1quinas de p\u00f3quer gratuitas de Australia en 2020<\/strong><\/h2><p>Ahora es el momento de conocer el extraordinario mundo de las tragamonedas online. Tienes la incre\u00edble oportunidad de probarlo completamente gratis, por lo que no hay riesgo alguno. Puedes disfrutar y jugar todos los juegos de los mejores dise\u00f1adores de aplicaciones y casinos sin tener que gastar tu dinero. No hay absolutamente ning\u00fan riesgo, s\u00f3lo toneladas de recompensas y diversi\u00f3n sin fin.<\/p><p>\u00a0<\/p><h2><strong>Ahora es el mejor momento para jugar a las tragamonedas<\/strong><\/h2><p>Si nunca antes ha probado un casino en l\u00ednea, ahora es el mejor momento para hacerlo. Te espera un ambiente incre\u00edble lleno de emociones, recompensas y mucha diversi\u00f3n. Ahora es el momento de saltar y jugar.<em> \u00a0<\/em>Este juego es absolutamente gratuito, pero aun as\u00ed experimentar\u00e1s todas las emociones y la adrenalina que esperar\u00edas de un casino real. Adem\u00e1s, podr\u00e1s elegir las m\u00e1quinas tragamonedas que mejor se adapten a tus preferencias. Hay muchas opciones.<\/p><p>S\u00f3lo encontrar\u00e1s los mejores y m\u00e1s entretenidos juegos de los creadores RTG, como Rival Gaming, PlaynGo, Betsoft y muchos otros t\u00edtulos incre\u00edbles. Comience su juego de tapping y vea cu\u00e1nta emoci\u00f3n y dinero puede generar. Existe una extensa biblioteca de juegos de tap y todo tipo de entretenimiento, para que elijas los que m\u00e1s te gusten. Incluso si nunca has jugado antes, puedes encontrar algo que se adapte a tu nivel t\u00e1ctico y empezar a ganar.<\/p><p>La mayor\u00eda de las opciones de casinos virtuales ofrecen opciones gratuitas para que pruebes los juegos. Por eso puedes descargar cualquiera de los juegos y empezar a jugar sin riesgos pero con muchas recompensas.<\/p><p>Deja de preguntarte y dudar de ti mismo. Simplemente descargue uno de los t\u00edtulos; Te enamorar\u00e1s de \u00e9l inmediatamente. Imag\u00ednese experimentar todo el ajetreo y la emoci\u00f3n trepidante que obtiene en el casino, pero sin arriesgar su dinero. Es m\u00e1s, puedes obtener todo esto desde cualquier lugar, ya que puedes llevarte el juego a donde quiera que vayas. Esta es una oportunidad incre\u00edble, as\u00ed que ser\u00e1 mejor que la aproveches.<\/p><p>\u00a0<\/p><h2><strong>Las mejores razones por las que deber\u00edas jugar a las tragamonedas gratis<\/strong><\/h2><p>Este es el mejor lugar para probar las m\u00e1quinas tragamonedas y no hay mejor momento que ahora. Aqu\u00ed podr\u00e1s experimentar el incre\u00edblemente atractivo y entretenido mundo de las m\u00e1quinas tragamonedas sin tener que levantarte de tu silla. Podr\u00e1s participar en todas las aventuras que este sitio web tiene guardadas para ti y sentir la emoci\u00f3n y el entusiasmo que anhelas. No hay muchas experiencias tan emocionantes y entretenidas como jugar a las tragamonedas aqu\u00ed. Es el momento, ingresa al sitio y descubre este maravilloso rinc\u00f3n de Internet donde podr\u00e1s vivir emociones impresionantes y mucha adrenalina sin ning\u00fan riesgo.<\/p><p>\u00a0<\/p><h2>\u00a1Empiece a jugar a la ruleta sin necesidad de dep\u00f3sito! Consigue tus giros gratis como bonificaci\u00f3n<\/h2><p>Este casino te ofrece la incre\u00edble oportunidad de jugar sin gastar un centavo. Puedes obtener un bono sin realizar un dep\u00f3sito y probar todos los fant\u00e1sticos juegos de este casino sin ning\u00fan riesgo.<\/p><p>La forma en que funciona es que simplemente ingresas al juego y seleccionas una de las opciones de juegos gratis:<\/p><ul><li>Bonificaci\u00f3n mediante giros<\/li><li>Giros gratis<\/li><li>Un bono inicial para ayudarte a empezar<\/li><\/ul><p>La \u201cBonificaci\u00f3n mediante Giros\u201d es una de las opciones divertidas. Esto le proporciona una cierta cantidad de apuestas para cada juego. Los giros gratis, como su nombre indica, te permiten jugar algunas rondas sin arriesgar tu dinero pero con la posibilidad de ganar premios reales. Finalmente, los bonos iniciales te otorgan una cantidad predeterminada para que puedas disfrutar y ganar los diferentes juegos.<\/p><p>En cada uno de estos casos recibir\u00e1s dinero para jugar completamente gratis. La mejor parte es que puedes ganar dinero real jugando a estos juegos, lo que lo convierte en una situaci\u00f3n en la que todos ganan. Esta es una oportunidad \u00fanica para sumergirse en este apasionante mundo y disfrutar de los juegos.<\/p><p>\u00a0<\/p><h2><strong>Disfruta de m\u00e1quinas tragamonedas completamente gratis en los mejores casinos australianos<\/strong><\/h2><p>A continuaci\u00f3n encontrar\u00e1s una lista de los mejores casinos online donde podr\u00e1s jugar a Poki completamente gratis.<\/p><p>\u00a0<\/p><h2><strong>Ahora puedes jugar a las tragamonedas sin gastar tu dinero<\/strong><\/h2><p>Jugar a las tragamonedas es una excelente oportunidad para familiarizarte con los diferentes juegos que se ofrecen, todos ellos incre\u00edblemente entretenidos.d son rentables. Esta es una oportunidad \u00fanica para prepararse para el siguiente nivel de los juegos de casino, donde su dinero estar\u00e1 en juego. Por supuesto, jugar con dinero real puede resultar caro, pero no te preocupes, tienes mucho tiempo para aprender y convertirte en un profesional, por lo que ir\u00e1s directamente al jurado ganador.<\/p><p>No hay curva de aprendizaje, puedes practicar antes de jugar y aun as\u00ed ganar dinero real. Finalmente, cuando est\u00e9s listo para situarte entre los mejores jugadores, podr\u00e1s empezar a apostar tu propio dinero y obtener toneladas de ganancias. Para ello, puedes cambiar a las ligas principales descritas en el sitio web https:\/\/hottopcasino.com con dinero real.<\/p><h2>Juega gratis a las m\u00e1quinas tragamonedas australianas ahora<\/h2><h2><img decoding=\"async\" class=\"img-responsive pull-left\" style=\"font-size: 16px;\" src=\"\/wp-content\/uploads\/2020\/01\/free-delivery.png\" alt=\"Entrega gratuita\" \/><\/h2><div class=\"pokies-gratuitas-bloque-\u00fanico\"><div class=\"free-pokies-single-block-row clearfix\"><div class=\"free-pokies-single-block-text pull-right\"><h2>Juega a m\u00e1quinas tragamonedas gratis directamente en este sitio<\/h2><p>La primera y m\u00e1s sencilla forma de hacerlo es hacer clic en cualquiera de las m\u00e1quinas tragamonedas gratuitas que se enumeran aqu\u00ed en esta p\u00e1gina. Si eres nuevo en los casinos en l\u00ednea y quieres experimentar algunos juegos sin gastar mucho dinero, esta es una forma r\u00e1pida y conveniente de hacerlo.<\/p><\/div><\/div><div class=\"free-pokies-single-block-row clearfix\"><div class=\"free-pokies-single-block-icon pull-left\"><img decoding=\"async\" class=\"img-responsive pull-left\" src=\"\/wp-content\/uploads\/2020\/01\/money.png\" alt=\"Dinero\" \/><\/div><div class=\"free-pokies-single-block-text pull-right\"><h2>Tragamonedas gratis en los mejores casinos australianos<\/h2><p>La segunda forma de jugar tragamonedas\/tragamonedas de casino u otros juegos en l\u00ednea gratis es visitar los mejores casinos para tragamonedas en esta p\u00e1gina y seleccionar sus juegos de demostraci\u00f3n en el sitio.<\/p><\/div><\/div><div class=\"free-pokies-single-block-row clearfix\"><div class=\"free-pokies-single-block-icon pull-left\"><img decoding=\"async\" class=\"img-responsive pull-left\" src=\"\/wp-content\/uploads\/2020\/01\/australia.png\" alt=\"Australia\" \/><\/div><div class=\"free-pokies-single-block-text pull-right\"><h2>Bonos sin dep\u00f3sito o giros gratis<\/h2><p>La tercera opci\u00f3n es aprovechar los bonos sin dep\u00f3sito o los giros gratis de un casino. La ventaja de estas es que son gratuitas y puedes jugar a las m\u00e1quinas tragamonedas con dinero real e incluso quedarte con algunas de tus ganancias.<\/p><\/div><\/div><\/div><div class=\"table-responsive\"><p>\u00a0<\/p><h2><strong>Ahora puedes jugar a las tragamonedas sin gastar tu dinero<\/strong><\/h2><p>Jugar a las tragamonedas es una excelente oportunidad para familiarizarte con los diferentes juegos que se ofrecen, todos ellos incre\u00edblemente entretenidos y rentables. Esta es una oportunidad \u00fanica para prepararse para el siguiente nivel de los juegos de casino, donde su dinero estar\u00e1 en juego. Por supuesto, jugar con dinero real puede resultar caro, pero no te preocupes, tienes mucho tiempo para aprender y convertirte en un profesional, por lo que ir\u00e1s directamente al jurado ganador.<\/p><p>No hay curva de aprendizaje, puedes practicar antes de jugar y aun as\u00ed ganar dinero real. Finalmente, cuando est\u00e9s listo para situarte entre los mejores jugadores, podr\u00e1s empezar a apostar tu propio dinero y obtener toneladas de ganancias. Para ello, puedes cambiar a las ligas principales descritas en el sitio web https:\/\/hottopcasino.com con dinero real.<\/p><p>\u00a0<\/p><h2>Preguntas frecuentes sobre las m\u00e1quinas tragamonedas<\/h2><div class=\"faq\">\n                    <div class=\"faq-row\">\n                        <div class=\"faq-row-title clicked-faq-row-title\">Can I play online pokies in Australia?<\/div>\n                        <div class=\"faq-text\" style=\"display:block;\">Yes, you can play online pokies in Australia. You can either do this for free, by claiming a no deposit bonus, or by making a deposit at an online casino that accepts Australian players.<\/div>\n                    <\/div>\n                <\/div><\/div>\t\t\t\t\t\t<\/div>\n\t\t\t\t<\/div>\n\t\t\t\t\t<\/div>\n\t\t<\/div>\n\t\t\t\t\t\t\t<\/div>\n\t\t<\/section>\n\t\t\t\t\t\t\t<\/div>\n\t\t","protected":false},"excerpt":{"rendered":"<p>Book of Dead\u200b Tiradas gratis Sweet Bonanza\u200b Tiradas gratis Power of Gods Tiradas gratis Juega a m\u00e1quinas tragamonedas gratis: las mejores m\u00e1quinas de p\u00f3quer gratuitas de Australia en 2020 Ahora es el momento de conocer el extraordinario mundo de las tragamonedas online. Tienes la incre\u00edble oportunidad de probarlo completamente gratis, por lo que no hay [&hellip;]<\/p>\n","protected":false},"author":1,"featured_media":0,"parent":0,"menu_order":6,"comment_status":"open","ping_status":"closed","template":"","meta":{"om_disable_all_campaigns":false,"_monsterinsights_skip_tracking":false,"_monsterinsights_sitenote_active":false,"_monsterinsights_sitenote_note":"","_monsterinsights_sitenote_category":0,"footnotes":""},"acf":[],"aioseo_notices":[],"_links":{"self":[{"href":"https:\/\/hottopcasino.com\/es\/wp-json\/wp\/v2\/pages\/11152"}],"collection":[{"href":"https:\/\/hottopcasino.com\/es\/wp-json\/wp\/v2\/pages"}],"about":[{"href":"https:\/\/hottopcasino.com\/es\/wp-json\/wp\/v2\/types\/page"}],"author":[{"embeddable":true,"href":"https:\/\/hottopcasino.com\/es\/wp-json\/wp\/v2\/users\/1"}],"replies":[{"embeddable":true,"href":"https:\/\/hottopcasino.com\/es\/wp-json\/wp\/v2\/comments?post=11152"}],"version-history":[{"count":13,"href":"https:\/\/hottopcasino.com\/es\/wp-json\/wp\/v2\/pages\/11152\/revisions"}],"predecessor-version":[{"id":11165,"href":"https:\/\/hottopcasino.com\/es\/wp-json\/wp\/v2\/pages\/11152\/revisions\/11165"}],"wp:attachment":[{"href":"https:\/\/hottopcasino.com\/es\/wp-json\/wp\/v2\/media?parent=11152"}],"curies":[{"name":"wp","href":"https:\/\/api.w.org\/{rel}","templated":true}]}}