	{"id":11176,"date":"2020-01-13T20:07:49","date_gmt":"2020-01-13T09:07:49","guid":{"rendered":"https:\/\/hottopcasino.com\/australian-dollar-online\/"},"modified":"2023-10-19T00:08:14","modified_gmt":"2023-10-18T13:08:14","slug":"australian-dollar-online","status":"publish","type":"page","link":"https:\/\/hottopcasino.com\/es\/australian-dollar-online\/","title":{"rendered":"D\u00f3lar australiano en l\u00ednea"},"content":{"rendered":"<p><img decoding=\"async\" loading=\"lazy\" width=\"982\" height=\"188\" class=\"alignnone size-full wp-image-706\" src=\"https:\/\/hottopcasino.com\/wp-content\/uploads\/2020\/05\/HotTop-BS-banner-982_188.jpg\" alt=\"BitStars_Hottopcasino \" srcset=\"https:\/\/hottopcasino.com\/wp-content\/uploads\/2020\/05\/HotTop-BS-banner-982_188.jpg 982w, https:\/\/hottopcasino.com\/wp-content\/uploads\/2020\/05\/HotTop-BS-banner-982_188-300x57.jpg 300w, https:\/\/hottopcasino.com\/wp-content\/uploads\/2020\/05\/HotTop-BS-banner-982_188-768x147.jpg 768w, https:\/\/hottopcasino.com\/wp-content\/uploads\/2020\/05\/HotTop-BS-banner-982_188-60x11.jpg 60w, https:\/\/hottopcasino.com\/wp-content\/uploads\/2020\/05\/HotTop-BS-banner-982_188-40x8.jpg 40w, https:\/\/hottopcasino.com\/wp-content\/uploads\/2020\/05\/HotTop-BS-banner-982_188-65x12.jpg 65w\" sizes=\"(max-width: 982px) 100vw, 982px\" \/><\/p>\n<h2><strong>D\u00f3lar australiano: El <\/strong><strong>d\u00f3lar australiano en los juegos de azar<\/strong><\/h2>\n<p>El d\u00f3lar australiano (signo: $; c\u00f3digo: AUD) es la moneda oficial de la Uni\u00f3n Australiana e incluye los territorios del Pac\u00edfico: Islas Christmas, Islas Cocos y Norfolk, Kiribati, Nauru y Tuvalu. Particiones en cien centavos. Generalmente se abrevia como d\u00f3lar ($), pero existen varias variaciones de atribuci\u00f3n: A$, $A, AU$ y $AU.<\/p>\n<p>El AUD es la sexta moneda m\u00e1s negociada del mundo (despu\u00e9s del d\u00f3lar estadounidense, el euro, el yen japon\u00e9s, la libra esterlina y el franco suizo). La moneda representa casi el 5 por ciento de todos los intercambios de efectivo en el planeta.<\/p>\n<p>La prevalencia del AUD entre los comerciantes en efectivo se debe a los altos costos de endeudamiento de Australia, la relativa libertad del mercado frente al impacto legislativo y la mediaci\u00f3n, y la econom\u00eda y el sistema pol\u00edtico en gran medida estables de Australia.<\/p>\n<h2><img decoding=\"async\" loading=\"lazy\" width=\"925\" height=\"210\" class=\"alignnone wp-image-890 size-full\" src=\"https:\/\/hottopcasino.com\/wp-content\/uploads\/2020\/10\/AUD_900-210.jpg\" alt=\"\" srcset=\"https:\/\/hottopcasino.com\/wp-content\/uploads\/2020\/10\/AUD_900-210.jpg 925w, https:\/\/hottopcasino.com\/wp-content\/uploads\/2020\/10\/AUD_900-210-300x68.jpg 300w, https:\/\/hottopcasino.com\/wp-content\/uploads\/2020\/10\/AUD_900-210-768x174.jpg 768w, https:\/\/hottopcasino.com\/wp-content\/uploads\/2020\/10\/AUD_900-210-60x14.jpg 60w, https:\/\/hottopcasino.com\/wp-content\/uploads\/2020\/10\/AUD_900-210-40x9.jpg 40w, https:\/\/hottopcasino.com\/wp-content\/uploads\/2020\/10\/AUD_900-210-65x15.jpg 65w\" sizes=\"(max-width: 925px) 100vw, 925px\" \/><\/h2>\n<h2><strong>Apostar con AUD: \u00bfEs ventajoso?<\/strong><\/h2>\n<p>Puede ser todo menos dif\u00edcil sucumbir a los principales sitios web de juegos de azar a nivel mundial que s\u00f3lo aceptan USD o EUR. Est\u00e1n operativos, ofrecen muchas tragamonedas, juegos de mesa y otros juegos y son ampliamente reconocidos en la industria del juego. En cualquier caso, esforzarse un poco en buscar un sitio web decente en AUD puede ser una decisi\u00f3n bastante rentable.<\/p>\n<p>En primer lugar, los sitios de apuestas en d\u00f3lares australianos definitivamente te costar\u00e1n mucho menos dinero cuando juegues desde Australia. Si eres un jugador habitual en un sitio que s\u00f3lo acepta USD o EUR, debes tener en cuenta cu\u00e1nto dinero esto te quitar\u00e1 de tu bolsillo en concepto de comisiones. Como no puede realizar dep\u00f3sitos en AUD, deber\u00e1 cambiar divisas. Su tipo de cambio habitual para un \u00fanico servicio de cambio ronda el 3-4%. Puede que no se sienta tan alto, pero espera. Sume las tarifas de cambio habituales que paga mientras disfrute del juego y sume esas dos. Si juega en un sitio web de casino en l\u00ednea de AUD, este problema nunca le molestar\u00e1.<\/p>\n<p>En este punto ya sabes cu\u00e1nto apostar si juegas en un sitio que no admite tu moneda. Por supuesto, descubrir\u00e1 que una apuesta en d\u00f3lares equivale a poco m\u00e1s de 1,40 AUD, pero el coste exacto de cada apuesta y sus registros de AUD pueden ser dif\u00edciles de calcular sobre la marcha. Es s\u00f3lo un peque\u00f1o problema, pero es una molestia constante para muchos australianos. Se elimina la necesidad de contar y recalcular el efectivo una y otra vez ya que el sitio acepta fondos australianos directamente.<\/p>\n<p>Adem\u00e1s, tienes la opci\u00f3n de utilizar algunas opciones de pago que solo est\u00e1n disponibles en AUD. Neosurf es uno de esos que definitivamente no debes perderte. S\u00f3lo puedes obtenerlo en AUD, y la mayor\u00eda de los sitios que lo reconocen y aceptan tambi\u00e9n esperar\u00e1n que pagues en AUD. Si tiene dificultades con esto, vaya a la lista de casinos en l\u00ednea australianos, elija el que le guste y sepa que probablemente tendr\u00e1 la opci\u00f3n de pagar con \u00e9l.<\/p>\n<p>Finalmente, si est\u00e1 buscando un sitio de casino en l\u00ednea que reconozca el AUD, no busque espec\u00edficamente un sitio australiano. Muchos sitios web de juegos de apuestas de todo el mundo aceptan transferencias y dep\u00f3sitos en AUD. Esto significa que puedes acceder a todo lo que te gusta en el sitio mundialmente famoso sin pagar tarifas de cambio adicionales.<\/p>\n<p>Los sitios de casinos que aceptan efectivo en AUD tienen muchas circunstancias favorables, pero los defectos son casi irreales, simplemente no existen. Es posible que algunos casinos internacionales no le permitan jugar con d\u00f3lares australianos. Sin embargo, esto no es un problema ya que el AUD te brinda la oportunidad de jugar en todas las excelentes tragamonedas.<\/p>\n","protected":false},"excerpt":{"rendered":"<p>D\u00f3lar australiano: El d\u00f3lar australiano en los juegos de azar El d\u00f3lar australiano (signo: $; c\u00f3digo: AUD) es la moneda oficial de la Uni\u00f3n Australiana e incluye los territorios del Pac\u00edfico: Islas Christmas, Islas Cocos y Norfolk, Kiribati, Nauru y Tuvalu. Particiones en cien centavos. Generalmente se abrevia como d\u00f3lar ($), pero existen varias variaciones [&hellip;]<\/p>\n","protected":false},"author":1,"featured_media":0,"parent":0,"menu_order":9,"comment_status":"open","ping_status":"closed","template":"","meta":{"om_disable_all_campaigns":false,"_monsterinsights_skip_tracking":false,"_monsterinsights_sitenote_active":false,"_monsterinsights_sitenote_note":"","_monsterinsights_sitenote_category":0,"footnotes":""},"acf":[],"aioseo_notices":[],"_links":{"self":[{"href":"https:\/\/hottopcasino.com\/es\/wp-json\/wp\/v2\/pages\/11176"}],"collection":[{"href":"https:\/\/hottopcasino.com\/es\/wp-json\/wp\/v2\/pages"}],"about":[{"href":"https:\/\/hottopcasino.com\/es\/wp-json\/wp\/v2\/types\/page"}],"author":[{"embeddable":true,"href":"https:\/\/hottopcasino.com\/es\/wp-json\/wp\/v2\/users\/1"}],"replies":[{"embeddable":true,"href":"https:\/\/hottopcasino.com\/es\/wp-json\/wp\/v2\/comments?post=11176"}],"version-history":[{"count":2,"href":"https:\/\/hottopcasino.com\/es\/wp-json\/wp\/v2\/pages\/11176\/revisions"}],"predecessor-version":[{"id":11179,"href":"https:\/\/hottopcasino.com\/es\/wp-json\/wp\/v2\/pages\/11176\/revisions\/11179"}],"wp:attachment":[{"href":"https:\/\/hottopcasino.com\/es\/wp-json\/wp\/v2\/media?parent=11176"}],"curies":[{"name":"wp","href":"https:\/\/api.w.org\/{rel}","templated":true}]}}