	{"id":11243,"date":"2020-04-23T19:27:29","date_gmt":"2020-04-23T08:27:29","guid":{"rendered":"https:\/\/hottopcasino.com\/contact-us\/"},"modified":"2023-10-19T20:16:01","modified_gmt":"2023-10-19T09:16:01","slug":"contact-us","status":"publish","type":"page","link":"https:\/\/hottopcasino.com\/es\/contact-us\/","title":{"rendered":"Cont\u00e1ctenos"},"content":{"rendered":"<p>Puedes hacer tus preguntas a continuaci\u00f3n. Estamos aqu\u00ed para ayudar.<\/p>\n<p>Puede contactarnos en esta direcci\u00f3n de correo electr\u00f3nico: <strong>marketing@hottopcasino.com<\/strong><br \/>\nSkype: <strong>Igor aff_Hot Top<\/strong><\/p>\n<p>DIRECCI\u00d3N:<br \/>\n<strong>S\u00eddney, Nueva Gales del Sur, Australia<\/strong><\/p>\n","protected":false},"excerpt":{"rendered":"<p>Puedes hacer tus preguntas a continuaci\u00f3n. Estamos aqu\u00ed para ayudar. Puede contactarnos en esta direcci\u00f3n de correo electr\u00f3nico: marketing@hottopcasino.com Skype: Igor aff_Hot Top DIRECCI\u00d3N: S\u00eddney, Nueva Gales del Sur, Australia<\/p>\n","protected":false},"author":1,"featured_media":0,"parent":0,"menu_order":0,"comment_status":"closed","ping_status":"closed","template":"","meta":{"om_disable_all_campaigns":false,"_monsterinsights_skip_tracking":false,"_monsterinsights_sitenote_active":false,"_monsterinsights_sitenote_note":"","_monsterinsights_sitenote_category":0,"footnotes":""},"acf":[],"aioseo_notices":[],"_links":{"self":[{"href":"https:\/\/hottopcasino.com\/es\/wp-json\/wp\/v2\/pages\/11243"}],"collection":[{"href":"https:\/\/hottopcasino.com\/es\/wp-json\/wp\/v2\/pages"}],"about":[{"href":"https:\/\/hottopcasino.com\/es\/wp-json\/wp\/v2\/types\/page"}],"author":[{"embeddable":true,"href":"https:\/\/hottopcasino.com\/es\/wp-json\/wp\/v2\/users\/1"}],"replies":[{"embeddable":true,"href":"https:\/\/hottopcasino.com\/es\/wp-json\/wp\/v2\/comments?post=11243"}],"version-history":[{"count":2,"href":"https:\/\/hottopcasino.com\/es\/wp-json\/wp\/v2\/pages\/11243\/revisions"}],"predecessor-version":[{"id":11245,"href":"https:\/\/hottopcasino.com\/es\/wp-json\/wp\/v2\/pages\/11243\/revisions\/11245"}],"wp:attachment":[{"href":"https:\/\/hottopcasino.com\/es\/wp-json\/wp\/v2\/media?parent=11243"}],"curies":[{"name":"wp","href":"https:\/\/api.w.org\/{rel}","templated":true}]}}