	{"id":11314,"date":"2023-08-29T00:14:32","date_gmt":"2023-08-28T13:14:32","guid":{"rendered":"https:\/\/hottopcasino.com\/mifinity\/"},"modified":"2024-09-25T00:10:09","modified_gmt":"2024-09-24T13:10:09","slug":"mifinity","status":"publish","type":"page","link":"https:\/\/hottopcasino.com\/es\/mifinity\/","title":{"rendered":"MiFinity"},"content":{"rendered":"\t\t<div data-elementor-type=\"wp-page\" data-elementor-id=\"11314\" class=\"elementor elementor-11314 elementor-6572\">\n\t\t\t\t\t\t\t\t\t<section class=\"elementor-section elementor-top-section elementor-element elementor-element-5b3d4312 elementor-section-boxed elementor-section-height-default elementor-section-height-default\" data-id=\"5b3d4312\" data-element_type=\"section\">\n\t\t\t\t\t\t<div class=\"elementor-container elementor-column-gap-default\">\n\t\t\t\t\t<div class=\"elementor-column elementor-col-100 elementor-top-column elementor-element elementor-element-3848d053\" data-id=\"3848d053\" data-element_type=\"column\">\n\t\t\t<div class=\"elementor-widget-wrap elementor-element-populated\">\n\t\t\t\t\t\t\t\t<div class=\"elementor-element elementor-element-66375409 elementor-widget elementor-widget-text-editor\" data-id=\"66375409\" data-element_type=\"widget\" data-widget_type=\"text-editor.default\">\n\t\t\t\t<div class=\"elementor-widget-container\">\n\t\t\t<style>\/*! elementor - v3.10.1 - 17-01-2023 *\/\n.elementor-widget-text-editor.elementor-drop-cap-view-stacked .elementor-drop-cap{background-color:#818a91;color:#fff}.elementor-widget-text-editor.elementor-drop-cap-view-framed .elementor-drop-cap{color:#818a91;border:3px solid;background-color:transparent}.elementor-widget-text-editor:not(.elementor-drop-cap-view-default) .elementor-drop-cap{margin-top:8px}.elementor-widget-text-editor:not(.elementor-drop-cap-view-default) .elementor-drop-cap-letter{width:1em;height:1em}.elementor-widget-text-editor .elementor-drop-cap{float:left;text-align:center;line-height:1;font-size:50px}.elementor-widget-text-editor .elementor-drop-cap-letter{display:inline-block}<\/style>\t\t\t\tEn el panorama en constante evoluci\u00f3n de los casinos en l\u00ednea y los pagos digitales, MiFinity emerge como una soluci\u00f3n din\u00e1mica y segura que agrega una capa de conveniencia y eficiencia a su experiencia de juego. Desde transacciones fluidas hasta funciones de seguridad mejoradas, MiFinity se ha establecido como el m\u00e9todo de pago favorito entre los entusiastas de los casinos.\n\n<img decoding=\"async\" class=\"alignnone size-full wp-image-1935\" src=\"https:\/\/hottopcasino.com\/wp-content\/uploads\/2022\/06\/mifinity-2.png\" alt=\"mifinity\" width=\" 180\" altura=\"180\" srcset=\"https:\/\/hottopcasino.com\/wp-content\/uploads\/2022\/06\/mifinity-2.png 180w, https:\/\/hottopcasino.com\/wp-content\/uploads\/2022\/06\/mifinity-2-150x150.png 150w, https:\/\/hottopcasino.com\/wp-content\/uploads\/2022\/06\/mifinity-2-30x30.png 30w, https:\/\/hottopcasino.com\/wp-content\/uploads\/2022\/06\/mifinity-2-40x40.png 40w, https:\/\/hottopcasino.com\/wp-content\/uploads\/2022\/06\/mifinity-2-65x65.png 65w\" sizes=\"(max-width: 180px) 100vw, 180px\" \/>\n<h2><strong>Revolucionar las transacciones en l\u00ednea: las ventajas de MiFinity<\/strong><\/h2>\n<ol>\n  <li><strong>Transacciones r\u00e1pidas y fluidas:<\/strong> MiFinity prioriza su tiempo y emoci\u00f3n de juego al ofrecer transacciones r\u00e1pidas y sin complicaciones. D\u00edgale adi\u00f3s a los largos tiempos de espera y d\u00e9 la bienvenida a los dep\u00f3sitos y retiros instant\u00e1neos que lo mantendr\u00e1n en la acci\u00f3n del juego.<\/li>\n  <li><strong>Accesibilidad global:<\/strong> ya sea que est\u00e9 jugando en su casino local favorito o explorando plataformas internacionales, la presencia global de MiFinity garantiza que pueda disfrutar de juegos ininterrumpidos a trav\u00e9s de fronteras sin las complejidades de la conversi\u00f3n de moneda.<\/li >\n  <li><strong>Medidas de seguridad mejoradas:<\/strong> La seguridad es primordial en la era digital. MiFinity emplea protocolos de seguridad de \u00faltima generaci\u00f3n para salvaguardar su informaci\u00f3n confidencial y sus transacciones financieras. Tus datos est\u00e1n cifrados y protegidos, lo que te brinda tranquilidad mientras te concentras en tus aventuras de juego.<\/li>\n  <li><strong>Soporte de moneda vers\u00e1til:<\/strong> MiFinity admite varias monedas, lo que le permite participar en juegos de casino sin las limitaciones de una sola moneda. Esta flexibilidad se adapta a jugadores de diferentes regiones y simplifica las transacciones transfronterizas.<\/li>\n<\/ol>\n<h2><strong>Mejora tu experiencia en el casino con MiFinity<\/strong><\/h2>\n<fuerte>1. Dep\u00f3sitos sin esfuerzo:<\/strong> \u00bfEst\u00e1s cansado de procesos de dep\u00f3sito prolongados? MiFinity agiliza el proceso de dep\u00f3sito, permiti\u00e9ndole depositar fondos en su cuenta del casino de forma r\u00e1pida y segura. Prep\u00e1rate para saltar a tus juegos favoritos sin demoras innecesarias.\n\n<fuerte>2. Retiros acelerados:<\/strong> La emoci\u00f3n de ganar debe ir seguida de retiros r\u00e1pidos. MiFinity garantiza que puedas acceder a tus ganancias en un tiempo r\u00e9cord, para que puedas celebrar tus victorias sin tener que esperar interminablemente.\n\n<fuerte>3. Bonos de casino exclusivos:<\/strong> muchos casinos en l\u00ednea reconocen MiFinity como m\u00e9todo de pago preferido y ofrecen bonos exclusivos a los jugadores que lo utilizan. Obtenga esos giros gratis adicionales o fondos de bonificaci\u00f3n y ampl\u00ede su juego con las ventajas mejoradas de MiFinity.\n\n<fuerte>4. Configuraci\u00f3n sencilla de la cuenta:<\/strong> comenzar a utilizar MiFinity no supone ning\u00fan esfuerzo. Cree su cuenta, vincule sus m\u00e9todos de pago preferidos y estar\u00e1 listo para explorar el mundo de los casinos en l\u00ednea con mayor comodidad.\n\n<fuerte>5. Atenci\u00f3n al cliente dedicada:<\/strong> MiFinity se compromete a brindar una excelente atenci\u00f3n al cliente para ayudarlo cuando sea necesario. \u00bfTiene preguntas sobre transacciones, configuraci\u00f3n de cuentas o medidas de seguridad? Su equipo receptivo est\u00e1 ah\u00ed para guiarlo.\n<h2><strong>MiFinity y los casinos online: una combinaci\u00f3n ganadora<\/strong><\/h2>\nA medida que el mundo de los casinos en l\u00ednea contin\u00faa prosperando, es fundamental contar con un m\u00e9todo de pago confiable y f\u00e1cil de usar. MiFinity, con sus transacciones r\u00e1pidas, s\u00f3lidas medidas de seguridad y amplia aceptaci\u00f3n, se integra perfectamente en el panorama de los casinos, elevando su aventura de juego a nuevas alturas.\n\nEntonces, ya sea que est\u00e9s persiguiendo premios mayores en m\u00e1quinas tragamonedas o probando tus habilidades en la mesa de p\u00f3quer, MiFinity garantiza que tus transacciones financieras sean tan fluidas como tu juego. \u00danase a las filas de entusiastas de los casinos que eligen MiFinity y experimente un mundo de conveniencia, seguridad y entretenimiento sin fin. Su viaje al casino est\u00e1 a punto de volverse a\u00fan m\u00e1s emocionante con MiFinity a su lado.\t\t\t\t\t\t<\/div>\n\t\t\t\t<\/div>\n\t\t\t\t\t<\/div>\n\t\t<\/div>\n\t\t\t\t\t\t\t<\/div>\n\t\t<\/section>\n\t\t\t\t<section class=\"elementor-section elementor-top-section elementor-element elementor-element-e32d9b7 elementor-section-content-middle elementor-section-boxed elementor-section-height-default elementor-section-height-default\" data-id=\"e32d9b7\" data-element_type=\"section\">\n\t\t\t\t\t\t<div class=\"elementor-container elementor-column-gap-no\">\n\t\t\t\t\t<div class=\"elementor-column elementor-col-100 elementor-top-column elementor-element elementor-element-6d4d93d\" data-id=\"6d4d93d\" data-element_type=\"column\">\n\t\t\t<div class=\"elementor-widget-wrap elementor-element-populated\">\n\t\t\t\t\t\t\t\t<div class=\"elementor-element elementor-element-6b027bc elementor-widget elementor-widget-heading\" data-id=\"6b027bc\" data-element_type=\"widget\" data-widget_type=\"heading.default\">\n\t\t\t\t<div class=\"elementor-widget-container\">\n\t\t\t<style>\/*! elementor - v3.10.1 - 17-01-2023 *\/\n.elementor-heading-title{padding:0;margin:0;line-height:1}.elementor-widget-heading .elementor-heading-title[class*=elementor-size-]>a{color:inherit;font-size:inherit;line-height:inherit}.elementor-widget-heading .elementor-heading-title.elementor-size-small{font-size:15px}.elementor-widget-heading .elementor-heading-title.elementor-size-medium{font-size:19px}.elementor-widget-heading .elementor-heading-title.elementor-size-large{font-size:29px}.elementor-widget-heading .elementor-heading-title.elementor-size-xl{font-size:39px}.elementor-widget-heading .elementor-heading-title.elementor-size-xxl{font-size:59px}<\/style><h2 class=\"elementor-heading-title elementor-size-default\">Casinos MiFinity<\/h2>\t\t<\/div>\n\t\t\t\t<\/div>\n\t\t\t\t<section class=\"elementor-section elementor-inner-section elementor-element elementor-element-cd7c739 elementor-section-boxed elementor-section-height-default elementor-section-height-default\" data-id=\"cd7c739\" data-element_type=\"section\">\n\t\t\t\t\t\t<div class=\"elementor-container elementor-column-gap-default\">\n\t\t\t\t\t<div class=\"elementor-column elementor-col-33 elementor-inner-column elementor-element elementor-element-51d6ade\" data-id=\"51d6ade\" data-element_type=\"column\" data-settings=\"{&quot;background_background&quot;:&quot;classic&quot;}\">\n\t\t\t<div class=\"elementor-widget-wrap elementor-element-populated\">\n\t\t\t\t\t\t\t\t<div class=\"elementor-element elementor-element-5b3f658 elementor-widget elementor-widget-image\" data-id=\"5b3f658\" data-element_type=\"widget\" data-widget_type=\"image.default\">\n\t\t\t\t<div class=\"elementor-widget-container\">\n\t\t\t<style>\/*! elementor - v3.10.1 - 17-01-2023 *\/\n.elementor-widget-image{text-align:center}.elementor-widget-image a{display:inline-block}.elementor-widget-image a img[src$=\".svg\"]{width:48px}.elementor-widget-image img{vertical-align:middle;display:inline-block}<\/style>\t\t\t\t\t\t\t\t\t\t\t\t<img decoding=\"async\" loading=\"lazy\" width=\"65\" height=\"65\" src=\"https:\/\/hottopcasino.com\/wp-content\/uploads\/2023\/04\/vera-logo.svg\" class=\"elementor-animation-grow attachment-large size-large wp-image-8878\" alt=\"\" \/>\t\t\t\t\t\t\t\t\t\t\t\t\t\t\t<\/div>\n\t\t\t\t<\/div>\n\t\t\t\t<div class=\"elementor-element elementor-element-1d09622 elementor-widget__width-initial elementor-widget elementor-widget-text-editor\" data-id=\"1d09622\" data-element_type=\"widget\" data-widget_type=\"text-editor.default\">\n\t\t\t\t<div class=\"elementor-widget-container\">\n\t\t\t\t\t\t\t<p><span style=\"color: #ffffff;\">100% + 50 Free Spins<\/span><\/p>\t\t\t\t\t\t<\/div>\n\t\t\t\t<\/div>\n\t\t\t\t\t<\/div>\n\t\t<\/div>\n\t\t\t\t<div class=\"elementor-column elementor-col-33 elementor-inner-column elementor-element elementor-element-e0987d4\" data-id=\"e0987d4\" data-element_type=\"column\" data-settings=\"{&quot;background_background&quot;:&quot;classic&quot;}\">\n\t\t\t<div class=\"elementor-widget-wrap elementor-element-populated\">\n\t\t\t\t\t\t\t\t<div class=\"elementor-element elementor-element-cf1c7c6 elementor-widget elementor-widget-image\" data-id=\"cf1c7c6\" data-element_type=\"widget\" data-widget_type=\"image.default\">\n\t\t\t\t<div class=\"elementor-widget-container\">\n\t\t\t\t\t\t\t\t\t\t\t\t\t\t\t<img decoding=\"async\" src=\"https:\/\/hottopcasino.com\/wp-content\/uploads\/2023\/06\/logo-Sol_Casino.svg\" title=\"logo-Sol_Casino\" alt=\"logo-Sol_Casino\" class=\"elementor-animation-grow\" loading=\"lazy\" \/>\t\t\t\t\t\t\t\t\t\t\t\t\t\t\t<\/div>\n\t\t\t\t<\/div>\n\t\t\t\t<div class=\"elementor-element elementor-element-b7342b3 elementor-widget elementor-widget-text-editor\" data-id=\"b7342b3\" data-element_type=\"widget\" data-widget_type=\"text-editor.default\">\n\t\t\t\t<div class=\"elementor-widget-container\">\n\t\t\t\t\t\t\t<p style=\"text-align: center;\"><span style=\"color: #ffffff;\">Bono sin dep\u00f3sito 50 FS<\/span><\/p><p style=\"text-align: center;\"><span style=\"color: #ffffff;\">Bono del 100% hasta 500$<\/span><\/p>\t\t\t\t\t\t<\/div>\n\t\t\t\t<\/div>\n\t\t\t\t\t<\/div>\n\t\t<\/div>\n\t\t\t\t<div class=\"elementor-column elementor-col-33 elementor-inner-column elementor-element elementor-element-c25d557\" data-id=\"c25d557\" data-element_type=\"column\" data-settings=\"{&quot;background_background&quot;:&quot;classic&quot;}\">\n\t\t\t<div class=\"elementor-widget-wrap elementor-element-populated\">\n\t\t\t\t\t\t\t\t<div class=\"elementor-element elementor-element-8ddf1df elementor-widget elementor-widget-image\" data-id=\"8ddf1df\" data-element_type=\"widget\" data-widget_type=\"image.default\">\n\t\t\t\t<div class=\"elementor-widget-container\">\n\t\t\t\t\t\t\t\t\t\t\t\t\t\t\t<img decoding=\"async\" loading=\"lazy\" width=\"75\" height=\"75\" src=\"https:\/\/hottopcasino.com\/wp-content\/uploads\/2023\/08\/asino_logo2-svg.png\" class=\"elementor-animation-grow attachment-large size-large wp-image-10453\" alt=\"\" srcset=\"https:\/\/hottopcasino.com\/wp-content\/uploads\/2023\/08\/asino_logo2-svg.png 75w, https:\/\/hottopcasino.com\/wp-content\/uploads\/2023\/08\/asino_logo2-svg-30x30.png 30w, https:\/\/hottopcasino.com\/wp-content\/uploads\/2023\/08\/asino_logo2-svg-40x40.png 40w, https:\/\/hottopcasino.com\/wp-content\/uploads\/2023\/08\/asino_logo2-svg-65x65.png 65w\" sizes=\"(max-width: 75px) 100vw, 75px\" \/>\t\t\t\t\t\t\t\t\t\t\t\t\t\t\t<\/div>\n\t\t\t\t<\/div>\n\t\t\t\t<div class=\"elementor-element elementor-element-4f7d320 elementor-widget elementor-widget-text-editor\" data-id=\"4f7d320\" data-element_type=\"widget\" data-widget_type=\"text-editor.default\">\n\t\t\t\t<div class=\"elementor-widget-container\">\n\t\t\t\t\t\t\t<p style=\"text-align: center;\"><span style=\"color: #ffffff;\">100% up to 1000 EUR + 75 FS<\/span><\/p>\t\t\t\t\t\t<\/div>\n\t\t\t\t<\/div>\n\t\t\t\t\t<\/div>\n\t\t<\/div>\n\t\t\t\t\t\t\t<\/div>\n\t\t<\/section>\n\t\t\t\t\t<\/div>\n\t\t<\/div>\n\t\t\t\t\t\t\t<\/div>\n\t\t<\/section>\n\t\t\t\t\t\t\t<\/div>\n\t\t","protected":false},"excerpt":{"rendered":"<p>En el panorama en constante evoluci\u00f3n de los casinos en l\u00ednea y los pagos digitales, MiFinity emerge como una soluci\u00f3n din\u00e1mica y segura que agrega una capa de conveniencia y eficiencia a su experiencia de juego. Desde transacciones fluidas hasta funciones de seguridad mejoradas, MiFinity se ha establecido como el m\u00e9todo de pago favorito entre [&hellip;]<\/p>\n","protected":false},"author":1,"featured_media":0,"parent":0,"menu_order":0,"comment_status":"closed","ping_status":"closed","template":"","meta":{"om_disable_all_campaigns":false,"_monsterinsights_skip_tracking":false,"_monsterinsights_sitenote_active":false,"_monsterinsights_sitenote_note":"","_monsterinsights_sitenote_category":0,"footnotes":""},"acf":[],"aioseo_notices":[],"_links":{"self":[{"href":"https:\/\/hottopcasino.com\/es\/wp-json\/wp\/v2\/pages\/11314"}],"collection":[{"href":"https:\/\/hottopcasino.com\/es\/wp-json\/wp\/v2\/pages"}],"about":[{"href":"https:\/\/hottopcasino.com\/es\/wp-json\/wp\/v2\/types\/page"}],"author":[{"embeddable":true,"href":"https:\/\/hottopcasino.com\/es\/wp-json\/wp\/v2\/users\/1"}],"replies":[{"embeddable":true,"href":"https:\/\/hottopcasino.com\/es\/wp-json\/wp\/v2\/comments?post=11314"}],"version-history":[{"count":5,"href":"https:\/\/hottopcasino.com\/es\/wp-json\/wp\/v2\/pages\/11314\/revisions"}],"predecessor-version":[{"id":16529,"href":"https:\/\/hottopcasino.com\/es\/wp-json\/wp\/v2\/pages\/11314\/revisions\/16529"}],"wp:attachment":[{"href":"https:\/\/hottopcasino.com\/es\/wp-json\/wp\/v2\/media?parent=11314"}],"curies":[{"name":"wp","href":"https:\/\/api.w.org\/{rel}","templated":true}]}}