	{"id":12861,"date":"2023-01-28T00:04:54","date_gmt":"2023-01-27T13:04:54","guid":{"rendered":"https:\/\/hottopcasino.com\/mastercard\/"},"modified":"2024-09-25T00:09:06","modified_gmt":"2024-09-24T13:09:06","slug":"mastercard","status":"publish","type":"page","link":"https:\/\/hottopcasino.com\/es\/mastercard\/","title":{"rendered":"MasterCard"},"content":{"rendered":"\t\t<div data-elementor-type=\"wp-page\" data-elementor-id=\"12861\" class=\"elementor elementor-12861 elementor-2341\">\n\t\t\t\t\t\t\t\t\t<section class=\"elementor-section elementor-top-section elementor-element elementor-element-68f35f0c elementor-section-boxed elementor-section-height-default elementor-section-height-default\" data-id=\"68f35f0c\" data-element_type=\"section\">\n\t\t\t\t\t\t<div class=\"elementor-container elementor-column-gap-default\">\n\t\t\t\t\t<div class=\"elementor-column elementor-col-100 elementor-top-column elementor-element elementor-element-6e3af50d\" data-id=\"6e3af50d\" data-element_type=\"column\">\n\t\t\t<div class=\"elementor-widget-wrap elementor-element-populated\">\n\t\t\t\t\t\t\t\t<div class=\"elementor-element elementor-element-78343412 elementor-widget elementor-widget-text-editor\" data-id=\"78343412\" data-element_type=\"widget\" data-widget_type=\"text-editor.default\">\n\t\t\t\t<div class=\"elementor-widget-container\">\n\t\t\t<style>\/*! elementor - v3.10.1 - 17-01-2023 *\/\n.elementor-widget-text-editor.elementor-drop-cap-view-stacked .elementor-drop-cap{background-color:#818a91;color:#fff}.elementor-widget-text-editor.elementor-drop-cap-view-framed .elementor-drop-cap{color:#818a91;border:3px solid;background-color:transparent}.elementor-widget-text-editor:not(.elementor-drop-cap-view-default) .elementor-drop-cap{margin-top:8px}.elementor-widget-text-editor:not(.elementor-drop-cap-view-default) .elementor-drop-cap-letter{width:1em;height:1em}.elementor-widget-text-editor .elementor-drop-cap{float:left;text-align:center;line-height:1;font-size:50px}.elementor-widget-text-editor .elementor-drop-cap-letter{display:inline-block}<\/style>\t\t\t\t<p><span style=\"color: #000000;\">MasterCard International es el mayor sistema de pago bancario que re\u00fane a <b>22.000<\/b> instituciones financieras de <b>210 pa\u00edses<\/b>. Las actividades de la empresa est\u00e1n dirigidas a prestar servicios a personas f\u00edsicas y jur\u00eddicas, gestionando programas de emisi\u00f3n de tarjetas emitidas bajo las marcas MasterCard, Cirrus, Maestro.<\/span><\/p><h2><strong><span style=\"color: #000000;\">Historial en MasterCard<\/span><\/strong><\/h2><p><img decoding=\"async\" class=\"size-full wp-image-3294 alignnone\" src=\"https:\/\/hottopcasino.com\/wp-content\/uploads\/2023\/02\/mastercard-svg.png\" alt=\"Mastercard\" width=\" 180\" srcset=\"https:\/\/hottopcasino.com\/wp-content\/uploads\/2023\/02\/mastercard-svg.png 180w, https:\/\/hottopcasino.com\/wp-content\/uploads\/2023\/02\/mastercard-svg-150x150.png 150w, https:\/\/hottopcasino.com\/wp-content\/uploads\/2023\/02\/mastercard-svg-30x30.png 30w, https:\/\/hottopcasino.com\/wp-content\/uploads\/2023\/02\/mastercard-svg-40x40.png 40w, https:\/\/hottopcasino.com\/wp-content\/uploads\/2023\/02\/mastercard-svg-65x65.png 65w\" sizes=\"(max-width: 180px) 100vw, 180px\" \/><\/p><p><span style=\"color: #000000;\">La historia de este poderoso <b>sistema de pagos comenz\u00f3 en 1966<\/b>. Varios bancos estadounidenses firmaron un acuerdo para crear una poderosa Asociaci\u00f3n de Tarjetas Interbancarias.<\/span><span style=\"color: #000000;\">Dos a\u00f1os despu\u00e9s,<\/span><span style=\"color: #000000;\"> La empresa inici\u00f3 una exitosa colaboraci\u00f3n con el sistema Eurocard. En 1979 se aprob\u00f3 el nombre MasterCard.<\/span><span style=\"color: #000000;\">Un a\u00f1o despu\u00e9s, se ha consolidado firmemente como una de las posiciones de liderazgo en el mundo.<\/span><\/p><p><span style=\"color: #000000;\">En 2002, la empresa se reorganiz\u00f3 en una sociedad an\u00f3nima y el holding <b>MasterCard <\/b>Incorpoured se convirti\u00f3 en un serio oponente para Visa.<\/span><span style=\"color: #000000;\">En 2006, se realiz\u00f3 una oferta p\u00fablica inicial en la Bolsa de Nueva York. Despu\u00e9s de eso, el sistema finalmente fue reconocido como uno de los m\u00e1s efectivos y confiables.<\/span><span style=\"color: #000000;\">La compa\u00f1\u00eda ahora maneja m\u00e1s de <b>23 mil millones de transacciones al a\u00f1o.<\/b><\/span><\/p><h2><strong><span style=\"color: #000000;\">Desarrollo en MasterCard<\/span><\/strong><\/h2><p><span style=\"color: #000000;\">La empresa mejora sus resultados financieros cada a\u00f1o habiendo demostrado un crecimiento estable y seguro. A finales de 2011, los ingresos netos<b> aumentaron un 20,2%<\/b> y<b> alcanzaron los 1.700 millones de d\u00f3lares<\/b>. Un a\u00f1o despu\u00e9s, la empresa obtuvo un beneficio neto<b> de 2.400 millones de d\u00f3lares<\/b>. Este resultado es significativamente mayor que el que obtuvo la empresa en <b>2010: 1.800 millones de d\u00f3lares<\/b>. MasterCard ha logrado resultados tan sobresalientes no s\u00f3lo debido a la emisi\u00f3n intensiva de tarjetas y al desarrollo del mercado, sino tambi\u00e9n debido a la introducci\u00f3n de nuevas tecnolog\u00edas.<\/span><\/p><p><span style=\"color: #000000;\">Las ganancias por acci\u00f3n tambi\u00e9n han aumentado significativamente, hasta 18,7 d\u00f3lares por acci\u00f3n. Los ingresos totales de la empresa superan en un 21,2% el mismo indicador del a\u00f1o anterior, alcanzando los 6,7 mil millones. Dado el intenso aumento de la popularidad del sistema de pagos, todos los indicadores aumentar\u00e1n r\u00e1pidamente en los per\u00edodos siguientes. El volumen de transacciones procesadas tambi\u00e9n aument\u00f3 significativamente: un 18,3%. Los vol\u00famenes aumentaron un 16,1% en moneda local.<\/span><\/p><p><span style=\"color: #000000;\">Ahora el sistema MasterCard representa m\u00e1s del 25% de todas las tarjetas bancarias del mundo. Muchas instituciones financieras tambi\u00e9n est\u00e1n interesadas en utilizar activamente todos los beneficios de MasterCard.<\/span><\/p><h2><strong><span style=\"color: #000000;\">Pagos electr\u00f3nicos<\/span><\/strong><\/h2><div>\u00a0<\/div><p><span style=\"color: #000000;\">Todos los sistemas de pago electr\u00f3nico ampl\u00edan el alcance de clientes potenciales mediante la introducci\u00f3n de las \u00faltimas tecnolog\u00edas. MasterCard no es una excepci\u00f3n. La fiabilidad y eficiencia del procesamiento de pagos es una prioridad de la actividad de la empresa.<\/span><\/p><p>\u00a0<\/p><p><span style=\"color: #000000;\"> La estabilidad excepcional del sistema inspira una confianza bien merecida en muchos socios potenciales. En 2011, el volumen de pagos en l\u00ednea realizados con tarjetas bancarias MasterCard aument\u00f3 casi una cuarta parte.<\/span><span style=\"color: #000000;\">Adem\u00e1s, el n\u00famero de personas que utilizan tarjetas para pagar en Internet ha aumentado aument\u00f3 significativamente.<\/span><\/p>\t\t\t\t\t\t<\/div>\n\t\t\t\t<\/div>\n\t\t\t\t<div class=\"elementor-element elementor-element-a0b6017 elementor-widget elementor-widget-accordion\" data-id=\"a0b6017\" data-element_type=\"widget\" data-widget_type=\"accordion.default\">\n\t\t\t\t<div class=\"elementor-widget-container\">\n\t\t\t<style>\/*! elementor - v3.10.1 - 17-01-2023 *\/\n.elementor-accordion{text-align:left}.elementor-accordion .elementor-accordion-item{border:1px solid #d4d4d4}.elementor-accordion .elementor-accordion-item+.elementor-accordion-item{border-top:none}.elementor-accordion .elementor-tab-title{margin:0;padding:15px 20px;font-weight:700;line-height:1;cursor:pointer;outline:none}.elementor-accordion .elementor-tab-title .elementor-accordion-icon{display:inline-block;width:1.5em}.elementor-accordion .elementor-tab-title .elementor-accordion-icon svg{width:1em;height:1em}.elementor-accordion .elementor-tab-title .elementor-accordion-icon.elementor-accordion-icon-right{float:right;text-align:right}.elementor-accordion .elementor-tab-title .elementor-accordion-icon.elementor-accordion-icon-left{float:left;text-align:left}.elementor-accordion .elementor-tab-title .elementor-accordion-icon .elementor-accordion-icon-closed{display:block}.elementor-accordion .elementor-tab-title .elementor-accordion-icon .elementor-accordion-icon-opened,.elementor-accordion .elementor-tab-title.elementor-active .elementor-accordion-icon-closed{display:none}.elementor-accordion .elementor-tab-title.elementor-active .elementor-accordion-icon-opened{display:block}.elementor-accordion .elementor-tab-content{display:none;padding:15px 20px;border-top:1px solid #d4d4d4}@media (max-width:767px){.elementor-accordion .elementor-tab-title{padding:12px 15px}.elementor-accordion .elementor-tab-title .elementor-accordion-icon{width:1.2em}.elementor-accordion .elementor-tab-content{padding:7px 15px}}.e-con-inner>.elementor-widget-accordion,.e-con>.elementor-widget-accordion{width:var(--container-widget-width);--flex-grow:var(--container-widget-flex-grow)}<\/style>\t\t<div class=\"elementor-accordion\" role=\"tablist\">\n\t\t\t\t\t\t\t<div class=\"elementor-accordion-item\">\n\t\t\t\t\t<div id=\"elementor-tab-title-1681\" class=\"elementor-tab-title\" data-tab=\"1\" role=\"tab\" aria-controls=\"elementor-tab-content-1681\" aria-expanded=\"false\">\n\t\t\t\t\t\t\t\t\t\t\t\t\t<span class=\"elementor-accordion-icon elementor-accordion-icon-left\" aria-hidden=\"true\">\n\t\t\t\t\t\t\t\t\t\t\t\t\t\t\t<span class=\"elementor-accordion-icon-closed\"><i class=\"fas fa-plus\"><\/i><\/span>\n\t\t\t\t\t\t\t\t<span class=\"elementor-accordion-icon-opened\"><i class=\"fas fa-minus\"><\/i><\/span>\n\t\t\t\t\t\t\t\t\t\t\t\t\t\t<\/span>\n\t\t\t\t\t\t\t\t\t\t\t\t<a class=\"elementor-accordion-title\" href=\"\">Perspectivas de desarrollo del sector comercial virtual<\/a>\n\t\t\t\t\t<\/div>\n\t\t\t\t\t<div id=\"elementor-tab-content-1681\" class=\"elementor-tab-content elementor-clearfix\" data-tab=\"1\" role=\"tabpanel\" aria-labelledby=\"elementor-tab-title-1681\"><p>Por lo tanto, junto con las transacciones financieras reales en cajeros autom\u00e1ticos y puntos de venta, r\u00e1pidamente se introducen los pagos electr\u00f3nicos. Hoy en d\u00eda, muchas empresas tienen sitios web centrados exclusivamente en la venta de bienes y servicios online. Los propietarios de dichos recursos apreciaron la conveniencia de aceptar pagos con tarjeta en sus sitios. La seguridad y comodidad del sistema de pago en l\u00ednea estimulan un aumento en la audiencia de clientes potenciales. Ahora los clientes de la empresa son m\u00e1s de 200 mil bancos y numerosas empresas en todo el mundo. El \u00fanico competidor serio de MasterCard en este campo sigue siendo \u00fanicamente Visa.<\/p><\/div>\n\t\t\t\t<\/div>\n\t\t\t\t\t\t\t<div class=\"elementor-accordion-item\">\n\t\t\t\t\t<div id=\"elementor-tab-title-1682\" class=\"elementor-tab-title\" data-tab=\"2\" role=\"tab\" aria-controls=\"elementor-tab-content-1682\" aria-expanded=\"false\">\n\t\t\t\t\t\t\t\t\t\t\t\t\t<span class=\"elementor-accordion-icon elementor-accordion-icon-left\" aria-hidden=\"true\">\n\t\t\t\t\t\t\t\t\t\t\t\t\t\t\t<span class=\"elementor-accordion-icon-closed\"><i class=\"fas fa-plus\"><\/i><\/span>\n\t\t\t\t\t\t\t\t<span class=\"elementor-accordion-icon-opened\"><i class=\"fas fa-minus\"><\/i><\/span>\n\t\t\t\t\t\t\t\t\t\t\t\t\t\t<\/span>\n\t\t\t\t\t\t\t\t\t\t\t\t<a class=\"elementor-accordion-title\" href=\"\">MasterCard desarrolla activamente su gama de servicios<\/a>\n\t\t\t\t\t<\/div>\n\t\t\t\t\t<div id=\"elementor-tab-content-1682\" class=\"elementor-tab-content elementor-clearfix\" data-tab=\"2\" role=\"tabpanel\" aria-labelledby=\"elementor-tab-title-1682\"><p>En un futuro pr\u00f3ximo, la direcci\u00f3n promete dar vida al proyecto PayPass Wallet. El servicio de perspectiva est\u00e1 destinado a ser utilizado como una billetera electr\u00f3nica. En un principio, est\u00e1 previsto probar la eficacia y conveniencia de la funcionalidad de este recurso s\u00f3lo en cuatro pa\u00edses: Estados Unidos, Canad\u00e1, Australia y Gran Breta\u00f1a.<\/p><p>Luego, una billetera electr\u00f3nica de MasterCard estar\u00e1 disponible para los residentes de otros pa\u00edses. A pesar de que PayPass Wallet a\u00fan no est\u00e1 disponible, muchos propietarios de recursos de Internet ya han anunciado su intenci\u00f3n de conectar el pago al sitio a trav\u00e9s de esta billetera electr\u00f3nica.<\/p><\/div>\n\t\t\t\t<\/div>\n\t\t\t\t\t\t\t<div class=\"elementor-accordion-item\">\n\t\t\t\t\t<div id=\"elementor-tab-title-1683\" class=\"elementor-tab-title\" data-tab=\"3\" role=\"tab\" aria-controls=\"elementor-tab-content-1683\" aria-expanded=\"false\">\n\t\t\t\t\t\t\t\t\t\t\t\t\t<span class=\"elementor-accordion-icon elementor-accordion-icon-left\" aria-hidden=\"true\">\n\t\t\t\t\t\t\t\t\t\t\t\t\t\t\t<span class=\"elementor-accordion-icon-closed\"><i class=\"fas fa-plus\"><\/i><\/span>\n\t\t\t\t\t\t\t\t<span class=\"elementor-accordion-icon-opened\"><i class=\"fas fa-minus\"><\/i><\/span>\n\t\t\t\t\t\t\t\t\t\t\t\t\t\t<\/span>\n\t\t\t\t\t\t\t\t\t\t\t\t<a class=\"elementor-accordion-title\" href=\"\">Pagos en l\u00ednea Australia<\/a>\n\t\t\t\t\t<\/div>\n\t\t\t\t\t<div id=\"elementor-tab-content-1683\" class=\"elementor-tab-content elementor-clearfix\" data-tab=\"3\" role=\"tabpanel\" aria-labelledby=\"elementor-tab-title-1683\"><p>MasterCard sigue de cerca todas las tendencias en el mercado de pagos online de Australia. Los especialistas en sistemas de pago buscan nuevas formas de ampliar sus actividades y aumentar la cobertura de audiencia. Por tanto, este sistema de pago es uno de los sistemas m\u00e1s populares en Australia.<\/p><\/div>\n\t\t\t\t<\/div>\n\t\t\t\t\t\t\t\t<\/div>\n\t\t\t\t<\/div>\n\t\t\t\t<\/div>\n\t\t\t\t\t<\/div>\n\t\t<\/div>\n\t\t\t\t\t\t\t<\/div>\n\t\t<\/section>\n\t\t\t\t<section class=\"elementor-section elementor-top-section elementor-element elementor-element-31ae8cc elementor-section-content-middle elementor-section-boxed elementor-section-height-default elementor-section-height-default\" data-id=\"31ae8cc\" data-element_type=\"section\">\n\t\t\t\t\t\t<div class=\"elementor-container elementor-column-gap-no\">\n\t\t\t\t\t<div class=\"elementor-column elementor-col-100 elementor-top-column elementor-element elementor-element-35950757\" data-id=\"35950757\" data-element_type=\"column\">\n\t\t\t<div class=\"elementor-widget-wrap elementor-element-populated\">\n\t\t\t\t\t\t\t\t<div class=\"elementor-element elementor-element-6b9f494 elementor-widget elementor-widget-heading\" data-id=\"6b9f494\" data-element_type=\"widget\" data-widget_type=\"heading.default\">\n\t\t\t\t<div class=\"elementor-widget-container\">\n\t\t\t<style>\/*! elementor - v3.10.1 - 17-01-2023 *\/\n.elementor-heading-title{padding:0;margin:0;line-height:1}.elementor-widget-heading .elementor-heading-title[class*=elementor-size-]>a{color:inherit;font-size:inherit;line-height:inherit}.elementor-widget-heading .elementor-heading-title.elementor-size-small{font-size:15px}.elementor-widget-heading .elementor-heading-title.elementor-size-medium{font-size:19px}.elementor-widget-heading .elementor-heading-title.elementor-size-large{font-size:29px}.elementor-widget-heading .elementor-heading-title.elementor-size-xl{font-size:39px}.elementor-widget-heading .elementor-heading-title.elementor-size-xxl{font-size:59px}<\/style><h2 class=\"elementor-heading-title elementor-size-default\">Casinos Mastercard<\/h2>\t\t<\/div>\n\t\t\t\t<\/div>\n\t\t\t\t<section class=\"elementor-section elementor-inner-section elementor-element elementor-element-35f8649f elementor-section-boxed elementor-section-height-default elementor-section-height-default\" data-id=\"35f8649f\" data-element_type=\"section\">\n\t\t\t\t\t\t<div class=\"elementor-container elementor-column-gap-default\">\n\t\t\t\t\t<div class=\"elementor-column elementor-col-33 elementor-inner-column elementor-element elementor-element-510f7f51\" data-id=\"510f7f51\" data-element_type=\"column\" data-settings=\"{&quot;background_background&quot;:&quot;classic&quot;}\">\n\t\t\t<div class=\"elementor-widget-wrap elementor-element-populated\">\n\t\t\t\t\t\t\t\t<div class=\"elementor-element elementor-element-42560f46 elementor-widget elementor-widget-image\" data-id=\"42560f46\" data-element_type=\"widget\" data-widget_type=\"image.default\">\n\t\t\t\t<div class=\"elementor-widget-container\">\n\t\t\t<style>\/*! elementor - v3.10.1 - 17-01-2023 *\/\n.elementor-widget-image{text-align:center}.elementor-widget-image a{display:inline-block}.elementor-widget-image a img[src$=\".svg\"]{width:48px}.elementor-widget-image img{vertical-align:middle;display:inline-block}<\/style>\t\t\t\t\t\t\t\t\t\t\t\t<img decoding=\"async\" loading=\"lazy\" width=\"65\" height=\"65\" src=\"https:\/\/hottopcasino.com\/wp-content\/uploads\/2022\/05\/ampm_casino_logo_65.jpg\" class=\"elementor-animation-grow attachment-large size-large wp-image-7873\" alt=\"\" srcset=\"https:\/\/hottopcasino.com\/wp-content\/uploads\/2022\/05\/ampm_casino_logo_65.jpg 65w, https:\/\/hottopcasino.com\/wp-content\/uploads\/2022\/05\/ampm_casino_logo_65-30x30.jpg 30w, https:\/\/hottopcasino.com\/wp-content\/uploads\/2022\/05\/ampm_casino_logo_65-40x40.jpg 40w\" sizes=\"(max-width: 65px) 100vw, 65px\" \/>\t\t\t\t\t\t\t\t\t\t\t\t\t\t\t<\/div>\n\t\t\t\t<\/div>\n\t\t\t\t<div class=\"elementor-element elementor-element-ec96f8c elementor-widget__width-initial elementor-widget elementor-widget-text-editor\" data-id=\"ec96f8c\" data-element_type=\"widget\" data-widget_type=\"text-editor.default\">\n\t\t\t\t<div class=\"elementor-widget-container\">\n\t\t\t\t\t\t\t<p><span style=\"color: #ffffff;\">1500\u20ac y hasta 150 giros gratis<\/span><\/p><p><span style=\"color: #ffffff;\"><a href=\"https:\/\/hottopcasino.com\/es\/online-casinos\/ampm-casino\/\">Play<\/a><\/span><\/p>\t\t\t\t\t\t<\/div>\n\t\t\t\t<\/div>\n\t\t\t\t\t<\/div>\n\t\t<\/div>\n\t\t\t\t<div class=\"elementor-column elementor-col-33 elementor-inner-column elementor-element elementor-element-4ee3ce8b\" data-id=\"4ee3ce8b\" data-element_type=\"column\" data-settings=\"{&quot;background_background&quot;:&quot;classic&quot;}\">\n\t\t\t<div class=\"elementor-widget-wrap elementor-element-populated\">\n\t\t\t\t\t\t\t\t<div class=\"elementor-element elementor-element-4226b5e7 elementor-widget elementor-widget-image\" data-id=\"4226b5e7\" data-element_type=\"widget\" data-widget_type=\"image.default\">\n\t\t\t\t<div class=\"elementor-widget-container\">\n\t\t\t\t\t\t\t\t\t\t\t\t\t\t\t<img decoding=\"async\" loading=\"lazy\" width=\"85\" height=\"85\" src=\"https:\/\/hottopcasino.com\/wp-content\/uploads\/2023\/08\/Mega_Online_Casino_Logo_Bigger-1-1-1-svg.png\" class=\"elementor-animation-grow attachment-large size-large wp-image-10489\" alt=\"\" srcset=\"https:\/\/hottopcasino.com\/wp-content\/uploads\/2023\/08\/Mega_Online_Casino_Logo_Bigger-1-1-1-svg.png 85w, https:\/\/hottopcasino.com\/wp-content\/uploads\/2023\/08\/Mega_Online_Casino_Logo_Bigger-1-1-1-svg-30x30.png 30w, https:\/\/hottopcasino.com\/wp-content\/uploads\/2023\/08\/Mega_Online_Casino_Logo_Bigger-1-1-1-svg-40x40.png 40w, https:\/\/hottopcasino.com\/wp-content\/uploads\/2023\/08\/Mega_Online_Casino_Logo_Bigger-1-1-1-svg-65x65.png 65w\" sizes=\"(max-width: 85px) 100vw, 85px\" \/>\t\t\t\t\t\t\t\t\t\t\t\t\t\t\t<\/div>\n\t\t\t\t<\/div>\n\t\t\t\t<div class=\"elementor-element elementor-element-3898ab1 elementor-widget elementor-widget-text-editor\" data-id=\"3898ab1\" data-element_type=\"widget\" data-widget_type=\"text-editor.default\">\n\t\t\t\t<div class=\"elementor-widget-container\">\n\t\t\t\t\t\t\t<p style=\"text-align: center;\"><span style=\"color: #ffffff;\">100% hasta $300 + 20 giros gratis<\/span><\/p><p style=\"text-align: center;\"><span style=\"color: #ffffff;\"><a href=\"https:\/\/hottopcasino.com\/es\/online-casinos\/mega-casino\/\">Play<\/a><\/span><\/p>\t\t\t\t\t\t<\/div>\n\t\t\t\t<\/div>\n\t\t\t\t\t<\/div>\n\t\t<\/div>\n\t\t\t\t<div class=\"elementor-column elementor-col-33 elementor-inner-column elementor-element elementor-element-be99f20\" data-id=\"be99f20\" data-element_type=\"column\" data-settings=\"{&quot;background_background&quot;:&quot;classic&quot;}\">\n\t\t\t<div class=\"elementor-widget-wrap elementor-element-populated\">\n\t\t\t\t\t\t\t\t<div class=\"elementor-element elementor-element-30a10851 elementor-widget elementor-widget-image\" data-id=\"30a10851\" data-element_type=\"widget\" data-widget_type=\"image.default\">\n\t\t\t\t<div class=\"elementor-widget-container\">\n\t\t\t\t\t\t\t\t\t\t\t\t\t\t\t<img decoding=\"async\" loading=\"lazy\" width=\"75\" height=\"75\" src=\"https:\/\/hottopcasino.com\/wp-content\/uploads\/2023\/07\/Jupi_Online_Casino_Logo-svg-4.svg\" class=\"elementor-animation-grow attachment-large size-large wp-image-10087\" alt=\"\" \/>\t\t\t\t\t\t\t\t\t\t\t\t\t\t\t<\/div>\n\t\t\t\t<\/div>\n\t\t\t\t<div class=\"elementor-element elementor-element-bec2896 elementor-widget elementor-widget-text-editor\" data-id=\"bec2896\" data-element_type=\"widget\" data-widget_type=\"text-editor.default\">\n\t\t\t\t<div class=\"elementor-widget-container\">\n\t\t\t\t\t\t\t<p style=\"text-align: center;\"><span style=\"color: #ffffff;\">Bonificaci\u00f3n del 120% hasta 600\u20ac<\/span><\/p><p style=\"text-align: center;\"><span style=\"color: #ffffff;\"><a href=\"https:\/\/hottopcasino.com\/es\/online-casinos\/jupi-casino\/\">Play<\/a><\/span><\/p>\t\t\t\t\t\t<\/div>\n\t\t\t\t<\/div>\n\t\t\t\t\t<\/div>\n\t\t<\/div>\n\t\t\t\t\t\t\t<\/div>\n\t\t<\/section>\n\t\t\t\t\t<\/div>\n\t\t<\/div>\n\t\t\t\t\t\t\t<\/div>\n\t\t<\/section>\n\t\t\t\t\t\t\t<\/div>\n\t\t","protected":false},"excerpt":{"rendered":"<p>MasterCard International es el mayor sistema de pago bancario que re\u00fane a 22.000 instituciones financieras de 210 pa\u00edses. Las actividades de la empresa est\u00e1n dirigidas a prestar servicios a personas f\u00edsicas y jur\u00eddicas, gestionando programas de emisi\u00f3n de tarjetas emitidas bajo las marcas MasterCard, Cirrus, Maestro. Historial en MasterCard La historia de este poderoso sistema [&hellip;]<\/p>\n","protected":false},"author":1,"featured_media":0,"parent":0,"menu_order":0,"comment_status":"closed","ping_status":"closed","template":"","meta":{"om_disable_all_campaigns":false,"_monsterinsights_skip_tracking":false,"_monsterinsights_sitenote_active":false,"_monsterinsights_sitenote_note":"","_monsterinsights_sitenote_category":0,"footnotes":""},"acf":[],"aioseo_notices":[],"_links":{"self":[{"href":"https:\/\/hottopcasino.com\/es\/wp-json\/wp\/v2\/pages\/12861"}],"collection":[{"href":"https:\/\/hottopcasino.com\/es\/wp-json\/wp\/v2\/pages"}],"about":[{"href":"https:\/\/hottopcasino.com\/es\/wp-json\/wp\/v2\/types\/page"}],"author":[{"embeddable":true,"href":"https:\/\/hottopcasino.com\/es\/wp-json\/wp\/v2\/users\/1"}],"replies":[{"embeddable":true,"href":"https:\/\/hottopcasino.com\/es\/wp-json\/wp\/v2\/comments?post=12861"}],"version-history":[{"count":8,"href":"https:\/\/hottopcasino.com\/es\/wp-json\/wp\/v2\/pages\/12861\/revisions"}],"predecessor-version":[{"id":16525,"href":"https:\/\/hottopcasino.com\/es\/wp-json\/wp\/v2\/pages\/12861\/revisions\/16525"}],"wp:attachment":[{"href":"https:\/\/hottopcasino.com\/es\/wp-json\/wp\/v2\/media?parent=12861"}],"curies":[{"name":"wp","href":"https:\/\/api.w.org\/{rel}","templated":true}]}}