	{"id":14052,"date":"2024-02-12T18:20:53","date_gmt":"2024-02-12T07:20:53","guid":{"rendered":"https:\/\/hottopcasino.com\/online-casinos\/crypto-casino\/"},"modified":"2024-09-24T23:57:44","modified_gmt":"2024-09-24T12:57:44","slug":"crypto-casino","status":"publish","type":"page","link":"https:\/\/hottopcasino.com\/es\/online-casinos\/crypto-casino\/","title":{"rendered":"Crypto Casino"},"content":{"rendered":"<p><img decoding=\"async\" class=\"alignnone size-full wp-image-14042\" src=\"https:\/\/hottopcasino.com\/wp-content\/uploads\/2024\/02\/Crypto_Online_Casino_Hottop.webp\" alt=\"Crypto Online Casino Hottop\" width=\"1100\" srcset=\"https:\/\/hottopcasino.com\/wp-content\/uploads\/2024\/02\/Crypto_Online_Casino_Hottop.webp 1100w, https:\/\/hottopcasino.com\/wp-content\/uploads\/2024\/02\/Crypto_Online_Casino_Hottop-300x109.webp 300w, https:\/\/hottopcasino.com\/wp-content\/uploads\/2024\/02\/Crypto_Online_Casino_Hottop-1024x372.webp 1024w, https:\/\/hottopcasino.com\/wp-content\/uploads\/2024\/02\/Crypto_Online_Casino_Hottop-768x279.webp 768w, https:\/\/hottopcasino.com\/wp-content\/uploads\/2024\/02\/Crypto_Online_Casino_Hottop-60x22.webp 60w, https:\/\/hottopcasino.com\/wp-content\/uploads\/2024\/02\/Crypto_Online_Casino_Hottop-40x15.webp 40w, https:\/\/hottopcasino.com\/wp-content\/uploads\/2024\/02\/Crypto_Online_Casino_Hottop-65x24.webp 65w, https:\/\/hottopcasino.com\/wp-content\/uploads\/2024\/02\/Crypto_Online_Casino_Hottop-600x218.webp 600w\" sizes=\"(max-width: 1100px) 100vw, 1100px\" \/><\/p>\n\n                <div class=\"single-wrapper\">\n                    <div class=\"single-wrapper-block single-casino-wrapper-block\" style=\"padding-bottom:0;\">\n                    \t<div class=\"casinos-wrapper clearfix\">\n            \n\t\t\t\t\t\t<div class=\"col-xs-6 col-sm-4 col-md-4 col-lg-4\">\n\t\t\t\t\t\t\t<div class=\"row\">\n\t\t\t\t\t\t\t\t<div class=\"casino-item\">\n\t\t\t\t\t\t\t\t\t<div class=\"casino-item-top-wrapper clearfix\">\n\t\t\t\t\t\t\t\t\t\t<span class=\"hot-flag\">Hot<\/span>\n\t\t\t\t\t\t\t\t\t\t<a href=\"\/online-casinos\/hugewin-casino\/\" target=\"_blank\"><img src=\"https:\/\/hottopcasino.com\/wp-content\/uploads\/2024\/02\/Online_Casino_Hugewin-Logo.webp\" alt=\"Online_Casino_Hugewin-Logo\" class=\"img-responsive img-circle pull-left casino-item-logo\"\/><\/a>\n\t\t\t\t\t\t\t\t\t\t<div class=\"casino-item-text-wrap pull-left\">\n\t\t\t\t\t\t\t\t\t\t\t<span class=\"casino-item-title\">Hugewin Casino<\/span>\n\t\t\t\t\t\t\t\t\t\t\t<div class=\"rating-wrapper clearfix\">\n\t\t\t\t\t\t\t\t\t\t\t\t<div class=\"rating-stars pull-left\"><img src=https:\/\/hottopcasino.com\/wp-content\/themes\/hottop\/public\/rating\/10.png alt=\"Rating\" class=\"img-responsive\"\/><img src=https:\/\/hottopcasino.com\/wp-content\/themes\/hottop\/public\/rating\/10.png alt=\"Rating\" class=\"img-responsive\"\/><img src=https:\/\/hottopcasino.com\/wp-content\/themes\/hottop\/public\/rating\/10.png alt=\"Rating\" class=\"img-responsive\"\/><img src=https:\/\/hottopcasino.com\/wp-content\/themes\/hottop\/public\/rating\/10.png alt=\"Rating\" class=\"img-responsive\"\/><img src=https:\/\/hottopcasino.com\/wp-content\/themes\/hottop\/public\/rating\/10.png alt=\"Rating\" class=\"img-responsive\"\/><\/div>\n\t\t\t\t\t\t\t\t\t\t\t\t<div class=\"rating-num pull-left\">5 \/ 5<\/div>\n\t\t\t\t\t\t\t\t\t\t\t<\/div>\n\t\t\t\t\t\t\t\t\t\t\t<a href=\"\/online-casinos\/hugewin-casino\/\" target=\"_blank\">Revisar el casino<\/a>\n\t\t\t\t\t\t\t\t\t\t<\/div>\n\t\t\t\t\t\t\t\t\t<\/div>\n\t\t\t\t\t\t\t\t\t<a href=\"\/go\/hugewincasino\" target=\"_blank\" rel=\"nofollow\" class=\"casino-item-middle-wrapper\">\n\t\t\t\t\t\t\t\t\t\t<span class=\"casino-item-main-bonus\">Welcome Bonus 100% bonus of up to $1,000<\/span>\n\t\t\t\t\t\t\t\t\t\t<span class=\"casino-item-option-bonus\">25% match bonus of up to $1,000<\/span>\n\t\t\t\t\t\t\t\t\t<\/a>\n\t\t\t\t\t\t\t\t\t<div class=\"casino-item-bottom-wrapper\">\n\t\t\t\t\t\t\t\t\t\t<a href=\"\/go\/hugewincasino\" target=\"_blank\" rel=\"nofollow\" class=\"casino-item-ref-btn\">Jugar al casino<\/a>\n\t\t\t\t\t\t\t\t\t<\/div>\n\t\t\t\t\t\t\t\t\t<div class=\"casino-item-payment-systems\"><ul class=\"casino-item-payment-systems-list clearfix\"><li class=\"img-circle\"><img src=\"https:\/\/hottopcasino.com\/wp-content\/uploads\/2022\/06\/bitcoin-40x40.png\" alt=\"bitcoin\" class=\"img-responsive img-circle\"\/><\/li><li class=\"img-circle\"><img src=\"https:\/\/hottopcasino.com\/wp-content\/uploads\/2022\/06\/tether-40x40.png\" alt=\"tether\" class=\"img-responsive img-circle\"\/><\/li><li class=\"img-circle\"><img src=\"https:\/\/hottopcasino.com\/wp-content\/uploads\/2022\/04\/eth-40x40.png\" alt=\"Ethereum\" class=\"img-responsive img-circle\"\/><\/li><li class=\"img-circle\"><span class=\"img-circle show-popup\" onclick=\"ShowPaymentsPopup(this); return false;\">+1<\/span><\/li><\/ul><div class=\"payment-system-popup\"><ul class=\"casino-item-payment-systems-list clearfix\"><li class=\"img-circle\"><img src=\"https:\/\/hottopcasino.com\/wp-content\/uploads\/2020\/01\/visa-40x40.png\" alt=\"Visa\" class=\"img-responsive img-circle\"\/><\/li><\/ul><\/div><\/div>\n\t\t\t\t\t\t\t\t<\/div>\n\t\t\t\t\t\t\t<\/div>\n\t\t\t\t\t\t<\/div>\n\t\t\t\t\t\n\t\t\t\t\t\t<div class=\"col-xs-6 col-sm-4 col-md-4 col-lg-4\">\n\t\t\t\t\t\t\t<div class=\"row\">\n\t\t\t\t\t\t\t\t<div class=\"casino-item\">\n\t\t\t\t\t\t\t\t\t<div class=\"casino-item-top-wrapper clearfix\">\n\t\t\t\t\t\t\t\t\t\t<span class=\"hot-flag\">Hot<\/span>\n\t\t\t\t\t\t\t\t\t\t<a href=\"\/online-casinos\/xspin-casino\/\" target=\"_blank\"><img src=\"https:\/\/hottopcasino.com\/wp-content\/uploads\/2024\/01\/Group-6-1.png\" alt=\"\" class=\"img-responsive img-circle pull-left casino-item-logo\"\/><\/a>\n\t\t\t\t\t\t\t\t\t\t<div class=\"casino-item-text-wrap pull-left\">\n\t\t\t\t\t\t\t\t\t\t\t<span class=\"casino-item-title\">XSPIN Casino<\/span>\n\t\t\t\t\t\t\t\t\t\t\t<div class=\"rating-wrapper clearfix\">\n\t\t\t\t\t\t\t\t\t\t\t\t<div class=\"rating-stars pull-left\"><img src=https:\/\/hottopcasino.com\/wp-content\/themes\/hottop\/public\/rating\/10.png alt=\"Rating\" class=\"img-responsive\"\/><img src=https:\/\/hottopcasino.com\/wp-content\/themes\/hottop\/public\/rating\/10.png alt=\"Rating\" class=\"img-responsive\"\/><img src=https:\/\/hottopcasino.com\/wp-content\/themes\/hottop\/public\/rating\/10.png alt=\"Rating\" class=\"img-responsive\"\/><img src=https:\/\/hottopcasino.com\/wp-content\/themes\/hottop\/public\/rating\/10.png alt=\"Rating\" class=\"img-responsive\"\/><img src=https:\/\/hottopcasino.com\/wp-content\/themes\/hottop\/public\/rating\/0.png alt=\"Rating\" class=\"img-responsive\"\/><\/div>\n\t\t\t\t\t\t\t\t\t\t\t\t<div class=\"rating-num pull-left\">4 \/ 5<\/div>\n\t\t\t\t\t\t\t\t\t\t\t<\/div>\n\t\t\t\t\t\t\t\t\t\t\t<a href=\"\/online-casinos\/xspin-casino\/\" target=\"_blank\">Revisar el casino<\/a>\n\t\t\t\t\t\t\t\t\t\t<\/div>\n\t\t\t\t\t\t\t\t\t<\/div>\n\t\t\t\t\t\t\t\t\t<a href=\"\/go\/xspincasino\" target=\"_blank\" rel=\"nofollow\" class=\"casino-item-middle-wrapper\">\n\t\t\t\t\t\t\t\t\t\t<span class=\"casino-item-main-bonus\">Welcome Bonus 100% bonus<\/span>\n\t\t\t\t\t\t\t\t\t\t<span class=\"casino-item-option-bonus\"><\/span>\n\t\t\t\t\t\t\t\t\t<\/a>\n\t\t\t\t\t\t\t\t\t<div class=\"casino-item-bottom-wrapper\">\n\t\t\t\t\t\t\t\t\t\t<a href=\"\/go\/xspincasino\" target=\"_blank\" rel=\"nofollow\" class=\"casino-item-ref-btn\">Jugar al casino<\/a>\n\t\t\t\t\t\t\t\t\t<\/div>\n\t\t\t\t\t\t\t\t\t<div class=\"casino-item-payment-systems\"><ul class=\"casino-item-payment-systems-list clearfix\"><li class=\"img-circle\"><img src=\"https:\/\/hottopcasino.com\/wp-content\/uploads\/2022\/06\/bitcoin-40x40.png\" alt=\"bitcoin\" class=\"img-responsive img-circle\"\/><\/li><li class=\"img-circle\"><img src=\"https:\/\/hottopcasino.com\/wp-content\/uploads\/2022\/06\/tether-40x40.png\" alt=\"tether\" class=\"img-responsive img-circle\"\/><\/li><li class=\"img-circle\"><img src=\"https:\/\/hottopcasino.com\/wp-content\/uploads\/2020\/01\/visa-40x40.png\" alt=\"Visa\" class=\"img-responsive img-circle\"\/><\/li><li class=\"img-circle\"><span class=\"img-circle show-popup\" onclick=\"ShowPaymentsPopup(this); return false;\">+1<\/span><\/li><\/ul><div class=\"payment-system-popup\"><ul class=\"casino-item-payment-systems-list clearfix\"><li class=\"img-circle\"><img src=\"https:\/\/hottopcasino.com\/wp-content\/uploads\/2023\/02\/mastercard-svg-40x40.png\" alt=\"Mastercard\" class=\"img-responsive img-circle\"\/><\/li><\/ul><\/div><\/div>\n\t\t\t\t\t\t\t\t<\/div>\n\t\t\t\t\t\t\t<\/div>\n\t\t\t\t\t\t<\/div>\n\t\t\t\t\t\n\t\t\t\t\t\t<div class=\"col-xs-6 col-sm-4 col-md-4 col-lg-4\">\n\t\t\t\t\t\t\t<div class=\"row\">\n\t\t\t\t\t\t\t\t<div class=\"casino-item\">\n\t\t\t\t\t\t\t\t\t<div class=\"casino-item-top-wrapper clearfix\">\n\t\t\t\t\t\t\t\t\t\t\n\t\t\t\t\t\t\t\t\t\t<a href=\"\/online-casinos\/cryptoleo-casino\/\" target=\"_blank\"><img src=\"https:\/\/hottopcasino.com\/wp-content\/uploads\/2023\/11\/Online_Casino_CryptoLeo-Logo-svg.png\" alt=\"Online Casino CryptoLeo Logo\" class=\"img-responsive img-circle pull-left casino-item-logo\"\/><\/a>\n\t\t\t\t\t\t\t\t\t\t<div class=\"casino-item-text-wrap pull-left\">\n\t\t\t\t\t\t\t\t\t\t\t<span class=\"casino-item-title\">Crypto Leo<\/span>\n\t\t\t\t\t\t\t\t\t\t\t<div class=\"rating-wrapper clearfix\">\n\t\t\t\t\t\t\t\t\t\t\t\t<div class=\"rating-stars pull-left\"><img src=https:\/\/hottopcasino.com\/wp-content\/themes\/hottop\/public\/rating\/10.png alt=\"Rating\" class=\"img-responsive\"\/><img src=https:\/\/hottopcasino.com\/wp-content\/themes\/hottop\/public\/rating\/10.png alt=\"Rating\" class=\"img-responsive\"\/><img src=https:\/\/hottopcasino.com\/wp-content\/themes\/hottop\/public\/rating\/10.png alt=\"Rating\" class=\"img-responsive\"\/><img src=https:\/\/hottopcasino.com\/wp-content\/themes\/hottop\/public\/rating\/10.png alt=\"Rating\" class=\"img-responsive\"\/><img src=https:\/\/hottopcasino.com\/wp-content\/themes\/hottop\/public\/rating\/0.png alt=\"Rating\" class=\"img-responsive\"\/><\/div>\n\t\t\t\t\t\t\t\t\t\t\t\t<div class=\"rating-num pull-left\">4 \/ 5<\/div>\n\t\t\t\t\t\t\t\t\t\t\t<\/div>\n\t\t\t\t\t\t\t\t\t\t\t<a href=\"\/online-casinos\/cryptoleo-casino\/\" target=\"_blank\">Revisar el casino<\/a>\n\t\t\t\t\t\t\t\t\t\t<\/div>\n\t\t\t\t\t\t\t\t\t<\/div>\n\t\t\t\t\t\t\t\t\t<a href=\"\/go\/cryptoleo-casino\" target=\"_blank\" rel=\"nofollow\" class=\"casino-item-middle-wrapper\">\n\t\t\t\t\t\t\t\t\t\t<span class=\"casino-item-main-bonus\">welcome bonus 150% up to 3,000 USD<\/span>\n\t\t\t\t\t\t\t\t\t\t<span class=\"casino-item-option-bonus\"><\/span>\n\t\t\t\t\t\t\t\t\t<\/a>\n\t\t\t\t\t\t\t\t\t<div class=\"casino-item-bottom-wrapper\">\n\t\t\t\t\t\t\t\t\t\t<a href=\"\/go\/cryptoleo-casino\" target=\"_blank\" rel=\"nofollow\" class=\"casino-item-ref-btn\">Jugar al casino<\/a>\n\t\t\t\t\t\t\t\t\t<\/div>\n\t\t\t\t\t\t\t\t\t<div class=\"casino-item-payment-systems\"><ul class=\"casino-item-payment-systems-list clearfix\"><li class=\"img-circle\"><img src=\"https:\/\/hottopcasino.com\/wp-content\/uploads\/2022\/06\/bitcoin-40x40.png\" alt=\"bitcoin\" class=\"img-responsive img-circle\"\/><\/li><li class=\"img-circle\"><img src=\"https:\/\/hottopcasino.com\/wp-content\/uploads\/2020\/01\/visa-40x40.png\" alt=\"Visa\" class=\"img-responsive img-circle\"\/><\/li><li class=\"img-circle\"><img src=\"https:\/\/hottopcasino.com\/wp-content\/uploads\/2022\/06\/tether-40x40.png\" alt=\"tether\" class=\"img-responsive img-circle\"\/><\/li><li class=\"img-circle\"><span class=\"img-circle show-popup\" onclick=\"ShowPaymentsPopup(this); return false;\">+1<\/span><\/li><\/ul><div class=\"payment-system-popup\"><ul class=\"casino-item-payment-systems-list clearfix\"><li class=\"img-circle\"><img src=\"https:\/\/hottopcasino.com\/wp-content\/uploads\/2022\/04\/eth-40x40.png\" alt=\"Ethereum\" class=\"img-responsive img-circle\"\/><\/li><\/ul><\/div><\/div>\n\t\t\t\t\t\t\t\t<\/div>\n\t\t\t\t\t\t\t<\/div>\n\t\t\t\t\t\t<\/div>\n\t\t\t\t\t\n\t\t\t\t\t\t<div class=\"col-xs-6 col-sm-4 col-md-4 col-lg-4\">\n\t\t\t\t\t\t\t<div class=\"row\">\n\t\t\t\t\t\t\t\t<div class=\"casino-item\">\n\t\t\t\t\t\t\t\t\t<div class=\"casino-item-top-wrapper clearfix\">\n\t\t\t\t\t\t\t\t\t\t\n\t\t\t\t\t\t\t\t\t\t<a href=\"\/online-casinos\/bchgames-casino-review\/\" target=\"_blank\"><img src=\"https:\/\/hottopcasino.com\/wp-content\/uploads\/2023\/04\/BCH.jpg\" alt=\"\" class=\"img-responsive img-circle pull-left casino-item-logo\"\/><\/a>\n\t\t\t\t\t\t\t\t\t\t<div class=\"casino-item-text-wrap pull-left\">\n\t\t\t\t\t\t\t\t\t\t\t<span class=\"casino-item-title\">BCH<\/span>\n\t\t\t\t\t\t\t\t\t\t\t<div class=\"rating-wrapper clearfix\">\n\t\t\t\t\t\t\t\t\t\t\t\t<div class=\"rating-stars pull-left\"><img src=https:\/\/hottopcasino.com\/wp-content\/themes\/hottop\/public\/rating\/10.png alt=\"Rating\" class=\"img-responsive\"\/><img src=https:\/\/hottopcasino.com\/wp-content\/themes\/hottop\/public\/rating\/10.png alt=\"Rating\" class=\"img-responsive\"\/><img src=https:\/\/hottopcasino.com\/wp-content\/themes\/hottop\/public\/rating\/10.png alt=\"Rating\" class=\"img-responsive\"\/><img src=https:\/\/hottopcasino.com\/wp-content\/themes\/hottop\/public\/rating\/0.png alt=\"Rating\" class=\"img-responsive\"\/><img src=https:\/\/hottopcasino.com\/wp-content\/themes\/hottop\/public\/rating\/0.png alt=\"Rating\" class=\"img-responsive\"\/><\/div>\n\t\t\t\t\t\t\t\t\t\t\t\t<div class=\"rating-num pull-left\">3 \/ 5<\/div>\n\t\t\t\t\t\t\t\t\t\t\t<\/div>\n\t\t\t\t\t\t\t\t\t\t\t<a href=\"\/online-casinos\/bchgames-casino-review\/\" target=\"_blank\">Revisar el casino<\/a>\n\t\t\t\t\t\t\t\t\t\t<\/div>\n\t\t\t\t\t\t\t\t\t<\/div>\n\t\t\t\t\t\t\t\t\t<a href=\"\/go\/bchgames\" target=\"_blank\" rel=\"nofollow\" class=\"casino-item-middle-wrapper\">\n\t\t\t\t\t\t\t\t\t\t<span class=\"casino-item-main-bonus\">300% welcome bonus up to 1000 EUR<\/span>\n\t\t\t\t\t\t\t\t\t\t<span class=\"casino-item-option-bonus\">500% bonus up to 500 EUR<\/span>\n\t\t\t\t\t\t\t\t\t<\/a>\n\t\t\t\t\t\t\t\t\t<div class=\"casino-item-bottom-wrapper\">\n\t\t\t\t\t\t\t\t\t\t<a href=\"\/go\/bchgames\" target=\"_blank\" rel=\"nofollow\" class=\"casino-item-ref-btn\">Jugar al casino<\/a>\n\t\t\t\t\t\t\t\t\t<\/div>\n\t\t\t\t\t\t\t\t\t<div class=\"casino-item-payment-systems\"><ul class=\"casino-item-payment-systems-list clearfix\"><li class=\"img-circle\"><img src=\"https:\/\/hottopcasino.com\/wp-content\/uploads\/2020\/01\/visa-40x40.png\" alt=\"Visa\" class=\"img-responsive img-circle\"\/><\/li><li class=\"img-circle\"><img src=\"https:\/\/hottopcasino.com\/wp-content\/uploads\/2022\/06\/bitcoin-40x40.png\" alt=\"bitcoin\" class=\"img-responsive img-circle\"\/><\/li><li class=\"img-circle\"><img src=\"https:\/\/hottopcasino.com\/wp-content\/uploads\/2022\/06\/tether-40x40.png\" alt=\"tether\" class=\"img-responsive img-circle\"\/><\/li><li class=\"img-circle\"><span class=\"img-circle show-popup\" onclick=\"ShowPaymentsPopup(this); return false;\">+1<\/span><\/li><\/ul><div class=\"payment-system-popup\"><ul class=\"casino-item-payment-systems-list clearfix\"><li class=\"img-circle\"><img src=\"https:\/\/hottopcasino.com\/wp-content\/uploads\/2022\/04\/eth-40x40.png\" alt=\"Ethereum\" class=\"img-responsive img-circle\"\/><\/li><\/ul><\/div><\/div>\n\t\t\t\t\t\t\t\t<\/div>\n\t\t\t\t\t\t\t<\/div>\n\t\t\t\t\t\t<\/div>\n\t\t\t\t\t<\/div><\/div><\/div>\n<hr \/>\n<h2><strong>Hottop Casino: revolucionando el panorama de los criptocasinos<\/strong><\/h2>\n<p>En el mundo en constante evoluci\u00f3n de los <a href=\"\/\">juegos de azar en l\u00ednea<\/a>, Hottop Casino se ha convertido en un pionero, estableciendo nuevos est\u00e1ndares para <strong>lo que un casino criptogr\u00e1fico puede ofrecer<\/strong>. Esta revisi\u00f3n profundiza en las innumerables caracter\u00edsticas que <strong> hacen de Hottop Casino un destacado en el abarrotado campo<\/strong> de los casinos en l\u00ednea, centr\u00e1ndose en su <strong> enfoque integral de juegos<\/strong>, <strong>bonos, <strong>servicio al cliente<\/strong> y, <strong>m\u00e1s notablemente<\/strong>, su integraci\u00f3n de criptomonedas.<\/strong><\/p>\n<h3><strong>El G\u00e9nesis de Hottop Casino<\/strong><\/h3>\n<p>El inicio de Hottop Casino estuvo marcado por la ambici\u00f3n de fusionar el apasionante <strong>mundo de los juegos de azar en l\u00ednea con el floreciente<\/strong> campo de las criptomonedas, creando una plataforma que no s\u00f3lo es de vanguardia <strong>sino tambi\u00e9n segura y an\u00f3nima y <strong>accesible a una audiencia global<\/strong>. Desde entonces, el casino ha evolucionado hasta convertirse en un <strong>refugio para los entusiastas de las criptomonedas<\/strong>, <strong>ofreciendo una amplia gama de juegos<\/strong>, <strong>bonos generosos<\/strong> y un <strong>innovador <a href=\"\/\">sistema de pago<\/a><\/strong> que satisface las necesidades del jugador moderno.<\/strong><\/p>\n<h3><strong>Un criptocasino diferente<\/strong><\/h3>\n<p><strong>Lo que distingue a Hottop Casino<\/strong> es su perfecta integraci\u00f3n de pagos <strong>con criptomonedas<\/strong>, lo que permite a los jugadores <strong>depositar<\/strong> y <strong>retirar fondos con facilidad<\/strong>. Esta integraci\u00f3n se extiende m\u00e1s all\u00e1 de <strong>Bitcoin<\/strong> para incluir una variedad de otras <strong>monedas digitales<\/strong>, brindando flexibilidad y conveniencia a jugadores de todo el mundo. La seguridad y el anonimato que ofrecen estas transacciones <strong>mejoran a\u00fan m\u00e1s el atractivo de Hottop Casino<\/strong>, convirti\u00e9ndolo en la opci\u00f3n preferida para los jugadores preocupados por la privacidad.<\/p>\n<h2><strong>Bonos en abundancia en Hottop Casino<\/strong><\/h2>\n<p>La reputaci\u00f3n del casino como &#8220;<strong>Crypto Bonus Casino<\/strong>&#8221; est\u00e1 bien ganada gracias a su amplia gama de ofertas de bonos. Desde el <strong>momento en que los jugadores se registran<\/strong>, son recibidos con atractivos <strong>paquetes de bienvenid<\/strong>a que incluyen <strong>coincidencias de dep\u00f3sito<\/strong>, <strong>giros gratis<\/strong> y m\u00e1s. Las <strong>promociones peri\u00f3dicas<\/strong> y las <strong>ofertas de temporada mantienen<\/strong> la emoci\u00f3n, asegurando que cada visita a <strong>Hottop Casino sea gratificante<\/strong>.<\/p>\n<h3><strong>Explorando el bono sin dep\u00f3sito<\/strong><\/h3>\n<p>Una caracter\u00edstica destacada de Hottop Casino es su opci\u00f3n &#8220;<strong>Crypto No Deposit Casino<\/strong>&#8220;, que permite a los jugadores explorar las <strong>ofertas del casino sin realizar un dep\u00f3sito inicial<\/strong>. Esta caracter\u00edstica es particularmente <strong>atractiva para los reci\u00e9n llegados que<\/strong> desean probar el terreno <strong>antes de comprometerse financieramente<\/strong>, brindando una introducci\u00f3n sin riesgos al mundo de los juegos de azar con criptomonedas.<\/p>\n<h3><strong>Cartera de juegos diversa<\/strong><\/h3>\n<p>Hottop Casino cuenta con una amplia selecci\u00f3n de juegos que satisfacen una amplia gama de preferencias. Desde las<strong> \u00faltimas tragamonedas de video<\/strong> y <strong>jackpots progresivos<\/strong> hasta <strong>juegos de mesa<\/strong> tradicionales y un <strong>casino en vivo secci\u00f3n, el <strong>casino<\/strong> ofrece una experiencia de juego incomparable. Cada juego se selecciona cuidadosamente por su <strong>calidad, equidad<\/strong> y <strong>capacidad para entretener<\/strong>, lo que garantiza que los jugadores tengan una experiencia memorable cada vez que inician sesi\u00f3n.<\/strong><\/p>\n<h2><strong>Experiencia elevada para VIP<\/strong><\/h2>\n<p>El <a href=\"https:\/\/hottopcasino.com\/es\/vip-program\/\">Programa VIP de Hottop Casino<\/a>\u00a0est\u00e1 dise\u00f1ado para ofrecer una <strong>experiencia de juego mejorada a sus jugadores m\u00e1s leales<\/strong>. Este programa incluye una<strong> variedad de ventajas como servicio al cliente personalizado<\/strong>, <a href=\"https:\/\/hottopcasino.com\/es\/no-deposit-bonuses\/\">bonos exclusivos<\/a>, <strong>l\u00edmites de retiro m\u00e1s altos<\/strong>, e <strong>invitaciones a eventos especiales<\/strong>. El programa VIP ejemplifica el compromiso de Hottop Casino de apreciar y recompensar a su dedicada base de jugadores.<\/p>\n<h2><strong>Maximizar ganancias con bonos de dep\u00f3sito<\/strong><\/h2>\n<p>Los &#8220;<strong>bonos de dep\u00f3sito criptogr\u00e1fico<\/strong>&#8221; de Hottop Casino est\u00e1n dise\u00f1ados para maximizar las posibilidades de ganar de los jugadores. Estos<strong> bonos proporcionan fondos adicionales adem\u00e1s de los dep\u00f3sitos<\/strong>, lo que permite a los jugadores extender su tiempo de juego y aumentar<strong> sus posibilidades de obtener grandes ganancias<\/strong>. El enfoque estrat\u00e9gico del casino hacia los bonos garantiza <strong>que los jugadores reciban el mejor valor posible por sus dep\u00f3sitos<\/strong>.<\/p>\n<h3><strong>Un casino criptogr\u00e1fico l\u00edder en Bitcoin<\/strong><\/h3>\n<p>Como &#8220;<strong>Casino Crypto Bitcoin<\/strong>&#8220;, Hottop Casino emrefuerza la <strong>criptomoneda l\u00edder en el mundo<\/strong>, <strong>Bitcoin<\/strong>, <strong>junto con una selecci\u00f3n de otras monedas digitales<\/strong>. Esta adopci\u00f3n no s\u00f3lo <strong>facilita<\/strong> transacciones f\u00e1ciles y <strong>seguras, sino que tambi\u00e9n posiciona a Hottop Casino<\/strong> a la vanguardia de la revoluci\u00f3n de los juegos de azar con criptomonedas.<\/p>\n<h3><strong>Innovando con el sistema de pagos a docentes<\/strong><\/h3>\n<p>Una de las caracter\u00edsticas m\u00e1s innovadoras de <strong>Hottop Casino<\/strong> es su &#8220;<strong>Sistema de Pagos para Profesores<\/strong>&#8220;. Este sistema est\u00e1 dise\u00f1ado para <strong>educar a los nuevos jugadores<\/strong> sobre las complejidades del <strong>juego<\/strong>. juegos de azar con criptomonedas, lo que garantiza una introducci\u00f3n fluida y agradable a los <strong>juegos en l\u00ednea<\/strong>. A trav\u00e9s de este sistema, <strong>Hottop Casino<\/strong> demuestra su compromiso con la educaci\u00f3n y satisfacci\u00f3n del jugador.<\/p>\n<h2><strong>Conclusi\u00f3n: Un nuevo amanecer en los juegos de azar con criptomonedas<\/strong><\/h2>\n<p>En conclusi\u00f3n, Hottop Casino representa el pin\u00e1culo de la <strong>innovaci\u00f3n de criptocasinos<\/strong>. Con su amplia <strong>variedad de juegos<\/strong>, <strong> generosos esquemas de bonificaci\u00f3n<\/strong> y un enfoque en la seguridad y la conveniencia, <strong>Hottop Casino ofrece<\/strong> una <strong>experiencia de juego completa eso es dif\u00edcil de igualar<\/strong>. Si eres un <strong>jugador experimentado o nuevo en el mundo de los criptocasinos<\/strong>, Hottop Casino promete una <strong>aventura llena de emoci\u00f3n<\/strong>, <strong>seguridad<\/strong> y <strong>comodidad incomparable<\/strong>, lo que lo convierte en un destino de visita obligada en el panorama de los juegos de azar en l\u00ednea.<\/p>\n","protected":false},"excerpt":{"rendered":"<p>Hottop Casino: revolucionando el panorama de los criptocasinos En el mundo en constante evoluci\u00f3n de los juegos de azar en l\u00ednea, Hottop Casino se ha convertido en un pionero, estableciendo nuevos est\u00e1ndares para lo que un casino criptogr\u00e1fico puede ofrecer. Esta revisi\u00f3n profundiza en las innumerables caracter\u00edsticas que hacen de Hottop Casino un destacado en [&hellip;]<\/p>\n","protected":false},"author":1,"featured_media":0,"parent":10921,"menu_order":0,"comment_status":"closed","ping_status":"closed","template":"","meta":{"om_disable_all_campaigns":false,"_monsterinsights_skip_tracking":false,"_monsterinsights_sitenote_active":false,"_monsterinsights_sitenote_note":"","_monsterinsights_sitenote_category":0,"footnotes":""},"acf":[],"aioseo_notices":[],"_links":{"self":[{"href":"https:\/\/hottopcasino.com\/es\/wp-json\/wp\/v2\/pages\/14052"}],"collection":[{"href":"https:\/\/hottopcasino.com\/es\/wp-json\/wp\/v2\/pages"}],"about":[{"href":"https:\/\/hottopcasino.com\/es\/wp-json\/wp\/v2\/types\/page"}],"author":[{"embeddable":true,"href":"https:\/\/hottopcasino.com\/es\/wp-json\/wp\/v2\/users\/1"}],"replies":[{"embeddable":true,"href":"https:\/\/hottopcasino.com\/es\/wp-json\/wp\/v2\/comments?post=14052"}],"version-history":[{"count":3,"href":"https:\/\/hottopcasino.com\/es\/wp-json\/wp\/v2\/pages\/14052\/revisions"}],"predecessor-version":[{"id":14055,"href":"https:\/\/hottopcasino.com\/es\/wp-json\/wp\/v2\/pages\/14052\/revisions\/14055"}],"up":[{"embeddable":true,"href":"https:\/\/hottopcasino.com\/es\/wp-json\/wp\/v2\/pages\/10921"}],"wp:attachment":[{"href":"https:\/\/hottopcasino.com\/es\/wp-json\/wp\/v2\/media?parent=14052"}],"curies":[{"name":"wp","href":"https:\/\/api.w.org\/{rel}","templated":true}]}}