	{"id":10971,"date":"2023-08-28T23:03:14","date_gmt":"2023-08-28T12:03:14","guid":{"rendered":"https:\/\/hottopcasino.com\/skrill\/"},"modified":"2024-09-25T00:16:06","modified_gmt":"2024-09-24T13:16:06","slug":"skrill","status":"publish","type":"page","link":"https:\/\/hottopcasino.com\/pt-br\/skrill\/","title":{"rendered":"Skrill"},"content":{"rendered":"<p>No mundo digital de hoje, a conveni\u00eancia e a seguran\u00e7a s\u00e3o fundamentais quando se trata de transac\u00e7\u00f5es em linha. A Skrill, uma plataforma de pagamento online amplamente reconhecida, estabeleceu-se como uma solu\u00e7\u00e3o fi\u00e1vel e eficiente tanto para particulares como para empresas. Quer esteja a fazer compras online, a gerir as suas finan\u00e7as ou a desfrutar de entretenimento online, como jogos, Skrill oferece uma forma simples e segura de gerir os seus fundos.<\/p>\n<h2><strong>Como funciona o Skrill<\/strong><\/h2>\n<p><img decoding=\"async\" loading=\"lazy\" class=\"alignnone size-full wp-image-154\" src=\"https:\/\/hottopcasino.com\/wp-content\/uploads\/2020\/01\/skrill.png\" alt=\"Skrill_beep\" width=\"180\" height=\"180\" srcset=\"https:\/\/hottopcasino.com\/wp-content\/uploads\/2020\/01\/skrill.png 180w, https:\/\/hottopcasino.com\/wp-content\/uploads\/2020\/01\/skrill-150x150.png 150w, https:\/\/hottopcasino.com\/wp-content\/uploads\/2020\/01\/skrill-30x30.png 30w, https:\/\/hottopcasino.com\/wp-content\/uploads\/2020\/01\/skrill-40x40.png 40w, https:\/\/hottopcasino.com\/wp-content\/uploads\/2020\/01\/skrill-65x65.png 65w\" sizes=\"(max-width: 180px) 100vw, 180px\" \/><\/p>\n<p>O Skrill funciona como uma carteira eletr\u00f3nica, permitindo aos utilizadores armazenar fundos e efetuar transac\u00e7\u00f5es sem terem de partilhar informa\u00e7\u00f5es financeiras sens\u00edveis sempre que efectuam uma compra. Ao associar o seu cart\u00e3o de cr\u00e9dito, cart\u00e3o de d\u00e9bito ou conta banc\u00e1ria \u00e0 sua conta Skrill, pode facilmente financiar a sua carteira eletr\u00f3nica e utiliz\u00e1-la para efetuar pagamentos em v\u00e1rias plataformas online.<\/p>\n<h3><strong>Vantagens de Skrill:<\/strong><\/h3>\n<ol>\n<li><strong>Seguran\u00e7a:<\/strong> Skrill utiliza medidas de seguran\u00e7a avan\u00e7adas para proteger os seus dados financeiros e transac\u00e7\u00f5es. As suas informa\u00e7\u00f5es pessoais permanecem confidenciais, reduzindo o risco de roubo de identidade ou fraude.<\/li>\n<li><strong>Rapidez:<\/strong> Com transfer\u00eancias e pagamentos instant\u00e2neos, Skrill garante que as suas transac\u00e7\u00f5es s\u00e3o processadas rapidamente, permitindo-lhe desfrutar das suas compras ou come\u00e7ar a jogar sem atrasos.<\/li>\n<li><strong>Aceita\u00e7\u00e3o global:<\/strong> O Skrill \u00e9 aceite por uma vasta gama de comerciantes online, o que o torna um m\u00e9todo de pagamento vers\u00e1til para v\u00e1rias necessidades, desde compras online a jogos.<\/li>\n<li><strong>Convers\u00e3o de moedas:<\/strong> O Skrill suporta v\u00e1rias moedas, o que \u00e9 particularmente \u00fatil para transac\u00e7\u00f5es internacionais. Pode efetuar pagamentos em diferentes moedas sem se preocupar com taxas de convers\u00e3o excessivas.<\/li>\n<\/ol>\n<h2><strong>Skrill nos Casinos Online<\/strong><\/h2>\n<p>A popularidade de Skrill estende-se ao dom\u00ednio dos casinos online. Muitas plataformas de casino de renome aceitam o Skrill como m\u00e9todo de pagamento preferencial. Os jogadores podem depositar rapidamente fundos nas suas contas de casino e levantar os seus ganhos sem qualquer problema. A camada adicional de seguran\u00e7a que o Skrill fornece garante que as suas transac\u00e7\u00f5es de casino est\u00e3o protegidas, dando-lhe paz de esp\u00edrito enquanto desfruta dos seus jogos favoritos.<\/p>\n<h2><strong>Come\u00e7ar a utilizar o Skrill<\/strong><\/h2>\n<ol>\n<li><strong>Registo:<\/strong> A cria\u00e7\u00e3o de uma conta Skrill \u00e9 simples. Visite o s\u00edtio Web Skrill, forne\u00e7a as informa\u00e7\u00f5es necess\u00e1rias e verifique a sua identidade.<\/li>\n<li><strong>Vincular fonte de financiamento:<\/strong> Ligue o seu cart\u00e3o de cr\u00e9dito, cart\u00e3o de d\u00e9bito ou conta banc\u00e1ria \u00e0 sua conta Skrill para financiar a sua carteira eletr\u00f3nica.<\/li>\n<li><strong>Comece a efetuar transac\u00e7\u00f5es:<\/strong> Assim que a sua conta tiver fundos, pode come\u00e7ar a utilizar o Skrill para efetuar pagamentos, quer seja para compras, jogos ou outras actividades online.<\/li>\n<\/ol>\n<p>Na era digital, \u00e9 essencial dispor de um m\u00e9todo de pagamento em linha seguro e eficaz. O Skrill oferece a fiabilidade, a conveni\u00eancia e a tranquilidade de que necessita para gerir as suas transac\u00e7\u00f5es online sem problemas. Quer esteja a fazer compras, a jogar ou a realizar neg\u00f3cios online, Skrill \u00e9 o seu parceiro em transac\u00e7\u00f5es financeiras seguras e r\u00e1pidas.<\/p>\n","protected":false},"excerpt":{"rendered":"<p>No mundo digital de hoje, a conveni\u00eancia e a seguran\u00e7a s\u00e3o fundamentais quando se trata de transac\u00e7\u00f5es em linha. A Skrill, uma plataforma de pagamento online amplamente reconhecida, estabeleceu-se como uma solu\u00e7\u00e3o fi\u00e1vel e eficiente tanto para particulares como para empresas. Quer esteja a fazer compras online, a gerir as suas finan\u00e7as ou a desfrutar [&hellip;]<\/p>\n","protected":false},"author":1,"featured_media":0,"parent":0,"menu_order":0,"comment_status":"closed","ping_status":"closed","template":"","meta":{"om_disable_all_campaigns":false,"_monsterinsights_skip_tracking":false,"_monsterinsights_sitenote_active":false,"_monsterinsights_sitenote_note":"","_monsterinsights_sitenote_category":0,"footnotes":""},"acf":[],"aioseo_notices":[],"_links":{"self":[{"href":"https:\/\/hottopcasino.com\/pt-br\/wp-json\/wp\/v2\/pages\/10971"}],"collection":[{"href":"https:\/\/hottopcasino.com\/pt-br\/wp-json\/wp\/v2\/pages"}],"about":[{"href":"https:\/\/hottopcasino.com\/pt-br\/wp-json\/wp\/v2\/types\/page"}],"author":[{"embeddable":true,"href":"https:\/\/hottopcasino.com\/pt-br\/wp-json\/wp\/v2\/users\/1"}],"replies":[{"embeddable":true,"href":"https:\/\/hottopcasino.com\/pt-br\/wp-json\/wp\/v2\/comments?post=10971"}],"version-history":[{"count":2,"href":"https:\/\/hottopcasino.com\/pt-br\/wp-json\/wp\/v2\/pages\/10971\/revisions"}],"predecessor-version":[{"id":16543,"href":"https:\/\/hottopcasino.com\/pt-br\/wp-json\/wp\/v2\/pages\/10971\/revisions\/16543"}],"wp:attachment":[{"href":"https:\/\/hottopcasino.com\/pt-br\/wp-json\/wp\/v2\/media?parent=10971"}],"curies":[{"name":"wp","href":"https:\/\/api.w.org\/{rel}","templated":true}]}}