	{"id":10978,"date":"2023-01-28T01:13:16","date_gmt":"2023-01-27T14:13:16","guid":{"rendered":"https:\/\/hottopcasino.com\/paysafecard\/"},"modified":"2024-09-25T00:13:47","modified_gmt":"2024-09-24T13:13:47","slug":"paysafecard","status":"publish","type":"page","link":"https:\/\/hottopcasino.com\/pt-br\/paysafecard\/","title":{"rendered":"PaySafeCard"},"content":{"rendered":"\t\t<div data-elementor-type=\"wp-page\" data-elementor-id=\"10978\" class=\"elementor elementor-10978 elementor-2420\">\n\t\t\t\t\t\t\t\t\t<section class=\"elementor-section elementor-top-section elementor-element elementor-element-630dac82 elementor-section-boxed elementor-section-height-default elementor-section-height-default\" data-id=\"630dac82\" data-element_type=\"section\">\n\t\t\t\t\t\t<div class=\"elementor-container elementor-column-gap-default\">\n\t\t\t\t\t<div class=\"elementor-column elementor-col-100 elementor-top-column elementor-element elementor-element-7b36e2e\" data-id=\"7b36e2e\" data-element_type=\"column\">\n\t\t\t<div class=\"elementor-widget-wrap elementor-element-populated\">\n\t\t\t\t\t\t\t\t<div class=\"elementor-element elementor-element-402876cc elementor-widget elementor-widget-text-editor\" data-id=\"402876cc\" data-element_type=\"widget\" data-widget_type=\"text-editor.default\">\n\t\t\t\t<div class=\"elementor-widget-container\">\n\t\t\t<style>\/*! elementor - v3.10.1 - 17-01-2023 *\/\n.elementor-widget-text-editor.elementor-drop-cap-view-stacked .elementor-drop-cap{background-color:#818a91;color:#fff}.elementor-widget-text-editor.elementor-drop-cap-view-framed .elementor-drop-cap{color:#818a91;border:3px solid;background-color:transparent}.elementor-widget-text-editor:not(.elementor-drop-cap-view-default) .elementor-drop-cap{margin-top:8px}.elementor-widget-text-editor:not(.elementor-drop-cap-view-default) .elementor-drop-cap-letter{width:1em;height:1em}.elementor-widget-text-editor .elementor-drop-cap{float:left;text-align:center;line-height:1;font-size:50px}.elementor-widget-text-editor .elementor-drop-cap-letter{display:inline-block}<\/style>\t\t\t\t<div><img decoding=\"async\" loading=\"lazy\" class=\"alignnone wp-image-2402 size-medium\" src=\"https:\/\/hottopcasino.com\/wp-content\/uploads\/2023\/01\/pay_save_card-300x225.png\" alt=\"\" width=\"300\" height=\"225\" srcset=\"https:\/\/hottopcasino.com\/wp-content\/uploads\/2023\/01\/pay_save_card-300x225.png 300w, https:\/\/hottopcasino.com\/wp-content\/uploads\/2023\/01\/pay_save_card-40x30.png 40w, https:\/\/hottopcasino.com\/wp-content\/uploads\/2023\/01\/pay_save_card-65x49.png 65w, https:\/\/hottopcasino.com\/wp-content\/uploads\/2023\/01\/pay_save_card.png 600w\" sizes=\"(max-width: 300px) 100vw, 300px\" \/><\/div><p>O servi\u00e7o de cart\u00f5es pr\u00e9-pagos da PaySafeCard existe desde 2000. A sua sede est\u00e1 localizada em Viena, \u00c1ustria. Este sistema est\u00e1 entre os mais populares na Europa, e os jogadores australianos tamb\u00e9m o apreciam. O PaySafeCard \u00e9 seguro, r\u00e1pido e c\u00f3modo para pagar online por diferentes servi\u00e7os desejados e produtos interessantes. As transac\u00e7\u00f5es PaySafeCard s\u00e3o suportadas por milhares de empresas e fornecedores autorizados nos mercados da m\u00fasica, redes sociais, entretenimento e, claro, jogos de azar.<\/p><p>Ao utilizar este sistema de pagamento, pode ter a certeza absoluta de que os seus fundos permanecer\u00e3o seguros e protegidos. \u00c9 claro que os casinos que trabalham com ele pertencem obviamente \u00e0 categoria das empresas de topo e dos melhores sites. O sistema \u00e9 realmente popular na Austr\u00e1lia, onde os jogadores o utilizam para jogar v\u00eddeo pokies, jogos de mesa, roletas e outros dos seus t\u00edtulos de casino favoritos.<\/p><h2>Vis\u00e3o geral<\/h2><p>Apesar de o PaySafeCard ter come\u00e7ado a existir em 2000 como um servi\u00e7o de cart\u00f5es pr\u00e9-pagos, evoluiu para o servi\u00e7o fi\u00e1vel de vales electr\u00f3nicos apenas alguns anos depois. Os clientes come\u00e7aram a utiliz\u00e1-lo para efetuar pagamentos em linha em 2004. Quase uma d\u00e9cada depois, a empresa fez uma expans\u00e3o significativa para funcionar em mais de duas dezenas de estados em todo o planeta. O lan\u00e7amento de uma iniciativa completamente nova denominada MyPaySafeCard foi o passo seguinte. Proporcionou aos clientes a possibilidade de armazenar os seus c\u00f3digos PIN numa \u00fanica conta de abrigo protegida por algoritmos de encripta\u00e7\u00e3o de topo<\/p><p>e solu\u00e7\u00f5es de prote\u00e7\u00e3o digital.<\/p><p>No ano de 2013, PaySafeCard uniu-se aos propriet\u00e1rios do sistema de pagamento online l\u00edder Skrill. Em 2015, a ades\u00e3o ao Grupo PaySafe foi acompanhada de v\u00e1rias outras vantagens. Atualmente, a empresa disp\u00f5e de um conjunto completo de servi\u00e7os e produtos para oferecer a todos os clientes (um cart\u00e3o MasterCard pr\u00e9-pago, que \u00e9 especialmente fixe, tamb\u00e9m est\u00e1 entre eles). O programa de fideliza\u00e7\u00e3o do My PLUS serve para premiar os clientes habituais. Este funciona em mais de 40 locais em todo o mundo. O M\u00e9dio Oriente, a Austr\u00e1lia e a Nova Zel\u00e2ndia entram na zona da sua atividade. 23 moedas diferentes e mais de 5 000 000 pontos de venda em todo o mundo que apoiam os vales da empresa s\u00e3o outras vantagens e benef\u00edcios para todos os clientes, incluindo os australianos.<\/p><p>O PaySafeCard adquiriu recentemente o Ukash, o seu concorrente. Assim, o comprador substituiu totalmente o Ukash, e os cup\u00f5es do concorrente j\u00e1 n\u00e3o est\u00e3o a ser lan\u00e7ados ou suportados.<\/p><h2>Austr\u00e1lia e PaySafeCard<\/h2><p>N\u00e3o h\u00e1 qualquer problema para os australianos obterem uma conta e come\u00e7arem a utilizar o sistema para comprar filmes, jogos, composi\u00e7\u00f5es musicais e muitas outras coisas e servi\u00e7os dispon\u00edveis na Internet de forma r\u00e1pida e confort\u00e1vel. Naturalmente, o jogo \u00e9 uma das actividades mais populares apoiadas pelo PaySafeCard, especialmente na Austr\u00e1lia. O que \u00e9 \u00f3timo aqui \u00e9 que os australianos e todos os residentes no pa\u00eds n\u00e3o t\u00eam de possuir qualquer cart\u00e3o de d\u00e9bito ou de cr\u00e9dito para utilizar este sistema. Nem sequer \u00e9 necess\u00e1rio ter uma conta banc\u00e1ria separada.<\/p><h2>Iniciar uma conta<\/h2><p>N\u00e3o \u00e9 necess\u00e1rio ter uma conta para se registar<\/p><p>para os australianos. Basta dirigir-se ao retalhista autorizado (ePay, Woolworths, EzyMart, etc.) e comprar os cup\u00f5es da empresa. Utilizando esta compra, pode efetuar dep\u00f3sitos nas suas contas de jogo em casinos online suportados de forma r\u00e1pida e f\u00e1cil.<\/p><p>Disponibilidade de dinheiro quase instant\u00e2nea ap\u00f3s o carregamento de um dep\u00f3sito.<\/p>\t\t\t\t\t\t<\/div>\n\t\t\t\t<\/div>\n\t\t\t\t\t<\/div>\n\t\t<\/div>\n\t\t\t\t\t\t\t<\/div>\n\t\t<\/section>\n\t\t\t\t<section class=\"elementor-section elementor-top-section elementor-element elementor-element-43e5918 elementor-section-boxed elementor-section-height-default elementor-section-height-default\" data-id=\"43e5918\" data-element_type=\"section\">\n\t\t\t\t\t\t<div class=\"elementor-container elementor-column-gap-default\">\n\t\t\t\t\t<div class=\"elementor-column elementor-col-100 elementor-top-column elementor-element elementor-element-1cbd787\" data-id=\"1cbd787\" data-element_type=\"column\">\n\t\t\t<div class=\"elementor-widget-wrap elementor-element-populated\">\n\t\t\t\t\t\t\t\t<div class=\"elementor-element elementor-element-31a0621 elementor-widget elementor-widget-heading\" data-id=\"31a0621\" data-element_type=\"widget\" data-widget_type=\"heading.default\">\n\t\t\t\t<div class=\"elementor-widget-container\">\n\t\t\t<style>\/*! elementor - v3.10.1 - 17-01-2023 *\/\n.elementor-heading-title{padding:0;margin:0;line-height:1}.elementor-widget-heading .elementor-heading-title[class*=elementor-size-]>a{color:inherit;font-size:inherit;line-height:inherit}.elementor-widget-heading .elementor-heading-title.elementor-size-small{font-size:15px}.elementor-widget-heading .elementor-heading-title.elementor-size-medium{font-size:19px}.elementor-widget-heading .elementor-heading-title.elementor-size-large{font-size:29px}.elementor-widget-heading .elementor-heading-title.elementor-size-xl{font-size:39px}.elementor-widget-heading .elementor-heading-title.elementor-size-xxl{font-size:59px}<\/style><h2 class=\"elementor-heading-title elementor-size-default\">O que se passa, porqu\u00ea PaySafeCard?<\/h2>\t\t<\/div>\n\t\t\t\t<\/div>\n\t\t\t\t\t<\/div>\n\t\t<\/div>\n\t\t\t\t\t\t\t<\/div>\n\t\t<\/section>\n\t\t\t\t<section class=\"elementor-section elementor-top-section elementor-element elementor-element-8a4d580 elementor-section-boxed elementor-section-height-default elementor-section-height-default\" data-id=\"8a4d580\" data-element_type=\"section\">\n\t\t\t\t\t\t<div class=\"elementor-container elementor-column-gap-default\">\n\t\t\t\t\t<div class=\"elementor-column elementor-col-100 elementor-top-column elementor-element elementor-element-85db0c7\" data-id=\"85db0c7\" data-element_type=\"column\">\n\t\t\t<div class=\"elementor-widget-wrap elementor-element-populated\">\n\t\t\t\t\t\t\t\t<div class=\"elementor-element elementor-element-e9ef90c elementor-widget elementor-widget-text-editor\" data-id=\"e9ef90c\" data-element_type=\"widget\" data-widget_type=\"text-editor.default\">\n\t\t\t\t<div class=\"elementor-widget-container\">\n\t\t\t\t\t\t\t<p><span style=\"font-family: Roboto, sans-serif; font-size: 16px; font-style: normal; font-variant-ligatures: normal; font-variant-caps: normal; font-weight: 400;\">Trata-se, portanto, mais uma vez, de um sistema que utiliza cup\u00f5es pr\u00e9-pagos. Falando de casinos online, dos seus dep\u00f3sitos e levantamentos, o sistema \u00e9 uma escolha s\u00f3lida e favor\u00e1vel. O m\u00e9todo \u00e9 bastante semelhante ao de um cart\u00e3o de cr\u00e9dito, mas foi especialmente concebido para tornar reais as transac\u00e7\u00f5es na Internet apenas com o n\u00famero PIN adequado. Sim, estamos a falar a s\u00e9rio. N\u00e3o \u00e9 necess\u00e1rio fornecer ao sistema a sua identifica\u00e7\u00e3o pessoal ou outros dados sens\u00edveis em caso de roubo.<\/span><\/p>\n<p><span style=\"font-family: Roboto, sans-serif; font-size: 16px; font-style: normal; font-variant-ligatures: normal; font-variant-caps: normal; font-weight: 400;\"> <\/span><span style=\"font-family: Roboto, sans-serif; font-size: 16px; font-style: normal; font-variant-ligatures: normal; font-variant-caps: normal; font-weight: 400; color: var( --e-global-color-text );\">Os jogadores australianos podem utilizar os servi\u00e7os do sistema para efetuar um dep\u00f3sito no casino online de forma r\u00e1pida e f\u00e1cil a partir de um PC, de um tablet ou de um smartphone \u00e0 sua disposi\u00e7\u00e3o. Para al\u00e9m disso, a maior parte dos sites de casino online de topo na Austr\u00e1lia trabalham com PaySafeCard como sistema autorizado.<\/span><\/p>\n<p><span style=\"font-family: Roboto, sans-serif; font-size: 16px; font-style: normal; font-variant-ligatures: normal; font-variant-caps: normal; font-weight: 400;\"> <\/span><\/p>\n\t\t\t\t\t\t<\/div>\n\t\t\t\t<\/div>\n\t\t\t\t\t<\/div>\n\t\t<\/div>\n\t\t\t\t\t\t\t<\/div>\n\t\t<\/section>\n\t\t\t\t<section class=\"elementor-section elementor-top-section elementor-element elementor-element-335638d elementor-section-boxed elementor-section-height-default elementor-section-height-default\" data-id=\"335638d\" data-element_type=\"section\">\n\t\t\t\t\t\t<div class=\"elementor-container elementor-column-gap-default\">\n\t\t\t\t\t<div class=\"elementor-column elementor-col-100 elementor-top-column elementor-element elementor-element-564fd9e\" data-id=\"564fd9e\" data-element_type=\"column\">\n\t\t\t<div class=\"elementor-widget-wrap elementor-element-populated\">\n\t\t\t\t\t\t\t\t<div class=\"elementor-element elementor-element-db36c90 elementor-widget elementor-widget-accordion\" data-id=\"db36c90\" data-element_type=\"widget\" data-widget_type=\"accordion.default\">\n\t\t\t\t<div class=\"elementor-widget-container\">\n\t\t\t<style>\/*! elementor - v3.10.1 - 17-01-2023 *\/\n.elementor-accordion{text-align:left}.elementor-accordion .elementor-accordion-item{border:1px solid #d4d4d4}.elementor-accordion .elementor-accordion-item+.elementor-accordion-item{border-top:none}.elementor-accordion .elementor-tab-title{margin:0;padding:15px 20px;font-weight:700;line-height:1;cursor:pointer;outline:none}.elementor-accordion .elementor-tab-title .elementor-accordion-icon{display:inline-block;width:1.5em}.elementor-accordion .elementor-tab-title .elementor-accordion-icon svg{width:1em;height:1em}.elementor-accordion .elementor-tab-title .elementor-accordion-icon.elementor-accordion-icon-right{float:right;text-align:right}.elementor-accordion .elementor-tab-title .elementor-accordion-icon.elementor-accordion-icon-left{float:left;text-align:left}.elementor-accordion .elementor-tab-title .elementor-accordion-icon .elementor-accordion-icon-closed{display:block}.elementor-accordion .elementor-tab-title .elementor-accordion-icon .elementor-accordion-icon-opened,.elementor-accordion .elementor-tab-title.elementor-active .elementor-accordion-icon-closed{display:none}.elementor-accordion .elementor-tab-title.elementor-active .elementor-accordion-icon-opened{display:block}.elementor-accordion .elementor-tab-content{display:none;padding:15px 20px;border-top:1px solid #d4d4d4}@media (max-width:767px){.elementor-accordion .elementor-tab-title{padding:12px 15px}.elementor-accordion .elementor-tab-title .elementor-accordion-icon{width:1.2em}.elementor-accordion .elementor-tab-content{padding:7px 15px}}.e-con-inner>.elementor-widget-accordion,.e-con>.elementor-widget-accordion{width:var(--container-widget-width);--flex-grow:var(--container-widget-flex-grow)}<\/style>\t\t<div class=\"elementor-accordion\" role=\"tablist\">\n\t\t\t\t\t\t\t<div class=\"elementor-accordion-item\">\n\t\t\t\t\t<div id=\"elementor-tab-title-2291\" class=\"elementor-tab-title\" data-tab=\"1\" role=\"tab\" aria-controls=\"elementor-tab-content-2291\" aria-expanded=\"false\">\n\t\t\t\t\t\t\t\t\t\t\t\t\t<span class=\"elementor-accordion-icon elementor-accordion-icon-left\" aria-hidden=\"true\">\n\t\t\t\t\t\t\t\t\t\t\t\t\t\t\t<span class=\"elementor-accordion-icon-closed\"><i class=\"fas fa-plus\"><\/i><\/span>\n\t\t\t\t\t\t\t\t<span class=\"elementor-accordion-icon-opened\"><i class=\"fas fa-minus\"><\/i><\/span>\n\t\t\t\t\t\t\t\t\t\t\t\t\t\t<\/span>\n\t\t\t\t\t\t\t\t\t\t\t\t<a class=\"elementor-accordion-title\" href=\"\">Benef\u00edcios<\/a>\n\t\t\t\t\t<\/div>\n\t\t\t\t\t<div id=\"elementor-tab-content-2291\" class=\"elementor-tab-content elementor-clearfix\" data-tab=\"1\" role=\"tabpanel\" aria-labelledby=\"elementor-tab-title-2291\"><ul>\n<li>Simples, sem registo<\/li>\n<li>Os limites de dep\u00f3sito podem ser definidos para que os jogadores possam acompanhar a sua banca estimada.<\/li>\n<li>Existem sites de apostas que facilitam o acesso online aos cart\u00f5es pr\u00e9-pagos deste sistema.<\/li>\n<li>\u00c9 an\u00f3nimo. O vendedor de cart\u00f5es e o casino n\u00e3o guardam as informa\u00e7\u00f5es pessoais dos seus clientes empresariais. A mem\u00f3ria do seu computador tamb\u00e9m n\u00e3o ter\u00e1 nada gravado.<\/li>\n<\/ul>\n<\/div>\n\t\t\t\t<\/div>\n\t\t\t\t\t\t\t<div class=\"elementor-accordion-item\">\n\t\t\t\t\t<div id=\"elementor-tab-title-2292\" class=\"elementor-tab-title\" data-tab=\"2\" role=\"tab\" aria-controls=\"elementor-tab-content-2292\" aria-expanded=\"false\">\n\t\t\t\t\t\t\t\t\t\t\t\t\t<span class=\"elementor-accordion-icon elementor-accordion-icon-left\" aria-hidden=\"true\">\n\t\t\t\t\t\t\t\t\t\t\t\t\t\t\t<span class=\"elementor-accordion-icon-closed\"><i class=\"fas fa-plus\"><\/i><\/span>\n\t\t\t\t\t\t\t\t<span class=\"elementor-accordion-icon-opened\"><i class=\"fas fa-minus\"><\/i><\/span>\n\t\t\t\t\t\t\t\t\t\t\t\t\t\t<\/span>\n\t\t\t\t\t\t\t\t\t\t\t\t<a class=\"elementor-accordion-title\" href=\"\">Disponibilidade de dinheiro quase instant\u00e2nea ap\u00f3s o carregamento de um dep\u00f3sito.<\/a>\n\t\t\t\t\t<\/div>\n\t\t\t\t\t<div id=\"elementor-tab-content-2292\" class=\"elementor-tab-content elementor-clearfix\" data-tab=\"2\" role=\"tabpanel\" aria-labelledby=\"elementor-tab-title-2292\"><ul>\n<li>Isto significa que \u00e9 livre de comprar o que quiser em qualquer momento confort\u00e1vel<\/li>\n<\/ul>\n<\/div>\n\t\t\t\t<\/div>\n\t\t\t\t\t\t\t<div class=\"elementor-accordion-item\">\n\t\t\t\t\t<div id=\"elementor-tab-title-2293\" class=\"elementor-tab-title\" data-tab=\"3\" role=\"tab\" aria-controls=\"elementor-tab-content-2293\" aria-expanded=\"false\">\n\t\t\t\t\t\t\t\t\t\t\t\t\t<span class=\"elementor-accordion-icon elementor-accordion-icon-left\" aria-hidden=\"true\">\n\t\t\t\t\t\t\t\t\t\t\t\t\t\t\t<span class=\"elementor-accordion-icon-closed\"><i class=\"fas fa-plus\"><\/i><\/span>\n\t\t\t\t\t\t\t\t<span class=\"elementor-accordion-icon-opened\"><i class=\"fas fa-minus\"><\/i><\/span>\n\t\t\t\t\t\t\t\t\t\t\t\t\t\t<\/span>\n\t\t\t\t\t\t\t\t\t\t\t\t<a class=\"elementor-accordion-title\" href=\"\">Aspectos negativos<\/a>\n\t\t\t\t\t<\/div>\n\t\t\t\t\t<div id=\"elementor-tab-content-2293\" class=\"elementor-tab-content elementor-clearfix\" data-tab=\"3\" role=\"tabpanel\" aria-labelledby=\"elementor-tab-title-2293\"><ul style=\"font-style: normal; font-variant-ligatures: normal; font-variant-caps: normal; font-weight: 400; font-size: 16px; font-family: Roboto, sans-serif;\">\n<li>N\u00e3o permite o levantamento de dinheiro. N\u00e3o pode receber os seus ganhos com o PaySafeCard.<\/li>\n<li>O m\u00e1ximo de dep\u00f3sito poss\u00edvel de carregar de cada vez \u00e9 apenas 1000 de uma moeda utilizada. Assim, o limite \u00e9 fixado em $1000 para os australianos.<\/li>\n<\/ul>\n<\/div>\n\t\t\t\t<\/div>\n\t\t\t\t\t\t\t\t<\/div>\n\t\t\t\t<\/div>\n\t\t\t\t<\/div>\n\t\t\t\t\t<\/div>\n\t\t<\/div>\n\t\t\t\t\t\t\t<\/div>\n\t\t<\/section>\n\t\t\t\t<section class=\"elementor-section elementor-top-section elementor-element elementor-element-d0396cd elementor-section-boxed elementor-section-height-default elementor-section-height-default\" data-id=\"d0396cd\" data-element_type=\"section\">\n\t\t\t\t\t\t<div class=\"elementor-container elementor-column-gap-default\">\n\t\t\t\t\t<div class=\"elementor-column elementor-col-100 elementor-top-column elementor-element elementor-element-14e5167\" data-id=\"14e5167\" data-element_type=\"column\">\n\t\t\t<div class=\"elementor-widget-wrap elementor-element-populated\">\n\t\t\t\t\t\t\t\t<div class=\"elementor-element elementor-element-583b056 elementor-widget elementor-widget-text-editor\" data-id=\"583b056\" data-element_type=\"widget\" data-widget_type=\"text-editor.default\">\n\t\t\t\t<div class=\"elementor-widget-container\">\n\t\t\t\t\t\t\t<p>A utiliza\u00e7\u00e3o deste sistema exige que o jogador adquira cup\u00f5es electr\u00f3nicos. Depois disso, recebe o PIN adequado para cada cart\u00e3o adquirido. Depois, utiliza esse c\u00f3digo para carregar fundos para o seu dep\u00f3sito no casino. Simples e f\u00e1cil.<\/p>\n\t\t\t\t\t\t<\/div>\n\t\t\t\t<\/div>\n\t\t\t\t\t<\/div>\n\t\t<\/div>\n\t\t\t\t\t\t\t<\/div>\n\t\t<\/section>\n\t\t\t\t<section class=\"elementor-section elementor-top-section elementor-element elementor-element-e33072f elementor-section-boxed elementor-section-height-default elementor-section-height-default\" data-id=\"e33072f\" data-element_type=\"section\">\n\t\t\t\t\t\t<div class=\"elementor-container elementor-column-gap-default\">\n\t\t\t\t\t<div class=\"elementor-column elementor-col-100 elementor-top-column elementor-element elementor-element-3d13644\" data-id=\"3d13644\" data-element_type=\"column\">\n\t\t\t<div class=\"elementor-widget-wrap elementor-element-populated\">\n\t\t\t\t\t\t\t\t<div class=\"elementor-element elementor-element-52f2391 elementor-widget elementor-widget-text-editor\" data-id=\"52f2391\" data-element_type=\"widget\" data-widget_type=\"text-editor.default\">\n\t\t\t\t<div class=\"elementor-widget-container\">\n\t\t\t\t\t\t\t<p><span style=\"color: #000000; font-family: Museo-Cyrl-700, sans-serif; font-size: 1.4em; text-transform: capitalize;\">Para concluir<\/span><\/p>\n<p>Em suma, esta \u00e9 uma forma fi\u00e1vel e segura de os entusiastas australianos do jogo financiarem os seus dep\u00f3sitos no site do casino online sem qualquer problema. \u00c9 especialmente \u00fatil se quiser manter o anonimato para o s\u00edtio Web e o seu pessoal. \u00c9 uma oportunidade banc\u00e1ria de casino online fortemente recomendada, apesar de alguns sites de jogo na Austr\u00e1lia n\u00e3o a aceitarem.<\/p>\n\t\t\t\t\t\t<\/div>\n\t\t\t\t<\/div>\n\t\t\t\t\t<\/div>\n\t\t<\/div>\n\t\t\t\t\t\t\t<\/div>\n\t\t<\/section>\n\t\t\t\t\t\t\t<\/div>\n\t\t","protected":false},"excerpt":{"rendered":"<p>O servi\u00e7o de cart\u00f5es pr\u00e9-pagos da PaySafeCard existe desde 2000. A sua sede est\u00e1 localizada em Viena, \u00c1ustria. Este sistema est\u00e1 entre os mais populares na Europa, e os jogadores australianos tamb\u00e9m o apreciam. O PaySafeCard \u00e9 seguro, r\u00e1pido e c\u00f3modo para pagar online por diferentes servi\u00e7os desejados e produtos interessantes. As transac\u00e7\u00f5es PaySafeCard s\u00e3o [&hellip;]<\/p>\n","protected":false},"author":1,"featured_media":0,"parent":0,"menu_order":0,"comment_status":"closed","ping_status":"closed","template":"","meta":{"om_disable_all_campaigns":false,"_monsterinsights_skip_tracking":false,"_monsterinsights_sitenote_active":false,"_monsterinsights_sitenote_note":"","_monsterinsights_sitenote_category":0,"footnotes":""},"acf":[],"aioseo_notices":[],"_links":{"self":[{"href":"https:\/\/hottopcasino.com\/pt-br\/wp-json\/wp\/v2\/pages\/10978"}],"collection":[{"href":"https:\/\/hottopcasino.com\/pt-br\/wp-json\/wp\/v2\/pages"}],"about":[{"href":"https:\/\/hottopcasino.com\/pt-br\/wp-json\/wp\/v2\/types\/page"}],"author":[{"embeddable":true,"href":"https:\/\/hottopcasino.com\/pt-br\/wp-json\/wp\/v2\/users\/1"}],"replies":[{"embeddable":true,"href":"https:\/\/hottopcasino.com\/pt-br\/wp-json\/wp\/v2\/comments?post=10978"}],"version-history":[{"count":7,"href":"https:\/\/hottopcasino.com\/pt-br\/wp-json\/wp\/v2\/pages\/10978\/revisions"}],"predecessor-version":[{"id":16537,"href":"https:\/\/hottopcasino.com\/pt-br\/wp-json\/wp\/v2\/pages\/10978\/revisions\/16537"}],"wp:attachment":[{"href":"https:\/\/hottopcasino.com\/pt-br\/wp-json\/wp\/v2\/media?parent=10978"}],"curies":[{"name":"wp","href":"https:\/\/api.w.org\/{rel}","templated":true}]}}