	{"id":11062,"date":"2023-08-28T20:29:07","date_gmt":"2023-08-28T09:29:07","guid":{"rendered":"https:\/\/hottopcasino.com\/neteller\/"},"modified":"2024-09-25T00:11:48","modified_gmt":"2024-09-24T13:11:48","slug":"neteller","status":"publish","type":"page","link":"https:\/\/hottopcasino.com\/pt-br\/neteller\/","title":{"rendered":"Neteller"},"content":{"rendered":"<p>Neteller \u00e9 um sistema de pagamento online respeit\u00e1vel e amplamente utilizado que encontrou seu lugar n\u00e3o apenas na \u00e1rea de com\u00e9rcio eletr\u00f4nico, mas tamb\u00e9m na ind\u00fastria de jogos online. Fundada em 1999, a Neteller rapidamente conquistou um nicho ao oferecer uma solu\u00e7\u00e3o segura e conveniente para transfer\u00eancias de fundos e pagamentos online.<\/p>\n<h2><strong>A conveni\u00eancia de uma carteira eletr\u00f4nica<\/strong><\/h2>\n<p>Operando como uma carteira eletr\u00f4nica, o Neteller oferece aos usu\u00e1rios um reposit\u00f3rio virtual para seus fundos, agilizando as transa\u00e7\u00f5es e eliminando a necessidade de inserir repetidamente detalhes de pagamento. Este n\u00edvel de seguran\u00e7a e privacidade \u00e9 de extrema import\u00e2ncia no mundo dos jogos de azar online, onde as pessoas procuram um m\u00e9todo fi\u00e1vel para gerir as suas finan\u00e7as e fazer dep\u00f3sitos e levantamentos cont\u00ednuos, sem revelar informa\u00e7\u00f5es financeiras sens\u00edveis.<\/p>\n<h3><strong>Versatilidade entre plataformas<\/strong><\/h3>\n<p>A clara vantagem do Neteller reside na sua ampla aceita\u00e7\u00e3o numa multiplicidade de plataformas online. Desde casinos online a v\u00e1rios sites de com\u00e9rcio eletr\u00f3nico, a gama de plataformas suportadas pelo Neteller torna-o uma op\u00e7\u00e3o adapt\u00e1vel para utilizadores envolvidos em diversas atividades online, para al\u00e9m do dom\u00ednio do jogo.<\/p>\n<h3><strong>Desbloqueio de benef\u00edcios VIP<\/strong><\/h3>\n<p>Neteller expande um programa VIP concebido para recompensar utilizadores fi\u00e9is pela sua participa\u00e7\u00e3o cont\u00ednua. Esses membros VIP desfrutam de uma s\u00e9rie de benef\u00edcios, incluindo taxas reduzidas, limites de transa\u00e7\u00e3o aumentados e acesso a suporte dedicado ao cliente. Este programa exclusivo atraiu com sucesso usu\u00e1rios frequentes que valorizam os benef\u00edcios adicionais que oferece.<\/p>\n<h2><strong>Neteller e cassinos online<\/strong><\/h2>\n<p>Para os entusiastas de casino online, o Neteller \u00e9 a escolha favorita devido \u00e0 sua funcionalidade perfeita, processamento r\u00e1pido de transa\u00e7\u00f5es e ao n\u00edvel de anonimato que oferece. O processo de dep\u00f3sito de fundos ou retirada de ganhos de contas de cassino \u00e9 simplificado com o Neteller. A natureza r\u00e1pida das transa\u00e7\u00f5es, que muitas vezes beiram o instant\u00e2neo, repercute profundamente nos jogadores que priorizam o acesso imediato aos jogos ou aos seus ganhos.<\/p>\n<h3><strong>Facilidade de uso e configura\u00e7\u00e3o da conta<\/strong><\/h3>\n<p>O uso do Neteller exige que os usu\u00e1rios registrem uma conta no site oficial, bem como vinculem seus m\u00e9todos de pagamento preferidos, que podem incluir cart\u00f5es de cr\u00e9dito\/d\u00e9bito ou contas banc\u00e1rias. Ap\u00f3s a configura\u00e7\u00e3o da conta, o processo envolve principalmente a sele\u00e7\u00e3o do Neteller como m\u00e9todo de pagamento nas plataformas suportadas e a concess\u00e3o de autoriza\u00e7\u00e3o para a transa\u00e7\u00e3o.<\/p>\n<h2><strong>Conclus\u00e3o<\/strong><\/h2>\n<p>Em suma, o Neteller solidificou a sua posi\u00e7\u00e3o como um sistema de pagamentos online seguro, fi\u00e1vel e eficiente. Particularmente no contexto dos casinos online e do sector do jogo em geral, as suas transac\u00e7\u00f5es f\u00e1ceis, a interface f\u00e1cil de utilizar e a ampla aceita\u00e7\u00e3o tornam-no numa escolha ideal para pessoas que procuram um meio simplificado e descomplicado de gerir as suas finan\u00e7as na era digital.<\/p>\n","protected":false},"excerpt":{"rendered":"<p>Neteller \u00e9 um sistema de pagamento online respeit\u00e1vel e amplamente utilizado que encontrou seu lugar n\u00e3o apenas na \u00e1rea de com\u00e9rcio eletr\u00f4nico, mas tamb\u00e9m na ind\u00fastria de jogos online. Fundada em 1999, a Neteller rapidamente conquistou um nicho ao oferecer uma solu\u00e7\u00e3o segura e conveniente para transfer\u00eancias de fundos e pagamentos online. A conveni\u00eancia de [&hellip;]<\/p>\n","protected":false},"author":1,"featured_media":0,"parent":0,"menu_order":0,"comment_status":"closed","ping_status":"closed","template":"","meta":{"om_disable_all_campaigns":false,"_monsterinsights_skip_tracking":false,"_monsterinsights_sitenote_active":false,"_monsterinsights_sitenote_note":"","_monsterinsights_sitenote_category":0,"footnotes":""},"acf":[],"aioseo_notices":[],"_links":{"self":[{"href":"https:\/\/hottopcasino.com\/pt-br\/wp-json\/wp\/v2\/pages\/11062"}],"collection":[{"href":"https:\/\/hottopcasino.com\/pt-br\/wp-json\/wp\/v2\/pages"}],"about":[{"href":"https:\/\/hottopcasino.com\/pt-br\/wp-json\/wp\/v2\/types\/page"}],"author":[{"embeddable":true,"href":"https:\/\/hottopcasino.com\/pt-br\/wp-json\/wp\/v2\/users\/1"}],"replies":[{"embeddable":true,"href":"https:\/\/hottopcasino.com\/pt-br\/wp-json\/wp\/v2\/comments?post=11062"}],"version-history":[{"count":2,"href":"https:\/\/hottopcasino.com\/pt-br\/wp-json\/wp\/v2\/pages\/11062\/revisions"}],"predecessor-version":[{"id":11065,"href":"https:\/\/hottopcasino.com\/pt-br\/wp-json\/wp\/v2\/pages\/11062\/revisions\/11065"}],"wp:attachment":[{"href":"https:\/\/hottopcasino.com\/pt-br\/wp-json\/wp\/v2\/media?parent=11062"}],"curies":[{"name":"wp","href":"https:\/\/api.w.org\/{rel}","templated":true}]}}