	{"id":11131,"date":"2020-01-13T20:06:40","date_gmt":"2020-01-13T09:06:40","guid":{"rendered":"https:\/\/hottopcasino.com\/cashback-bonuses\/"},"modified":"2023-10-18T23:07:42","modified_gmt":"2023-10-18T12:07:42","slug":"cashback-bonuses","status":"publish","type":"page","link":"https:\/\/hottopcasino.com\/pt-br\/cashback-bonuses\/","title":{"rendered":"B\u00f4nus de reembolso"},"content":{"rendered":"\t\t<div data-elementor-type=\"wp-page\" data-elementor-id=\"11131\" class=\"elementor elementor-11131 elementor-18\">\n\t\t\t\t\t\t\t\t\t<section class=\"elementor-section elementor-top-section elementor-element elementor-element-5e4b591f elementor-section-boxed elementor-section-height-default elementor-section-height-default\" data-id=\"5e4b591f\" data-element_type=\"section\">\n\t\t\t\t\t\t<div class=\"elementor-container elementor-column-gap-default\">\n\t\t\t\t\t<div class=\"elementor-column elementor-col-100 elementor-top-column elementor-element elementor-element-5a1734bc\" data-id=\"5a1734bc\" data-element_type=\"column\">\n\t\t\t<div class=\"elementor-widget-wrap elementor-element-populated\">\n\t\t\t\t\t\t\t\t<div class=\"elementor-element elementor-element-595ad0f4 elementor-widget elementor-widget-text-editor\" data-id=\"595ad0f4\" data-element_type=\"widget\" data-widget_type=\"text-editor.default\">\n\t\t\t\t<div class=\"elementor-widget-container\">\n\t\t\t<style>\/*! elementor - v3.10.1 - 17-01-2023 *\/\n.elementor-widget-text-editor.elementor-drop-cap-view-stacked .elementor-drop-cap{background-color:#818a91;color:#fff}.elementor-widget-text-editor.elementor-drop-cap-view-framed .elementor-drop-cap{color:#818a91;border:3px solid;background-color:transparent}.elementor-widget-text-editor:not(.elementor-drop-cap-view-default) .elementor-drop-cap{margin-top:8px}.elementor-widget-text-editor:not(.elementor-drop-cap-view-default) .elementor-drop-cap-letter{width:1em;height:1em}.elementor-widget-text-editor .elementor-drop-cap{float:left;text-align:center;line-height:1;font-size:50px}.elementor-widget-text-editor .elementor-drop-cap-letter{display:inline-block}<\/style>\t\t\t\t<span style=\"color: #000000;\"><img decoding=\"async\" loading=\"lazy\" class=\"alignnone size-full wp-image-706\" src=\"https:\/\/hottopcasino.com\/wp-content\/uploads\/2020\/05\/HotTop-BS-banner-982_188.jpg\" alt=\"BitStars_Hottopcasino \" width=\"982\" height=\"188\" srcset=\"https:\/\/hottopcasino.com\/wp-content\/uploads\/2020\/05\/HotTop-BS-banner-982_188.jpg 982w, https:\/\/hottopcasino.com\/wp-content\/uploads\/2020\/05\/HotTop-BS-banner-982_188-300x57.jpg 300w, https:\/\/hottopcasino.com\/wp-content\/uploads\/2020\/05\/HotTop-BS-banner-982_188-768x147.jpg 768w, https:\/\/hottopcasino.com\/wp-content\/uploads\/2020\/05\/HotTop-BS-banner-982_188-60x11.jpg 60w, https:\/\/hottopcasino.com\/wp-content\/uploads\/2020\/05\/HotTop-BS-banner-982_188-40x8.jpg 40w, https:\/\/hottopcasino.com\/wp-content\/uploads\/2020\/05\/HotTop-BS-banner-982_188-65x12.jpg 65w\" sizes=\"(max-width: 982px) 100vw, 982px\" \/><\/span>\n\n<span style=\"color: #000000;\">O termo cashback \u00e9 familiar aos titulares de cart\u00e3o. Sem d\u00favida, a maioria das pessoas concorda que o reembolso de parte dos custos \u00e9 um bom incentivo.<\/span>\n\n<span style=\"color: #000000;\">Os cassinos online t\u00eam um sistema de recompensa semelhante. A ideia de utiliz\u00e1-lo em jogos de azar surgiu aos propriet\u00e1rios de estabelecimentos de jogos de azar muito antes de surgir a possibilidade de jogar na Internet. Foi implementado em clubes de jogos locais e consistia no fornecimento gratuito de bebidas e lanches a clientes regulares.<\/span>\n\n<span style=\"color: #000000;\">Neste artigo voc\u00ea aprender\u00e1:<\/span>\n<ul>\n  <li><span style=\"color: #000000;\"><strong>O que \u00e9 Cashback do Cassino?<\/strong><\/span><\/li>\n  <li><span style=\"color: #000000;\"><strong>O que acontece e como \u00e9 calculado?<\/strong><\/span><\/li>\n<\/ul>\n<span style=\"color: #000000;\">Cashback em cassinos online: \u00e9 assim que as variantes mais importantes se aplicam.<\/span>\n\n<span style=\"color: #000000;\"><strong>B\u00f4nus de reembolso<\/strong> s\u00e3o um tipo especial de recompensa para jogadores de cassinos online. Os b\u00f4nus de reembolso devolvem uma parte do dinheiro perdido, dep\u00f3sitos ou valores de apostas por um per\u00edodo espec\u00edfico de tempo. Os b\u00f4nus de cashback s\u00e3o dep\u00f3sitos de \u201cseguran\u00e7a\u201d, pois d\u00e3o aos usu\u00e1rios uma segunda chance de apostar em caso de falha. O valor do retorno varia entre 2% e 20% e depende principalmente da atividade do usu\u00e1rio.<\/span>\n\n<span style=\"color: #000000;\"><strong>A forma mais comum de receber b\u00f4nus de reembolso \u00e9<\/strong><\/span>\n<ul>\n  <li><span style=\"color: #000000;\">Do valor total dos dep\u00f3sitos. Neste caso, o jogador recebe uma determinada percentagem do valor do dep\u00f3sito durante um determinado per\u00edodo de tempo<\/span><\/li>\n  <li><span style=\"color: #000000;\">De fundos perdidos. Esse reembolso \u00e9 v\u00e1lido por um determinado per\u00edodo de tempo a partir da perda do cliente.<\/span><\/li>\n<\/ul>\n<span style=\"color: #000000;\"><strong>Por quanto tempo o reembolso pode ser creditado?<\/strong><\/span>\n<ul>\n  <li><span style=\"color: #000000;\">Diariamente \u2013 geralmente dispon\u00edvel apenas para jogadores com o n\u00edvel VIP mais alto;<\/span><\/li>\n  <li><span style=\"color: #000000;\">Semanalmente \u2013 reembolso para atividades durante a semana;<\/span><\/li>\n  <li><span style=\"color: #000000;\">O pagamento mensal geralmente \u00e9 feito no primeiro dia de cada m\u00eas.<\/span><\/li>\n<\/ul>\n<span style=\"color: #000000;\">Em alguns casos, a pr\u00f3pria institui\u00e7\u00e3o determina a frequ\u00eancia de pagamento, dependendo do status VIP do jogador. Por exemplo, jogadores com n\u00edvel inicial podem ativar o cashback 1 vez por m\u00eas, e com o n\u00edvel mais alto &#8211; 1 vez por dia;<\/span>\n\n<span style=\"color: #000000;\"><strong>Como \u00e9 emitido um b\u00f4nus de reembolso?<\/strong><\/span>\n<ul>\n  <li><span style=\"color: #000000;\">Em dinheiro. A op\u00e7\u00e3o mais comum em que o usu\u00e1rio recebe uma porcentagem dos dep\u00f3sitos ou perdas em dinheiro real sobre o saldo restante;<\/span><\/li>\n  <li><span style=\"color: #000000;\">Pontos de fidelidade. Eles podem ser trocados instantaneamente por dinheiro real ou guardados para receber uma taxa de c\u00e2mbio mais alta e outros privil\u00e9gios;<\/span><\/li>\n<\/ul>\n<span style=\"color: #000000;\"><strong>B\u00f4nus de reembolso de aposta:<\/strong><\/span>\n<ul>\n  <li><span style=\"color: #000000;\">Sem aposta. O dinheiro recebido pode ser gerenciado de acordo com seus desejos;<\/span><\/li>\n  <li><span style=\"color: #000000;\">Uma aposta que exige apostar de 3 a 40 vezes o valor do b\u00f4nus recebido.<\/span><\/li>\n<\/ul>\n<span style=\"color: #000000;\"><strong>B\u00f4nus de reembolso padr\u00e3o:<\/strong><\/span>\n<ul>\n  <li><span style=\"color: #000000;\">Automaticamente;<\/span><\/li>\n  <li><span style=\"color: #000000;\">A pedido do suporte ao cliente. Isso \u00e9 feito para que o cliente decida por si mesmo se precisa ou n\u00e3o desse b\u00f4nus;<\/span><\/li>\n<\/ul>\n<span style=\"color: #000000;\">Preste aten\u00e7\u00e3o ao per\u00edodo previsto para ativa\u00e7\u00e3o e implementa\u00e7\u00e3o do b\u00f4nus de cashback recebido.<\/span>\n\n<span style=\"color: #000000;\"><\/span>\t\t\t\t\t\t<\/div>\n\t\t\t\t<\/div>\n\t\t\t\t\t<\/div>\n\t\t<\/div>\n\t\t\t\t\t\t\t<\/div>\n\t\t<\/section>\n\t\t\t\t\t\t\t<\/div>\n\t\t","protected":false},"excerpt":{"rendered":"<p>O termo cashback \u00e9 familiar aos titulares de cart\u00e3o. Sem d\u00favida, a maioria das pessoas concorda que o reembolso de parte dos custos \u00e9 um bom incentivo. Os cassinos online t\u00eam um sistema de recompensa semelhante. A ideia de utiliz\u00e1-lo em jogos de azar surgiu aos propriet\u00e1rios de estabelecimentos de jogos de azar muito antes [&hellip;]<\/p>\n","protected":false},"author":1,"featured_media":0,"parent":0,"menu_order":4,"comment_status":"open","ping_status":"closed","template":"","meta":{"_monsterinsights_skip_tracking":false,"_monsterinsights_sitenote_active":false,"_monsterinsights_sitenote_note":"","_monsterinsights_sitenote_category":0,"footnotes":""},"acf":[],"aioseo_notices":[],"_links":{"self":[{"href":"https:\/\/hottopcasino.com\/pt-br\/wp-json\/wp\/v2\/pages\/11131"}],"collection":[{"href":"https:\/\/hottopcasino.com\/pt-br\/wp-json\/wp\/v2\/pages"}],"about":[{"href":"https:\/\/hottopcasino.com\/pt-br\/wp-json\/wp\/v2\/types\/page"}],"author":[{"embeddable":true,"href":"https:\/\/hottopcasino.com\/pt-br\/wp-json\/wp\/v2\/users\/1"}],"replies":[{"embeddable":true,"href":"https:\/\/hottopcasino.com\/pt-br\/wp-json\/wp\/v2\/comments?post=11131"}],"version-history":[{"count":4,"href":"https:\/\/hottopcasino.com\/pt-br\/wp-json\/wp\/v2\/pages\/11131\/revisions"}],"predecessor-version":[{"id":11135,"href":"https:\/\/hottopcasino.com\/pt-br\/wp-json\/wp\/v2\/pages\/11131\/revisions\/11135"}],"wp:attachment":[{"href":"https:\/\/hottopcasino.com\/pt-br\/wp-json\/wp\/v2\/media?parent=11131"}],"curies":[{"name":"wp","href":"https:\/\/api.w.org\/{rel}","templated":true}]}}