	{"id":11143,"date":"2020-01-13T20:06:55","date_gmt":"2020-01-13T09:06:55","guid":{"rendered":"https:\/\/hottopcasino.com\/real-money-pokies\/"},"modified":"2023-10-18T23:47:14","modified_gmt":"2023-10-18T12:47:14","slug":"real-money-pokies","status":"publish","type":"page","link":"https:\/\/hottopcasino.com\/pt-br\/real-money-pokies\/","title":{"rendered":"M\u00e1quinas ca\u00e7a-n\u00edqueis com dinheiro real"},"content":{"rendered":"<div class=\"payment-systems-navigation pull-left\">\n                    <div class=\"best-of-online-casinos payment-system-navigation-row clearfix\" onclick=\"NavigationAnchor(this); return false;\">\n                        <div class=\"payment-system-navigation-title pull-left\">\n                            <span>Best of online casinos<\/span>\n                        <\/div>\n                    <\/div>\n                \n                    <div class=\"play-free-pokies-now payment-system-navigation-row clearfix\" onclick=\"NavigationAnchor(this); return false;\">\n                        <div class=\"payment-system-navigation-title pull-left\">\n                            <span>Play Free Pokies Now<\/span>\n                        <\/div>\n                    <\/div>\n                \n                    <div class=\"types-of-pokies payment-system-navigation-row clearfix\" onclick=\"NavigationAnchor(this); return false;\">\n                        <div class=\"payment-system-navigation-title pull-left\">\n                            <span>Types of pokies<\/span>\n                        <\/div>\n                    <\/div>\n                \n                    <div class=\"free-money-casino payment-system-navigation-row clearfix\" onclick=\"NavigationAnchor(this); return false;\">\n                        <div class=\"payment-system-navigation-title pull-left\">\n                            <span>Free money - casino<\/span>\n                        <\/div>\n                    <\/div>\n                <\/div>\n<p>A Austr\u00e1lia sempre teve uma queda por m\u00e1quinas ca\u00e7a-n\u00edqueis. Afinal, n\u00e3o h\u00e1 muitas coisas que possam lhe proporcionar tantas emo\u00e7\u00f5es e adrenalina que o Aussie Casino pode lhe proporcionar. E sua popularidade est\u00e1 crescendo hoje mais do que nunca. Isso tem muito a ver com sua disponibilidade. Antes nem todos tinham acesso, mas agora todos podem jogar e se divertir. Melhor ainda: qualquer um pode optar por jogar algumas rodadas e obter bons lucros, mesmo sem fazer um dep\u00f3sito primeiro.<\/p>\n<p>Al\u00e9m disso, voc\u00ea n\u00e3o precisa ser um especialista para vencer. Voc\u00ea pode se tornar um especialista gradualmente, come\u00e7ando de baixo e subindo a partir da\u00ed. Voc\u00ea pode negociar seus pr\u00f3prios termos e jogar de uma forma que o fa\u00e7a se sentir confort\u00e1vel. Agora \u00e9 a hora de experimentar algumas das op\u00e7\u00f5es mais conhecidas e procuradas. As m\u00e1quinas ca\u00e7a-n\u00edqueis reais est\u00e3o na moda e oferecem muitas varia\u00e7\u00f5es de jogo. Estes devem ser os primeiros que lhe v\u00eam \u00e0 mente quando pensa em casinos. Al\u00e9m disso, a sua simplicidade e facilidade de utiliza\u00e7\u00e3o tornam-nos atraentes para muitas pessoas.<\/p>\n<h2><strong>Apenas as melhores op\u00e7\u00f5es de cassino para os australianos jogarem com dinheiro real<\/strong><\/h2>\n<p>Se voc\u00ea \u00e9 um daqueles que adora conseguir as melhores ofertas e sempre ganhar com ofertas e descontos especiais, ent\u00e3o os cassinos online n\u00e3o devem ser diferentes. N\u00e3o \u00e9 dif\u00edcil encontrar op\u00e7\u00f5es atraentes de ca\u00e7a-n\u00edqueis e obter ofertas generosas que podem gerar muitos b\u00f4nus.<\/p>\n<p>Antes de se inscrever em um site, examine cuidadosamente suas pol\u00edticas e o que elas oferecem \u00e0s novas pessoas que chegam ao seu canto. Procure as melhores ofertas e sites que oferecem muitas coisas gr\u00e1tis quando voc\u00ea se inscreve. O mercado \u00e9 muito competitivo, por isso a maioria dos casinos est\u00e1 disposta a lutar pela sua aten\u00e7\u00e3o.<\/p>\n<p>Al\u00e9m disso, muitos casinos online t\u00eam um termo especial para aqueles que o merecem. Eles oferecem um programa VIP para que voc\u00ea obtenha ainda mais b\u00f4nus e benef\u00edcios, quase n\u00e3o t\u00eam limites e voc\u00ea desfruta de uma experi\u00eancia incr\u00edvel ao jogar e usar o programa. Os VIPs raramente encontram restri\u00e7\u00f5es e muitas vezes t\u00eam sorte nos jogos. Aqui voc\u00ea encontrar\u00e1 uma biblioteca incrivelmente grande de jogos e tudo relacionado a cassinos online, incluindo v\u00e1rios torneios.<\/p>\n<p>Tabela com os casinos que oferecem os b\u00f3nus mais atrativos.<\/p>\n<h2><strong>As melhores op\u00e7\u00f5es de cassino online para jogar com rodadas gr\u00e1tis e ganhar dinheiro real<\/strong><\/h2>\n<p>Os casinos australianos t\u00eam uma forma especial de se diferenciarem. Ao contr\u00e1rio de outros cassinos, eles est\u00e3o dispostos a dar aos novatos toneladas de brindes apenas por terem vindo. N\u00e3o se deixe enganar, muitos cassinos prometem que lhe dar\u00e3o coisas gr\u00e1tis, mas sempre h\u00e1 um problema. Para obter qualquer coisa nesses outros sites, voc\u00ea precisa de um dep\u00f3sito, jogar muito e atender a muitos requisitos question\u00e1veis. Aqui a hist\u00f3ria \u00e9 diferente; Seu dinheiro suado n\u00e3o est\u00e1 em jogo. Ningu\u00e9m obriga voc\u00ea a depositar dinheiro em sua conta ou algo parecido.<\/p>\n<p>Ao se inscrever, voc\u00ea receber\u00e1 lindos presentes de boas-vindas e poder\u00e1 us\u00e1-los em jogos. Outro fator diferenciador \u00e9 a generosidade destes presentes. Se voc\u00ea quer ficar na frente e aproveitar ao m\u00e1ximo todas as grandes oportunidades que esses lugares t\u00eam a oferecer, segue abaixo uma lista para conferir. S\u00e3o as op\u00e7\u00f5es de slots mais atrativas para voc\u00ea experimentar e se divertir.<\/p>\n<p>Claro, o principal objetivo de tantas ofertas especiais e similares \u00e9 ajudar os novatos. As pessoas novas nesta esfera podem ter medo de apostar o seu dinheiro numa \u00fanica rodada, por isso os \u201cincentivos\u201d podem apont\u00e1-los na dire\u00e7\u00e3o certa. No entanto, qualquer pessoa pode beneficiar destes b\u00f3nus e se souber o que est\u00e1 a fazer, tamb\u00e9m pode come\u00e7ar a ganhar com eles.<\/p>\n<p>Lembre-se que voc\u00ea deve resgatar o b\u00f4nus de acordo com os termos e condi\u00e7\u00f5es para poder sacar seus ganhos. As condi\u00e7\u00f5es ser\u00e3o apresentadas a voc\u00ea quando voc\u00ea receber o b\u00f4nus e voc\u00ea poder\u00e1 consult\u00e1-las novamente a qualquer momento. Para desbloquear este b\u00f4nus voc\u00ea deve jogar um n\u00famero de vezes previamente acordado, que pode ser dez vezes, vinte e cinco vezes ou conforme indicado nos termos e condi\u00e7\u00f5es. Da mesma forma, todos os casinos t\u00eam um limite m\u00ednimo de levantamento, mas isso n\u00e3o \u00e9 motivo de preocupa\u00e7\u00e3o, os limites s\u00e3o bastante baixos e s\u00f3 \u00e9 preciso ter cuidado para que as pessoas n\u00e3o retirem apenas alguns c\u00eantimos de cada vez.<\/p>\n<p>Ao jogar com os b\u00f4nus gr\u00e1tis, voc\u00ea poder\u00e1 experimentar os jogos sem gastar dinheiro.da, e ainda poder\u00e1 obter alguns lucros. Para experimentar esta op\u00e7\u00e3o, confira a seguir a lista dos melhores cassinos com rodadas gr\u00e1tis.<\/p>\n<h2><strong>Jogue ca\u00e7a-n\u00edqueis gr\u00e1tis agora<\/strong><\/h2>\n<p>Aqui voc\u00ea encontra as melhores m\u00e1quinas ca\u00e7a-n\u00edqueis com rodadas gr\u00e1tis, veja a tabela abaixo.<\/p>\n<p>[Mesa de ca\u00e7a-n\u00edqueis com dinheiro real]<\/p>\n<h2><strong>Quais s\u00e3o as principais diferen\u00e7as entre os tipos de ca\u00e7a-n\u00edqueis?<\/strong><\/h2>\n<p>Outra vantagem fant\u00e1stica dos slots online australianos \u00e9 a variedade de op\u00e7\u00f5es oferecidas. L\u00e1 voc\u00ea encontrar\u00e1 um cat\u00e1logo incr\u00edvel com in\u00fameros jogos e op\u00e7\u00f5es. As m\u00e1quinas ca\u00e7a-n\u00edqueis australianas s\u00e3o muito mais emocionantes e oferecem mais varia\u00e7\u00f5es e alternativas do que qualquer coisa que voc\u00ea possa encontrar no cassino local ou em qualquer cassino tradicional. Al\u00e9m disso, esses jogos online n\u00e3o s\u00e3o ca\u00e7a-n\u00edqueis digitais tradicionais com algumas frutas desenhadas neles.<\/p>\n<p>Aqui voc\u00ea encontra diversos jogos com temas espec\u00edficos, como filmes e s\u00e9ries. Voc\u00ea pode at\u00e9 encontrar jogos com temas anteriores ao seu romance de televis\u00e3o favorito.<\/p>\n<h2><strong>Para simplificar, voc\u00ea poderia dizer que existem dois tipos principais de ca\u00e7a-n\u00edqueis: ca\u00e7a-n\u00edqueis de 3 e 5 cilindros<\/strong><\/h2>\n<p><strong>M\u00e1quina ca\u00e7a-n\u00edqueis de 3 cilindros<\/strong><\/p>\n<p>Os slots de 3 cilindros s\u00e3o h\u00e1 muito tempo o padr\u00e3o ouro; Ainda hoje, eles ainda evocam um sentimento de nostalgia em muitos jogadores. Estes s\u00e3o os tipos de jogos que muitas pessoas pensam em casinos online: as cl\u00e1ssicas imagens de frutas que aparecem no ecr\u00e3 enquanto espera para obter tr\u00eas cerejas. A simplicidade e o fator divers\u00e3o que eles trazem s\u00e3o perfeitos para novos jogadores.<\/p>\n<p>Esses jogos s\u00e3o divertidos, simples, mas emocionantes, ent\u00e3o os \u201cnovatos\u201d os adoram. \u00c9 f\u00e1cil jogar porque basta seguir alguns s\u00edmbolos e n\u00e3o h\u00e1 muitas op\u00e7\u00f5es de aposta. Todos estes factores tornam a slot de 3 cilindros muito divertida e o ponto de partida perfeito para qualquer pessoa interessada em casinos online.<\/p>\n<p><strong>M\u00e1quina ca\u00e7a-n\u00edqueis de 5 cilindros<\/strong><\/p>\n<p>Aqui os riscos s\u00e3o maiores e toda a situa\u00e7\u00e3o se torna mais interessante. Os slots de 5 cilindros agora s\u00e3o classificados como os melhores porque permitem mais intera\u00e7\u00e3o com o jogo e oferecem mais gr\u00e1ficos. Um s\u00edmbolo scatter \u00e9 adicionado e tamb\u00e9m h\u00e1 muitos rolos e giros para observar. Isso significa que voc\u00ea tem muito mais chances de ganhar. Existem in\u00fameras combina\u00e7\u00f5es poss\u00edveis que voc\u00ea pode usar para obter vit\u00f3rias e isso torna o jogo muito mais divertido. Ao jogar, certifique-se de ativar todos os rolos e giros poss\u00edveis para ter o maior n\u00famero poss\u00edvel de combina\u00e7\u00f5es vencedoras.<\/p>\n<p><strong>Jackpot de p\u00f4quer progressivo<\/strong><\/p>\n<p>Os jogos de slots progressivos geralmente fazem parte de um grupo combinado onde as apostas s\u00e3o feitas em v\u00e1rios cassinos. O que atrai as pessoas neste jogo \u00e9 o pre\u00e7o. Por ser oferecido por muitos cassinos, o jackpot \u00e9 enorme, \u00e0s vezes o pr\u00eamio gira em torno de seis d\u00edgitos. Aqui voc\u00ea pode ganhar o grande pr\u00eamio e levar para casa um pr\u00eamio em dinheiro de seis d\u00edgitos. Quanto mais perto voc\u00ea chegar dos torneios de slots, mais poder\u00e1 ganhar.<\/p>\n<p><strong>Fornecedor de ca\u00e7a-n\u00edqueis<\/strong><\/p>\n<p>Os jogadores australianos t\u00eam acesso a alguns dos melhores desenvolvedores do mundo quando se trata de jogos online. Voc\u00ea pode encontrar nomes ex\u00f3ticos em suas p\u00e1ginas. Desenvolvedores como Bally Tech, IGT, Aristocrat, Konami e Ainsworth s\u00e3o bem conhecidos na ind\u00fastria e agora est\u00e3o trabalhando para trazer os melhores jogos para esses cassinos online.<\/p>\n<h2><strong>Como voc\u00ea pode mergulhar no fant\u00e1stico mundo dos cassinos online e come\u00e7ar a jogar:<\/strong><\/h2>\n<h3><strong>Probabilidades de ca\u00e7a-n\u00edqueis online<\/strong><\/h3>\n<p>Normalmente, os casinos online australianos oferecem-lhe muito mais possibilidades de reclamar do que os seus hom\u00f3logos terrestres contempor\u00e2neos. Construir um cassino online \u00e9 muito mais barato do que construir um cassino f\u00edsico. Online, n\u00e3o \u00e9 necess\u00e1rio gastar milh\u00f5es \u00e0 procura de um apartamento, remodelando-o, instalando todos os equipamentos necess\u00e1rios, etc. Por esta raz\u00e3o, os casinos online podem oferecer aos seus jogadores probabilidades de vit\u00f3ria muito melhores e at\u00e9 b\u00f3nus iniciais.<\/p>\n<p>Para dar alguns exemplos do mundo real, ao analisar as m\u00e1quinas que funcionam com moedas em muitos pubs australianos, os investigadores descobriram que gastar um n\u00edquel tinha uma probabilidade de 87% a 90% de esgotar. Por outro lado, os casinos online geralmente oferecem uma probabilidade superior a 95%.<\/p>\n<h3><strong>Estrat\u00e9gia para ca\u00e7a-n\u00edqueis online<\/strong><\/h3>\n<p>Para come\u00e7ar, voc\u00ea deve estar preparado para jogar qualquer coisa. Isso significa que voc\u00ea pode ter que apostar todas as suas moedas porque \u00e9 assim que voc\u00ea ganhar\u00e1 o jackpot. Alguns casinos australianos n\u00e3o gostam disto, mas na maioria deles voc\u00ea precisa fazer a sua aposta m\u00e1xima se quiser obter o pr\u00e9mio mais alto. Isto \u00e9 especialmente verdadeiro no caso do jackpot progressivo, que raramente paga o jackpot total, a menos que voc\u00ea jogue o valor total.<\/p>\n<p>Por outro lado, voc\u00ea deve sempre\u00c9 considerar seus limites e jogar o quanto achar suficiente. N\u00e3o se esforce al\u00e9m dos seus limites apenas para se sentir mal mais tarde. Por\u00e9m, se voc\u00ea quiser dar tudo de si, isso pode significar uma grande vit\u00f3ria. Isto ocorre porque os casinos online t\u00eam sempre as melhores probabilidades nos jogos mais caros.<\/p>\n<h3><strong>Como jogar ca\u00e7a-n\u00edqueis online com dinheiro real na Austr\u00e1lia?<\/strong><\/h3>\n<p>Depois de experimentar v\u00e1rios modos de jogo gr\u00e1tis, voc\u00ea pode querer suspender alguns jogos online com dinheiro real e ganhar o jackpot. Ent\u00e3o voc\u00ea pode jogar com dinheiro real; O que voc\u00ea precisa fazer \u00e9 recarregar seu saldo de ca\u00e7a-n\u00edqueis online australiano. Cada casino online oferece diferentes formas de depositar na sua conta; Voc\u00ea pode escolher aquele que se adapta \u00e0s suas prefer\u00eancias. Visa e Mastercard s\u00e3o op\u00e7\u00f5es universais que funcionam em quase todos os lugares. A \u00fanica vez que essas op\u00e7\u00f5es n\u00e3o est\u00e3o dispon\u00edveis geralmente \u00e9 nos cassinos Bitcoin.<\/p>\n<p>Observe que, para fazer grandes saques de dinheiro online, muitas vezes ser\u00e1 solicitado que voc\u00ea verifique seus dados. Normalmente, isso envolve o envio ou digitaliza\u00e7\u00e3o de um documento de identidade com foto emitido pelo governo e um comprovante de resid\u00eancia.<\/p>\n<h3><strong>Como ganhar dinheiro gr\u00e1tis em um cassino online para jogar ca\u00e7a-n\u00edqueis<\/strong><\/h3>\n<p>O mundo dos casinos online \u00e9 uma ind\u00fastria competitiva e excelente para novos jogadores. Os casinos online preferem atrair novos utilizadores com b\u00f3nus de boas-vindas e de dep\u00f3sito. Cada cassino oferece um b\u00f4nus de boas-vindas que corresponde ao seu primeiro dep\u00f3sito at\u00e9 um determinado valor.<\/p>\n<p>O dinheiro gr\u00e1tis n\u00e3o se limita apenas ao b\u00f4nus de boas-vindas, mas in\u00fameras promo\u00e7\u00f5es tamb\u00e9m s\u00e3o oferecidas continuamente. \u00c9 por isso que voc\u00ea deve sempre conferir as novidades do seu cassino favorito; Pode haver algumas promo\u00e7\u00f5es interessantes na pr\u00f3xima vez que voc\u00ea fizer login para jogar.<\/p>\n<p>&nbsp;<\/p>\n<p>[FreePokiesSlotsBlck page_id = &#8220;20&#8221;]<\/p>\n","protected":false},"excerpt":{"rendered":"<p>A Austr\u00e1lia sempre teve uma queda por m\u00e1quinas ca\u00e7a-n\u00edqueis. Afinal, n\u00e3o h\u00e1 muitas coisas que possam lhe proporcionar tantas emo\u00e7\u00f5es e adrenalina que o Aussie Casino pode lhe proporcionar. E sua popularidade est\u00e1 crescendo hoje mais do que nunca. Isso tem muito a ver com sua disponibilidade. Antes nem todos tinham acesso, mas agora todos [&hellip;]<\/p>\n","protected":false},"author":1,"featured_media":0,"parent":0,"menu_order":5,"comment_status":"open","ping_status":"closed","template":"","meta":{"om_disable_all_campaigns":false,"_monsterinsights_skip_tracking":false,"_monsterinsights_sitenote_active":false,"_monsterinsights_sitenote_note":"","_monsterinsights_sitenote_category":0,"footnotes":""},"acf":[],"aioseo_notices":[],"_links":{"self":[{"href":"https:\/\/hottopcasino.com\/pt-br\/wp-json\/wp\/v2\/pages\/11143"}],"collection":[{"href":"https:\/\/hottopcasino.com\/pt-br\/wp-json\/wp\/v2\/pages"}],"about":[{"href":"https:\/\/hottopcasino.com\/pt-br\/wp-json\/wp\/v2\/types\/page"}],"author":[{"embeddable":true,"href":"https:\/\/hottopcasino.com\/pt-br\/wp-json\/wp\/v2\/users\/1"}],"replies":[{"embeddable":true,"href":"https:\/\/hottopcasino.com\/pt-br\/wp-json\/wp\/v2\/comments?post=11143"}],"version-history":[{"count":2,"href":"https:\/\/hottopcasino.com\/pt-br\/wp-json\/wp\/v2\/pages\/11143\/revisions"}],"predecessor-version":[{"id":11145,"href":"https:\/\/hottopcasino.com\/pt-br\/wp-json\/wp\/v2\/pages\/11143\/revisions\/11145"}],"wp:attachment":[{"href":"https:\/\/hottopcasino.com\/pt-br\/wp-json\/wp\/v2\/media?parent=11143"}],"curies":[{"name":"wp","href":"https:\/\/api.w.org\/{rel}","templated":true}]}}