	{"id":11166,"date":"2020-01-13T20:07:08","date_gmt":"2020-01-13T09:07:08","guid":{"rendered":"https:\/\/hottopcasino.com\/free-pokies\/"},"modified":"2023-10-18T23:59:31","modified_gmt":"2023-10-18T12:59:31","slug":"free-pokies","status":"publish","type":"page","link":"https:\/\/hottopcasino.com\/pt-br\/free-pokies\/","title":{"rendered":"M\u00e1quinas ca\u00e7a-n\u00edqueis gr\u00e1tis"},"content":{"rendered":"\t\t<div data-elementor-type=\"wp-page\" data-elementor-id=\"11166\" class=\"elementor elementor-11166 elementor-22\">\n\t\t\t\t\t\t\t\t\t<section class=\"elementor-section elementor-top-section elementor-element elementor-element-bd27d94 elementor-section-boxed elementor-section-height-default elementor-section-height-default\" data-id=\"bd27d94\" data-element_type=\"section\">\n\t\t\t\t\t\t<div class=\"elementor-container elementor-column-gap-default\">\n\t\t\t\t\t<div class=\"elementor-column elementor-col-33 elementor-top-column elementor-element elementor-element-3c8b8b8\" data-id=\"3c8b8b8\" data-element_type=\"column\">\n\t\t\t<div class=\"elementor-widget-wrap elementor-element-populated\">\n\t\t\t\t\t\t\t\t<div class=\"elementor-element elementor-element-b866277 elementor-widget elementor-widget-image\" data-id=\"b866277\" data-element_type=\"widget\" data-widget_type=\"image.default\">\n\t\t\t\t<div class=\"elementor-widget-container\">\n\t\t\t<style>\/*! elementor - v3.10.1 - 17-01-2023 *\/\n.elementor-widget-image{text-align:center}.elementor-widget-image a{display:inline-block}.elementor-widget-image a img[src$=\".svg\"]{width:48px}.elementor-widget-image img{vertical-align:middle;display:inline-block}<\/style>\t\t\t\t\t\t\t\t\t\t\t\t<img decoding=\"async\" loading=\"lazy\" width=\"1024\" height=\"576\" src=\"https:\/\/hottopcasino.com\/wp-content\/uploads\/2023\/02\/Book-of-dead-slot-logo-1024x576.jpg\" class=\"attachment-large size-large wp-image-8394\" alt=\"\" srcset=\"https:\/\/hottopcasino.com\/wp-content\/uploads\/2023\/02\/Book-of-dead-slot-logo-1024x576.jpg 1024w, https:\/\/hottopcasino.com\/wp-content\/uploads\/2023\/02\/Book-of-dead-slot-logo-300x169.jpg 300w, https:\/\/hottopcasino.com\/wp-content\/uploads\/2023\/02\/Book-of-dead-slot-logo-768x432.jpg 768w, https:\/\/hottopcasino.com\/wp-content\/uploads\/2023\/02\/Book-of-dead-slot-logo-53x30.jpg 53w, https:\/\/hottopcasino.com\/wp-content\/uploads\/2023\/02\/Book-of-dead-slot-logo-40x23.jpg 40w, https:\/\/hottopcasino.com\/wp-content\/uploads\/2023\/02\/Book-of-dead-slot-logo-65x37.jpg 65w, https:\/\/hottopcasino.com\/wp-content\/uploads\/2023\/02\/Book-of-dead-slot-logo.jpg 1280w\" sizes=\"(max-width: 1024px) 100vw, 1024px\" \/>\t\t\t\t\t\t\t\t\t\t\t\t\t\t\t<\/div>\n\t\t\t\t<\/div>\n\t\t\t\t<div class=\"elementor-element elementor-element-e2c5d06 elementor-widget elementor-widget-heading\" data-id=\"e2c5d06\" data-element_type=\"widget\" data-widget_type=\"heading.default\">\n\t\t\t\t<div class=\"elementor-widget-container\">\n\t\t\t<style>\/*! elementor - v3.10.1 - 17-01-2023 *\/\n.elementor-heading-title{padding:0;margin:0;line-height:1}.elementor-widget-heading .elementor-heading-title[class*=elementor-size-]>a{color:inherit;font-size:inherit;line-height:inherit}.elementor-widget-heading .elementor-heading-title.elementor-size-small{font-size:15px}.elementor-widget-heading .elementor-heading-title.elementor-size-medium{font-size:19px}.elementor-widget-heading .elementor-heading-title.elementor-size-large{font-size:29px}.elementor-widget-heading .elementor-heading-title.elementor-size-xl{font-size:39px}.elementor-widget-heading .elementor-heading-title.elementor-size-xxl{font-size:59px}<\/style><h2 class=\"elementor-heading-title elementor-size-default\">Book of Dead\u200b<\/h2>\t\t<\/div>\n\t\t\t\t<\/div>\n\t\t\t\t<div class=\"elementor-element elementor-element-b965c8d elementor-align-center reell elementor-widget elementor-widget-button\" data-id=\"b965c8d\" data-element_type=\"widget\" data-widget_type=\"button.default\">\n\t\t\t\t<div class=\"elementor-widget-container\">\n\t\t\t\t\t<div class=\"elementor-button-wrapper\">\n\t\t\t<a href=\"https:\/\/hottopcasino.com\/news\/book-of-dead-casino-slot\/\" class=\"elementor-button-link elementor-button elementor-size-sm\" role=\"button\">\n\t\t\t\t\t\t<span class=\"elementor-button-content-wrapper\">\n\t\t\t\t\t\t<span class=\"elementor-button-text\">Tiradas gratis<\/span>\n\t\t<\/span>\n\t\t\t\t\t<\/a>\n\t\t<\/div>\n\t\t\t\t<\/div>\n\t\t\t\t<\/div>\n\t\t\t\t\t<\/div>\n\t\t<\/div>\n\t\t\t\t<div class=\"elementor-column elementor-col-33 elementor-top-column elementor-element elementor-element-d4c8330\" data-id=\"d4c8330\" data-element_type=\"column\">\n\t\t\t<div class=\"elementor-widget-wrap elementor-element-populated\">\n\t\t\t\t\t\t\t\t<div class=\"elementor-element elementor-element-0b06315 elementor-widget elementor-widget-image\" data-id=\"0b06315\" data-element_type=\"widget\" data-widget_type=\"image.default\">\n\t\t\t\t<div class=\"elementor-widget-container\">\n\t\t\t\t\t\t\t\t\t\t\t\t\t\t\t<img decoding=\"async\" loading=\"lazy\" width=\"1024\" height=\"576\" src=\"https:\/\/hottopcasino.com\/wp-content\/uploads\/2023\/02\/sa-6-1024x576.png\" class=\"attachment-large size-large wp-image-8400\" alt=\"\" srcset=\"https:\/\/hottopcasino.com\/wp-content\/uploads\/2023\/02\/sa-6-1024x576.png 1024w, https:\/\/hottopcasino.com\/wp-content\/uploads\/2023\/02\/sa-6-300x169.png 300w, https:\/\/hottopcasino.com\/wp-content\/uploads\/2023\/02\/sa-6-768x432.png 768w, https:\/\/hottopcasino.com\/wp-content\/uploads\/2023\/02\/sa-6-1536x864.png 1536w, https:\/\/hottopcasino.com\/wp-content\/uploads\/2023\/02\/sa-6-1320x743.png 1320w, https:\/\/hottopcasino.com\/wp-content\/uploads\/2023\/02\/sa-6-53x30.png 53w, https:\/\/hottopcasino.com\/wp-content\/uploads\/2023\/02\/sa-6-40x23.png 40w, https:\/\/hottopcasino.com\/wp-content\/uploads\/2023\/02\/sa-6-65x37.png 65w, https:\/\/hottopcasino.com\/wp-content\/uploads\/2023\/02\/sa-6.png 1600w\" sizes=\"(max-width: 1024px) 100vw, 1024px\" \/>\t\t\t\t\t\t\t\t\t\t\t\t\t\t\t<\/div>\n\t\t\t\t<\/div>\n\t\t\t\t<div class=\"elementor-element elementor-element-2ef7b09 elementor-widget elementor-widget-heading\" data-id=\"2ef7b09\" data-element_type=\"widget\" data-widget_type=\"heading.default\">\n\t\t\t\t<div class=\"elementor-widget-container\">\n\t\t\t<h2 class=\"elementor-heading-title elementor-size-default\">Sweet Bonanza\u200b<\/h2>\t\t<\/div>\n\t\t\t\t<\/div>\n\t\t\t\t<div class=\"elementor-element elementor-element-f5386fb elementor-align-center bonanz elementor-widget elementor-widget-button\" data-id=\"f5386fb\" data-element_type=\"widget\" data-widget_type=\"button.default\">\n\t\t\t\t<div class=\"elementor-widget-container\">\n\t\t\t\t\t<div class=\"elementor-button-wrapper\">\n\t\t\t<a href=\"#\" class=\"elementor-button-link elementor-button elementor-size-sm\" role=\"button\">\n\t\t\t\t\t\t<span class=\"elementor-button-content-wrapper\">\n\t\t\t\t\t\t<span class=\"elementor-button-text\">Tiradas gratis<\/span>\n\t\t<\/span>\n\t\t\t\t\t<\/a>\n\t\t<\/div>\n\t\t\t\t<\/div>\n\t\t\t\t<\/div>\n\t\t\t\t\t<\/div>\n\t\t<\/div>\n\t\t\t\t<div class=\"elementor-column elementor-col-33 elementor-top-column elementor-element elementor-element-d088f90\" data-id=\"d088f90\" data-element_type=\"column\">\n\t\t\t<div class=\"elementor-widget-wrap elementor-element-populated\">\n\t\t\t\t\t\t\t\t<div class=\"elementor-element elementor-element-5fba571 elementor-widget elementor-widget-image\" data-id=\"5fba571\" data-element_type=\"widget\" data-widget_type=\"image.default\">\n\t\t\t\t<div class=\"elementor-widget-container\">\n\t\t\t\t\t\t\t\t\t\t\t\t\t\t\t<img decoding=\"async\" src=\"https:\/\/hottopcasino.com\/wp-content\/uploads\/2023\/08\/Power-of-Gods.png\" title=\"Power of Gods\" alt=\"Power of Gods\" loading=\"lazy\" \/>\t\t\t\t\t\t\t\t\t\t\t\t\t\t\t<\/div>\n\t\t\t\t<\/div>\n\t\t\t\t<div class=\"elementor-element elementor-element-29a81fa elementor-widget elementor-widget-heading\" data-id=\"29a81fa\" data-element_type=\"widget\" data-widget_type=\"heading.default\">\n\t\t\t\t<div class=\"elementor-widget-container\">\n\t\t\t<h2 class=\"elementor-heading-title elementor-size-default\">Power of Gods<\/h2>\t\t<\/div>\n\t\t\t\t<\/div>\n\t\t\t\t<div class=\"elementor-element elementor-element-f83759c elementor-align-center good elementor-widget elementor-widget-button\" data-id=\"f83759c\" data-element_type=\"widget\" data-widget_type=\"button.default\">\n\t\t\t\t<div class=\"elementor-widget-container\">\n\t\t\t\t\t<div class=\"elementor-button-wrapper\">\n\t\t\t<a href=\"https:\/\/hottopcasino.com\/news\/embark-on-an-epi\u2026s-slot-by-wazdan\/\" class=\"elementor-button-link elementor-button elementor-size-sm\" role=\"button\">\n\t\t\t\t\t\t<span class=\"elementor-button-content-wrapper\">\n\t\t\t\t\t\t<span class=\"elementor-button-text\">Tiradas gratis<\/span>\n\t\t<\/span>\n\t\t\t\t\t<\/a>\n\t\t<\/div>\n\t\t\t\t<\/div>\n\t\t\t\t<\/div>\n\t\t\t\t\t<\/div>\n\t\t<\/div>\n\t\t\t\t\t\t\t<\/div>\n\t\t<\/section>\n\t\t\t\t<section class=\"elementor-section elementor-top-section elementor-element elementor-element-732edbf elementor-section-boxed elementor-section-height-default elementor-section-height-default\" data-id=\"732edbf\" data-element_type=\"section\">\n\t\t\t\t\t\t<div class=\"elementor-container elementor-column-gap-default\">\n\t\t\t\t\t<div class=\"elementor-column elementor-col-100 elementor-top-column elementor-element elementor-element-76b5bc25\" data-id=\"76b5bc25\" data-element_type=\"column\">\n\t\t\t<div class=\"elementor-widget-wrap elementor-element-populated\">\n\t\t\t\t\t\t\t\t<div class=\"elementor-element elementor-element-6ee1d29a elementor-widget elementor-widget-text-editor\" data-id=\"6ee1d29a\" data-element_type=\"widget\" data-widget_type=\"text-editor.default\">\n\t\t\t\t<div class=\"elementor-widget-container\">\n\t\t\t<style>\/*! elementor - v3.10.1 - 17-01-2023 *\/\n.elementor-widget-text-editor.elementor-drop-cap-view-stacked .elementor-drop-cap{background-color:#818a91;color:#fff}.elementor-widget-text-editor.elementor-drop-cap-view-framed .elementor-drop-cap{color:#818a91;border:3px solid;background-color:transparent}.elementor-widget-text-editor:not(.elementor-drop-cap-view-default) .elementor-drop-cap{margin-top:8px}.elementor-widget-text-editor:not(.elementor-drop-cap-view-default) .elementor-drop-cap-letter{width:1em;height:1em}.elementor-widget-text-editor .elementor-drop-cap{float:left;text-align:center;line-height:1;font-size:50px}.elementor-widget-text-editor .elementor-drop-cap-letter{display:inline-block}<\/style>\t\t\t\t<h2><strong>Jogue Free Pokies \u2013 As melhores m\u00e1quinas de p\u00f4quer gr\u00e1tis da Austr\u00e1lia em 2020<\/strong><\/h2>\nAgora \u00e9 a hora de descobrir o extraordin\u00e1rio mundo dos slots online. Voc\u00ea tem a incr\u00edvel oportunidade de experiment\u00e1-lo totalmente gratuito, portanto n\u00e3o h\u00e1 risco algum. Voc\u00ea pode aproveitar e jogar todos os jogos dos melhores designers de aplicativos e cassinos sem ter que gastar seu dinheiro. N\u00e3o h\u00e1 absolutamente nenhum risco, apenas toneladas de recompensas e divers\u00e3o sem fim.\n<h2><strong>Agora \u00e9 a melhor hora para jogar ca\u00e7a-n\u00edqueis<\/strong><\/h2>\nSe voc\u00ea nunca experimentou um cassino online antes, agora \u00e9 o melhor momento para faz\u00ea-lo. Um ambiente incr\u00edvel cheio de emo\u00e7\u00f5es, recompensas e muita divers\u00e3o espera por voc\u00ea. Agora \u00e9 hora de entrar e jogar.<em> \u00a0<\/em>Este jogo \u00e9 totalmente gratuito, mas voc\u00ea ainda experimentar\u00e1 todas as emo\u00e7\u00f5es e adrenalina que esperaria de um cassino real. Al\u00e9m disso, voc\u00ea pode escolher as m\u00e1quinas ca\u00e7a-n\u00edqueis que melhor atendem \u00e0s suas prefer\u00eancias. Existem muitas op\u00e7\u00f5es.\n\nVoc\u00ea encontrar\u00e1 apenas os melhores e mais divertidos jogos dos criadores de RTG, como Rival Gaming, PlaynGo, Betsoft e muitos outros t\u00edtulos incr\u00edveis. Comece seu jogo de toque e veja quanta emo\u00e7\u00e3o e dinheiro voc\u00ea pode gerar. Existe uma extensa biblioteca de jogos de sapateado e todo o tipo de entretenimento, para que possa escolher os que mais gosta. Mesmo que voc\u00ea nunca tenha jogado antes, voc\u00ea pode encontrar algo que se adapte ao seu n\u00edvel t\u00e1tico e come\u00e7ar a vencer.\n\nA maioria das op\u00e7\u00f5es de cassino virtual oferece op\u00e7\u00f5es gratuitas para voc\u00ea experimentar os jogos. \u00c9 por isso que voc\u00ea pode baixar qualquer um dos jogos e come\u00e7ar a jogar sem riscos, mas com muitas recompensas.\n\nPare de se perguntar e duvidar de si mesmo. Basta baixar um dos t\u00edtulos; Voc\u00ea vai se apaixonar imediatamente. Imagine experimentar toda a agita\u00e7\u00e3o e excita\u00e7\u00e3o acelerada que voc\u00ea sente no cassino, mas sem arriscar seu dinheiro. Al\u00e9m do mais, voc\u00ea pode obter tudo isso de qualquer lugar, pois pode levar o jogo para onde quer que v\u00e1. Esta \u00e9 uma oportunidade incr\u00edvel, ent\u00e3o \u00e9 melhor voc\u00ea aproveit\u00e1-la.\n<h2><strong>As melhores raz\u00f5es pelas quais voc\u00ea deve jogar ca\u00e7a-n\u00edqueis gr\u00e1tis<\/strong><\/h2>\nEste \u00e9 o melhor lugar para experimentar ca\u00e7a-n\u00edqueis e n\u00e3o h\u00e1 melhor momento do que agora. Aqui voc\u00ea pode experimentar o mundo incrivelmente atraente e divertido das m\u00e1quinas ca\u00e7a-n\u00edqueis sem precisar sair da cadeira. Poder\u00e1 participar em todas as aventuras que este site lhe reserva e sentir a emo\u00e7\u00e3o e a emo\u00e7\u00e3o que tanto deseja. N\u00e3o h\u00e1 muitas experi\u00eancias t\u00e3o emocionantes e divertidas quanto jogar ca\u00e7a-n\u00edqueis aqui. Chegou a hora, entre no site e descubra este cantinho maravilhoso da Internet onde voc\u00ea poder\u00e1 vivenciar emo\u00e7\u00f5es impressionantes e muita adrenalina sem nenhum risco.\n<h2>Comece a jogar roleta sem necessidade de dep\u00f3sito! Receba suas rodadas gr\u00e1tis como b\u00f4nus<\/h2>\nEste cassino oferece a incr\u00edvel oportunidade de jogar sem gastar um centavo. Voc\u00ea pode obter um b\u00f4nus sem fazer um dep\u00f3sito e experimentar todos os grandes jogos deste cassino sem nenhum risco.\n\nA forma como funciona \u00e9 simplesmente entrar no jogo e selecionar uma das op\u00e7\u00f5es de jogo gr\u00e1tis:\n<ul>\n  <li>B\u00f4nus de giro<\/li>\n  <li>Rodadas gr\u00e1tis<\/li>\n  <li>Um b\u00f4nus inicial para ajudar voc\u00ea a come\u00e7ar<\/li>\n<\/ul>\nO \u201cSpin Bonus\u201d \u00e9 uma das op\u00e7\u00f5es divertidas. Isso lhe d\u00e1 uma certa quantidade de apostas para cada jogo. As rodadas gr\u00e1tis, como o nome sugere, permitem que voc\u00ea jogue algumas rodadas sem arriscar seu dinheiro, mas com a possibilidade de ganhar pr\u00eamios reais. Por \u00faltimo, os b\u00f3nus iniciais d\u00e3o-lhe um valor pr\u00e9-determinado para que possa desfrutar e ganhar os diferentes jogos.\n\nEm cada um desses casos voc\u00ea receber\u00e1 dinheiro para jogar de gra\u00e7a. A melhor parte \u00e9 que voc\u00ea pode ganhar dinheiro real jogando esses jogos, tornando-os uma situa\u00e7\u00e3o ganha-ganha. Esta \u00e9 uma oportunidade \u00fanica de mergulhar neste mundo emocionante e desfrutar dos jogos.\n<h2><strong>Desfrute de m\u00e1quinas ca\u00e7a-n\u00edqueis totalmente gratuitas nos melhores cassinos australianos<\/strong><\/h2>\nAbaixo voc\u00ea encontrar\u00e1 uma lista dos melhores cassinos online onde voc\u00ea pode jogar Poki totalmente de gra\u00e7a.\n<h2><strong>Agora voc\u00ea pode jogar ca\u00e7a-n\u00edqueis sem gastar seu dinheiro<\/strong><\/h2>\nJogar ca\u00e7a-n\u00edqueis \u00e9 uma \u00f3tima oportunidade para se familiarizar com os diferentes jogos oferecidos, todos incrivelmente divertidos e lucrativos. Esta \u00e9 uma oportunidade \u00fanica de se preparar para o pr\u00f3ximo n\u00edvel de jogo de cassino, onde seu dinheiro estar\u00e1 em jogo. \u00c9 claro que jogar com dinheiro real pode ser caro, mas n\u00e3o se preocupe, voc\u00ea tem muito tempo para aprender e se tornar um profissional, ent\u00e3o ir\u00e1 diretamente ao j\u00fari vencedor.\n\nN\u00e3o h\u00e1 curva de aprendizado, voc\u00ea pode prAja antes de jogar e ainda ganhe dinheiro de verdade. Finalmente, quando estiver pronto para se classificar entre os melhores jogadores, voc\u00ea pode come\u00e7ar a apostar seu pr\u00f3prio dinheiro e obter muitos lucros. Para fazer isso, voc\u00ea pode mudar para as principais ligas descritas no site https:\/\/hottopcasino.com por dinheiro real.\n<h2>Jogue agora mesmo em ca\u00e7a-n\u00edqueis australianos gr\u00e1tis<\/h2>\n<h2><img decoding=\"async\" class=\"img-responsive pull-left\" style=\"font-size: 16px;\" src=\"\/wp-content\/uploads\/2020\/01\/free-delivery.png\" alt=\"Entrega gr\u00e1tis\" \/><\/h2>\n<div class=\"free-pokies-single-block\">\n<div class=\"free-pokies-single-block-row clearfix\">\n<div class=\"free-pokies-single-block-text pull-right\">\n<h2>Jogue ca\u00e7a-n\u00edqueis gr\u00e1tis diretamente neste site<\/h2>\nA primeira e mais f\u00e1cil maneira de fazer isso \u00e9 clicar em qualquer uma das m\u00e1quinas ca\u00e7a-n\u00edqueis gratuitas listadas aqui nesta p\u00e1gina. Se voc\u00ea \u00e9 novo nos cassinos online e deseja experimentar alguns jogos sem gastar muito dinheiro, esta \u00e9 uma maneira r\u00e1pida e conveniente de faz\u00ea-lo.\n\n<\/div>\n<\/div>\n<div class=\"free-pokies-single-block-row clearfix\">\n<div class=\"free-pokies-single-block-icon pull-left\"><img decoding=\"async\" class=\"img-responsive pull-left\" src=\"\/wp-content\/uploads\/2020\/01\/money.png\" alt =\"Dinheiro\" \/><\/div>\n<div class=\"free-pokies-single-block-text pull-right\">\n<h2>Slots gr\u00e1tis nos melhores cassinos australianos<\/h2>\nA segunda maneira de jogar ca\u00e7a-n\u00edqueis\/ca\u00e7a-n\u00edqueis de cassino ou outros jogos online gratuitos \u00e9 visitar os melhores cassinos de ca\u00e7a-n\u00edqueis nesta p\u00e1gina e selecionar seus jogos de demonstra\u00e7\u00e3o no site.\n\n<\/div>\n<\/div>\n<div class=\"free-pokies-single-block-row clearfix\">\n<div class=\"free-pokies-single-block-icon pull-left\"><img decoding=\"async\" class=\"img-responsive pull-left\" src=\"\/wp-content\/uploads\/2020\/01\/australia.png\" alt =\"Austr\u00e1lia\" \/><\/div>\n<div class=\"free-pokies-single-block-text pull-right\">\n<h2>B\u00f4nus sem dep\u00f3sito ou rodadas gr\u00e1tis<\/h2>\nA terceira op\u00e7\u00e3o \u00e9 aproveitar os b\u00f4nus sem dep\u00f3sito ou rodadas gr\u00e1tis de um cassino. A vantagem destes \u00e9 que s\u00e3o gratuitos e voc\u00ea pode jogar nas slots com dinheiro real e at\u00e9 ficar com alguns dos seus ganhos.\n\n<\/div>\n<\/div>\n<\/div>\n<div class=\"table-responsive\">\n<h2><strong>Agora voc\u00ea pode jogar ca\u00e7a-n\u00edqueis sem gastar seu dinheiro<\/strong><\/h2>\nJogar ca\u00e7a-n\u00edqueis \u00e9 uma \u00f3tima oportunidade para se familiarizar com os diferentes jogos oferecidos, todos incrivelmente divertidos e lucrativos. Esta \u00e9 uma oportunidade \u00fanica de se preparar para o pr\u00f3ximo n\u00edvel de jogo de cassino, onde seu dinheiro estar\u00e1 em jogo. \u00c9 claro que jogar com dinheiro real pode ser caro, mas n\u00e3o se preocupe, voc\u00ea tem muito tempo para aprender e se tornar um profissional, ent\u00e3o ir\u00e1 diretamente ao j\u00fari vencedor.\n\nN\u00e3o h\u00e1 curva de aprendizado, voc\u00ea pode praticar antes de jogar e ainda ganhar dinheiro real. Finalmente, quando estiver pronto para se classificar entre os melhores jogadores, voc\u00ea pode come\u00e7ar a apostar seu pr\u00f3prio dinheiro e obter muitos lucros. Para fazer isso, voc\u00ea pode mudar para as principais ligas descritas no site https:\/\/hottopcasino.com por dinheiro real.\n<h2>Perguntas frequentes sobre ca\u00e7a-n\u00edqueis<\/h2>\n<div class=\"faq\">\n                    <div class=\"faq-row\">\n                        <div class=\"faq-row-title clicked-faq-row-title\">Can I play online pokies in Australia?<\/div>\n                        <div class=\"faq-text\" style=\"display:block;\">Yes, you can play online pokies in Australia. You can either do this for free, by claiming a no deposit bonus, or by making a deposit at an online casino that accepts Australian players.<\/div>\n                    <\/div>\n                <\/div>\n\n<\/div>\t\t\t\t\t\t<\/div>\n\t\t\t\t<\/div>\n\t\t\t\t\t<\/div>\n\t\t<\/div>\n\t\t\t\t\t\t\t<\/div>\n\t\t<\/section>\n\t\t\t\t\t\t\t<\/div>\n\t\t","protected":false},"excerpt":{"rendered":"<p>Book of Dead\u200b Tiradas gratis Sweet Bonanza\u200b Tiradas gratis Power of Gods Tiradas gratis Jogue Free Pokies \u2013 As melhores m\u00e1quinas de p\u00f4quer gr\u00e1tis da Austr\u00e1lia em 2020 Agora \u00e9 a hora de descobrir o extraordin\u00e1rio mundo dos slots online. Voc\u00ea tem a incr\u00edvel oportunidade de experiment\u00e1-lo totalmente gratuito, portanto n\u00e3o h\u00e1 risco algum. Voc\u00ea [&hellip;]<\/p>\n","protected":false},"author":1,"featured_media":0,"parent":0,"menu_order":6,"comment_status":"open","ping_status":"closed","template":"","meta":{"om_disable_all_campaigns":false,"_monsterinsights_skip_tracking":false,"_monsterinsights_sitenote_active":false,"_monsterinsights_sitenote_note":"","_monsterinsights_sitenote_category":0,"footnotes":""},"acf":[],"aioseo_notices":[],"_links":{"self":[{"href":"https:\/\/hottopcasino.com\/pt-br\/wp-json\/wp\/v2\/pages\/11166"}],"collection":[{"href":"https:\/\/hottopcasino.com\/pt-br\/wp-json\/wp\/v2\/pages"}],"about":[{"href":"https:\/\/hottopcasino.com\/pt-br\/wp-json\/wp\/v2\/types\/page"}],"author":[{"embeddable":true,"href":"https:\/\/hottopcasino.com\/pt-br\/wp-json\/wp\/v2\/users\/1"}],"replies":[{"embeddable":true,"href":"https:\/\/hottopcasino.com\/pt-br\/wp-json\/wp\/v2\/comments?post=11166"}],"version-history":[{"count":7,"href":"https:\/\/hottopcasino.com\/pt-br\/wp-json\/wp\/v2\/pages\/11166\/revisions"}],"predecessor-version":[{"id":11173,"href":"https:\/\/hottopcasino.com\/pt-br\/wp-json\/wp\/v2\/pages\/11166\/revisions\/11173"}],"wp:attachment":[{"href":"https:\/\/hottopcasino.com\/pt-br\/wp-json\/wp\/v2\/media?parent=11166"}],"curies":[{"name":"wp","href":"https:\/\/api.w.org\/{rel}","templated":true}]}}