	{"id":11178,"date":"2020-01-13T20:07:49","date_gmt":"2020-01-13T09:07:49","guid":{"rendered":"https:\/\/hottopcasino.com\/australian-dollar-online\/"},"modified":"2023-10-19T00:10:45","modified_gmt":"2023-10-18T13:10:45","slug":"australian-dollar-online","status":"publish","type":"page","link":"https:\/\/hottopcasino.com\/pt-br\/australian-dollar-online\/","title":{"rendered":"D\u00f3lar australiano on-line"},"content":{"rendered":"<p><img decoding=\"async\" loading=\"lazy\" width=\"982\" height=\"188\" class=\"alignnone size-full wp-image-706\" src=\"https:\/\/hottopcasino.com\/wp-content\/uploads\/2020\/05\/HotTop-BS-banner-982_188.jpg\" alt=\"BitStars_Hottopcasino \" srcset=\"https:\/\/hottopcasino.com\/wp-content\/uploads\/2020\/05\/HotTop-BS-banner-982_188.jpg 982w, https:\/\/hottopcasino.com\/wp-content\/uploads\/2020\/05\/HotTop-BS-banner-982_188-300x57.jpg 300w, https:\/\/hottopcasino.com\/wp-content\/uploads\/2020\/05\/HotTop-BS-banner-982_188-768x147.jpg 768w, https:\/\/hottopcasino.com\/wp-content\/uploads\/2020\/05\/HotTop-BS-banner-982_188-60x11.jpg 60w, https:\/\/hottopcasino.com\/wp-content\/uploads\/2020\/05\/HotTop-BS-banner-982_188-40x8.jpg 40w, https:\/\/hottopcasino.com\/wp-content\/uploads\/2020\/05\/HotTop-BS-banner-982_188-65x12.jpg 65w\" sizes=\"(max-width: 982px) 100vw, 982px\" \/><\/p>\n<h2><strong>D\u00f3lar australiano: o <\/strong><strong>d\u00f3lar australiano no jogo<\/strong><\/h2>\n<p>O d\u00f3lar australiano (sinal: $; c\u00f3digo: AUD) \u00e9 a moeda oficial da Uni\u00e3o Australiana e inclui os territ\u00f3rios do Pac\u00edfico: Ilhas Christmas, Ilhas Cocos e Norfolk, Kiribati, Nauru e Tuvalu. Parti\u00e7\u00f5es em cem centavos. Geralmente \u00e9 abreviado como d\u00f3lar ($), mas existem diversas varia\u00e7\u00f5es de atribui\u00e7\u00e3o: A$, $A, AU$ e $AU.<\/p>\n<p>O AUD \u00e9 a sexta moeda mais negociada no mundo (depois do d\u00f3lar americano, do euro, do iene japon\u00eas, da libra esterlina e do franco su\u00ed\u00e7o). A moeda representa quase 5% de todas as trocas de dinheiro no planeta.<\/p>\n<p>A preval\u00eancia do AUD entre os comerciantes a dinheiro deve-se aos elevados custos de financiamento da Austr\u00e1lia, \u00e0 relativa liberdade do mercado em rela\u00e7\u00e3o ao impacto legislativo e \u00e0 media\u00e7\u00e3o, e \u00e0 economia e ao sistema pol\u00edtico amplamente est\u00e1veis \u200b\u200bda Austr\u00e1lia.<\/p>\n<h2><img decoding=\"async\" loading=\"lazy\" width=\"925\" height=\"210\" class=\"alignnone wp-image-890 size-full\" src=\"https:\/\/hottopcasino.com\/wp-content\/uploads\/2020\/10\/AUD_900-210.jpg\" alt=\"\" srcset=\"https:\/\/hottopcasino.com\/wp-content\/uploads\/2020\/10\/AUD_900-210.jpg 925w, https:\/\/hottopcasino.com\/wp-content\/uploads\/2020\/10\/AUD_900-210-300x68.jpg 300w, https:\/\/hottopcasino.com\/wp-content\/uploads\/2020\/10\/AUD_900-210-768x174.jpg 768w, https:\/\/hottopcasino.com\/wp-content\/uploads\/2020\/10\/AUD_900-210-60x14.jpg 60w, https:\/\/hottopcasino.com\/wp-content\/uploads\/2020\/10\/AUD_900-210-40x9.jpg 40w, https:\/\/hottopcasino.com\/wp-content\/uploads\/2020\/10\/AUD_900-210-65x15.jpg 65w\" sizes=\"(max-width: 925px) 100vw, 925px\" \/><\/h2>\n<h2><strong>Apostar com AUD: \u00e9 vantajoso?<\/strong><\/h2>\n<p>Pode ser tudo menos dif\u00edcil sucumbir aos principais sites de jogos de azar globais que aceitam apenas d\u00f3lares americanos ou euros. Eles est\u00e3o operacionais, oferecem muitos slots, jogos de mesa e outros jogos e s\u00e3o amplamente reconhecidos na ind\u00fastria de jogos. Em qualquer caso, fazer um pouco de esfor\u00e7o para procurar um site de AUD decente pode ser uma decis\u00e3o bastante lucrativa.<\/p>\n<p>Em primeiro lugar, os sites de apostas em d\u00f3lares australianos certamente custar\u00e3o muito menos dinheiro ao jogar na Austr\u00e1lia. Se voc\u00ea \u00e9 um jogador regular em um site que aceita apenas d\u00f3lares americanos ou euros, voc\u00ea deve considerar quanto dinheiro isso tirar\u00e1 do seu bolso em taxas. Como n\u00e3o \u00e9 poss\u00edvel fazer dep\u00f3sitos em AUD, voc\u00ea precisar\u00e1 trocar moedas. A taxa de c\u00e2mbio habitual para um \u00fanico servi\u00e7o de c\u00e2mbio \u00e9 de cerca de 3-4%. Pode n\u00e3o parecer t\u00e3o alto, mas espere. Some as taxas de troca usuais que voc\u00ea paga enquanto desfruta do jogo e some as duas. Se voc\u00ea jogar em um site de cassino online em AUD, esse problema nunca o incomodar\u00e1.<\/p>\n<p>Neste ponto voc\u00ea sabe quanto apostar se jogar em um site que n\u00e3o suporta sua moeda. Claro, voc\u00ea descobrir\u00e1 que uma aposta em d\u00f3lares equivale a pouco mais de 1,40 AUD, mas o custo exato de cada aposta e seus registros em AUD podem ser dif\u00edceis de calcular na hora. \u00c9 apenas um pequeno problema, mas \u00e9 um aborrecimento constante para muitos australianos. A necessidade de contar e recalcular o dinheiro repetidamente \u00e9 eliminada, pois o site aceita fundos australianos diretamente.<\/p>\n<p>Al\u00e9m disso, voc\u00ea tem a op\u00e7\u00e3o de usar algumas op\u00e7\u00f5es de pagamento dispon\u00edveis apenas em AUD. Neosurf \u00e9 um daqueles que voc\u00ea definitivamente n\u00e3o deve perder. Voc\u00ea s\u00f3 pode obt\u00ea-lo em AUD, e a maioria dos sites que o reconhecem e aceitam tamb\u00e9m esperam que voc\u00ea pague em AUD. Se voc\u00ea est\u00e1 tendo dificuldades com isso, v\u00e1 at\u00e9 a lista de cassinos online australianos, escolha aquele que voc\u00ea gosta e saiba que provavelmente ter\u00e1 a op\u00e7\u00e3o de pagar com ele.<\/p>\n<p>Finalmente, se voc\u00ea est\u00e1 procurando um site de cassino online que reconhe\u00e7a AUD, n\u00e3o procure especificamente um site australiano. Muitos sites de jogos de azar em todo o mundo aceitam transfer\u00eancias e dep\u00f3sitos em AUD. Isso significa que voc\u00ea pode acessar tudo o que adora no site mundialmente famoso sem pagar taxas adicionais de troca.<\/p>\n<p>Os sites de cassino que aceitam dinheiro em AUD t\u00eam muitas circunst\u00e2ncias favor\u00e1veis, mas as falhas s\u00e3o quase irrealistas, elas simplesmente n\u00e3o existem. Alguns cassinos internacionais podem n\u00e3o permitir que voc\u00ea jogue com d\u00f3lares australianos. No entanto, isso n\u00e3o \u00e9 um problema, pois o AUD lhe d\u00e1 a oportunidade de jogar em todos os excelentes ca\u00e7a-n\u00edqueis.<\/p>\n","protected":false},"excerpt":{"rendered":"<p>D\u00f3lar australiano: o d\u00f3lar australiano no jogo O d\u00f3lar australiano (sinal: $; c\u00f3digo: AUD) \u00e9 a moeda oficial da Uni\u00e3o Australiana e inclui os territ\u00f3rios do Pac\u00edfico: Ilhas Christmas, Ilhas Cocos e Norfolk, Kiribati, Nauru e Tuvalu. Parti\u00e7\u00f5es em cem centavos. Geralmente \u00e9 abreviado como d\u00f3lar ($), mas existem diversas varia\u00e7\u00f5es de atribui\u00e7\u00e3o: A$, $A, [&hellip;]<\/p>\n","protected":false},"author":1,"featured_media":0,"parent":0,"menu_order":9,"comment_status":"open","ping_status":"closed","template":"","meta":{"om_disable_all_campaigns":false,"_monsterinsights_skip_tracking":false,"_monsterinsights_sitenote_active":false,"_monsterinsights_sitenote_note":"","_monsterinsights_sitenote_category":0,"footnotes":""},"acf":[],"aioseo_notices":[],"_links":{"self":[{"href":"https:\/\/hottopcasino.com\/pt-br\/wp-json\/wp\/v2\/pages\/11178"}],"collection":[{"href":"https:\/\/hottopcasino.com\/pt-br\/wp-json\/wp\/v2\/pages"}],"about":[{"href":"https:\/\/hottopcasino.com\/pt-br\/wp-json\/wp\/v2\/types\/page"}],"author":[{"embeddable":true,"href":"https:\/\/hottopcasino.com\/pt-br\/wp-json\/wp\/v2\/users\/1"}],"replies":[{"embeddable":true,"href":"https:\/\/hottopcasino.com\/pt-br\/wp-json\/wp\/v2\/comments?post=11178"}],"version-history":[{"count":3,"href":"https:\/\/hottopcasino.com\/pt-br\/wp-json\/wp\/v2\/pages\/11178\/revisions"}],"predecessor-version":[{"id":11182,"href":"https:\/\/hottopcasino.com\/pt-br\/wp-json\/wp\/v2\/pages\/11178\/revisions\/11182"}],"wp:attachment":[{"href":"https:\/\/hottopcasino.com\/pt-br\/wp-json\/wp\/v2\/media?parent=11178"}],"curies":[{"name":"wp","href":"https:\/\/api.w.org\/{rel}","templated":true}]}}