	{"id":11246,"date":"2020-04-23T19:27:29","date_gmt":"2020-04-23T08:27:29","guid":{"rendered":"https:\/\/hottopcasino.com\/contact-us\/"},"modified":"2023-10-19T20:17:33","modified_gmt":"2023-10-19T09:17:33","slug":"contact-us","status":"publish","type":"page","link":"https:\/\/hottopcasino.com\/pt-br\/contact-us\/","title":{"rendered":"Contatos"},"content":{"rendered":"<p>Voc\u00ea pode fazer suas perguntas para continuar. Estamos aqui para ajudar.<\/p>\n<p>Contate-nos pelo correio eletr\u00f4nico: <strong>marketing@hottopcasino.com<\/strong><br \/>\nSkype: <strong>Igor aff_Hot Top<\/strong><\/p>\n<p>DIRE\u00c7\u00c3O:<br \/>\n<strong>Sidney, Nueva Gales del Sur, Austr\u00e1lia<\/strong><\/p>\n","protected":false},"excerpt":{"rendered":"<p>Voc\u00ea pode fazer suas perguntas para continuar. Estamos aqui para ajudar. Contate-nos pelo correio eletr\u00f4nico: marketing@hottopcasino.com Skype: Igor aff_Hot Top DIRE\u00c7\u00c3O: Sidney, Nueva Gales del Sur, Austr\u00e1lia<\/p>\n","protected":false},"author":1,"featured_media":0,"parent":0,"menu_order":0,"comment_status":"closed","ping_status":"closed","template":"","meta":{"om_disable_all_campaigns":false,"_monsterinsights_skip_tracking":false,"_monsterinsights_sitenote_active":false,"_monsterinsights_sitenote_note":"","_monsterinsights_sitenote_category":0,"footnotes":""},"acf":[],"aioseo_notices":[],"_links":{"self":[{"href":"https:\/\/hottopcasino.com\/pt-br\/wp-json\/wp\/v2\/pages\/11246"}],"collection":[{"href":"https:\/\/hottopcasino.com\/pt-br\/wp-json\/wp\/v2\/pages"}],"about":[{"href":"https:\/\/hottopcasino.com\/pt-br\/wp-json\/wp\/v2\/types\/page"}],"author":[{"embeddable":true,"href":"https:\/\/hottopcasino.com\/pt-br\/wp-json\/wp\/v2\/users\/1"}],"replies":[{"embeddable":true,"href":"https:\/\/hottopcasino.com\/pt-br\/wp-json\/wp\/v2\/comments?post=11246"}],"version-history":[{"count":1,"href":"https:\/\/hottopcasino.com\/pt-br\/wp-json\/wp\/v2\/pages\/11246\/revisions"}],"predecessor-version":[{"id":11247,"href":"https:\/\/hottopcasino.com\/pt-br\/wp-json\/wp\/v2\/pages\/11246\/revisions\/11247"}],"wp:attachment":[{"href":"https:\/\/hottopcasino.com\/pt-br\/wp-json\/wp\/v2\/media?parent=11246"}],"curies":[{"name":"wp","href":"https:\/\/api.w.org\/{rel}","templated":true}]}}