	{"id":12883,"date":"2023-01-28T00:04:54","date_gmt":"2023-01-27T13:04:54","guid":{"rendered":"https:\/\/hottopcasino.com\/mastercard\/"},"modified":"2024-09-25T00:08:52","modified_gmt":"2024-09-24T13:08:52","slug":"mastercard","status":"publish","type":"page","link":"https:\/\/hottopcasino.com\/pt-br\/mastercard\/","title":{"rendered":"MasterCard"},"content":{"rendered":"\t\t<div data-elementor-type=\"wp-page\" data-elementor-id=\"12883\" class=\"elementor elementor-12883 elementor-2341\">\n\t\t\t\t\t\t\t\t\t<section class=\"elementor-section elementor-top-section elementor-element elementor-element-68f35f0c elementor-section-boxed elementor-section-height-default elementor-section-height-default\" data-id=\"68f35f0c\" data-element_type=\"section\">\n\t\t\t\t\t\t<div class=\"elementor-container elementor-column-gap-default\">\n\t\t\t\t\t<div class=\"elementor-column elementor-col-100 elementor-top-column elementor-element elementor-element-6e3af50d\" data-id=\"6e3af50d\" data-element_type=\"column\">\n\t\t\t<div class=\"elementor-widget-wrap elementor-element-populated\">\n\t\t\t\t\t\t\t\t<div class=\"elementor-element elementor-element-78343412 elementor-widget elementor-widget-text-editor\" data-id=\"78343412\" data-element_type=\"widget\" data-widget_type=\"text-editor.default\">\n\t\t\t\t<div class=\"elementor-widget-container\">\n\t\t\t<style>\/*! elementor - v3.10.1 - 17-01-2023 *\/\n.elementor-widget-text-editor.elementor-drop-cap-view-stacked .elementor-drop-cap{background-color:#818a91;color:#fff}.elementor-widget-text-editor.elementor-drop-cap-view-framed .elementor-drop-cap{color:#818a91;border:3px solid;background-color:transparent}.elementor-widget-text-editor:not(.elementor-drop-cap-view-default) .elementor-drop-cap{margin-top:8px}.elementor-widget-text-editor:not(.elementor-drop-cap-view-default) .elementor-drop-cap-letter{width:1em;height:1em}.elementor-widget-text-editor .elementor-drop-cap{float:left;text-align:center;line-height:1;font-size:50px}.elementor-widget-text-editor .elementor-drop-cap-letter{display:inline-block}<\/style>\t\t\t\t<p><span style=\"color: #000000;\">MasterCard International \u00e9 o maior sistema de pagamentos banc\u00e1rios que re\u00fane <b>22.000<\/b> institui\u00e7\u00f5es financeiras de <b>210 pa\u00edses<\/b>. As atividades da empresa visam a presta\u00e7\u00e3o de servi\u00e7os a pessoas f\u00edsicas e jur\u00eddicas, gerenciando programas de emiss\u00e3o de cart\u00f5es emitidos nas bandeiras MasterCard, Cirrus, Maestro.<\/span><\/p><h2><strong><span style=\"color: #000000;\">Hist\u00f3rico do MasterCard<\/span><\/strong><\/h2><p><img decoding=\"async\" class=\"tamanho completo wp-image-3294 alignnone\" src=\"https:\/\/hottopcasino.com\/wp-content\/uploads\/2023\/02\/mastercard-svg.png\" alt=\"Mastercard\" width=\" 180\" srcset=\"https:\/\/hottopcasino.com\/wp-content\/uploads\/2023\/02\/mastercard-svg.png 180w, https:\/\/hottopcasino.com\/wp-content\/uploads\/2023\/02\/mastercard-svg-150x150.png 150w, https:\/\/hottopcasino.com\/wp-content\/uploads\/2023\/02\/mastercard-svg-30x30.png 30w, https:\/\/hottopcasino.com\/wp-content\/uploads\/2023\/02\/mastercard-svg-40x40.png 40w, https:\/\/hottopcasino.com\/wp-content\/uploads\/2023\/02\/mastercard-svg-65x65.png 65w\" sizes=\"(max-width: 180px) 100vw, 180px\" \/><\/p><p><span style=\"color: #000000;\">A hist\u00f3ria deste poderoso <b>sistema de pagamento come\u00e7ou em 1966<\/b>. V\u00e1rios bancos americanos assinaram um acordo para criar uma poderosa Associa\u00e7\u00e3o Interbanc\u00e1ria de Cart\u00f5es.<\/span><span style=\"color: #000000;\">Dois anos depois,<\/span><span style=\"color: #000000;\"> A empresa iniciou uma colabora\u00e7\u00e3o de sucesso com o sistema Eurocard. Em 1979, o nome MasterCard foi aprovado.<\/span><span style=\"color: #000000;\">Um ano depois, estabeleceu-se firmemente como uma das posi\u00e7\u00f5es de lideran\u00e7a no mundo.<\/span><\/p><p><span style=\"color: #000000;\">Em 2002, a empresa foi reorganizada em uma sociedade por a\u00e7\u00f5es e a holding <b>MasterCard <\/b>Incorporated tornou-se um s\u00e9rio oponente da Visa.<\/span><span style=\"color: #000000;\">Em 2006, foi feita uma oferta p\u00fablica inicial na Bolsa de Valores de Nova York. Depois disso, o sistema foi finalmente reconhecido como um dos mais eficazes e confi\u00e1veis.<\/span><span style=\"color: #000000;\">A empresa agora lida com mais de <b>23 bilh\u00f5es de transa\u00e7\u00f5es por ano .<\/b><\/span><\/p><h2><strong><span style=\"color: #000000;\">Desenvolvimento em MasterCard<\/span><\/strong><\/h2><p><span style=\"color: #000000;\">A empresa melhora seus resultados financeiros a cada ano tendo demonstrado um crescimento est\u00e1vel e seguro. No final de 2011, o lucro l\u00edquido aumentou 20,2% e atingiu 1,7 mil milh\u00f5es de d\u00f3lares. Um ano depois, a empresa obteve um lucro l\u00edquido de US$ 2,4 bilh\u00f5es. Este resultado \u00e9 significativamente superior ao obtido pela empresa em <b>2010: 1,8 bilh\u00e3o de d\u00f3lares<\/b>. A MasterCard alcan\u00e7ou resultados excelentes n\u00e3o apenas devido \u00e0 emiss\u00e3o intensiva de cart\u00f5es e ao desenvolvimento do mercado, mas tamb\u00e9m devido \u00e0 introdu\u00e7\u00e3o de novas tecnologias.<\/span><\/p><p><span style=\"color: #000000;\">O lucro por a\u00e7\u00e3o tamb\u00e9m aumentou significativamente, at\u00e9 US$ 18,7 por a\u00e7\u00e3o. A receita total da empresa supera o mesmo indicador do ano anterior em 21,2%, atingindo 6,7 bilh\u00f5es. Dado o intenso aumento da popularidade do sistema de pagamentos, todos os indicadores aumentar\u00e3o rapidamente nos per\u00edodos seguintes. O volume de transa\u00e7\u00f5es processadas tamb\u00e9m aumentou significativamente: 18,3%. Os volumes aumentaram 16,1% em moeda local.<\/span><\/p><p><span style=\"color: #000000;\">Agora o sistema MasterCard representa mais de 25% de todos os cart\u00f5es banc\u00e1rios do mundo. Muitas institui\u00e7\u00f5es financeiras tamb\u00e9m est\u00e3o interessadas em utilizar ativamente todos os benef\u00edcios do MasterCard.<\/span><\/p><h2><strong><span style=\"color: #000000;\">Pagamentos eletr\u00f4nicos<\/span><\/strong><\/h2><p><span style=\"color: #000000;\">Todos os sistemas de pagamento eletr\u00f4nico ampliam o alcance de clientes em potencial ao introduzir as tecnologias mais recentes. MasterCard n\u00e3o \u00e9 exce\u00e7\u00e3o. A fiabilidade e efici\u00eancia no processamento de pagamentos \u00e9 uma prioridade da atividade da empresa.<\/span><\/p><p><span style=\"color: #000000;\"> A estabilidade excepcional do sistema inspira a confian\u00e7a merecida em muitos parceiros potenciais. Em 2011, o volume de pagamentos online feitos com cart\u00f5es banc\u00e1rios MasterCard aumentou quase um quarto.<\/span><span style=\"color: #000000;\">Al\u00e9m disso, o n\u00famero de pessoas que usam cart\u00f5es para pagar online aumentou aumentou. aumentou significativamente.<\/span><\/p>\t\t\t\t\t\t<\/div>\n\t\t\t\t<\/div>\n\t\t\t\t<div class=\"elementor-element elementor-element-a0b6017 elementor-widget elementor-widget-accordion\" data-id=\"a0b6017\" data-element_type=\"widget\" data-widget_type=\"accordion.default\">\n\t\t\t\t<div class=\"elementor-widget-container\">\n\t\t\t<style>\/*! elementor - v3.10.1 - 17-01-2023 *\/\n.elementor-accordion{text-align:left}.elementor-accordion .elementor-accordion-item{border:1px solid #d4d4d4}.elementor-accordion .elementor-accordion-item+.elementor-accordion-item{border-top:none}.elementor-accordion .elementor-tab-title{margin:0;padding:15px 20px;font-weight:700;line-height:1;cursor:pointer;outline:none}.elementor-accordion .elementor-tab-title .elementor-accordion-icon{display:inline-block;width:1.5em}.elementor-accordion .elementor-tab-title .elementor-accordion-icon svg{width:1em;height:1em}.elementor-accordion .elementor-tab-title .elementor-accordion-icon.elementor-accordion-icon-right{float:right;text-align:right}.elementor-accordion .elementor-tab-title .elementor-accordion-icon.elementor-accordion-icon-left{float:left;text-align:left}.elementor-accordion .elementor-tab-title .elementor-accordion-icon .elementor-accordion-icon-closed{display:block}.elementor-accordion .elementor-tab-title .elementor-accordion-icon .elementor-accordion-icon-opened,.elementor-accordion .elementor-tab-title.elementor-active .elementor-accordion-icon-closed{display:none}.elementor-accordion .elementor-tab-title.elementor-active .elementor-accordion-icon-opened{display:block}.elementor-accordion .elementor-tab-content{display:none;padding:15px 20px;border-top:1px solid #d4d4d4}@media (max-width:767px){.elementor-accordion .elementor-tab-title{padding:12px 15px}.elementor-accordion .elementor-tab-title .elementor-accordion-icon{width:1.2em}.elementor-accordion .elementor-tab-content{padding:7px 15px}}.e-con-inner>.elementor-widget-accordion,.e-con>.elementor-widget-accordion{width:var(--container-widget-width);--flex-grow:var(--container-widget-flex-grow)}<\/style>\t\t<div class=\"elementor-accordion\" role=\"tablist\">\n\t\t\t\t\t\t\t<div class=\"elementor-accordion-item\">\n\t\t\t\t\t<div id=\"elementor-tab-title-1681\" class=\"elementor-tab-title\" data-tab=\"1\" role=\"tab\" aria-controls=\"elementor-tab-content-1681\" aria-expanded=\"false\">\n\t\t\t\t\t\t\t\t\t\t\t\t\t<span class=\"elementor-accordion-icon elementor-accordion-icon-left\" aria-hidden=\"true\">\n\t\t\t\t\t\t\t\t\t\t\t\t\t\t\t<span class=\"elementor-accordion-icon-closed\"><i class=\"fas fa-plus\"><\/i><\/span>\n\t\t\t\t\t\t\t\t<span class=\"elementor-accordion-icon-opened\"><i class=\"fas fa-minus\"><\/i><\/span>\n\t\t\t\t\t\t\t\t\t\t\t\t\t\t<\/span>\n\t\t\t\t\t\t\t\t\t\t\t\t<a class=\"elementor-accordion-title\" href=\"\">Perspectivas de desenvolvimento do setor comercial virtual<\/a>\n\t\t\t\t\t<\/div>\n\t\t\t\t\t<div id=\"elementor-tab-content-1681\" class=\"elementor-tab-content elementor-clearfix\" data-tab=\"1\" role=\"tabpanel\" aria-labelledby=\"elementor-tab-title-1681\"><p>Portanto, junto com as transa\u00e7\u00f5es financeiras reais em caixas eletr\u00f4nicos e pontos de venda, os pagamentos eletr\u00f4nicos s\u00e3o rapidamente introduzidos. Hoje, muitas empresas possuem sites focados exclusivamente na venda de bens e servi\u00e7os online. Os propriet\u00e1rios desses recursos apreciaram a conveni\u00eancia de aceitar pagamentos com cart\u00e3o em seus sites. A seguran\u00e7a e comodidade do sistema de pagamento online estimulam o aumento da audi\u00eancia de potenciais clientes. Hoje os clientes da empresa s\u00e3o mais de 200 mil bancos e in\u00fameras empresas ao redor do mundo. O \u00fanico concorrente s\u00e9rio da MasterCard neste campo continua sendo apenas a Visa.<\/p><\/div>\n\t\t\t\t<\/div>\n\t\t\t\t\t\t\t<div class=\"elementor-accordion-item\">\n\t\t\t\t\t<div id=\"elementor-tab-title-1682\" class=\"elementor-tab-title\" data-tab=\"2\" role=\"tab\" aria-controls=\"elementor-tab-content-1682\" aria-expanded=\"false\">\n\t\t\t\t\t\t\t\t\t\t\t\t\t<span class=\"elementor-accordion-icon elementor-accordion-icon-left\" aria-hidden=\"true\">\n\t\t\t\t\t\t\t\t\t\t\t\t\t\t\t<span class=\"elementor-accordion-icon-closed\"><i class=\"fas fa-plus\"><\/i><\/span>\n\t\t\t\t\t\t\t\t<span class=\"elementor-accordion-icon-opened\"><i class=\"fas fa-minus\"><\/i><\/span>\n\t\t\t\t\t\t\t\t\t\t\t\t\t\t<\/span>\n\t\t\t\t\t\t\t\t\t\t\t\t<a class=\"elementor-accordion-title\" href=\"\">MasterCard desenvolve ativamente sua gama de servi\u00e7os<\/a>\n\t\t\t\t\t<\/div>\n\t\t\t\t\t<div id=\"elementor-tab-content-1682\" class=\"elementor-tab-content elementor-clearfix\" data-tab=\"2\" role=\"tabpanel\" aria-labelledby=\"elementor-tab-title-1682\"><p>Num futuro pr\u00f3ximo, a administra\u00e7\u00e3o promete dar vida ao projeto PayPass Wallet. O servi\u00e7o Outlook destina-se a ser utilizado como carteira eletr\u00f3nica. Inicialmente, est\u00e1 previsto testar a efic\u00e1cia e comodidade da funcionalidade deste recurso em apenas quatro pa\u00edses: Estados Unidos, Canad\u00e1, Austr\u00e1lia e Gr\u00e3-Bretanha.<\/p><p>Em seguida, uma carteira eletr\u00f4nica MasterCard estar\u00e1 dispon\u00edvel para residentes de outros pa\u00edses. Apesar de a Carteira PayPass ainda n\u00e3o estar dispon\u00edvel, muitos propriet\u00e1rios de recursos da Internet j\u00e1 anunciaram a inten\u00e7\u00e3o de conectar o pagamento ao site atrav\u00e9s desta carteira eletr\u00f4nica.<\/p><\/div>\n\t\t\t\t<\/div>\n\t\t\t\t\t\t\t<div class=\"elementor-accordion-item\">\n\t\t\t\t\t<div id=\"elementor-tab-title-1683\" class=\"elementor-tab-title\" data-tab=\"3\" role=\"tab\" aria-controls=\"elementor-tab-content-1683\" aria-expanded=\"false\">\n\t\t\t\t\t\t\t\t\t\t\t\t\t<span class=\"elementor-accordion-icon elementor-accordion-icon-left\" aria-hidden=\"true\">\n\t\t\t\t\t\t\t\t\t\t\t\t\t\t\t<span class=\"elementor-accordion-icon-closed\"><i class=\"fas fa-plus\"><\/i><\/span>\n\t\t\t\t\t\t\t\t<span class=\"elementor-accordion-icon-opened\"><i class=\"fas fa-minus\"><\/i><\/span>\n\t\t\t\t\t\t\t\t\t\t\t\t\t\t<\/span>\n\t\t\t\t\t\t\t\t\t\t\t\t<a class=\"elementor-accordion-title\" href=\"\">Pagamentos Online Austr\u00e1lia<\/a>\n\t\t\t\t\t<\/div>\n\t\t\t\t\t<div id=\"elementor-tab-content-1683\" class=\"elementor-tab-content elementor-clearfix\" data-tab=\"3\" role=\"tabpanel\" aria-labelledby=\"elementor-tab-title-1683\"><p>A MasterCard acompanha de perto todas as tend\u00eancias do mercado australiano de pagamentos online. Os especialistas em sistemas de pagamento procuram novas formas de expandir as suas atividades e aumentar a cobertura do p\u00fablico. Portanto, este sistema de pagamento \u00e9 um dos sistemas mais populares na Austr\u00e1lia.<\/p><\/div>\n\t\t\t\t<\/div>\n\t\t\t\t\t\t\t\t<\/div>\n\t\t\t\t<\/div>\n\t\t\t\t<\/div>\n\t\t\t\t\t<\/div>\n\t\t<\/div>\n\t\t\t\t\t\t\t<\/div>\n\t\t<\/section>\n\t\t\t\t<section class=\"elementor-section elementor-top-section elementor-element elementor-element-31ae8cc elementor-section-content-middle elementor-section-boxed elementor-section-height-default elementor-section-height-default\" data-id=\"31ae8cc\" data-element_type=\"section\">\n\t\t\t\t\t\t<div class=\"elementor-container elementor-column-gap-no\">\n\t\t\t\t\t<div class=\"elementor-column elementor-col-100 elementor-top-column elementor-element elementor-element-35950757\" data-id=\"35950757\" data-element_type=\"column\">\n\t\t\t<div class=\"elementor-widget-wrap elementor-element-populated\">\n\t\t\t\t\t\t\t\t<div class=\"elementor-element elementor-element-6b9f494 elementor-widget elementor-widget-heading\" data-id=\"6b9f494\" data-element_type=\"widget\" data-widget_type=\"heading.default\">\n\t\t\t\t<div class=\"elementor-widget-container\">\n\t\t\t<style>\/*! elementor - v3.10.1 - 17-01-2023 *\/\n.elementor-heading-title{padding:0;margin:0;line-height:1}.elementor-widget-heading .elementor-heading-title[class*=elementor-size-]>a{color:inherit;font-size:inherit;line-height:inherit}.elementor-widget-heading .elementor-heading-title.elementor-size-small{font-size:15px}.elementor-widget-heading .elementor-heading-title.elementor-size-medium{font-size:19px}.elementor-widget-heading .elementor-heading-title.elementor-size-large{font-size:29px}.elementor-widget-heading .elementor-heading-title.elementor-size-xl{font-size:39px}.elementor-widget-heading .elementor-heading-title.elementor-size-xxl{font-size:59px}<\/style><h2 class=\"elementor-heading-title elementor-size-default\">Mastercard de cassino<\/h2>\t\t<\/div>\n\t\t\t\t<\/div>\n\t\t\t\t<section class=\"elementor-section elementor-inner-section elementor-element elementor-element-35f8649f elementor-section-boxed elementor-section-height-default elementor-section-height-default\" data-id=\"35f8649f\" data-element_type=\"section\">\n\t\t\t\t\t\t<div class=\"elementor-container elementor-column-gap-default\">\n\t\t\t\t\t<div class=\"elementor-column elementor-col-33 elementor-inner-column elementor-element elementor-element-510f7f51\" data-id=\"510f7f51\" data-element_type=\"column\" data-settings=\"{&quot;background_background&quot;:&quot;classic&quot;}\">\n\t\t\t<div class=\"elementor-widget-wrap elementor-element-populated\">\n\t\t\t\t\t\t\t\t<div class=\"elementor-element elementor-element-42560f46 elementor-widget elementor-widget-image\" data-id=\"42560f46\" data-element_type=\"widget\" data-widget_type=\"image.default\">\n\t\t\t\t<div class=\"elementor-widget-container\">\n\t\t\t<style>\/*! elementor - v3.10.1 - 17-01-2023 *\/\n.elementor-widget-image{text-align:center}.elementor-widget-image a{display:inline-block}.elementor-widget-image a img[src$=\".svg\"]{width:48px}.elementor-widget-image img{vertical-align:middle;display:inline-block}<\/style>\t\t\t\t\t\t\t\t\t\t\t\t<img decoding=\"async\" loading=\"lazy\" width=\"65\" height=\"65\" src=\"https:\/\/hottopcasino.com\/wp-content\/uploads\/2022\/05\/ampm_casino_logo_65.jpg\" class=\"elementor-animation-grow attachment-large size-large wp-image-7872\" alt=\"\" srcset=\"https:\/\/hottopcasino.com\/wp-content\/uploads\/2022\/05\/ampm_casino_logo_65.jpg 65w, https:\/\/hottopcasino.com\/wp-content\/uploads\/2022\/05\/ampm_casino_logo_65-30x30.jpg 30w, https:\/\/hottopcasino.com\/wp-content\/uploads\/2022\/05\/ampm_casino_logo_65-40x40.jpg 40w\" sizes=\"(max-width: 65px) 100vw, 65px\" \/>\t\t\t\t\t\t\t\t\t\t\t\t\t\t\t<\/div>\n\t\t\t\t<\/div>\n\t\t\t\t<div class=\"elementor-element elementor-element-ec96f8c elementor-widget__width-initial elementor-widget elementor-widget-text-editor\" data-id=\"ec96f8c\" data-element_type=\"widget\" data-widget_type=\"text-editor.default\">\n\t\t\t\t<div class=\"elementor-widget-container\">\n\t\t\t\t\t\t\t<p><span style=\"color: #ffffff;\">1500\u20ac e at\u00e9 150 rodadas gr\u00e1tis<\/span><\/p><p><span style=\"color: #ffffff;\"><a href=\"https:\/\/hottopcasino.com\/pt-br\/online-casinos\/ampm-casino\/\">Play<\/a><\/span><\/p>\t\t\t\t\t\t<\/div>\n\t\t\t\t<\/div>\n\t\t\t\t\t<\/div>\n\t\t<\/div>\n\t\t\t\t<div class=\"elementor-column elementor-col-33 elementor-inner-column elementor-element elementor-element-4ee3ce8b\" data-id=\"4ee3ce8b\" data-element_type=\"column\" data-settings=\"{&quot;background_background&quot;:&quot;classic&quot;}\">\n\t\t\t<div class=\"elementor-widget-wrap elementor-element-populated\">\n\t\t\t\t\t\t\t\t<div class=\"elementor-element elementor-element-4226b5e7 elementor-widget elementor-widget-image\" data-id=\"4226b5e7\" data-element_type=\"widget\" data-widget_type=\"image.default\">\n\t\t\t\t<div class=\"elementor-widget-container\">\n\t\t\t\t\t\t\t\t\t\t\t\t\t\t\t<img decoding=\"async\" loading=\"lazy\" width=\"85\" height=\"85\" src=\"https:\/\/hottopcasino.com\/wp-content\/uploads\/2023\/08\/Mega_Online_Casino_Logo_Bigger-1-1-1-svg.png\" class=\"elementor-animation-grow attachment-large size-large wp-image-10488\" alt=\"\" srcset=\"https:\/\/hottopcasino.com\/wp-content\/uploads\/2023\/08\/Mega_Online_Casino_Logo_Bigger-1-1-1-svg.png 85w, https:\/\/hottopcasino.com\/wp-content\/uploads\/2023\/08\/Mega_Online_Casino_Logo_Bigger-1-1-1-svg-30x30.png 30w, https:\/\/hottopcasino.com\/wp-content\/uploads\/2023\/08\/Mega_Online_Casino_Logo_Bigger-1-1-1-svg-40x40.png 40w, https:\/\/hottopcasino.com\/wp-content\/uploads\/2023\/08\/Mega_Online_Casino_Logo_Bigger-1-1-1-svg-65x65.png 65w\" sizes=\"(max-width: 85px) 100vw, 85px\" \/>\t\t\t\t\t\t\t\t\t\t\t\t\t\t\t<\/div>\n\t\t\t\t<\/div>\n\t\t\t\t<div class=\"elementor-element elementor-element-3898ab1 elementor-widget elementor-widget-text-editor\" data-id=\"3898ab1\" data-element_type=\"widget\" data-widget_type=\"text-editor.default\">\n\t\t\t\t<div class=\"elementor-widget-container\">\n\t\t\t\t\t\t\t<p style=\"text-align: center;\"><span style=\"color: #ffffff;\">100% at\u00e9 $300 + 20 rodadas gr\u00e1tisgratis<\/span><\/p><p style=\"text-align: center;\"><span style=\"color: #ffffff;\"><a href=\"https:\/\/hottopcasino.com\/pt-br\/online-casinos\/mega-casino\/\">Play<\/a><\/span><\/p>\t\t\t\t\t\t<\/div>\n\t\t\t\t<\/div>\n\t\t\t\t\t<\/div>\n\t\t<\/div>\n\t\t\t\t<div class=\"elementor-column elementor-col-33 elementor-inner-column elementor-element elementor-element-be99f20\" data-id=\"be99f20\" data-element_type=\"column\" data-settings=\"{&quot;background_background&quot;:&quot;classic&quot;}\">\n\t\t\t<div class=\"elementor-widget-wrap elementor-element-populated\">\n\t\t\t\t\t\t\t\t<div class=\"elementor-element elementor-element-30a10851 elementor-widget elementor-widget-image\" data-id=\"30a10851\" data-element_type=\"widget\" data-widget_type=\"image.default\">\n\t\t\t\t<div class=\"elementor-widget-container\">\n\t\t\t\t\t\t\t\t\t\t\t\t\t\t\t<img decoding=\"async\" loading=\"lazy\" width=\"75\" height=\"75\" src=\"https:\/\/hottopcasino.com\/wp-content\/uploads\/2023\/07\/Jupi_Online_Casino_Logo-svg-4.svg\" class=\"elementor-animation-grow attachment-large size-large wp-image-10086\" alt=\"\" \/>\t\t\t\t\t\t\t\t\t\t\t\t\t\t\t<\/div>\n\t\t\t\t<\/div>\n\t\t\t\t<div class=\"elementor-element elementor-element-bec2896 elementor-widget elementor-widget-text-editor\" data-id=\"bec2896\" data-element_type=\"widget\" data-widget_type=\"text-editor.default\">\n\t\t\t\t<div class=\"elementor-widget-container\">\n\t\t\t\t\t\t\t<p style=\"text-align: center;\"><span style=\"color: #ffffff;\">B\u00f4nus de 120% at\u00e9 \u20ac600<\/span><\/p><p style=\"text-align: center;\"><span style=\"color: #ffffff;\"><a href=\"https:\/\/hottopcasino.com\/pt-br\/online-casinos\/jupi-casino\/\">Play<\/a><\/span><\/p>\t\t\t\t\t\t<\/div>\n\t\t\t\t<\/div>\n\t\t\t\t\t<\/div>\n\t\t<\/div>\n\t\t\t\t\t\t\t<\/div>\n\t\t<\/section>\n\t\t\t\t\t<\/div>\n\t\t<\/div>\n\t\t\t\t\t\t\t<\/div>\n\t\t<\/section>\n\t\t\t\t\t\t\t<\/div>\n\t\t","protected":false},"excerpt":{"rendered":"<p>MasterCard International \u00e9 o maior sistema de pagamentos banc\u00e1rios que re\u00fane 22.000 institui\u00e7\u00f5es financeiras de 210 pa\u00edses. As atividades da empresa visam a presta\u00e7\u00e3o de servi\u00e7os a pessoas f\u00edsicas e jur\u00eddicas, gerenciando programas de emiss\u00e3o de cart\u00f5es emitidos nas bandeiras MasterCard, Cirrus, Maestro. Hist\u00f3rico do MasterCard A hist\u00f3ria deste poderoso sistema de pagamento come\u00e7ou em [&hellip;]<\/p>\n","protected":false},"author":1,"featured_media":0,"parent":0,"menu_order":0,"comment_status":"closed","ping_status":"closed","template":"","meta":{"om_disable_all_campaigns":false,"_monsterinsights_skip_tracking":false,"_monsterinsights_sitenote_active":false,"_monsterinsights_sitenote_note":"","_monsterinsights_sitenote_category":0,"footnotes":""},"acf":[],"aioseo_notices":[],"_links":{"self":[{"href":"https:\/\/hottopcasino.com\/pt-br\/wp-json\/wp\/v2\/pages\/12883"}],"collection":[{"href":"https:\/\/hottopcasino.com\/pt-br\/wp-json\/wp\/v2\/pages"}],"about":[{"href":"https:\/\/hottopcasino.com\/pt-br\/wp-json\/wp\/v2\/types\/page"}],"author":[{"embeddable":true,"href":"https:\/\/hottopcasino.com\/pt-br\/wp-json\/wp\/v2\/users\/1"}],"replies":[{"embeddable":true,"href":"https:\/\/hottopcasino.com\/pt-br\/wp-json\/wp\/v2\/comments?post=12883"}],"version-history":[{"count":4,"href":"https:\/\/hottopcasino.com\/pt-br\/wp-json\/wp\/v2\/pages\/12883\/revisions"}],"predecessor-version":[{"id":16524,"href":"https:\/\/hottopcasino.com\/pt-br\/wp-json\/wp\/v2\/pages\/12883\/revisions\/16524"}],"wp:attachment":[{"href":"https:\/\/hottopcasino.com\/pt-br\/wp-json\/wp\/v2\/media?parent=12883"}],"curies":[{"name":"wp","href":"https:\/\/api.w.org\/{rel}","templated":true}]}}