	{"id":12904,"date":"2023-08-29T00:14:32","date_gmt":"2023-08-28T13:14:32","guid":{"rendered":"https:\/\/hottopcasino.com\/mifinity\/"},"modified":"2024-09-25T00:09:43","modified_gmt":"2024-09-24T13:09:43","slug":"mifinity","status":"publish","type":"page","link":"https:\/\/hottopcasino.com\/pt-br\/mifinity\/","title":{"rendered":"MiFinity"},"content":{"rendered":"\t\t<div data-elementor-type=\"wp-page\" data-elementor-id=\"12904\" class=\"elementor elementor-12904 elementor-6572\">\n\t\t\t\t\t\t\t\t\t<section class=\"elementor-section elementor-top-section elementor-element elementor-element-5b3d4312 elementor-section-boxed elementor-section-height-default elementor-section-height-default\" data-id=\"5b3d4312\" data-element_type=\"section\">\n\t\t\t\t\t\t<div class=\"elementor-container elementor-column-gap-default\">\n\t\t\t\t\t<div class=\"elementor-column elementor-col-100 elementor-top-column elementor-element elementor-element-3848d053\" data-id=\"3848d053\" data-element_type=\"column\">\n\t\t\t<div class=\"elementor-widget-wrap elementor-element-populated\">\n\t\t\t\t\t\t\t\t<div class=\"elementor-element elementor-element-66375409 elementor-widget elementor-widget-text-editor\" data-id=\"66375409\" data-element_type=\"widget\" data-widget_type=\"text-editor.default\">\n\t\t\t\t<div class=\"elementor-widget-container\">\n\t\t\t<style>\/*! elementor - v3.10.1 - 17-01-2023 *\/\n.elementor-widget-text-editor.elementor-drop-cap-view-stacked .elementor-drop-cap{background-color:#818a91;color:#fff}.elementor-widget-text-editor.elementor-drop-cap-view-framed .elementor-drop-cap{color:#818a91;border:3px solid;background-color:transparent}.elementor-widget-text-editor:not(.elementor-drop-cap-view-default) .elementor-drop-cap{margin-top:8px}.elementor-widget-text-editor:not(.elementor-drop-cap-view-default) .elementor-drop-cap-letter{width:1em;height:1em}.elementor-widget-text-editor .elementor-drop-cap{float:left;text-align:center;line-height:1;font-size:50px}.elementor-widget-text-editor .elementor-drop-cap-letter{display:inline-block}<\/style>\t\t\t\tNo cen\u00e1rio em constante evolu\u00e7\u00e3o dos casinos online e dos pagamentos digitais, o MiFinity surge como uma solu\u00e7\u00e3o din\u00e2mica e segura que acrescenta uma camada de conveni\u00eancia e efici\u00eancia \u00e0 sua experi\u00eancia de jogo. Desde transa\u00e7\u00f5es perfeitas at\u00e9 recursos de seguran\u00e7a aprimorados, o MiFinity se estabeleceu como um m\u00e9todo de pagamento preferido entre os entusiastas de cassinos.\n\n<img decoding=\"async\" class=\"alignnone size-full wp-image-1935\" src=\"https:\/\/hottopcasino.com\/wp-content\/uploads\/2022\/06\/mifinity-2.png\" alt=\"mifinity\" width=\" 180\" altura=\"180\" srcset=\"https:\/\/hottopcasino.com\/wp-content\/uploads\/2022\/06\/mifinity-2.png 180w, https:\/\/hottopcasino.com\/wp-content\/uploads\/2022\/06\/mifinity-2-150x150.png 150w, https:\/\/hottopcasino.com\/wp-content\/uploads\/2022\/06\/mifinity-2-30x30.png 30w, https:\/\/hottopcasino.com\/wp-content\/uploads\/2022\/06\/mifinity-2-40x40.png 40w, https:\/\/hottopcasino.com\/wp-content\/uploads\/2022\/06\/mifinity-2-65x65.png 65w\" sizes=\"(max-width: 180px) 100vw, 180px\" \/>\n<h2><strong>Revolucionando as transa\u00e7\u00f5es on-line: as vantagens do MiFinity<\/strong><\/h2>\n<ol>\n  <li><strong>Transa\u00e7\u00f5es r\u00e1pidas e cont\u00ednuas:<\/strong> MiFinity prioriza seu tempo e emo\u00e7\u00e3o de jogo, oferecendo transa\u00e7\u00f5es r\u00e1pidas e descomplicadas. Diga adeus aos longos tempos de espera e receba dep\u00f3sitos e saques instant\u00e2neos que o mant\u00eam na a\u00e7\u00e3o do jogo.<\/li>\n  <li><strong>Acessibilidade global:<\/strong> esteja voc\u00ea jogando em seu cassino local favorito ou explorando plataformas internacionais, a presen\u00e7a global da MiFinity garante que voc\u00ea possa desfrutar de jogos ininterruptos al\u00e9m-fronteiras, sem as complexidades da convers\u00e3o de moeda.<\/li >\n  <li><strong>Medidas de seguran\u00e7a aprimoradas:<\/strong> A seguran\u00e7a \u00e9 fundamental na era digital. MiFinity emprega protocolos de seguran\u00e7a de \u00faltima gera\u00e7\u00e3o para proteger suas informa\u00e7\u00f5es confidenciais e transa\u00e7\u00f5es financeiras. Seus dados s\u00e3o criptografados e protegidos, proporcionando tranquilidade enquanto voc\u00ea se concentra em suas aventuras de jogo.<\/li>\n  <li><strong>Suporte vers\u00e1til a moedas:<\/strong> MiFinity oferece suporte a diversas moedas, permitindo que voc\u00ea participe de jogos de cassino sem as restri\u00e7\u00f5es de uma \u00fanica moeda. Essa flexibilidade acomoda jogadores de diferentes regi\u00f5es e simplifica as transa\u00e7\u00f5es internacionais.<\/li>\n<\/ol>\n<h2><strong>Capacitando sua jornada no cassino com MiFinity<\/strong><\/h2>\n<forte>1. Dep\u00f3sitos feitos sem esfor\u00e7o:<\/strong> Cansado de processos de dep\u00f3sito prolongados? MiFinity agiliza o processo de dep\u00f3sito, permitindo que voc\u00ea deposite fundos em sua conta do cassino de forma r\u00e1pida e segura. Prepare-se para entrar nos seus jogos favoritos sem atrasos desnecess\u00e1rios.\n\n<forte>2. Retiradas R\u00e1pidas:<\/strong> A emo\u00e7\u00e3o de ganhar deve ser seguida por retiradas imediatas. MiFinity garante que seus ganhos estejam acess\u00edveis em tempo recorde, para que voc\u00ea possa comemorar suas vit\u00f3rias sem esperar indefinidamente.\n\n<forte>3. B\u00f4nus de Cassino Exclusivos:<\/strong> Muitos cassinos online reconhecem o MiFinity como um m\u00e9todo de pagamento preferido e oferecem b\u00f4nus exclusivos aos jogadores que o utilizam. Pegue aquelas rodadas gr\u00e1tis extras ou fundos de b\u00f4nus e amplie seu jogo com as vantagens aprimoradas do MiFinity.\n\n<forte>4. Configura\u00e7\u00e3o f\u00e1cil da conta:<\/strong> come\u00e7ar a usar o MiFinity \u00e9 f\u00e1cil. Crie sua conta, vincule seus m\u00e9todos de pagamento preferidos e voc\u00ea estar\u00e1 pronto para explorar o mundo dos cassinos online com maior comodidade.\n\n<forte>5. Suporte dedicado ao cliente:<\/strong> MiFinity est\u00e1 empenhada em fornecer excelente suporte ao cliente para ajud\u00e1-lo sempre que necess\u00e1rio. Tem d\u00favidas sobre transa\u00e7\u00f5es, configura\u00e7\u00e3o de conta ou medidas de seguran\u00e7a? Sua equipe \u00e1gil est\u00e1 l\u00e1 para orient\u00e1-lo.\n<h2><strong>MiFinity e cassinos online: uma combina\u00e7\u00e3o vencedora<\/strong><\/h2>\n\u00c0 medida que o mundo dos casinos online continua a florescer, \u00e9 crucial ter um m\u00e9todo de pagamento confi\u00e1vel e f\u00e1cil de usar. MiFinity, com suas transa\u00e7\u00f5es r\u00e1pidas, medidas de seguran\u00e7a robustas e ampla aceita\u00e7\u00e3o, integra-se perfeitamente ao cen\u00e1rio do cassino, elevando sua aventura de jogo a novos patamares.\n\nPortanto, quer voc\u00ea esteja perseguindo jackpots em ca\u00e7a-n\u00edqueis ou testando suas habilidades na mesa de p\u00f4quer, o MiFinity garante que suas transa\u00e7\u00f5es financeiras sejam t\u00e3o tranquilas quanto seu jogo. Junte-se \u00e0s fileiras de entusiastas de cassino experientes que escolhem o MiFinity e experimente um mundo de conveni\u00eancia, seguran\u00e7a e entretenimento sem fim. Sua jornada no cassino est\u00e1 prestes a ficar ainda mais emocionante com o MiFinity ao seu lado.\t\t\t\t\t\t<\/div>\n\t\t\t\t<\/div>\n\t\t\t\t\t<\/div>\n\t\t<\/div>\n\t\t\t\t\t\t\t<\/div>\n\t\t<\/section>\n\t\t\t\t<section class=\"elementor-section elementor-top-section elementor-element elementor-element-e32d9b7 elementor-section-content-middle elementor-section-boxed elementor-section-height-default elementor-section-height-default\" data-id=\"e32d9b7\" data-element_type=\"section\">\n\t\t\t\t\t\t<div class=\"elementor-container elementor-column-gap-no\">\n\t\t\t\t\t<div class=\"elementor-column elementor-col-100 elementor-top-column elementor-element elementor-element-6d4d93d\" data-id=\"6d4d93d\" data-element_type=\"column\">\n\t\t\t<div class=\"elementor-widget-wrap elementor-element-populated\">\n\t\t\t\t\t\t\t\t<div class=\"elementor-element elementor-element-6b027bc elementor-widget elementor-widget-heading\" data-id=\"6b027bc\" data-element_type=\"widget\" data-widget_type=\"heading.default\">\n\t\t\t\t<div class=\"elementor-widget-container\">\n\t\t\t<style>\/*! elementor - v3.10.1 - 17-01-2023 *\/\n.elementor-heading-title{padding:0;margin:0;line-height:1}.elementor-widget-heading .elementor-heading-title[class*=elementor-size-]>a{color:inherit;font-size:inherit;line-height:inherit}.elementor-widget-heading .elementor-heading-title.elementor-size-small{font-size:15px}.elementor-widget-heading .elementor-heading-title.elementor-size-medium{font-size:19px}.elementor-widget-heading .elementor-heading-title.elementor-size-large{font-size:29px}.elementor-widget-heading .elementor-heading-title.elementor-size-xl{font-size:39px}.elementor-widget-heading .elementor-heading-title.elementor-size-xxl{font-size:59px}<\/style><h2 class=\"elementor-heading-title elementor-size-default\">Cassinos MiFinity<\/h2>\t\t<\/div>\n\t\t\t\t<\/div>\n\t\t\t\t<section class=\"elementor-section elementor-inner-section elementor-element elementor-element-cd7c739 elementor-section-boxed elementor-section-height-default elementor-section-height-default\" data-id=\"cd7c739\" data-element_type=\"section\">\n\t\t\t\t\t\t<div class=\"elementor-container elementor-column-gap-default\">\n\t\t\t\t\t<div class=\"elementor-column elementor-col-33 elementor-inner-column elementor-element elementor-element-51d6ade\" data-id=\"51d6ade\" data-element_type=\"column\" data-settings=\"{&quot;background_background&quot;:&quot;classic&quot;}\">\n\t\t\t<div class=\"elementor-widget-wrap elementor-element-populated\">\n\t\t\t\t\t\t\t\t<div class=\"elementor-element elementor-element-5b3f658 elementor-widget elementor-widget-image\" data-id=\"5b3f658\" data-element_type=\"widget\" data-widget_type=\"image.default\">\n\t\t\t\t<div class=\"elementor-widget-container\">\n\t\t\t<style>\/*! elementor - v3.10.1 - 17-01-2023 *\/\n.elementor-widget-image{text-align:center}.elementor-widget-image a{display:inline-block}.elementor-widget-image a img[src$=\".svg\"]{width:48px}.elementor-widget-image img{vertical-align:middle;display:inline-block}<\/style>\t\t\t\t\t\t\t\t\t\t\t\t<img decoding=\"async\" loading=\"lazy\" width=\"65\" height=\"65\" src=\"https:\/\/hottopcasino.com\/wp-content\/uploads\/2023\/04\/vera-logo.svg\" class=\"elementor-animation-grow attachment-large size-large wp-image-8877\" alt=\"\" \/>\t\t\t\t\t\t\t\t\t\t\t\t\t\t\t<\/div>\n\t\t\t\t<\/div>\n\t\t\t\t<div class=\"elementor-element elementor-element-1d09622 elementor-widget__width-initial elementor-widget elementor-widget-text-editor\" data-id=\"1d09622\" data-element_type=\"widget\" data-widget_type=\"text-editor.default\">\n\t\t\t\t<div class=\"elementor-widget-container\">\n\t\t\t\t\t\t\t<p><span style=\"color: #ffffff;\">100% + 50 rodadas gr\u00e1tis<\/span><\/p><p><span style=\"color: #ffffff;\"><a href=\"https:\/\/hottopcasino.com\/pt-br\/online-casinos\/veracasino-review\/\">Play<\/a><\/span><\/p>\t\t\t\t\t\t<\/div>\n\t\t\t\t<\/div>\n\t\t\t\t\t<\/div>\n\t\t<\/div>\n\t\t\t\t<div class=\"elementor-column elementor-col-33 elementor-inner-column elementor-element elementor-element-e0987d4\" data-id=\"e0987d4\" data-element_type=\"column\" data-settings=\"{&quot;background_background&quot;:&quot;classic&quot;}\">\n\t\t\t<div class=\"elementor-widget-wrap elementor-element-populated\">\n\t\t\t\t\t\t\t\t<div class=\"elementor-element elementor-element-cf1c7c6 elementor-widget elementor-widget-image\" data-id=\"cf1c7c6\" data-element_type=\"widget\" data-widget_type=\"image.default\">\n\t\t\t\t<div class=\"elementor-widget-container\">\n\t\t\t\t\t\t\t\t\t\t\t\t\t\t\t<img decoding=\"async\" src=\"https:\/\/hottopcasino.com\/wp-content\/uploads\/2023\/06\/logo-Sol_Casino.svg\" title=\"logo-Sol_Casino\" alt=\"logo-Sol_Casino\" class=\"elementor-animation-grow\" loading=\"lazy\" \/>\t\t\t\t\t\t\t\t\t\t\t\t\t\t\t<\/div>\n\t\t\t\t<\/div>\n\t\t\t\t<div class=\"elementor-element elementor-element-b7342b3 elementor-widget elementor-widget-text-editor\" data-id=\"b7342b3\" data-element_type=\"widget\" data-widget_type=\"text-editor.default\">\n\t\t\t\t<div class=\"elementor-widget-container\">\n\t\t\t\t\t\t\t<p style=\"text-align: center;\"><span style=\"color: #ffffff;\">B\u00f4nus sem dep\u00f3sito 50 FS<\/span><br \/><span style=\"color: #ffffff;\">B\u00f4nus de 100% at\u00e9 500$<\/span><\/p><p style=\"text-align: center;\"><span style=\"color: #ffffff;\"><a href=\"https:\/\/hottopcasino.com\/pt-br\/online-casinos\/sol-casino\/\">Play<\/a><\/span><\/p>\t\t\t\t\t\t<\/div>\n\t\t\t\t<\/div>\n\t\t\t\t\t<\/div>\n\t\t<\/div>\n\t\t\t\t<div class=\"elementor-column elementor-col-33 elementor-inner-column elementor-element elementor-element-c25d557\" data-id=\"c25d557\" data-element_type=\"column\" data-settings=\"{&quot;background_background&quot;:&quot;classic&quot;}\">\n\t\t\t<div class=\"elementor-widget-wrap elementor-element-populated\">\n\t\t\t\t\t\t\t\t<div class=\"elementor-element elementor-element-8ddf1df elementor-widget elementor-widget-image\" data-id=\"8ddf1df\" data-element_type=\"widget\" data-widget_type=\"image.default\">\n\t\t\t\t<div class=\"elementor-widget-container\">\n\t\t\t\t\t\t\t\t\t\t\t\t\t\t\t<img decoding=\"async\" loading=\"lazy\" width=\"75\" height=\"75\" src=\"https:\/\/hottopcasino.com\/wp-content\/uploads\/2023\/08\/asino_logo2-svg.png\" class=\"elementor-animation-grow attachment-large size-large wp-image-10452\" alt=\"\" srcset=\"https:\/\/hottopcasino.com\/wp-content\/uploads\/2023\/08\/asino_logo2-svg.png 75w, https:\/\/hottopcasino.com\/wp-content\/uploads\/2023\/08\/asino_logo2-svg-30x30.png 30w, https:\/\/hottopcasino.com\/wp-content\/uploads\/2023\/08\/asino_logo2-svg-40x40.png 40w, https:\/\/hottopcasino.com\/wp-content\/uploads\/2023\/08\/asino_logo2-svg-65x65.png 65w\" sizes=\"(max-width: 75px) 100vw, 75px\" \/>\t\t\t\t\t\t\t\t\t\t\t\t\t\t\t<\/div>\n\t\t\t\t<\/div>\n\t\t\t\t<div class=\"elementor-element elementor-element-4f7d320 elementor-widget elementor-widget-text-editor\" data-id=\"4f7d320\" data-element_type=\"widget\" data-widget_type=\"text-editor.default\">\n\t\t\t\t<div class=\"elementor-widget-container\">\n\t\t\t\t\t\t\t<p style=\"text-align: center;\"><span style=\"color: #ffffff;\">100% at\u00e9 1000 EUR + 75 FS<\/span><\/p><p style=\"text-align: center;\"><span style=\"color: #ffffff;\"><a href=\"https:\/\/hottopcasino.com\/pt-br\/online-casinos\/asino-casino\/\">Play<\/a><\/span><\/p>\t\t\t\t\t\t<\/div>\n\t\t\t\t<\/div>\n\t\t\t\t\t<\/div>\n\t\t<\/div>\n\t\t\t\t\t\t\t<\/div>\n\t\t<\/section>\n\t\t\t\t\t<\/div>\n\t\t<\/div>\n\t\t\t\t\t\t\t<\/div>\n\t\t<\/section>\n\t\t\t\t\t\t\t<\/div>\n\t\t","protected":false},"excerpt":{"rendered":"<p>No cen\u00e1rio em constante evolu\u00e7\u00e3o dos casinos online e dos pagamentos digitais, o MiFinity surge como uma solu\u00e7\u00e3o din\u00e2mica e segura que acrescenta uma camada de conveni\u00eancia e efici\u00eancia \u00e0 sua experi\u00eancia de jogo. Desde transa\u00e7\u00f5es perfeitas at\u00e9 recursos de seguran\u00e7a aprimorados, o MiFinity se estabeleceu como um m\u00e9todo de pagamento preferido entre os entusiastas [&hellip;]<\/p>\n","protected":false},"author":1,"featured_media":0,"parent":0,"menu_order":0,"comment_status":"closed","ping_status":"closed","template":"","meta":{"om_disable_all_campaigns":false,"_monsterinsights_skip_tracking":false,"_monsterinsights_sitenote_active":false,"_monsterinsights_sitenote_note":"","_monsterinsights_sitenote_category":0,"footnotes":""},"acf":[],"aioseo_notices":[],"_links":{"self":[{"href":"https:\/\/hottopcasino.com\/pt-br\/wp-json\/wp\/v2\/pages\/12904"}],"collection":[{"href":"https:\/\/hottopcasino.com\/pt-br\/wp-json\/wp\/v2\/pages"}],"about":[{"href":"https:\/\/hottopcasino.com\/pt-br\/wp-json\/wp\/v2\/types\/page"}],"author":[{"embeddable":true,"href":"https:\/\/hottopcasino.com\/pt-br\/wp-json\/wp\/v2\/users\/1"}],"replies":[{"embeddable":true,"href":"https:\/\/hottopcasino.com\/pt-br\/wp-json\/wp\/v2\/comments?post=12904"}],"version-history":[{"count":8,"href":"https:\/\/hottopcasino.com\/pt-br\/wp-json\/wp\/v2\/pages\/12904\/revisions"}],"predecessor-version":[{"id":16527,"href":"https:\/\/hottopcasino.com\/pt-br\/wp-json\/wp\/v2\/pages\/12904\/revisions\/16527"}],"wp:attachment":[{"href":"https:\/\/hottopcasino.com\/pt-br\/wp-json\/wp\/v2\/media?parent=12904"}],"curies":[{"name":"wp","href":"https:\/\/api.w.org\/{rel}","templated":true}]}}