	{"id":14056,"date":"2024-02-12T18:20:53","date_gmt":"2024-02-12T07:20:53","guid":{"rendered":"https:\/\/hottopcasino.com\/online-casinos\/crypto-casino\/"},"modified":"2024-09-24T23:57:25","modified_gmt":"2024-09-24T12:57:25","slug":"crypto-casino","status":"publish","type":"page","link":"https:\/\/hottopcasino.com\/pt-br\/online-casinos\/crypto-casino\/","title":{"rendered":"Crypto Casino"},"content":{"rendered":"<p><img decoding=\"async\" class=\"alignnone size-full wp-image-14042\" src=\"https:\/\/hottopcasino.com\/wp-content\/uploads\/2024\/02\/Crypto_Online_Casino_Hottop.webp\" alt=\"Crypto Online Casino Hottop\" width=\"1100\" srcset=\"https:\/\/hottopcasino.com\/wp-content\/uploads\/2024\/02\/Crypto_Online_Casino_Hottop.webp 1100w, https:\/\/hottopcasino.com\/wp-content\/uploads\/2024\/02\/Crypto_Online_Casino_Hottop-300x109.webp 300w, https:\/\/hottopcasino.com\/wp-content\/uploads\/2024\/02\/Crypto_Online_Casino_Hottop-1024x372.webp 1024w, https:\/\/hottopcasino.com\/wp-content\/uploads\/2024\/02\/Crypto_Online_Casino_Hottop-768x279.webp 768w, https:\/\/hottopcasino.com\/wp-content\/uploads\/2024\/02\/Crypto_Online_Casino_Hottop-60x22.webp 60w, https:\/\/hottopcasino.com\/wp-content\/uploads\/2024\/02\/Crypto_Online_Casino_Hottop-40x15.webp 40w, https:\/\/hottopcasino.com\/wp-content\/uploads\/2024\/02\/Crypto_Online_Casino_Hottop-65x24.webp 65w, https:\/\/hottopcasino.com\/wp-content\/uploads\/2024\/02\/Crypto_Online_Casino_Hottop-600x218.webp 600w\" sizes=\"(max-width: 1100px) 100vw, 1100px\" \/><\/p>\n\n                <div class=\"single-wrapper\">\n                    <div class=\"single-wrapper-block single-casino-wrapper-block\" style=\"padding-bottom:0;\">\n                    \t<div class=\"casinos-wrapper clearfix\">\n            \n\t\t\t\t\t\t<div class=\"col-xs-6 col-sm-4 col-md-4 col-lg-4\">\n\t\t\t\t\t\t\t<div class=\"row\">\n\t\t\t\t\t\t\t\t<div class=\"casino-item\">\n\t\t\t\t\t\t\t\t\t<div class=\"casino-item-top-wrapper clearfix\">\n\t\t\t\t\t\t\t\t\t\t<span class=\"hot-flag\">Hot<\/span>\n\t\t\t\t\t\t\t\t\t\t<a href=\"\/online-casinos\/hugewin-casino\/\" target=\"_blank\"><img src=\"https:\/\/hottopcasino.com\/wp-content\/uploads\/2024\/02\/Online_Casino_Hugewin-Logo.webp\" alt=\"Online_Casino_Hugewin-Logo\" class=\"img-responsive img-circle pull-left casino-item-logo\"\/><\/a>\n\t\t\t\t\t\t\t\t\t\t<div class=\"casino-item-text-wrap pull-left\">\n\t\t\t\t\t\t\t\t\t\t\t<span class=\"casino-item-title\">Hugewin Casino<\/span>\n\t\t\t\t\t\t\t\t\t\t\t<div class=\"rating-wrapper clearfix\">\n\t\t\t\t\t\t\t\t\t\t\t\t<div class=\"rating-stars pull-left\"><img src=https:\/\/hottopcasino.com\/wp-content\/themes\/hottop\/public\/rating\/10.png alt=\"Rating\" class=\"img-responsive\"\/><img src=https:\/\/hottopcasino.com\/wp-content\/themes\/hottop\/public\/rating\/10.png alt=\"Rating\" class=\"img-responsive\"\/><img src=https:\/\/hottopcasino.com\/wp-content\/themes\/hottop\/public\/rating\/10.png alt=\"Rating\" class=\"img-responsive\"\/><img src=https:\/\/hottopcasino.com\/wp-content\/themes\/hottop\/public\/rating\/10.png alt=\"Rating\" class=\"img-responsive\"\/><img src=https:\/\/hottopcasino.com\/wp-content\/themes\/hottop\/public\/rating\/10.png alt=\"Rating\" class=\"img-responsive\"\/><\/div>\n\t\t\t\t\t\t\t\t\t\t\t\t<div class=\"rating-num pull-left\">5 \/ 5<\/div>\n\t\t\t\t\t\t\t\t\t\t\t<\/div>\n\t\t\t\t\t\t\t\t\t\t\t<a href=\"\/online-casinos\/hugewin-casino\/\" target=\"_blank\">Revis\u00e3o do casino<\/a>\n\t\t\t\t\t\t\t\t\t\t<\/div>\n\t\t\t\t\t\t\t\t\t<\/div>\n\t\t\t\t\t\t\t\t\t<a href=\"\/go\/hugewincasino\" target=\"_blank\" rel=\"nofollow\" class=\"casino-item-middle-wrapper\">\n\t\t\t\t\t\t\t\t\t\t<span class=\"casino-item-main-bonus\">Welcome Bonus 100% bonus of up to $1,000<\/span>\n\t\t\t\t\t\t\t\t\t\t<span class=\"casino-item-option-bonus\">25% match bonus of up to $1,000<\/span>\n\t\t\t\t\t\t\t\t\t<\/a>\n\t\t\t\t\t\t\t\t\t<div class=\"casino-item-bottom-wrapper\">\n\t\t\t\t\t\t\t\t\t\t<a href=\"\/go\/hugewincasino\" target=\"_blank\" rel=\"nofollow\" class=\"casino-item-ref-btn\">Jogar no casino<\/a>\n\t\t\t\t\t\t\t\t\t<\/div>\n\t\t\t\t\t\t\t\t\t<div class=\"casino-item-payment-systems\"><ul class=\"casino-item-payment-systems-list clearfix\"><li class=\"img-circle\"><img src=\"https:\/\/hottopcasino.com\/wp-content\/uploads\/2022\/06\/bitcoin-40x40.png\" alt=\"bitcoin\" class=\"img-responsive img-circle\"\/><\/li><li class=\"img-circle\"><img src=\"https:\/\/hottopcasino.com\/wp-content\/uploads\/2022\/06\/tether-40x40.png\" alt=\"tether\" class=\"img-responsive img-circle\"\/><\/li><li class=\"img-circle\"><img src=\"https:\/\/hottopcasino.com\/wp-content\/uploads\/2022\/04\/eth-40x40.png\" alt=\"Ethereum\" class=\"img-responsive img-circle\"\/><\/li><li class=\"img-circle\"><span class=\"img-circle show-popup\" onclick=\"ShowPaymentsPopup(this); return false;\">+1<\/span><\/li><\/ul><div class=\"payment-system-popup\"><ul class=\"casino-item-payment-systems-list clearfix\"><li class=\"img-circle\"><img src=\"https:\/\/hottopcasino.com\/wp-content\/uploads\/2020\/01\/visa-40x40.png\" alt=\"Visa\" class=\"img-responsive img-circle\"\/><\/li><\/ul><\/div><\/div>\n\t\t\t\t\t\t\t\t<\/div>\n\t\t\t\t\t\t\t<\/div>\n\t\t\t\t\t\t<\/div>\n\t\t\t\t\t\n\t\t\t\t\t\t<div class=\"col-xs-6 col-sm-4 col-md-4 col-lg-4\">\n\t\t\t\t\t\t\t<div class=\"row\">\n\t\t\t\t\t\t\t\t<div class=\"casino-item\">\n\t\t\t\t\t\t\t\t\t<div class=\"casino-item-top-wrapper clearfix\">\n\t\t\t\t\t\t\t\t\t\t<span class=\"hot-flag\">Hot<\/span>\n\t\t\t\t\t\t\t\t\t\t<a href=\"\/online-casinos\/xspin-casino\/\" target=\"_blank\"><img src=\"https:\/\/hottopcasino.com\/wp-content\/uploads\/2024\/01\/Group-6-1.png\" alt=\"\" class=\"img-responsive img-circle pull-left casino-item-logo\"\/><\/a>\n\t\t\t\t\t\t\t\t\t\t<div class=\"casino-item-text-wrap pull-left\">\n\t\t\t\t\t\t\t\t\t\t\t<span class=\"casino-item-title\">XSPIN Casino<\/span>\n\t\t\t\t\t\t\t\t\t\t\t<div class=\"rating-wrapper clearfix\">\n\t\t\t\t\t\t\t\t\t\t\t\t<div class=\"rating-stars pull-left\"><img src=https:\/\/hottopcasino.com\/wp-content\/themes\/hottop\/public\/rating\/10.png alt=\"Rating\" class=\"img-responsive\"\/><img src=https:\/\/hottopcasino.com\/wp-content\/themes\/hottop\/public\/rating\/10.png alt=\"Rating\" class=\"img-responsive\"\/><img src=https:\/\/hottopcasino.com\/wp-content\/themes\/hottop\/public\/rating\/10.png alt=\"Rating\" class=\"img-responsive\"\/><img src=https:\/\/hottopcasino.com\/wp-content\/themes\/hottop\/public\/rating\/10.png alt=\"Rating\" class=\"img-responsive\"\/><img src=https:\/\/hottopcasino.com\/wp-content\/themes\/hottop\/public\/rating\/0.png alt=\"Rating\" class=\"img-responsive\"\/><\/div>\n\t\t\t\t\t\t\t\t\t\t\t\t<div class=\"rating-num pull-left\">4 \/ 5<\/div>\n\t\t\t\t\t\t\t\t\t\t\t<\/div>\n\t\t\t\t\t\t\t\t\t\t\t<a href=\"\/online-casinos\/xspin-casino\/\" target=\"_blank\">Revis\u00e3o do casino<\/a>\n\t\t\t\t\t\t\t\t\t\t<\/div>\n\t\t\t\t\t\t\t\t\t<\/div>\n\t\t\t\t\t\t\t\t\t<a href=\"\/go\/xspincasino\" target=\"_blank\" rel=\"nofollow\" class=\"casino-item-middle-wrapper\">\n\t\t\t\t\t\t\t\t\t\t<span class=\"casino-item-main-bonus\">Welcome Bonus 100% bonus<\/span>\n\t\t\t\t\t\t\t\t\t\t<span class=\"casino-item-option-bonus\"><\/span>\n\t\t\t\t\t\t\t\t\t<\/a>\n\t\t\t\t\t\t\t\t\t<div class=\"casino-item-bottom-wrapper\">\n\t\t\t\t\t\t\t\t\t\t<a href=\"\/go\/xspincasino\" target=\"_blank\" rel=\"nofollow\" class=\"casino-item-ref-btn\">Jogar no casino<\/a>\n\t\t\t\t\t\t\t\t\t<\/div>\n\t\t\t\t\t\t\t\t\t<div class=\"casino-item-payment-systems\"><ul class=\"casino-item-payment-systems-list clearfix\"><li class=\"img-circle\"><img src=\"https:\/\/hottopcasino.com\/wp-content\/uploads\/2022\/06\/bitcoin-40x40.png\" alt=\"bitcoin\" class=\"img-responsive img-circle\"\/><\/li><li class=\"img-circle\"><img src=\"https:\/\/hottopcasino.com\/wp-content\/uploads\/2022\/06\/tether-40x40.png\" alt=\"tether\" class=\"img-responsive img-circle\"\/><\/li><li class=\"img-circle\"><img src=\"https:\/\/hottopcasino.com\/wp-content\/uploads\/2020\/01\/visa-40x40.png\" alt=\"Visa\" class=\"img-responsive img-circle\"\/><\/li><li class=\"img-circle\"><span class=\"img-circle show-popup\" onclick=\"ShowPaymentsPopup(this); return false;\">+1<\/span><\/li><\/ul><div class=\"payment-system-popup\"><ul class=\"casino-item-payment-systems-list clearfix\"><li class=\"img-circle\"><img src=\"https:\/\/hottopcasino.com\/wp-content\/uploads\/2023\/02\/mastercard-svg-40x40.png\" alt=\"Mastercard\" class=\"img-responsive img-circle\"\/><\/li><\/ul><\/div><\/div>\n\t\t\t\t\t\t\t\t<\/div>\n\t\t\t\t\t\t\t<\/div>\n\t\t\t\t\t\t<\/div>\n\t\t\t\t\t\n\t\t\t\t\t\t<div class=\"col-xs-6 col-sm-4 col-md-4 col-lg-4\">\n\t\t\t\t\t\t\t<div class=\"row\">\n\t\t\t\t\t\t\t\t<div class=\"casino-item\">\n\t\t\t\t\t\t\t\t\t<div class=\"casino-item-top-wrapper clearfix\">\n\t\t\t\t\t\t\t\t\t\t\n\t\t\t\t\t\t\t\t\t\t<a href=\"\/online-casinos\/cryptoleo-casino\/\" target=\"_blank\"><img src=\"https:\/\/hottopcasino.com\/wp-content\/uploads\/2023\/11\/Online_Casino_CryptoLeo-Logo-svg.png\" alt=\"Online Casino CryptoLeo Logo\" class=\"img-responsive img-circle pull-left casino-item-logo\"\/><\/a>\n\t\t\t\t\t\t\t\t\t\t<div class=\"casino-item-text-wrap pull-left\">\n\t\t\t\t\t\t\t\t\t\t\t<span class=\"casino-item-title\">Crypto Leo<\/span>\n\t\t\t\t\t\t\t\t\t\t\t<div class=\"rating-wrapper clearfix\">\n\t\t\t\t\t\t\t\t\t\t\t\t<div class=\"rating-stars pull-left\"><img src=https:\/\/hottopcasino.com\/wp-content\/themes\/hottop\/public\/rating\/10.png alt=\"Rating\" class=\"img-responsive\"\/><img src=https:\/\/hottopcasino.com\/wp-content\/themes\/hottop\/public\/rating\/10.png alt=\"Rating\" class=\"img-responsive\"\/><img src=https:\/\/hottopcasino.com\/wp-content\/themes\/hottop\/public\/rating\/10.png alt=\"Rating\" class=\"img-responsive\"\/><img src=https:\/\/hottopcasino.com\/wp-content\/themes\/hottop\/public\/rating\/10.png alt=\"Rating\" class=\"img-responsive\"\/><img src=https:\/\/hottopcasino.com\/wp-content\/themes\/hottop\/public\/rating\/0.png alt=\"Rating\" class=\"img-responsive\"\/><\/div>\n\t\t\t\t\t\t\t\t\t\t\t\t<div class=\"rating-num pull-left\">4 \/ 5<\/div>\n\t\t\t\t\t\t\t\t\t\t\t<\/div>\n\t\t\t\t\t\t\t\t\t\t\t<a href=\"\/online-casinos\/cryptoleo-casino\/\" target=\"_blank\">Revis\u00e3o do casino<\/a>\n\t\t\t\t\t\t\t\t\t\t<\/div>\n\t\t\t\t\t\t\t\t\t<\/div>\n\t\t\t\t\t\t\t\t\t<a href=\"\/go\/cryptoleo-casino\" target=\"_blank\" rel=\"nofollow\" class=\"casino-item-middle-wrapper\">\n\t\t\t\t\t\t\t\t\t\t<span class=\"casino-item-main-bonus\">welcome bonus 150% up to 3,000 USD<\/span>\n\t\t\t\t\t\t\t\t\t\t<span class=\"casino-item-option-bonus\"><\/span>\n\t\t\t\t\t\t\t\t\t<\/a>\n\t\t\t\t\t\t\t\t\t<div class=\"casino-item-bottom-wrapper\">\n\t\t\t\t\t\t\t\t\t\t<a href=\"\/go\/cryptoleo-casino\" target=\"_blank\" rel=\"nofollow\" class=\"casino-item-ref-btn\">Jogar no casino<\/a>\n\t\t\t\t\t\t\t\t\t<\/div>\n\t\t\t\t\t\t\t\t\t<div class=\"casino-item-payment-systems\"><ul class=\"casino-item-payment-systems-list clearfix\"><li class=\"img-circle\"><img src=\"https:\/\/hottopcasino.com\/wp-content\/uploads\/2022\/06\/bitcoin-40x40.png\" alt=\"bitcoin\" class=\"img-responsive img-circle\"\/><\/li><li class=\"img-circle\"><img src=\"https:\/\/hottopcasino.com\/wp-content\/uploads\/2020\/01\/visa-40x40.png\" alt=\"Visa\" class=\"img-responsive img-circle\"\/><\/li><li class=\"img-circle\"><img src=\"https:\/\/hottopcasino.com\/wp-content\/uploads\/2022\/06\/tether-40x40.png\" alt=\"tether\" class=\"img-responsive img-circle\"\/><\/li><li class=\"img-circle\"><span class=\"img-circle show-popup\" onclick=\"ShowPaymentsPopup(this); return false;\">+1<\/span><\/li><\/ul><div class=\"payment-system-popup\"><ul class=\"casino-item-payment-systems-list clearfix\"><li class=\"img-circle\"><img src=\"https:\/\/hottopcasino.com\/wp-content\/uploads\/2022\/04\/eth-40x40.png\" alt=\"Ethereum\" class=\"img-responsive img-circle\"\/><\/li><\/ul><\/div><\/div>\n\t\t\t\t\t\t\t\t<\/div>\n\t\t\t\t\t\t\t<\/div>\n\t\t\t\t\t\t<\/div>\n\t\t\t\t\t\n\t\t\t\t\t\t<div class=\"col-xs-6 col-sm-4 col-md-4 col-lg-4\">\n\t\t\t\t\t\t\t<div class=\"row\">\n\t\t\t\t\t\t\t\t<div class=\"casino-item\">\n\t\t\t\t\t\t\t\t\t<div class=\"casino-item-top-wrapper clearfix\">\n\t\t\t\t\t\t\t\t\t\t\n\t\t\t\t\t\t\t\t\t\t<a href=\"\/online-casinos\/bchgames-casino-review\/\" target=\"_blank\"><img src=\"https:\/\/hottopcasino.com\/wp-content\/uploads\/2023\/04\/BCH.jpg\" alt=\"\" class=\"img-responsive img-circle pull-left casino-item-logo\"\/><\/a>\n\t\t\t\t\t\t\t\t\t\t<div class=\"casino-item-text-wrap pull-left\">\n\t\t\t\t\t\t\t\t\t\t\t<span class=\"casino-item-title\">BCH<\/span>\n\t\t\t\t\t\t\t\t\t\t\t<div class=\"rating-wrapper clearfix\">\n\t\t\t\t\t\t\t\t\t\t\t\t<div class=\"rating-stars pull-left\"><img src=https:\/\/hottopcasino.com\/wp-content\/themes\/hottop\/public\/rating\/10.png alt=\"Rating\" class=\"img-responsive\"\/><img src=https:\/\/hottopcasino.com\/wp-content\/themes\/hottop\/public\/rating\/10.png alt=\"Rating\" class=\"img-responsive\"\/><img src=https:\/\/hottopcasino.com\/wp-content\/themes\/hottop\/public\/rating\/10.png alt=\"Rating\" class=\"img-responsive\"\/><img src=https:\/\/hottopcasino.com\/wp-content\/themes\/hottop\/public\/rating\/0.png alt=\"Rating\" class=\"img-responsive\"\/><img src=https:\/\/hottopcasino.com\/wp-content\/themes\/hottop\/public\/rating\/0.png alt=\"Rating\" class=\"img-responsive\"\/><\/div>\n\t\t\t\t\t\t\t\t\t\t\t\t<div class=\"rating-num pull-left\">3 \/ 5<\/div>\n\t\t\t\t\t\t\t\t\t\t\t<\/div>\n\t\t\t\t\t\t\t\t\t\t\t<a href=\"\/online-casinos\/bchgames-casino-review\/\" target=\"_blank\">Revis\u00e3o do casino<\/a>\n\t\t\t\t\t\t\t\t\t\t<\/div>\n\t\t\t\t\t\t\t\t\t<\/div>\n\t\t\t\t\t\t\t\t\t<a href=\"\/go\/bchgames\" target=\"_blank\" rel=\"nofollow\" class=\"casino-item-middle-wrapper\">\n\t\t\t\t\t\t\t\t\t\t<span class=\"casino-item-main-bonus\">300% welcome bonus up to 1000 EUR<\/span>\n\t\t\t\t\t\t\t\t\t\t<span class=\"casino-item-option-bonus\">500% bonus up to 500 EUR<\/span>\n\t\t\t\t\t\t\t\t\t<\/a>\n\t\t\t\t\t\t\t\t\t<div class=\"casino-item-bottom-wrapper\">\n\t\t\t\t\t\t\t\t\t\t<a href=\"\/go\/bchgames\" target=\"_blank\" rel=\"nofollow\" class=\"casino-item-ref-btn\">Jogar no casino<\/a>\n\t\t\t\t\t\t\t\t\t<\/div>\n\t\t\t\t\t\t\t\t\t<div class=\"casino-item-payment-systems\"><ul class=\"casino-item-payment-systems-list clearfix\"><li class=\"img-circle\"><img src=\"https:\/\/hottopcasino.com\/wp-content\/uploads\/2020\/01\/visa-40x40.png\" alt=\"Visa\" class=\"img-responsive img-circle\"\/><\/li><li class=\"img-circle\"><img src=\"https:\/\/hottopcasino.com\/wp-content\/uploads\/2022\/06\/bitcoin-40x40.png\" alt=\"bitcoin\" class=\"img-responsive img-circle\"\/><\/li><li class=\"img-circle\"><img src=\"https:\/\/hottopcasino.com\/wp-content\/uploads\/2022\/06\/tether-40x40.png\" alt=\"tether\" class=\"img-responsive img-circle\"\/><\/li><li class=\"img-circle\"><span class=\"img-circle show-popup\" onclick=\"ShowPaymentsPopup(this); return false;\">+1<\/span><\/li><\/ul><div class=\"payment-system-popup\"><ul class=\"casino-item-payment-systems-list clearfix\"><li class=\"img-circle\"><img src=\"https:\/\/hottopcasino.com\/wp-content\/uploads\/2022\/04\/eth-40x40.png\" alt=\"Ethereum\" class=\"img-responsive img-circle\"\/><\/li><\/ul><\/div><\/div>\n\t\t\t\t\t\t\t\t<\/div>\n\t\t\t\t\t\t\t<\/div>\n\t\t\t\t\t\t<\/div>\n\t\t\t\t\t<\/div><\/div><\/div>\n<hr \/>\n<h2><strong>Hottop Casino: revolucionando o panorama dos criptocasinos<\/strong><\/h2>\n<p>No mundo em constante evolu\u00e7\u00e3o dos <a href=\"\/pt-br\/\">jogos de azar online<\/a>, o Hottop Casino se tornou um pioneiro, estabelecendo novos padr\u00f5es para <strong>que um cassino criptogr\u00e1fico pode oferecer&lt; \/forte&gt;. Esta revis\u00e3o aprofunda as in\u00fameras caracter\u00edsticas que <strong> tornaram o Hottop Casino um destaque no campo abarrotado<\/strong> dos cassinos online, centrando-se em sua <strong> abordagem integral de jogos<\/strong>, <strong>bons , <strong>servi\u00e7o ao cliente<\/strong> e, <strong>mais notavelmente<\/strong>, sua integra\u00e7\u00e3o de criptomoedas.<\/strong><\/strong><\/p>\n<h3><strong>El G\u00e9nesis de Hottop Casino<\/strong><\/h3>\n<p>O in\u00edcio do Hottop Casino foi marcado pela ambi\u00e7\u00e3o de fus\u00e3o do mundo apaixonado dos jogos de azar online com o campo floreciente das criptomoedas, criando uma plataforma que n\u00e3o \u00e9 apenas de vanguarda sino. tamb\u00e9m seguro, an\u00f4nimo e <strong>acess\u00edvel a um p\u00fablico global<\/strong>. Desde ent\u00e3o, o cassino evoluiu at\u00e9 se converter em um <strong>ref\u00fagio para os entusiastas das criptomoedas<\/strong>, <strong>oferecendo uma ampla gama de jogos<\/strong>, <strong>bons generosos<\/strong> e um <strong>sistema de pagamento inovador<\/strong> que satisfaz as necessidades do jogador moderno.<\/p>\n<h3><strong>Um criptocasino diferente<\/strong><\/h3>\n<p><strong>O que distingue o Hottop Casino<\/strong> \u00e9 a perfeita integra\u00e7\u00e3o de pagamentos <strong>com criptomoedas<\/strong>, o que permite aos jogadores <strong>depositar<\/strong> e <strong>retirar fundos com facilidade<\/strong>. Esta integra\u00e7\u00e3o se estende al\u00e9m do <strong>Bitcoin<\/strong> para incluir uma variedade de outras <strong>moedas digitais<\/strong>, proporcionando flexibilidade e conveni\u00eancia para jogadores de todo o mundo. A seguran\u00e7a e o anonimato que oferecem essas transa\u00e7\u00f5es <strong>melhoram ainda mais o atrativo do Hottop Casino<\/strong>, convertendo-o na op\u00e7\u00e3o preferida para os jogadores preocupados com a privacidade.<\/p>\n<h2><strong>B\u00f4nus em abund\u00e2ncia no Hottop Casino<\/strong><\/h2>\n<p>A reputa\u00e7\u00e3o do cassino como &#8220;<strong>Crypto Bonus Casino<\/strong>&#8221; \u00e9 muito boa em sua ampla gama de ofertas de b\u00f4nus. Desde o <strong>momento em que os jogadores se registram<\/strong>, eles recebem <strong>pacotes de bem-vindo<\/strong> atraentes que incluem <strong>coincid\u00eancias de dep\u00f3sito<\/strong>, <strong>giros gr\u00e1tis <\/strong> e mais. Las <strong>promo\u00e7\u00f5es peri\u00f3dicas<\/strong> e as <strong>ofertas de temporada mant\u00eam<\/strong> a emo\u00e7\u00e3o, garantindo que cada visita ao <strong>Hottop Casino mar seja gratificante<\/strong>.<\/p>\n<h3><strong>Explorando o bem sem dep\u00f3sito<\/strong><\/h3>\n<p>Um recurso destacado do Hottop Casino \u00e9 a op\u00e7\u00e3o &#8220;<strong>Crypto No Deposit Casino<\/strong>&#8220;, que permite aos jogadores explorar as <strong>ofertas do cassino sem realizar um dep\u00f3sito inicial<\/strong>. Esta caracter\u00edstica \u00e9 particularmente atrativa para os destinat\u00e1rios que pretendem testar o terreno <strong>antes de se comprometerem financeiramente<\/strong>, brindando uma introdu\u00e7\u00e3o sem riscos ao mundo dos jogos de azar com criptomoedas.<\/p>\n<h3><strong>Carta de jogos diversos<\/strong><\/h3>\n<p>Hottop Casino conta com uma ampla sele\u00e7\u00e3o de jogos que satisfaz uma ampla gama de prefer\u00eancias. Desde <strong>as\u00faltimas tragamonedas de v\u00eddeo<\/strong> e <strong>jackpots progressivos<\/strong> at\u00e9 <strong>jogos de mesa<\/strong> tradicionais e uma se\u00e7\u00e3o de <strong>cassino ao vivo, o <strong>cassino <\/strong> oferece uma experi\u00eancia de jogo incompar\u00e1vel. Cada jogo \u00e9 selecionado cuidadosamente por sua <strong>qualidade, equidade<\/strong> e <strong>capacidade de entretenimento<\/strong>, o que garante que os jogadores tenham uma experi\u00eancia memor\u00e1vel cada vez que iniciam a sess\u00e3o.<\/strong><\/p>\n<h2><strong>Experi\u00eancia elevada para VIP<\/strong><\/h2>\n<p>O <a href=\"https:\/\/hottopcasino.com\/pt-br\/vip-program\/\">Programa VIP do Hottop Casino<\/a>\u00a0est\u00e1 projetado para oferecer uma <strong>experi\u00eancia de jogo melhorada para seus jogadores mais leais<\/strong>. Este programa inclui uma<strong>venda variada, como atendimento ao cliente personalizado<\/strong>, <a href=\"https:\/\/hottopcasino.com\/pt-br\/no-deposit-bonuses\/\">bons exclusivos<\/a>, <strong>limites de aposentadoria mais altos, e <strong>convites para eventos especiais<\/strong>. O programa VIP exemplifica o compromisso do Hottop Casino de apreciar e recompensar sua dedicada base de jogadores.<\/strong><\/p>\n<h2><strong>Maximizar ganhos com b\u00f4nus de dep\u00f3sito<\/strong><\/h2>\n<p>Os &#8220;<strong>b\u00f4nus de dep\u00f3sito criptogr\u00e1fico<\/strong>&#8221; do Hottop Casino foram projetados para maximizar as possibilidades de ganhar dos jogadores. Esses<strong> benef\u00edcios proporcionam fundos adicionais al\u00e9m deos dep\u00f3sitos<\/strong>, o que permite aos jogadores estender seu tempo de jogo e aumentar<strong> suas possibilidades de obter grandes ganhos<\/strong>. A abordagem estrat\u00e9gica do cassino para os benef\u00edcios garante <strong>que os jogadores recebam o melhor valor poss\u00edvel por seus dep\u00f3sitos<\/strong>.<\/p>\n<h3><strong>Um cassino criptogr\u00e1fico l\u00edder em Bitcoin<\/strong><\/h3>\n<p>Como &#8220;<strong>Casino Crypto Bitcoin<\/strong>&#8220;, Hottop Casino refresca o <strong>criptomoneda l\u00edder no mundo<\/strong>, <strong>Bitcoin<\/strong>, <strong>junto com uma sele\u00e7\u00e3o de outras moedas digitais<\/strong>. Esta ado\u00e7\u00e3o n\u00e3o apenas <strong>facilita<\/strong> transa\u00e7\u00f5es f\u00e1ceis e <strong>seguras, mas tamb\u00e9m posiciona o Hottop Casino<\/strong> na vanguarda da revolu\u00e7\u00e3o dos jogos de azar com criptomoedas.<\/p>\n<h3><strong>Inovando no sistema de pagamentos docentes<\/strong><\/h3>\n<p>Uma das caracter\u00edsticas mais inovadoras do <strong>Hottop Casino<\/strong> \u00e9 o &#8220;<strong>Sistema de Pagamentos para Professores<\/strong>&#8220;. Este sistema foi projetado para <strong>educar os novos jogadores<\/strong> sobre as complexidades do <strong>jogo<\/strong>. jogos de azar com criptomoedas, o que garante uma introdu\u00e7\u00e3o fluida e agrad\u00e1vel aos <strong>jogos online<\/strong>. Atrav\u00e9s deste sistema, o <strong>Hottop Casino<\/strong> demonstra seu compromisso com a educa\u00e7\u00e3o e satisfa\u00e7\u00e3o do jogador.<\/p>\n<h2><strong>Conclus\u00e3o: Um novo sucesso nos jogos de azar com criptomoedas<\/strong><\/h2>\n<p>Concluindo, o Hottop Casino representa o pin\u00e1culo da <strong>inova\u00e7\u00e3o dos criptocasinos<\/strong>. Com sua ampla <strong>varia\u00e7\u00e3o de jogos<\/strong>, <strong> esquemas generosos de bonifica\u00e7\u00e3o<\/strong> e uma abordagem de seguran\u00e7a e conveni\u00eancia, o <strong>Hottop Casino oferece<\/strong> uma <strong>experi\u00eancia de jogo completo isso \u00e9 dif\u00edcil de igualar<\/strong>. Se voc\u00ea \u00e9 um <strong>jogador experimentado ou novo no mundo dos criptocasinos<\/strong>, o Hottop Casino promete uma <strong>aventura cheia de emo\u00e7\u00e3o<\/strong>, <strong>seguran\u00e7a<\/strong> e <strong>comodidade incompar\u00e1vel<\/strong>, o que o converte em um destino de visita obrigat\u00f3ria no panorama dos jogos de azar on-line.<\/p>\n","protected":false},"excerpt":{"rendered":"<p>Hottop Casino: revolucionando o panorama dos criptocasinos No mundo em constante evolu\u00e7\u00e3o dos jogos de azar online, o Hottop Casino se tornou um pioneiro, estabelecendo novos padr\u00f5es para que um cassino criptogr\u00e1fico pode oferecer&lt; \/forte&gt;. Esta revis\u00e3o aprofunda as in\u00fameras caracter\u00edsticas que tornaram o Hottop Casino um destaque no campo abarrotado dos cassinos online, centrando-se [&hellip;]<\/p>\n","protected":false},"author":1,"featured_media":0,"parent":10924,"menu_order":0,"comment_status":"closed","ping_status":"closed","template":"","meta":{"om_disable_all_campaigns":false,"_monsterinsights_skip_tracking":false,"_monsterinsights_sitenote_active":false,"_monsterinsights_sitenote_note":"","_monsterinsights_sitenote_category":0,"footnotes":""},"acf":[],"aioseo_notices":[],"_links":{"self":[{"href":"https:\/\/hottopcasino.com\/pt-br\/wp-json\/wp\/v2\/pages\/14056"}],"collection":[{"href":"https:\/\/hottopcasino.com\/pt-br\/wp-json\/wp\/v2\/pages"}],"about":[{"href":"https:\/\/hottopcasino.com\/pt-br\/wp-json\/wp\/v2\/types\/page"}],"author":[{"embeddable":true,"href":"https:\/\/hottopcasino.com\/pt-br\/wp-json\/wp\/v2\/users\/1"}],"replies":[{"embeddable":true,"href":"https:\/\/hottopcasino.com\/pt-br\/wp-json\/wp\/v2\/comments?post=14056"}],"version-history":[{"count":3,"href":"https:\/\/hottopcasino.com\/pt-br\/wp-json\/wp\/v2\/pages\/14056\/revisions"}],"predecessor-version":[{"id":14059,"href":"https:\/\/hottopcasino.com\/pt-br\/wp-json\/wp\/v2\/pages\/14056\/revisions\/14059"}],"up":[{"embeddable":true,"href":"https:\/\/hottopcasino.com\/pt-br\/wp-json\/wp\/v2\/pages\/10924"}],"wp:attachment":[{"href":"https:\/\/hottopcasino.com\/pt-br\/wp-json\/wp\/v2\/media?parent=14056"}],"curies":[{"name":"wp","href":"https:\/\/api.w.org\/{rel}","templated":true}]}}